{"id":75,"date":"2021-05-28T20:24:08","date_gmt":"2021-05-28T20:24:08","guid":{"rendered":"http:\/\/kinder-spielen-theater.de\/?post_type=product&#038;p=75"},"modified":"2022-09-27T06:28:03","modified_gmt":"2022-09-27T06:28:03","slug":"die-abenteuer-des-odysseus","status":"publish","type":"product","link":"https:\/\/kinder-spielen-theater.de\/da\/vare\/die-abenteuer-des-odysseus\/","title":{"rendered":"Die Abenteuer des Odysseus"},"content":{"rendered":"<p><span style=\"font-size: 18pt;\"><strong>Inhalt<\/strong><\/span><br \/>\nDas Theaterst\u00fcck berichtet \u00fcber drei Abenteuer des Odysseus und seinem Kampf mit dem Meeresgott Poseidon auf seiner Heimreise von Troja: Odysseus bei den Zyklopen, den Sirenen und beim Beherrscher der Winde. Dabei wird versucht, das von Homer in der Gestalt des Odysseus verk\u00f6rperte neugeschaffene Bild des abendl\u00e4ndischen Menschen deutlich werden zu lassen, eines Menschen, der nicht nur vom Willen der G\u00f6tter abh\u00e4ngig sein will, sondern selbstverantwortlich und frei.<\/p>\n<p><span style=\"font-size: 18pt;\"><strong>Rollenzahl und Spieldauer<\/strong><\/span><br \/>\nIn diesem St\u00fcck sind 25 Rollen zu besetzen.<br \/>\nWenn nicht alle drei Akte gespielt werden (was m\u00f6glich ist), verringert sich die Rollenzahl entsprechend.<br \/>\nDurch Hinzunahme von zus\u00e4tzlichen Gef\u00e4hrten des Odysseus (Rollen ohne Sprechtext) kann die Rollenzahl erh\u00f6ht werden.<br \/>\nDie Auff\u00fchrungszeit des vollst\u00e4ndigen St\u00fcckes betr\u00e4gt ca. 30 Minuten.<\/p>\n<p><span style=\"font-size: 18pt;\"><strong>Textumfang<\/strong><\/span><br \/>\nRollentext 15 Seiten, insgesamt 43 Seiten<\/p>\n<p><a href=\"http:\/\/kinder-spielen-theater.de\/wp-content\/uploads\/2021\/05\/51-Odysseus-Leseprobe-Adobe.pdf\"><span style=\"font-size: 18pt;\">Leseprobe<\/span><\/a><\/p>","protected":false},"excerpt":{"rendered":"<p>Inhalt Das Theaterst\u00fcck berichtet \u00fcber drei Abenteuer des Odysseus und seinem Kampf mit dem Meeresgott Poseidon auf seiner Heimreise von Troja: Odysseus bei den Zyklopen, den Sirenen und beim Beherrscher der Winde. Dabei wird versucht, das von Homer in der Gestalt des Odysseus verk\u00f6rperte neugeschaffene Bild des abendl\u00e4ndischen Menschen deutlich werden zu lassen, eines Menschen, [&hellip;]<\/p>\n","protected":false},"featured_media":677,"comment_status":"open","ping_status":"closed","template":"","meta":[],"product_brand":[],"product_cat":[38,37],"product_tag":[],"class_list":{"0":"post-75","1":"product","2":"type-product","3":"status-publish","4":"has-post-thumbnail","6":"product_cat-anfaenge-der-kultur","7":"product_cat-europaeisches-kulturelles-erbe","9":"first","10":"instock","11":"downloadable","12":"virtual","13":"purchasable","14":"product-type-simple"},"yoast_head":"<!-- This site is optimized with the Yoast SEO plugin v27.3 - https:\/\/yoast.com\/product\/yoast-seo-wordpress\/ -->\n<title>Die Abenteuer des Odysseus - Kinder spielen Theater<\/title>\n<meta name=\"robots\" content=\"index, follow, max-snippet:-1, max-image-preview:large, max-video-preview:-1\" \/>\n<link rel=\"canonical\" href=\"https:\/\/kinder-spielen-theater.de\/da\/vare\/die-abenteuer-des-odysseus\/\" \/>\n<meta property=\"og:locale\" content=\"da_DK\" \/>\n<meta property=\"og:type\" content=\"article\" \/>\n<meta property=\"og:title\" content=\"Die Abenteuer des Odysseus - Kinder spielen Theater\" \/>\n<meta property=\"og:description\" content=\"Inhalt Das Theaterst\u00fcck berichtet \u00fcber drei Abenteuer des Odysseus und seinem Kampf mit dem Meeresgott Poseidon auf seiner Heimreise von Troja: Odysseus bei den Zyklopen, den Sirenen und beim Beherrscher der Winde. Dabei wird versucht, das von Homer in der Gestalt des Odysseus verk\u00f6rperte neugeschaffene Bild des abendl\u00e4ndischen Menschen deutlich werden zu lassen, eines Menschen, [&hellip;]\" \/>\n<meta property=\"og:url\" content=\"https:\/\/kinder-spielen-theater.de\/da\/vare\/die-abenteuer-des-odysseus\/\" \/>\n<meta property=\"og:site_name\" content=\"Kinder spielen Theater\" \/>\n<meta property=\"article:modified_time\" content=\"2022-09-27T06:28:03+00:00\" \/>\n<meta property=\"og:image\" content=\"https:\/\/kinder-spielen-theater.de\/wp-content\/uploads\/2021\/05\/51-Odysseus-....-o.k.-page-001.jpg\" \/>\n\t<meta property=\"og:image:width\" content=\"1240\" \/>\n\t<meta property=\"og:image:height\" content=\"1754\" \/>\n\t<meta property=\"og:image:type\" content=\"image\/jpeg\" \/>\n<meta name=\"twitter:card\" content=\"summary_large_image\" \/>\n<meta name=\"twitter:label1\" content=\"Estimeret l\u00e6setid\" \/>\n\t<meta name=\"twitter:data1\" content=\"1 minut\" \/>\n<script type=\"application\/ld+json\" class=\"yoast-schema-graph\">{\"@context\":\"https:\\\/\\\/schema.org\",\"@graph\":[{\"@type\":\"WebPage\",\"@id\":\"https:\\\/\\\/kinder-spielen-theater.de\\\/produkt\\\/die-abenteuer-des-odysseus\\\/\",\"url\":\"https:\\\/\\\/kinder-spielen-theater.de\\\/produkt\\\/die-abenteuer-des-odysseus\\\/\",\"name\":\"Die Abenteuer des Odysseus - Kinder spielen Theater\",\"isPartOf\":{\"@id\":\"https:\\\/\\\/kinder-spielen-theater.de\\\/#website\"},\"primaryImageOfPage\":{\"@id\":\"https:\\\/\\\/kinder-spielen-theater.de\\\/produkt\\\/die-abenteuer-des-odysseus\\\/#primaryimage\"},\"image\":{\"@id\":\"https:\\\/\\\/kinder-spielen-theater.de\\\/produkt\\\/die-abenteuer-des-odysseus\\\/#primaryimage\"},\"thumbnailUrl\":\"https:\\\/\\\/kinder-spielen-theater.de\\\/wp-content\\\/uploads\\\/2021\\\/05\\\/51-Odysseus-....-o.k.-page-001.jpg\",\"datePublished\":\"2021-05-28T20:24:08+00:00\",\"dateModified\":\"2022-09-27T06:28:03+00:00\",\"breadcrumb\":{\"@id\":\"https:\\\/\\\/kinder-spielen-theater.de\\\/produkt\\\/die-abenteuer-des-odysseus\\\/#breadcrumb\"},\"inLanguage\":\"da-DK\",\"potentialAction\":[{\"@type\":\"ReadAction\",\"target\":[\"https:\\\/\\\/kinder-spielen-theater.de\\\/produkt\\\/die-abenteuer-des-odysseus\\\/\"]}]},{\"@type\":\"ImageObject\",\"inLanguage\":\"da-DK\",\"@id\":\"https:\\\/\\\/kinder-spielen-theater.de\\\/produkt\\\/die-abenteuer-des-odysseus\\\/#primaryimage\",\"url\":\"https:\\\/\\\/kinder-spielen-theater.de\\\/wp-content\\\/uploads\\\/2021\\\/05\\\/51-Odysseus-....-o.k.-page-001.jpg\",\"contentUrl\":\"https:\\\/\\\/kinder-spielen-theater.de\\\/wp-content\\\/uploads\\\/2021\\\/05\\\/51-Odysseus-....-o.k.-page-001.jpg\",\"width\":1240,\"height\":1754},{\"@type\":\"BreadcrumbList\",\"@id\":\"https:\\\/\\\/kinder-spielen-theater.de\\\/produkt\\\/die-abenteuer-des-odysseus\\\/#breadcrumb\",\"itemListElement\":[{\"@type\":\"ListItem\",\"position\":1,\"name\":\"Startseite\",\"item\":\"https:\\\/\\\/kinder-spielen-theater.de\\\/\"},{\"@type\":\"ListItem\",\"position\":2,\"name\":\"Shop: Theaterst\u00fccke zum Download\",\"item\":\"https:\\\/\\\/kinder-spielen-theater.de\\\/shop\\\/\"},{\"@type\":\"ListItem\",\"position\":3,\"name\":\"Die Abenteuer des Odysseus\"}]},{\"@type\":\"WebSite\",\"@id\":\"https:\\\/\\\/kinder-spielen-theater.de\\\/#website\",\"url\":\"https:\\\/\\\/kinder-spielen-theater.de\\\/\",\"name\":\"Kinder spielen Theater\",\"description\":\"Theaterst\u00fccke f\u00fcr die Grundschule, Haupt- und Realschule, Gesamtschule und Gymnasium, Theaterst\u00fccke f\u00fcr Kinder\",\"potentialAction\":[{\"@type\":\"SearchAction\",\"target\":{\"@type\":\"EntryPoint\",\"urlTemplate\":\"https:\\\/\\\/kinder-spielen-theater.de\\\/?s={search_term_string}\"},\"query-input\":{\"@type\":\"PropertyValueSpecification\",\"valueRequired\":true,\"valueName\":\"search_term_string\"}}],\"inLanguage\":\"da-DK\"}]}<\/script>\n<!-- \/ Yoast SEO plugin. -->","yoast_head_json":{"title":"Die Abenteuer des Odysseus - Kinder spielen Theater","robots":{"index":"index","follow":"follow","max-snippet":"max-snippet:-1","max-image-preview":"max-image-preview:large","max-video-preview":"max-video-preview:-1"},"canonical":"https:\/\/kinder-spielen-theater.de\/da\/vare\/die-abenteuer-des-odysseus\/","og_locale":"da_DK","og_type":"article","og_title":"Die Abenteuer des Odysseus - Kinder spielen Theater","og_description":"Inhalt Das Theaterst\u00fcck berichtet \u00fcber drei Abenteuer des Odysseus und seinem Kampf mit dem Meeresgott Poseidon auf seiner Heimreise von Troja: Odysseus bei den Zyklopen, den Sirenen und beim Beherrscher der Winde. Dabei wird versucht, das von Homer in der Gestalt des Odysseus verk\u00f6rperte neugeschaffene Bild des abendl\u00e4ndischen Menschen deutlich werden zu lassen, eines Menschen, [&hellip;]","og_url":"https:\/\/kinder-spielen-theater.de\/da\/vare\/die-abenteuer-des-odysseus\/","og_site_name":"Kinder spielen Theater","article_modified_time":"2022-09-27T06:28:03+00:00","og_image":[{"width":1240,"height":1754,"url":"https:\/\/kinder-spielen-theater.de\/wp-content\/uploads\/2021\/05\/51-Odysseus-....-o.k.-page-001.jpg","type":"image\/jpeg"}],"twitter_card":"summary_large_image","twitter_misc":{"Estimeret l\u00e6setid":"1 minut"},"schema":{"@context":"https:\/\/schema.org","@graph":[{"@type":"WebPage","@id":"https:\/\/kinder-spielen-theater.de\/produkt\/die-abenteuer-des-odysseus\/","url":"https:\/\/kinder-spielen-theater.de\/produkt\/die-abenteuer-des-odysseus\/","name":"Die Abenteuer des Odysseus - Kinder spielen Theater","isPartOf":{"@id":"https:\/\/kinder-spielen-theater.de\/#website"},"primaryImageOfPage":{"@id":"https:\/\/kinder-spielen-theater.de\/produkt\/die-abenteuer-des-odysseus\/#primaryimage"},"image":{"@id":"https:\/\/kinder-spielen-theater.de\/produkt\/die-abenteuer-des-odysseus\/#primaryimage"},"thumbnailUrl":"https:\/\/kinder-spielen-theater.de\/wp-content\/uploads\/2021\/05\/51-Odysseus-....-o.k.-page-001.jpg","datePublished":"2021-05-28T20:24:08+00:00","dateModified":"2022-09-27T06:28:03+00:00","breadcrumb":{"@id":"https:\/\/kinder-spielen-theater.de\/produkt\/die-abenteuer-des-odysseus\/#breadcrumb"},"inLanguage":"da-DK","potentialAction":[{"@type":"ReadAction","target":["https:\/\/kinder-spielen-theater.de\/produkt\/die-abenteuer-des-odysseus\/"]}]},{"@type":"ImageObject","inLanguage":"da-DK","@id":"https:\/\/kinder-spielen-theater.de\/produkt\/die-abenteuer-des-odysseus\/#primaryimage","url":"https:\/\/kinder-spielen-theater.de\/wp-content\/uploads\/2021\/05\/51-Odysseus-....-o.k.-page-001.jpg","contentUrl":"https:\/\/kinder-spielen-theater.de\/wp-content\/uploads\/2021\/05\/51-Odysseus-....-o.k.-page-001.jpg","width":1240,"height":1754},{"@type":"BreadcrumbList","@id":"https:\/\/kinder-spielen-theater.de\/produkt\/die-abenteuer-des-odysseus\/#breadcrumb","itemListElement":[{"@type":"ListItem","position":1,"name":"Startseite","item":"https:\/\/kinder-spielen-theater.de\/"},{"@type":"ListItem","position":2,"name":"Shop: Theaterst\u00fccke zum Download","item":"https:\/\/kinder-spielen-theater.de\/shop\/"},{"@type":"ListItem","position":3,"name":"Die Abenteuer des Odysseus"}]},{"@type":"WebSite","@id":"https:\/\/kinder-spielen-theater.de\/#website","url":"https:\/\/kinder-spielen-theater.de\/","name":"B\u00f8rn leger teater","description":"Skuespil til folkeskolen, Hauptschule og Realschule, Gesamtschule og Gymnasium, skuespil for b\u00f8rn","potentialAction":[{"@type":"SearchAction","target":{"@type":"EntryPoint","urlTemplate":"https:\/\/kinder-spielen-theater.de\/?s={search_term_string}"},"query-input":{"@type":"PropertyValueSpecification","valueRequired":true,"valueName":"search_term_string"}}],"inLanguage":"da-DK"}]}},"_links":{"self":[{"href":"https:\/\/kinder-spielen-theater.de\/da\/wp-json\/wp\/v2\/product\/75","targetHints":{"allow":["GET"]}}],"collection":[{"href":"https:\/\/kinder-spielen-theater.de\/da\/wp-json\/wp\/v2\/product"}],"about":[{"href":"https:\/\/kinder-spielen-theater.de\/da\/wp-json\/wp\/v2\/types\/product"}],"replies":[{"embeddable":true,"href":"https:\/\/kinder-spielen-theater.de\/da\/wp-json\/wp\/v2\/comments?post=75"}],"wp:featuredmedia":[{"embeddable":true,"href":"https:\/\/kinder-spielen-theater.de\/da\/wp-json\/wp\/v2\/media\/677"}],"wp:attachment":[{"href":"https:\/\/kinder-spielen-theater.de\/da\/wp-json\/wp\/v2\/media?parent=75"}],"wp:term":[{"taxonomy":"product_brand","embeddable":true,"href":"https:\/\/kinder-spielen-theater.de\/da\/wp-json\/wp\/v2\/product_brand?post=75"},{"taxonomy":"product_cat","embeddable":true,"href":"https:\/\/kinder-spielen-theater.de\/da\/wp-json\/wp\/v2\/product_cat?post=75"},{"taxonomy":"product_tag","embeddable":true,"href":"https:\/\/kinder-spielen-theater.de\/da\/wp-json\/wp\/v2\/product_tag?post=75"}],"curies":[{"name":"wp","href":"https:\/\/api.w.org\/{rel}","templated":true}]}}