{"id":70,"date":"2021-05-28T20:06:23","date_gmt":"2021-05-28T20:06:23","guid":{"rendered":"http:\/\/kinder-spielen-theater.de\/?post_type=product&#038;p=70"},"modified":"2022-11-11T08:27:36","modified_gmt":"2022-11-11T08:27:36","slug":"das-abenteuer","status":"publish","type":"product","link":"https:\/\/kinder-spielen-theater.de\/da\/vare\/das-abenteuer\/","title":{"rendered":"Das Abenteuer"},"content":{"rendered":"<p><span style=\"font-size: 18pt;\"><strong>Inhalt<\/strong><\/span><br \/>\nDieses Theaterst\u00fcck erz\u00e4hlt eine \u201eGeschichte vom kleinen Igel und der kleinen Igelin\u201c (s.u.).<br \/>\nIn dieser Geschichte reist der kleine Igel auf dem R\u00fccken des wundersch\u00f6nen bunten Vogels in das Land der Abenteuer. Dort will er ganz allein den h\u00f6chsten Berg ersteigen, weil auf dessen Spitze das gr\u00f6\u00dfte Geheimnis der Welt versteckt ist. Dabei muss er viele Abenteuer \u00fcberstehen, denn daran wollen ihn der rote Feuerdrachen, die Riesenzackenringelschlange und viele andere Gnomen und Geister hindern. Er \u00fcberlistet sie alle, aber das letzte St\u00fcck des Weges zum Gipfel schafft er nicht allein. Da braucht er die Hilfe der kleinen Igelin.<\/p>\n<p><span style=\"font-size: 18pt;\"><strong>Rollenzahl und Spieldauer<\/strong><\/span><br \/>\nIn der vorliegenden Fassung enth\u00e4lt das St\u00fcck 10 Rollen. Die Rollenzahl kann vergr\u00f6\u00dfert werden, indem die auftretenden Geister usw. nicht als Einzelwesen, sondern jeweils mehrfach auftreten. Eine Verkleinerung der Rollenzahl ist auch m\u00f6glich, indem einzelne Kinder mehrere kleinere Rollen \u00fcbernehmen. Das ist m\u00f6glich, weil die Geister, Drachen usw. nicht gleichzeitig auf der B\u00fchne erscheinen.<\/p>\n<p>Die Auff\u00fchrungszeit betr\u00e4gt ca. 20 Minuten.<\/p>\n<p><span style=\"font-size: 18pt;\"><strong>Textumfang<\/strong><\/span><br \/>\nRollentext 6 Seiten, insgesamt 23 Seiten<\/p>\n<p><a href=\"https:\/\/kinder-spielen-theater.de\/wp-content\/uploads\/2021\/05\/2-Lesepr.-Abenteuer-m.-n.-Cover-.pdf\">Leseprobe Das Abenteuer<\/a><\/p>","protected":false},"excerpt":{"rendered":"<p>Inhalt Dieses Theaterst\u00fcck erz\u00e4hlt eine \u201eGeschichte vom kleinen Igel und der kleinen Igelin\u201c (s.u.). In dieser Geschichte reist der kleine Igel auf dem R\u00fccken des wundersch\u00f6nen bunten Vogels in das Land der Abenteuer. Dort will er ganz allein den h\u00f6chsten Berg ersteigen, weil auf dessen Spitze das gr\u00f6\u00dfte Geheimnis der Welt versteckt ist. Dabei muss [&hellip;]<\/p>\n","protected":false},"featured_media":688,"comment_status":"closed","ping_status":"closed","template":"","meta":[],"product_brand":[],"product_cat":[30],"product_tag":[],"class_list":{"0":"post-70","1":"product","2":"type-product","3":"status-publish","4":"has-post-thumbnail","6":"product_cat-igelgeschichten","8":"first","9":"instock","10":"downloadable","11":"virtual","12":"purchasable","13":"product-type-simple"},"yoast_head":"<!-- This site is optimized with the Yoast SEO plugin v27.3 - https:\/\/yoast.com\/product\/yoast-seo-wordpress\/ -->\n<title>Das Abenteuer - Kinder spielen Theater<\/title>\n<meta name=\"description\" content=\"Dieses Theaterst\u00fcck erz\u00e4hlt eine \u201eGeschichte vom kleinen Igel und der kleinen Igelin\u201c (s.u.).In dieser Geschichte reist der kleine Igel auf dem R\u00fccken des wundersch\u00f6nen bunten Vogels in das Land der Abenteuer. Dort will er ganz allein den h\u00f6chsten Berg ersteigen, weil auf dessen Spitze das gr\u00f6\u00dfte Geheimnis der Welt versteckt ist. Dabei muss er viele Abenteuer \u00fcberstehen, denn daran wollen ihn der rote Feuerdrachen, die Riesenzackenringelschlange und viele andere Gnomen und Geister hindern. Er \u00fcberlistet sie alle, aber das letzte St\u00fcck des Weges zum Gipfel schafft er nicht allein. Da braucht er die Hilfe der kleinen Igelin.\" \/>\n<meta name=\"robots\" content=\"index, follow, max-snippet:-1, max-image-preview:large, max-video-preview:-1\" \/>\n<link rel=\"canonical\" href=\"https:\/\/kinder-spielen-theater.de\/da\/vare\/das-abenteuer\/\" \/>\n<meta property=\"og:locale\" content=\"da_DK\" \/>\n<meta property=\"og:type\" content=\"article\" \/>\n<meta property=\"og:title\" content=\"Das Abenteuer - Kinder spielen Theater\" \/>\n<meta property=\"og:description\" content=\"Dieses Theaterst\u00fcck erz\u00e4hlt eine \u201eGeschichte vom kleinen Igel und der kleinen Igelin\u201c (s.u.).In dieser Geschichte reist der kleine Igel auf dem R\u00fccken des wundersch\u00f6nen bunten Vogels in das Land der Abenteuer. Dort will er ganz allein den h\u00f6chsten Berg ersteigen, weil auf dessen Spitze das gr\u00f6\u00dfte Geheimnis der Welt versteckt ist. Dabei muss er viele Abenteuer \u00fcberstehen, denn daran wollen ihn der rote Feuerdrachen, die Riesenzackenringelschlange und viele andere Gnomen und Geister hindern. Er \u00fcberlistet sie alle, aber das letzte St\u00fcck des Weges zum Gipfel schafft er nicht allein. Da braucht er die Hilfe der kleinen Igelin.\" \/>\n<meta property=\"og:url\" content=\"https:\/\/kinder-spielen-theater.de\/da\/vare\/das-abenteuer\/\" \/>\n<meta property=\"og:site_name\" content=\"Kinder spielen Theater\" \/>\n<meta property=\"article:modified_time\" content=\"2022-11-11T08:27:36+00:00\" \/>\n<meta property=\"og:image\" content=\"https:\/\/kinder-spielen-theater.de\/wp-content\/uploads\/2021\/05\/2-Das-Abenteuer-o.k.-page-001.jpg\" \/>\n\t<meta property=\"og:image:width\" content=\"1240\" \/>\n\t<meta property=\"og:image:height\" content=\"1754\" \/>\n\t<meta property=\"og:image:type\" content=\"image\/jpeg\" \/>\n<meta name=\"twitter:card\" content=\"summary_large_image\" \/>\n<meta name=\"twitter:label1\" content=\"Estimeret l\u00e6setid\" \/>\n\t<meta name=\"twitter:data1\" content=\"1 minut\" \/>\n<script type=\"application\/ld+json\" class=\"yoast-schema-graph\">{\"@context\":\"https:\\\/\\\/schema.org\",\"@graph\":[{\"@type\":\"WebPage\",\"@id\":\"https:\\\/\\\/kinder-spielen-theater.de\\\/produkt\\\/das-abenteuer\\\/\",\"url\":\"https:\\\/\\\/kinder-spielen-theater.de\\\/produkt\\\/das-abenteuer\\\/\",\"name\":\"Das Abenteuer - Kinder spielen Theater\",\"isPartOf\":{\"@id\":\"https:\\\/\\\/kinder-spielen-theater.de\\\/#website\"},\"primaryImageOfPage\":{\"@id\":\"https:\\\/\\\/kinder-spielen-theater.de\\\/produkt\\\/das-abenteuer\\\/#primaryimage\"},\"image\":{\"@id\":\"https:\\\/\\\/kinder-spielen-theater.de\\\/produkt\\\/das-abenteuer\\\/#primaryimage\"},\"thumbnailUrl\":\"https:\\\/\\\/kinder-spielen-theater.de\\\/wp-content\\\/uploads\\\/2021\\\/05\\\/2-Das-Abenteuer-o.k.-page-001.jpg\",\"datePublished\":\"2021-05-28T20:06:23+00:00\",\"dateModified\":\"2022-11-11T08:27:36+00:00\",\"description\":\"Dieses Theaterst\u00fcck erz\u00e4hlt eine \u201eGeschichte vom kleinen Igel und der kleinen Igelin\u201c (s.u.).In dieser Geschichte reist der kleine Igel auf dem R\u00fccken des wundersch\u00f6nen bunten Vogels in das Land der Abenteuer. Dort will er ganz allein den h\u00f6chsten Berg ersteigen, weil auf dessen Spitze das gr\u00f6\u00dfte Geheimnis der Welt versteckt ist. Dabei muss er viele Abenteuer \u00fcberstehen, denn daran wollen ihn der rote Feuerdrachen, die Riesenzackenringelschlange und viele andere Gnomen und Geister hindern. Er \u00fcberlistet sie alle, aber das letzte St\u00fcck des Weges zum Gipfel schafft er nicht allein. Da braucht er die Hilfe der kleinen Igelin.\",\"breadcrumb\":{\"@id\":\"https:\\\/\\\/kinder-spielen-theater.de\\\/produkt\\\/das-abenteuer\\\/#breadcrumb\"},\"inLanguage\":\"da-DK\",\"potentialAction\":[{\"@type\":\"ReadAction\",\"target\":[\"https:\\\/\\\/kinder-spielen-theater.de\\\/produkt\\\/das-abenteuer\\\/\"]}]},{\"@type\":\"ImageObject\",\"inLanguage\":\"da-DK\",\"@id\":\"https:\\\/\\\/kinder-spielen-theater.de\\\/produkt\\\/das-abenteuer\\\/#primaryimage\",\"url\":\"https:\\\/\\\/kinder-spielen-theater.de\\\/wp-content\\\/uploads\\\/2021\\\/05\\\/2-Das-Abenteuer-o.k.-page-001.jpg\",\"contentUrl\":\"https:\\\/\\\/kinder-spielen-theater.de\\\/wp-content\\\/uploads\\\/2021\\\/05\\\/2-Das-Abenteuer-o.k.-page-001.jpg\",\"width\":1240,\"height\":1754},{\"@type\":\"BreadcrumbList\",\"@id\":\"https:\\\/\\\/kinder-spielen-theater.de\\\/produkt\\\/das-abenteuer\\\/#breadcrumb\",\"itemListElement\":[{\"@type\":\"ListItem\",\"position\":1,\"name\":\"Startseite\",\"item\":\"https:\\\/\\\/kinder-spielen-theater.de\\\/\"},{\"@type\":\"ListItem\",\"position\":2,\"name\":\"Shop: Theaterst\u00fccke zum Download\",\"item\":\"https:\\\/\\\/kinder-spielen-theater.de\\\/shop\\\/\"},{\"@type\":\"ListItem\",\"position\":3,\"name\":\"Das Abenteuer\"}]},{\"@type\":\"WebSite\",\"@id\":\"https:\\\/\\\/kinder-spielen-theater.de\\\/#website\",\"url\":\"https:\\\/\\\/kinder-spielen-theater.de\\\/\",\"name\":\"Kinder spielen Theater\",\"description\":\"Theaterst\u00fccke f\u00fcr die Grundschule, Haupt- und Realschule, Gesamtschule und Gymnasium, Theaterst\u00fccke f\u00fcr Kinder\",\"potentialAction\":[{\"@type\":\"SearchAction\",\"target\":{\"@type\":\"EntryPoint\",\"urlTemplate\":\"https:\\\/\\\/kinder-spielen-theater.de\\\/?s={search_term_string}\"},\"query-input\":{\"@type\":\"PropertyValueSpecification\",\"valueRequired\":true,\"valueName\":\"search_term_string\"}}],\"inLanguage\":\"da-DK\"}]}<\/script>\n<!-- \/ Yoast SEO plugin. -->","yoast_head_json":{"title":"Das Abenteuer - Kinder spielen Theater","description":"Dieses Theaterst\u00fcck erz\u00e4hlt eine \u201eGeschichte vom kleinen Igel und der kleinen Igelin\u201c (s.u.).In dieser Geschichte reist der kleine Igel auf dem R\u00fccken des wundersch\u00f6nen bunten Vogels in das Land der Abenteuer. Dort will er ganz allein den h\u00f6chsten Berg ersteigen, weil auf dessen Spitze das gr\u00f6\u00dfte Geheimnis der Welt versteckt ist. Dabei muss er viele Abenteuer \u00fcberstehen, denn daran wollen ihn der rote Feuerdrachen, die Riesenzackenringelschlange und viele andere Gnomen und Geister hindern. Er \u00fcberlistet sie alle, aber das letzte St\u00fcck des Weges zum Gipfel schafft er nicht allein. Da braucht er die Hilfe der kleinen Igelin.","robots":{"index":"index","follow":"follow","max-snippet":"max-snippet:-1","max-image-preview":"max-image-preview:large","max-video-preview":"max-video-preview:-1"},"canonical":"https:\/\/kinder-spielen-theater.de\/da\/vare\/das-abenteuer\/","og_locale":"da_DK","og_type":"article","og_title":"Das Abenteuer - Kinder spielen Theater","og_description":"Dieses Theaterst\u00fcck erz\u00e4hlt eine \u201eGeschichte vom kleinen Igel und der kleinen Igelin\u201c (s.u.).In dieser Geschichte reist der kleine Igel auf dem R\u00fccken des wundersch\u00f6nen bunten Vogels in das Land der Abenteuer. Dort will er ganz allein den h\u00f6chsten Berg ersteigen, weil auf dessen Spitze das gr\u00f6\u00dfte Geheimnis der Welt versteckt ist. Dabei muss er viele Abenteuer \u00fcberstehen, denn daran wollen ihn der rote Feuerdrachen, die Riesenzackenringelschlange und viele andere Gnomen und Geister hindern. Er \u00fcberlistet sie alle, aber das letzte St\u00fcck des Weges zum Gipfel schafft er nicht allein. Da braucht er die Hilfe der kleinen Igelin.","og_url":"https:\/\/kinder-spielen-theater.de\/da\/vare\/das-abenteuer\/","og_site_name":"Kinder spielen Theater","article_modified_time":"2022-11-11T08:27:36+00:00","og_image":[{"width":1240,"height":1754,"url":"https:\/\/kinder-spielen-theater.de\/wp-content\/uploads\/2021\/05\/2-Das-Abenteuer-o.k.-page-001.jpg","type":"image\/jpeg"}],"twitter_card":"summary_large_image","twitter_misc":{"Estimeret l\u00e6setid":"1 minut"},"schema":{"@context":"https:\/\/schema.org","@graph":[{"@type":"WebPage","@id":"https:\/\/kinder-spielen-theater.de\/produkt\/das-abenteuer\/","url":"https:\/\/kinder-spielen-theater.de\/produkt\/das-abenteuer\/","name":"Das Abenteuer - Kinder spielen Theater","isPartOf":{"@id":"https:\/\/kinder-spielen-theater.de\/#website"},"primaryImageOfPage":{"@id":"https:\/\/kinder-spielen-theater.de\/produkt\/das-abenteuer\/#primaryimage"},"image":{"@id":"https:\/\/kinder-spielen-theater.de\/produkt\/das-abenteuer\/#primaryimage"},"thumbnailUrl":"https:\/\/kinder-spielen-theater.de\/wp-content\/uploads\/2021\/05\/2-Das-Abenteuer-o.k.-page-001.jpg","datePublished":"2021-05-28T20:06:23+00:00","dateModified":"2022-11-11T08:27:36+00:00","description":"Dieses Theaterst\u00fcck erz\u00e4hlt eine \u201eGeschichte vom kleinen Igel und der kleinen Igelin\u201c (s.u.).In dieser Geschichte reist der kleine Igel auf dem R\u00fccken des wundersch\u00f6nen bunten Vogels in das Land der Abenteuer. Dort will er ganz allein den h\u00f6chsten Berg ersteigen, weil auf dessen Spitze das gr\u00f6\u00dfte Geheimnis der Welt versteckt ist. Dabei muss er viele Abenteuer \u00fcberstehen, denn daran wollen ihn der rote Feuerdrachen, die Riesenzackenringelschlange und viele andere Gnomen und Geister hindern. Er \u00fcberlistet sie alle, aber das letzte St\u00fcck des Weges zum Gipfel schafft er nicht allein. Da braucht er die Hilfe der kleinen Igelin.","breadcrumb":{"@id":"https:\/\/kinder-spielen-theater.de\/produkt\/das-abenteuer\/#breadcrumb"},"inLanguage":"da-DK","potentialAction":[{"@type":"ReadAction","target":["https:\/\/kinder-spielen-theater.de\/produkt\/das-abenteuer\/"]}]},{"@type":"ImageObject","inLanguage":"da-DK","@id":"https:\/\/kinder-spielen-theater.de\/produkt\/das-abenteuer\/#primaryimage","url":"https:\/\/kinder-spielen-theater.de\/wp-content\/uploads\/2021\/05\/2-Das-Abenteuer-o.k.-page-001.jpg","contentUrl":"https:\/\/kinder-spielen-theater.de\/wp-content\/uploads\/2021\/05\/2-Das-Abenteuer-o.k.-page-001.jpg","width":1240,"height":1754},{"@type":"BreadcrumbList","@id":"https:\/\/kinder-spielen-theater.de\/produkt\/das-abenteuer\/#breadcrumb","itemListElement":[{"@type":"ListItem","position":1,"name":"Startseite","item":"https:\/\/kinder-spielen-theater.de\/"},{"@type":"ListItem","position":2,"name":"Shop: Theaterst\u00fccke zum Download","item":"https:\/\/kinder-spielen-theater.de\/shop\/"},{"@type":"ListItem","position":3,"name":"Das Abenteuer"}]},{"@type":"WebSite","@id":"https:\/\/kinder-spielen-theater.de\/#website","url":"https:\/\/kinder-spielen-theater.de\/","name":"B\u00f8rn leger teater","description":"Skuespil til folkeskolen, Hauptschule og Realschule, Gesamtschule og Gymnasium, skuespil for b\u00f8rn","potentialAction":[{"@type":"SearchAction","target":{"@type":"EntryPoint","urlTemplate":"https:\/\/kinder-spielen-theater.de\/?s={search_term_string}"},"query-input":{"@type":"PropertyValueSpecification","valueRequired":true,"valueName":"search_term_string"}}],"inLanguage":"da-DK"}]}},"_links":{"self":[{"href":"https:\/\/kinder-spielen-theater.de\/da\/wp-json\/wp\/v2\/product\/70","targetHints":{"allow":["GET"]}}],"collection":[{"href":"https:\/\/kinder-spielen-theater.de\/da\/wp-json\/wp\/v2\/product"}],"about":[{"href":"https:\/\/kinder-spielen-theater.de\/da\/wp-json\/wp\/v2\/types\/product"}],"replies":[{"embeddable":true,"href":"https:\/\/kinder-spielen-theater.de\/da\/wp-json\/wp\/v2\/comments?post=70"}],"wp:featuredmedia":[{"embeddable":true,"href":"https:\/\/kinder-spielen-theater.de\/da\/wp-json\/wp\/v2\/media\/688"}],"wp:attachment":[{"href":"https:\/\/kinder-spielen-theater.de\/da\/wp-json\/wp\/v2\/media?parent=70"}],"wp:term":[{"taxonomy":"product_brand","embeddable":true,"href":"https:\/\/kinder-spielen-theater.de\/da\/wp-json\/wp\/v2\/product_brand?post=70"},{"taxonomy":"product_cat","embeddable":true,"href":"https:\/\/kinder-spielen-theater.de\/da\/wp-json\/wp\/v2\/product_cat?post=70"},{"taxonomy":"product_tag","embeddable":true,"href":"https:\/\/kinder-spielen-theater.de\/da\/wp-json\/wp\/v2\/product_tag?post=70"}],"curies":[{"name":"wp","href":"https:\/\/api.w.org\/{rel}","templated":true}]}}