{"id":595,"date":"2022-04-24T12:16:50","date_gmt":"2022-04-24T12:16:50","guid":{"rendered":"https:\/\/kinder-spielen-theater.de\/?post_type=product&#038;p=595"},"modified":"2022-06-09T14:07:25","modified_gmt":"2022-06-09T14:07:25","slug":"der-teich-danish","status":"publish","type":"product","link":"https:\/\/kinder-spielen-theater.de\/da\/vare\/der-teich-danish\/","title":{"rendered":"Den Dammen"},"content":{"rendered":"<p><span style=\"font-size: 18pt;\"><strong>Beskrivelse<\/strong><\/span><\/p>\n<p><strong><span style=\"font-size: 14pt;\">Indhold<\/span><\/strong><br \/>\nDette stykke fort\u00e6ller en &#8222;historie om det lille pindsvin og det lille pindsvin-pige&#8220; (se nedenfor). I denne historie fors\u00f8ger det lille pindsvin og det lille pindsvin at finde ud af, om fisk kysser hinanden. Dette fors\u00f8g giver store kommunikationsproblemer, fordi fiskene lever i et andet element. Historien kan tolkes som en fremstilling af kommunikationsproblemer mellem mennesker fra forskellige kulturer, som dog kan l\u00f8ses, hvis der er god vilje p\u00e5 begge sider.<\/p>\n<p><span style=\"font-size: 14pt;\"><strong>Antal ruller og tid til ydeevne<\/strong><\/span><br \/>\nI sin nuv\u00e6rende version indeholder stykket 9 roller. Antallet kan \u00f8ges ved at tilf\u00f8je yderligere &#8222;fisk&#8220; (roller uden talte tekster). Opf\u00f8relsestiden er ca. 20 minutter.<\/p>\n<p><span style=\"font-size: 14pt;\"><strong>Rulletekst p\u00e5 dansk, hj\u00e6lpemidler til ydeevne p\u00e5 tysk<\/strong><\/span><br \/>\nRolletekst 7 sider, i alt 26 sider<\/p>\n<p><strong>\u00a0<\/strong><\/p>\n<p><a href=\"https:\/\/kinder-spielen-theater.de\/wp-content\/uploads\/2022\/04\/4-Lesepr.-Den-Dammen-Daen..pdf\"><strong>L\u00e6sningspr\u00f8ve<\/strong><\/a><\/p>","protected":false},"excerpt":{"rendered":"<p>Beskrivelse Indhold Dette stykke fort\u00e6ller en &#8222;historie om det lille pindsvin og det lille pindsvin-pige&#8220; (se nedenfor). I denne historie fors\u00f8ger det lille pindsvin og det lille pindsvin at finde ud af, om fisk kysser hinanden. Dette fors\u00f8g giver store kommunikationsproblemer, fordi fiskene lever i et andet element. Historien kan tolkes som en fremstilling af [&hellip;]<\/p>\n","protected":false},"featured_media":596,"comment_status":"open","ping_status":"closed","template":"","meta":[],"product_brand":[],"product_cat":[51,30,44],"product_tag":[],"class_list":{"0":"post-595","1":"product","2":"type-product","3":"status-publish","4":"has-post-thumbnail","6":"product_cat-daenische-theaterstuecke","7":"product_cat-igelgeschichten","8":"product_cat-gewaltlosigkeit","10":"first","11":"instock","12":"sale","13":"downloadable","14":"virtual","15":"purchasable","16":"product-type-simple"},"yoast_head":"<!-- This site is optimized with the Yoast SEO plugin v27.3 - https:\/\/yoast.com\/product\/yoast-seo-wordpress\/ -->\n<title>Den Dammen - Kinder spielen Theater<\/title>\n<meta name=\"description\" content=\"D\u00e4nisches Theaterst\u00fcck &quot;Den Dammen&quot;: Dette stykke fort\u00e6ller en &quot;historie om det lille pindsvin og det lille pindsvin-pige&quot; (se nedenfor). I denne historie fors\u00f8ger det lille pindsvin og det lille pindsvin at finde ud af, om fisk kysser hinanden. Dette fors\u00f8g giver store kommunikationsproblemer, fordi fiskene lever i et andet element. Historien kan tolkes som en fremstilling af kommunikationsproblemer mellem mennesker fra forskellige kulturer, som dog kan l\u00f8ses, hvis der er god vilje p\u00e5 begge sider.\" \/>\n<meta name=\"robots\" content=\"index, follow, max-snippet:-1, max-image-preview:large, max-video-preview:-1\" \/>\n<link rel=\"canonical\" href=\"https:\/\/kinder-spielen-theater.de\/da\/vare\/der-teich-danish\/\" \/>\n<meta property=\"og:locale\" content=\"da_DK\" \/>\n<meta property=\"og:type\" content=\"article\" \/>\n<meta property=\"og:title\" content=\"Den Dammen - Kinder spielen Theater\" \/>\n<meta property=\"og:description\" content=\"D\u00e4nisches Theaterst\u00fcck &quot;Den Dammen&quot;: Dette stykke fort\u00e6ller en &quot;historie om det lille pindsvin og det lille pindsvin-pige&quot; (se nedenfor). I denne historie fors\u00f8ger det lille pindsvin og det lille pindsvin at finde ud af, om fisk kysser hinanden. Dette fors\u00f8g giver store kommunikationsproblemer, fordi fiskene lever i et andet element. Historien kan tolkes som en fremstilling af kommunikationsproblemer mellem mennesker fra forskellige kulturer, som dog kan l\u00f8ses, hvis der er god vilje p\u00e5 begge sider.\" \/>\n<meta property=\"og:url\" content=\"https:\/\/kinder-spielen-theater.de\/da\/vare\/der-teich-danish\/\" \/>\n<meta property=\"og:site_name\" content=\"Kinder spielen Theater\" \/>\n<meta property=\"article:modified_time\" content=\"2022-06-09T14:07:25+00:00\" \/>\n<meta property=\"og:image\" content=\"https:\/\/kinder-spielen-theater.de\/wp-content\/uploads\/2022\/04\/4_DenDammen.jpg\" \/>\n\t<meta property=\"og:image:width\" content=\"653\" \/>\n\t<meta property=\"og:image:height\" content=\"913\" \/>\n\t<meta property=\"og:image:type\" content=\"image\/jpeg\" \/>\n<meta name=\"twitter:card\" content=\"summary_large_image\" \/>\n<meta name=\"twitter:label1\" content=\"Estimeret l\u00e6setid\" \/>\n\t<meta name=\"twitter:data1\" content=\"1 minut\" \/>\n<script type=\"application\/ld+json\" class=\"yoast-schema-graph\">{\"@context\":\"https:\\\/\\\/schema.org\",\"@graph\":[{\"@type\":\"WebPage\",\"@id\":\"https:\\\/\\\/kinder-spielen-theater.de\\\/produkt\\\/der-teich-danish\\\/\",\"url\":\"https:\\\/\\\/kinder-spielen-theater.de\\\/produkt\\\/der-teich-danish\\\/\",\"name\":\"Den Dammen - Kinder spielen Theater\",\"isPartOf\":{\"@id\":\"https:\\\/\\\/kinder-spielen-theater.de\\\/#website\"},\"primaryImageOfPage\":{\"@id\":\"https:\\\/\\\/kinder-spielen-theater.de\\\/produkt\\\/der-teich-danish\\\/#primaryimage\"},\"image\":{\"@id\":\"https:\\\/\\\/kinder-spielen-theater.de\\\/produkt\\\/der-teich-danish\\\/#primaryimage\"},\"thumbnailUrl\":\"https:\\\/\\\/kinder-spielen-theater.de\\\/wp-content\\\/uploads\\\/2022\\\/04\\\/4_DenDammen.jpg\",\"datePublished\":\"2022-04-24T12:16:50+00:00\",\"dateModified\":\"2022-06-09T14:07:25+00:00\",\"description\":\"D\u00e4nisches Theaterst\u00fcck \\\"Den Dammen\\\": Dette stykke fort\u00e6ller en \\\"historie om det lille pindsvin og det lille pindsvin-pige\\\" (se nedenfor). I denne historie fors\u00f8ger det lille pindsvin og det lille pindsvin at finde ud af, om fisk kysser hinanden. Dette fors\u00f8g giver store kommunikationsproblemer, fordi fiskene lever i et andet element. Historien kan tolkes som en fremstilling af kommunikationsproblemer mellem mennesker fra forskellige kulturer, som dog kan l\u00f8ses, hvis der er god vilje p\u00e5 begge sider.\",\"breadcrumb\":{\"@id\":\"https:\\\/\\\/kinder-spielen-theater.de\\\/produkt\\\/der-teich-danish\\\/#breadcrumb\"},\"inLanguage\":\"da-DK\",\"potentialAction\":[{\"@type\":\"ReadAction\",\"target\":[\"https:\\\/\\\/kinder-spielen-theater.de\\\/produkt\\\/der-teich-danish\\\/\"]}]},{\"@type\":\"ImageObject\",\"inLanguage\":\"da-DK\",\"@id\":\"https:\\\/\\\/kinder-spielen-theater.de\\\/produkt\\\/der-teich-danish\\\/#primaryimage\",\"url\":\"https:\\\/\\\/kinder-spielen-theater.de\\\/wp-content\\\/uploads\\\/2022\\\/04\\\/4_DenDammen.jpg\",\"contentUrl\":\"https:\\\/\\\/kinder-spielen-theater.de\\\/wp-content\\\/uploads\\\/2022\\\/04\\\/4_DenDammen.jpg\",\"width\":653,\"height\":913},{\"@type\":\"BreadcrumbList\",\"@id\":\"https:\\\/\\\/kinder-spielen-theater.de\\\/produkt\\\/der-teich-danish\\\/#breadcrumb\",\"itemListElement\":[{\"@type\":\"ListItem\",\"position\":1,\"name\":\"Startseite\",\"item\":\"https:\\\/\\\/kinder-spielen-theater.de\\\/\"},{\"@type\":\"ListItem\",\"position\":2,\"name\":\"Shop: Theaterst\u00fccke zum Download\",\"item\":\"https:\\\/\\\/kinder-spielen-theater.de\\\/shop\\\/\"},{\"@type\":\"ListItem\",\"position\":3,\"name\":\"Den Dammen\"}]},{\"@type\":\"WebSite\",\"@id\":\"https:\\\/\\\/kinder-spielen-theater.de\\\/#website\",\"url\":\"https:\\\/\\\/kinder-spielen-theater.de\\\/\",\"name\":\"Kinder spielen Theater\",\"description\":\"Theaterst\u00fccke f\u00fcr die Grundschule, Haupt- und Realschule, Gesamtschule und Gymnasium, Theaterst\u00fccke f\u00fcr Kinder\",\"potentialAction\":[{\"@type\":\"SearchAction\",\"target\":{\"@type\":\"EntryPoint\",\"urlTemplate\":\"https:\\\/\\\/kinder-spielen-theater.de\\\/?s={search_term_string}\"},\"query-input\":{\"@type\":\"PropertyValueSpecification\",\"valueRequired\":true,\"valueName\":\"search_term_string\"}}],\"inLanguage\":\"da-DK\"}]}<\/script>\n<!-- \/ Yoast SEO plugin. -->","yoast_head_json":{"title":"Den Dammen - Kinder spielen Theater","description":"D\u00e4nisches Theaterst\u00fcck \"Den Dammen\": Dette stykke fort\u00e6ller en \"historie om det lille pindsvin og det lille pindsvin-pige\" (se nedenfor). I denne historie fors\u00f8ger det lille pindsvin og det lille pindsvin at finde ud af, om fisk kysser hinanden. Dette fors\u00f8g giver store kommunikationsproblemer, fordi fiskene lever i et andet element. Historien kan tolkes som en fremstilling af kommunikationsproblemer mellem mennesker fra forskellige kulturer, som dog kan l\u00f8ses, hvis der er god vilje p\u00e5 begge sider.","robots":{"index":"index","follow":"follow","max-snippet":"max-snippet:-1","max-image-preview":"max-image-preview:large","max-video-preview":"max-video-preview:-1"},"canonical":"https:\/\/kinder-spielen-theater.de\/da\/vare\/der-teich-danish\/","og_locale":"da_DK","og_type":"article","og_title":"Den Dammen - Kinder spielen Theater","og_description":"D\u00e4nisches Theaterst\u00fcck \"Den Dammen\": Dette stykke fort\u00e6ller en \"historie om det lille pindsvin og det lille pindsvin-pige\" (se nedenfor). I denne historie fors\u00f8ger det lille pindsvin og det lille pindsvin at finde ud af, om fisk kysser hinanden. Dette fors\u00f8g giver store kommunikationsproblemer, fordi fiskene lever i et andet element. Historien kan tolkes som en fremstilling af kommunikationsproblemer mellem mennesker fra forskellige kulturer, som dog kan l\u00f8ses, hvis der er god vilje p\u00e5 begge sider.","og_url":"https:\/\/kinder-spielen-theater.de\/da\/vare\/der-teich-danish\/","og_site_name":"Kinder spielen Theater","article_modified_time":"2022-06-09T14:07:25+00:00","og_image":[{"width":653,"height":913,"url":"https:\/\/kinder-spielen-theater.de\/wp-content\/uploads\/2022\/04\/4_DenDammen.jpg","type":"image\/jpeg"}],"twitter_card":"summary_large_image","twitter_misc":{"Estimeret l\u00e6setid":"1 minut"},"schema":{"@context":"https:\/\/schema.org","@graph":[{"@type":"WebPage","@id":"https:\/\/kinder-spielen-theater.de\/produkt\/der-teich-danish\/","url":"https:\/\/kinder-spielen-theater.de\/produkt\/der-teich-danish\/","name":"Den Dammen - Kinder spielen Theater","isPartOf":{"@id":"https:\/\/kinder-spielen-theater.de\/#website"},"primaryImageOfPage":{"@id":"https:\/\/kinder-spielen-theater.de\/produkt\/der-teich-danish\/#primaryimage"},"image":{"@id":"https:\/\/kinder-spielen-theater.de\/produkt\/der-teich-danish\/#primaryimage"},"thumbnailUrl":"https:\/\/kinder-spielen-theater.de\/wp-content\/uploads\/2022\/04\/4_DenDammen.jpg","datePublished":"2022-04-24T12:16:50+00:00","dateModified":"2022-06-09T14:07:25+00:00","description":"D\u00e4nisches Theaterst\u00fcck \"Den Dammen\": Dette stykke fort\u00e6ller en \"historie om det lille pindsvin og det lille pindsvin-pige\" (se nedenfor). I denne historie fors\u00f8ger det lille pindsvin og det lille pindsvin at finde ud af, om fisk kysser hinanden. Dette fors\u00f8g giver store kommunikationsproblemer, fordi fiskene lever i et andet element. Historien kan tolkes som en fremstilling af kommunikationsproblemer mellem mennesker fra forskellige kulturer, som dog kan l\u00f8ses, hvis der er god vilje p\u00e5 begge sider.","breadcrumb":{"@id":"https:\/\/kinder-spielen-theater.de\/produkt\/der-teich-danish\/#breadcrumb"},"inLanguage":"da-DK","potentialAction":[{"@type":"ReadAction","target":["https:\/\/kinder-spielen-theater.de\/produkt\/der-teich-danish\/"]}]},{"@type":"ImageObject","inLanguage":"da-DK","@id":"https:\/\/kinder-spielen-theater.de\/produkt\/der-teich-danish\/#primaryimage","url":"https:\/\/kinder-spielen-theater.de\/wp-content\/uploads\/2022\/04\/4_DenDammen.jpg","contentUrl":"https:\/\/kinder-spielen-theater.de\/wp-content\/uploads\/2022\/04\/4_DenDammen.jpg","width":653,"height":913},{"@type":"BreadcrumbList","@id":"https:\/\/kinder-spielen-theater.de\/produkt\/der-teich-danish\/#breadcrumb","itemListElement":[{"@type":"ListItem","position":1,"name":"Startseite","item":"https:\/\/kinder-spielen-theater.de\/"},{"@type":"ListItem","position":2,"name":"Shop: Theaterst\u00fccke zum Download","item":"https:\/\/kinder-spielen-theater.de\/shop\/"},{"@type":"ListItem","position":3,"name":"Den Dammen"}]},{"@type":"WebSite","@id":"https:\/\/kinder-spielen-theater.de\/#website","url":"https:\/\/kinder-spielen-theater.de\/","name":"B\u00f8rn leger teater","description":"Skuespil til folkeskolen, Hauptschule og Realschule, Gesamtschule og Gymnasium, skuespil for b\u00f8rn","potentialAction":[{"@type":"SearchAction","target":{"@type":"EntryPoint","urlTemplate":"https:\/\/kinder-spielen-theater.de\/?s={search_term_string}"},"query-input":{"@type":"PropertyValueSpecification","valueRequired":true,"valueName":"search_term_string"}}],"inLanguage":"da-DK"}]}},"_links":{"self":[{"href":"https:\/\/kinder-spielen-theater.de\/da\/wp-json\/wp\/v2\/product\/595","targetHints":{"allow":["GET"]}}],"collection":[{"href":"https:\/\/kinder-spielen-theater.de\/da\/wp-json\/wp\/v2\/product"}],"about":[{"href":"https:\/\/kinder-spielen-theater.de\/da\/wp-json\/wp\/v2\/types\/product"}],"replies":[{"embeddable":true,"href":"https:\/\/kinder-spielen-theater.de\/da\/wp-json\/wp\/v2\/comments?post=595"}],"wp:featuredmedia":[{"embeddable":true,"href":"https:\/\/kinder-spielen-theater.de\/da\/wp-json\/wp\/v2\/media\/596"}],"wp:attachment":[{"href":"https:\/\/kinder-spielen-theater.de\/da\/wp-json\/wp\/v2\/media?parent=595"}],"wp:term":[{"taxonomy":"product_brand","embeddable":true,"href":"https:\/\/kinder-spielen-theater.de\/da\/wp-json\/wp\/v2\/product_brand?post=595"},{"taxonomy":"product_cat","embeddable":true,"href":"https:\/\/kinder-spielen-theater.de\/da\/wp-json\/wp\/v2\/product_cat?post=595"},{"taxonomy":"product_tag","embeddable":true,"href":"https:\/\/kinder-spielen-theater.de\/da\/wp-json\/wp\/v2\/product_tag?post=595"}],"curies":[{"name":"wp","href":"https:\/\/api.w.org\/{rel}","templated":true}]}}