{"id":420,"date":"2021-06-02T16:48:38","date_gmt":"2021-06-02T16:48:38","guid":{"rendered":"https:\/\/kinder-spielen-theater.de\/?post_type=product&#038;p=420"},"modified":"2022-11-11T08:31:40","modified_gmt":"2022-11-11T08:31:40","slug":"das-schoenste-auf-der-welt","status":"publish","type":"product","link":"https:\/\/kinder-spielen-theater.de\/da\/vare\/das-schoenste-auf-der-welt\/","title":{"rendered":"Das Sch\u00f6nste auf der Welt"},"content":{"rendered":"<p><span style=\"font-size: 18pt;\"><strong>Inhalt<\/strong><\/span><br \/>\nDas Theaterst\u00fcck erz\u00e4hlt eine \u201eGeschichten vom kleinen Igel und der kleinen Igelin\u201c.<br \/>\nHier versuchen sie herauszufinden, was das Sch\u00f6nste auf der Welt ist, indem sie alle Tiere fragen, was f\u00fcr sie das Sch\u00f6nste ist. Zum Schluss erkennt der Zuschauer ganz deutlich, dass die beiden kleinen Igel eigentlich schon wissen, was das Sch\u00f6nste auf der ganzen Welt ist, nur, sie wissen nicht, dass sie es schon wissen.<\/p>\n<p><span style=\"font-size: 18pt;\"><strong>Rollenzahl und Spieldauer<\/strong> <\/span><br \/>\nIn der hier vorliegenden Fassung enth\u00e4lt das St\u00fcck 15 Rollen.<br \/>\nDiese Zahl kann verringert werden, indem in den einzelnen Szenen weniger als drei Tiere auftreten, vergr\u00f6\u00dfert, indem dort mehr als drei Tiere auftreten.<br \/>\nDie Auff\u00fchrungsdauer betr\u00e4gt ca. 15 Minuten<\/p>\n<p><span style=\"font-size: 18pt;\"><strong>Textumfang<\/strong> <\/span><br \/>\nRollentext 5 Seiten, insgesamt 28 Seiten<\/p>\n<p><span style=\"font-size: 18pt;\"><strong>Musik<\/strong> <\/span><br \/>\nZus\u00e4tzlich zum Rollentext und den Lehrerhinweisen sind noch 7 Musik-Dateien im mp3-Format enthalten.<\/p>\n<p><a href=\"https:\/\/kinder-spielen-theater.de\/wp-content\/uploads\/2021\/06\/7-Lesepr.-Das-Schoenste...-m.-neuem-Cover-.pdf\">Leseprobe Das Sch\u00f6nste auf der Welt<\/a><\/p>","protected":false},"excerpt":{"rendered":"<p>Inhalt Das Theaterst\u00fcck erz\u00e4hlt eine \u201eGeschichten vom kleinen Igel und der kleinen Igelin\u201c. Hier versuchen sie herauszufinden, was das Sch\u00f6nste auf der Welt ist, indem sie alle Tiere fragen, was f\u00fcr sie das Sch\u00f6nste ist. Zum Schluss erkennt der Zuschauer ganz deutlich, dass die beiden kleinen Igel eigentlich schon wissen, was das Sch\u00f6nste auf der [&hellip;]<\/p>\n","protected":false},"featured_media":669,"comment_status":"open","ping_status":"closed","template":"","meta":[],"product_brand":[],"product_cat":[30],"product_tag":[],"class_list":{"0":"post-420","1":"product","2":"type-product","3":"status-publish","4":"has-post-thumbnail","6":"product_cat-igelgeschichten","8":"first","9":"instock","10":"downloadable","11":"virtual","12":"purchasable","13":"product-type-simple"},"yoast_head":"<!-- This site is optimized with the Yoast SEO plugin v27.3 - https:\/\/yoast.com\/product\/yoast-seo-wordpress\/ -->\n<title>Das Sch\u00f6nste auf der Welt - Kinder spielen Theater<\/title>\n<meta name=\"description\" content=\"Theaterst\u00fcck f\u00fcr KITA und Grunschule: Das Theaterst\u00fcck erz\u00e4hlt eine \u201eGeschichten vom kleinen Igel und der kleinen Igelin\u201c.Hier versuchen sie herauszufinden, was das Sch\u00f6nste auf der Welt ist, indem sie alle Tiere fragen, was f\u00fcr sie das Sch\u00f6nste ist. Zum Schluss erkennt der Zuschauer ganz deutlich, dass die beiden kleinen Igel eigentlich schon wissen, was das Sch\u00f6nste auf der ganzen Welt ist, nur, sie wissen nicht, dass sie es schon wissen.\" \/>\n<meta name=\"robots\" content=\"index, follow, max-snippet:-1, max-image-preview:large, max-video-preview:-1\" \/>\n<link rel=\"canonical\" href=\"https:\/\/kinder-spielen-theater.de\/da\/vare\/das-schoenste-auf-der-welt\/\" \/>\n<meta property=\"og:locale\" content=\"da_DK\" \/>\n<meta property=\"og:type\" content=\"article\" \/>\n<meta property=\"og:title\" content=\"Das Sch\u00f6nste auf der Welt - Kinder spielen Theater\" \/>\n<meta property=\"og:description\" content=\"Theaterst\u00fcck f\u00fcr KITA und Grunschule: Das Theaterst\u00fcck erz\u00e4hlt eine \u201eGeschichten vom kleinen Igel und der kleinen Igelin\u201c.Hier versuchen sie herauszufinden, was das Sch\u00f6nste auf der Welt ist, indem sie alle Tiere fragen, was f\u00fcr sie das Sch\u00f6nste ist. Zum Schluss erkennt der Zuschauer ganz deutlich, dass die beiden kleinen Igel eigentlich schon wissen, was das Sch\u00f6nste auf der ganzen Welt ist, nur, sie wissen nicht, dass sie es schon wissen.\" \/>\n<meta property=\"og:url\" content=\"https:\/\/kinder-spielen-theater.de\/da\/vare\/das-schoenste-auf-der-welt\/\" \/>\n<meta property=\"og:site_name\" content=\"Kinder spielen Theater\" \/>\n<meta property=\"article:modified_time\" content=\"2022-11-11T08:31:40+00:00\" \/>\n<meta property=\"og:image\" content=\"https:\/\/kinder-spielen-theater.de\/wp-content\/uploads\/2021\/06\/7-Das-Schoeste-auf-der-Welt-o.k.-page-001.jpg\" \/>\n\t<meta property=\"og:image:width\" content=\"1240\" \/>\n\t<meta property=\"og:image:height\" content=\"1754\" \/>\n\t<meta property=\"og:image:type\" content=\"image\/jpeg\" \/>\n<meta name=\"twitter:card\" content=\"summary_large_image\" \/>\n<meta name=\"twitter:label1\" content=\"Estimeret l\u00e6setid\" \/>\n\t<meta name=\"twitter:data1\" content=\"1 minut\" \/>\n<script type=\"application\/ld+json\" class=\"yoast-schema-graph\">{\"@context\":\"https:\\\/\\\/schema.org\",\"@graph\":[{\"@type\":\"WebPage\",\"@id\":\"https:\\\/\\\/kinder-spielen-theater.de\\\/produkt\\\/das-schoenste-auf-der-welt\\\/\",\"url\":\"https:\\\/\\\/kinder-spielen-theater.de\\\/produkt\\\/das-schoenste-auf-der-welt\\\/\",\"name\":\"Das Sch\u00f6nste auf der Welt - Kinder spielen Theater\",\"isPartOf\":{\"@id\":\"https:\\\/\\\/kinder-spielen-theater.de\\\/#website\"},\"primaryImageOfPage\":{\"@id\":\"https:\\\/\\\/kinder-spielen-theater.de\\\/produkt\\\/das-schoenste-auf-der-welt\\\/#primaryimage\"},\"image\":{\"@id\":\"https:\\\/\\\/kinder-spielen-theater.de\\\/produkt\\\/das-schoenste-auf-der-welt\\\/#primaryimage\"},\"thumbnailUrl\":\"https:\\\/\\\/kinder-spielen-theater.de\\\/wp-content\\\/uploads\\\/2021\\\/06\\\/7-Das-Schoeste-auf-der-Welt-o.k.-page-001.jpg\",\"datePublished\":\"2021-06-02T16:48:38+00:00\",\"dateModified\":\"2022-11-11T08:31:40+00:00\",\"description\":\"Theaterst\u00fcck f\u00fcr KITA und Grunschule: Das Theaterst\u00fcck erz\u00e4hlt eine \u201eGeschichten vom kleinen Igel und der kleinen Igelin\u201c.Hier versuchen sie herauszufinden, was das Sch\u00f6nste auf der Welt ist, indem sie alle Tiere fragen, was f\u00fcr sie das Sch\u00f6nste ist. Zum Schluss erkennt der Zuschauer ganz deutlich, dass die beiden kleinen Igel eigentlich schon wissen, was das Sch\u00f6nste auf der ganzen Welt ist, nur, sie wissen nicht, dass sie es schon wissen.\",\"breadcrumb\":{\"@id\":\"https:\\\/\\\/kinder-spielen-theater.de\\\/produkt\\\/das-schoenste-auf-der-welt\\\/#breadcrumb\"},\"inLanguage\":\"da-DK\",\"potentialAction\":[{\"@type\":\"ReadAction\",\"target\":[\"https:\\\/\\\/kinder-spielen-theater.de\\\/produkt\\\/das-schoenste-auf-der-welt\\\/\"]}]},{\"@type\":\"ImageObject\",\"inLanguage\":\"da-DK\",\"@id\":\"https:\\\/\\\/kinder-spielen-theater.de\\\/produkt\\\/das-schoenste-auf-der-welt\\\/#primaryimage\",\"url\":\"https:\\\/\\\/kinder-spielen-theater.de\\\/wp-content\\\/uploads\\\/2021\\\/06\\\/7-Das-Schoeste-auf-der-Welt-o.k.-page-001.jpg\",\"contentUrl\":\"https:\\\/\\\/kinder-spielen-theater.de\\\/wp-content\\\/uploads\\\/2021\\\/06\\\/7-Das-Schoeste-auf-der-Welt-o.k.-page-001.jpg\",\"width\":1240,\"height\":1754},{\"@type\":\"BreadcrumbList\",\"@id\":\"https:\\\/\\\/kinder-spielen-theater.de\\\/produkt\\\/das-schoenste-auf-der-welt\\\/#breadcrumb\",\"itemListElement\":[{\"@type\":\"ListItem\",\"position\":1,\"name\":\"Startseite\",\"item\":\"https:\\\/\\\/kinder-spielen-theater.de\\\/\"},{\"@type\":\"ListItem\",\"position\":2,\"name\":\"Shop: Theaterst\u00fccke zum Download\",\"item\":\"https:\\\/\\\/kinder-spielen-theater.de\\\/shop\\\/\"},{\"@type\":\"ListItem\",\"position\":3,\"name\":\"Das Sch\u00f6nste auf der Welt\"}]},{\"@type\":\"WebSite\",\"@id\":\"https:\\\/\\\/kinder-spielen-theater.de\\\/#website\",\"url\":\"https:\\\/\\\/kinder-spielen-theater.de\\\/\",\"name\":\"Kinder spielen Theater\",\"description\":\"Theaterst\u00fccke f\u00fcr die Grundschule, Haupt- und Realschule, Gesamtschule und Gymnasium, Theaterst\u00fccke f\u00fcr Kinder\",\"potentialAction\":[{\"@type\":\"SearchAction\",\"target\":{\"@type\":\"EntryPoint\",\"urlTemplate\":\"https:\\\/\\\/kinder-spielen-theater.de\\\/?s={search_term_string}\"},\"query-input\":{\"@type\":\"PropertyValueSpecification\",\"valueRequired\":true,\"valueName\":\"search_term_string\"}}],\"inLanguage\":\"da-DK\"}]}<\/script>\n<!-- \/ Yoast SEO plugin. -->","yoast_head_json":{"title":"Das Sch\u00f6nste auf der Welt - Kinder spielen Theater","description":"Theaterst\u00fcck f\u00fcr KITA und Grunschule: Das Theaterst\u00fcck erz\u00e4hlt eine \u201eGeschichten vom kleinen Igel und der kleinen Igelin\u201c.Hier versuchen sie herauszufinden, was das Sch\u00f6nste auf der Welt ist, indem sie alle Tiere fragen, was f\u00fcr sie das Sch\u00f6nste ist. Zum Schluss erkennt der Zuschauer ganz deutlich, dass die beiden kleinen Igel eigentlich schon wissen, was das Sch\u00f6nste auf der ganzen Welt ist, nur, sie wissen nicht, dass sie es schon wissen.","robots":{"index":"index","follow":"follow","max-snippet":"max-snippet:-1","max-image-preview":"max-image-preview:large","max-video-preview":"max-video-preview:-1"},"canonical":"https:\/\/kinder-spielen-theater.de\/da\/vare\/das-schoenste-auf-der-welt\/","og_locale":"da_DK","og_type":"article","og_title":"Das Sch\u00f6nste auf der Welt - Kinder spielen Theater","og_description":"Theaterst\u00fcck f\u00fcr KITA und Grunschule: Das Theaterst\u00fcck erz\u00e4hlt eine \u201eGeschichten vom kleinen Igel und der kleinen Igelin\u201c.Hier versuchen sie herauszufinden, was das Sch\u00f6nste auf der Welt ist, indem sie alle Tiere fragen, was f\u00fcr sie das Sch\u00f6nste ist. Zum Schluss erkennt der Zuschauer ganz deutlich, dass die beiden kleinen Igel eigentlich schon wissen, was das Sch\u00f6nste auf der ganzen Welt ist, nur, sie wissen nicht, dass sie es schon wissen.","og_url":"https:\/\/kinder-spielen-theater.de\/da\/vare\/das-schoenste-auf-der-welt\/","og_site_name":"Kinder spielen Theater","article_modified_time":"2022-11-11T08:31:40+00:00","og_image":[{"width":1240,"height":1754,"url":"https:\/\/kinder-spielen-theater.de\/wp-content\/uploads\/2021\/06\/7-Das-Schoeste-auf-der-Welt-o.k.-page-001.jpg","type":"image\/jpeg"}],"twitter_card":"summary_large_image","twitter_misc":{"Estimeret l\u00e6setid":"1 minut"},"schema":{"@context":"https:\/\/schema.org","@graph":[{"@type":"WebPage","@id":"https:\/\/kinder-spielen-theater.de\/produkt\/das-schoenste-auf-der-welt\/","url":"https:\/\/kinder-spielen-theater.de\/produkt\/das-schoenste-auf-der-welt\/","name":"Das Sch\u00f6nste auf der Welt - Kinder spielen Theater","isPartOf":{"@id":"https:\/\/kinder-spielen-theater.de\/#website"},"primaryImageOfPage":{"@id":"https:\/\/kinder-spielen-theater.de\/produkt\/das-schoenste-auf-der-welt\/#primaryimage"},"image":{"@id":"https:\/\/kinder-spielen-theater.de\/produkt\/das-schoenste-auf-der-welt\/#primaryimage"},"thumbnailUrl":"https:\/\/kinder-spielen-theater.de\/wp-content\/uploads\/2021\/06\/7-Das-Schoeste-auf-der-Welt-o.k.-page-001.jpg","datePublished":"2021-06-02T16:48:38+00:00","dateModified":"2022-11-11T08:31:40+00:00","description":"Theaterst\u00fcck f\u00fcr KITA und Grunschule: Das Theaterst\u00fcck erz\u00e4hlt eine \u201eGeschichten vom kleinen Igel und der kleinen Igelin\u201c.Hier versuchen sie herauszufinden, was das Sch\u00f6nste auf der Welt ist, indem sie alle Tiere fragen, was f\u00fcr sie das Sch\u00f6nste ist. Zum Schluss erkennt der Zuschauer ganz deutlich, dass die beiden kleinen Igel eigentlich schon wissen, was das Sch\u00f6nste auf der ganzen Welt ist, nur, sie wissen nicht, dass sie es schon wissen.","breadcrumb":{"@id":"https:\/\/kinder-spielen-theater.de\/produkt\/das-schoenste-auf-der-welt\/#breadcrumb"},"inLanguage":"da-DK","potentialAction":[{"@type":"ReadAction","target":["https:\/\/kinder-spielen-theater.de\/produkt\/das-schoenste-auf-der-welt\/"]}]},{"@type":"ImageObject","inLanguage":"da-DK","@id":"https:\/\/kinder-spielen-theater.de\/produkt\/das-schoenste-auf-der-welt\/#primaryimage","url":"https:\/\/kinder-spielen-theater.de\/wp-content\/uploads\/2021\/06\/7-Das-Schoeste-auf-der-Welt-o.k.-page-001.jpg","contentUrl":"https:\/\/kinder-spielen-theater.de\/wp-content\/uploads\/2021\/06\/7-Das-Schoeste-auf-der-Welt-o.k.-page-001.jpg","width":1240,"height":1754},{"@type":"BreadcrumbList","@id":"https:\/\/kinder-spielen-theater.de\/produkt\/das-schoenste-auf-der-welt\/#breadcrumb","itemListElement":[{"@type":"ListItem","position":1,"name":"Startseite","item":"https:\/\/kinder-spielen-theater.de\/"},{"@type":"ListItem","position":2,"name":"Shop: Theaterst\u00fccke zum Download","item":"https:\/\/kinder-spielen-theater.de\/shop\/"},{"@type":"ListItem","position":3,"name":"Das Sch\u00f6nste auf der Welt"}]},{"@type":"WebSite","@id":"https:\/\/kinder-spielen-theater.de\/#website","url":"https:\/\/kinder-spielen-theater.de\/","name":"B\u00f8rn leger teater","description":"Skuespil til folkeskolen, Hauptschule og Realschule, Gesamtschule og Gymnasium, skuespil for b\u00f8rn","potentialAction":[{"@type":"SearchAction","target":{"@type":"EntryPoint","urlTemplate":"https:\/\/kinder-spielen-theater.de\/?s={search_term_string}"},"query-input":{"@type":"PropertyValueSpecification","valueRequired":true,"valueName":"search_term_string"}}],"inLanguage":"da-DK"}]}},"_links":{"self":[{"href":"https:\/\/kinder-spielen-theater.de\/da\/wp-json\/wp\/v2\/product\/420","targetHints":{"allow":["GET"]}}],"collection":[{"href":"https:\/\/kinder-spielen-theater.de\/da\/wp-json\/wp\/v2\/product"}],"about":[{"href":"https:\/\/kinder-spielen-theater.de\/da\/wp-json\/wp\/v2\/types\/product"}],"replies":[{"embeddable":true,"href":"https:\/\/kinder-spielen-theater.de\/da\/wp-json\/wp\/v2\/comments?post=420"}],"wp:featuredmedia":[{"embeddable":true,"href":"https:\/\/kinder-spielen-theater.de\/da\/wp-json\/wp\/v2\/media\/669"}],"wp:attachment":[{"href":"https:\/\/kinder-spielen-theater.de\/da\/wp-json\/wp\/v2\/media?parent=420"}],"wp:term":[{"taxonomy":"product_brand","embeddable":true,"href":"https:\/\/kinder-spielen-theater.de\/da\/wp-json\/wp\/v2\/product_brand?post=420"},{"taxonomy":"product_cat","embeddable":true,"href":"https:\/\/kinder-spielen-theater.de\/da\/wp-json\/wp\/v2\/product_cat?post=420"},{"taxonomy":"product_tag","embeddable":true,"href":"https:\/\/kinder-spielen-theater.de\/da\/wp-json\/wp\/v2\/product_tag?post=420"}],"curies":[{"name":"wp","href":"https:\/\/api.w.org\/{rel}","templated":true}]}}