{"id":413,"date":"2021-06-02T16:40:35","date_gmt":"2021-06-02T16:40:35","guid":{"rendered":"https:\/\/kinder-spielen-theater.de\/?post_type=product&#038;p=413"},"modified":"2022-06-09T14:18:08","modified_gmt":"2022-06-09T14:18:08","slug":"wir-kommen-aus","status":"publish","type":"product","link":"https:\/\/kinder-spielen-theater.de\/da\/vare\/wir-kommen-aus\/","title":{"rendered":"Wir kommen aus\u2026"},"content":{"rendered":"<p><span style=\"font-size: 18pt;\"><strong>Inhalt<\/strong><\/span><br \/>\nDieses St\u00fcck kann z. B. in das Thema &#8222;Europa&#8220; eingebunden werden und er\u00f6ffnet den Kindern die M\u00f6glichkeit, ausgew\u00e4hlte L\u00e4nder Europas (aber auch L\u00e4nder au\u00dferhalb Europas) mit ihren wichtigsten Merkmalen, wie Sprache, Wahrzeichen, typische Nahrungsmittel, aber auch Lieder und T\u00e4nze vorzustellen, d.h., den Text dazu selbst zu entwickeln In den Rahmen, der durch eine Vor- und Nachrede gegeben wird, lassen sich beliebig viele L\u00e4nder mit kurzen Spielsequenzen einf\u00fcgen. Neben Beispiel-Rollentexten zu verschiedenen L\u00e4ndern (z.B. Frankreich, Gro\u00dfbritannien, Spanien&#8230;) werden auch Sachinformationen, T\u00e4nze und Lieder zu etwa 20 L\u00e4ndern angeboten.<\/p>\n<p><span style=\"font-size: 18pt;\"><strong>Rollenzahl und Spieldauer<\/strong><\/span><br \/>\nDie Anzahl der zu besetzenden Rollen h\u00e4ngt von der Anzahl der in der Auff\u00fchrung vorkommenden \u201eL\u00e4nder\u201c ab.<br \/>\nJede \u201eL\u00e4nderszene\u201c wird ca. 5 bis 10 Rollen enthalten und ca. 10 Minuten lang sein.<\/p>\n<p><span style=\"font-size: 18pt;\"><strong>Textumfang<\/strong><\/span><br \/>\nRollentext 11 Seiten, insgesamt 123 Seiten<\/p>\n<p><span style=\"font-size: 18pt;\"><a href=\"https:\/\/kinder-spielen-theater.de\/wp-content\/uploads\/2021\/06\/45-Wir-kommen-aus..Leseprobe-Adobe.pdf\">Leseprobe<\/a><\/span><\/p>","protected":false},"excerpt":{"rendered":"<p>Inhalt Dieses St\u00fcck kann z. B. in das Thema &#8222;Europa&#8220; eingebunden werden und er\u00f6ffnet den Kindern die M\u00f6glichkeit, ausgew\u00e4hlte L\u00e4nder Europas (aber auch L\u00e4nder au\u00dferhalb Europas) mit ihren wichtigsten Merkmalen, wie Sprache, Wahrzeichen, typische Nahrungsmittel, aber auch Lieder und T\u00e4nze vorzustellen, d.h., den Text dazu selbst zu entwickeln In den Rahmen, der durch eine Vor- [&hellip;]<\/p>\n","protected":false},"featured_media":489,"comment_status":"closed","ping_status":"closed","template":"","meta":[],"product_brand":[],"product_cat":[46,40,37,42,44],"product_tag":[],"class_list":{"0":"post-413","1":"product","2":"type-product","3":"status-publish","4":"has-post-thumbnail","6":"product_cat-aussereuroaeisches-kulturelles-erbe","7":"product_cat-deutsches-kulturelles-erbe","8":"product_cat-europaeisches-kulturelles-erbe","9":"product_cat-kulturelles-erbe","10":"product_cat-gewaltlosigkeit","12":"first","13":"instock","14":"sale","15":"downloadable","16":"virtual","17":"purchasable","18":"product-type-simple"},"yoast_head":"<!-- This site is optimized with the Yoast SEO plugin v27.3 - https:\/\/yoast.com\/product\/yoast-seo-wordpress\/ -->\n<title>Wir kommen aus\u2026 - Kinder spielen Theater<\/title>\n<meta name=\"description\" content=\"Dieses St\u00fcck kann z. B. in das Thema &quot;Europa&quot; eingebunden werden und er\u00f6ffnet den Kindern die M\u00f6glichkeit, ausgew\u00e4hlte L\u00e4nder Europas (aber auch L\u00e4nder au\u00dferhalb Europas) mit ihren wichtigsten Merkmalen, wie Sprache, Wahrzeichen, typische Nahrungsmittel, aber auch Lieder und T\u00e4nze vorzustellen, d.h., den Text dazu selbst zu entwickeln In den Rahmen, der durch eine Vor- und Nachrede gegeben wird, lassen sich beliebig viele L\u00e4nder mit kurzen Spielsequenzen einf\u00fcgen. Neben Beispiel-Rollentexten zu verschiedenen L\u00e4ndern (z.B. Frankreich, Gro\u00dfbritannien, Spanien...) werden auch Sachinformationen, T\u00e4nze und Lieder zu etwa 20 L\u00e4ndern angeboten.\" \/>\n<meta name=\"robots\" content=\"index, follow, max-snippet:-1, max-image-preview:large, max-video-preview:-1\" \/>\n<link rel=\"canonical\" href=\"https:\/\/kinder-spielen-theater.de\/da\/vare\/wir-kommen-aus\/\" \/>\n<meta property=\"og:locale\" content=\"da_DK\" \/>\n<meta property=\"og:type\" content=\"article\" \/>\n<meta property=\"og:title\" content=\"Wir kommen aus\u2026 - Kinder spielen Theater\" \/>\n<meta property=\"og:description\" content=\"Dieses St\u00fcck kann z. B. in das Thema &quot;Europa&quot; eingebunden werden und er\u00f6ffnet den Kindern die M\u00f6glichkeit, ausgew\u00e4hlte L\u00e4nder Europas (aber auch L\u00e4nder au\u00dferhalb Europas) mit ihren wichtigsten Merkmalen, wie Sprache, Wahrzeichen, typische Nahrungsmittel, aber auch Lieder und T\u00e4nze vorzustellen, d.h., den Text dazu selbst zu entwickeln In den Rahmen, der durch eine Vor- und Nachrede gegeben wird, lassen sich beliebig viele L\u00e4nder mit kurzen Spielsequenzen einf\u00fcgen. Neben Beispiel-Rollentexten zu verschiedenen L\u00e4ndern (z.B. Frankreich, Gro\u00dfbritannien, Spanien...) werden auch Sachinformationen, T\u00e4nze und Lieder zu etwa 20 L\u00e4ndern angeboten.\" \/>\n<meta property=\"og:url\" content=\"https:\/\/kinder-spielen-theater.de\/da\/vare\/wir-kommen-aus\/\" \/>\n<meta property=\"og:site_name\" content=\"Kinder spielen Theater\" \/>\n<meta property=\"article:modified_time\" content=\"2022-06-09T14:18:08+00:00\" \/>\n<meta property=\"og:image\" content=\"https:\/\/kinder-spielen-theater.de\/wp-content\/uploads\/2021\/06\/45-Wir_kommen_aus.jpg\" \/>\n\t<meta property=\"og:image:width\" content=\"254\" \/>\n\t<meta property=\"og:image:height\" content=\"359\" \/>\n\t<meta property=\"og:image:type\" content=\"image\/jpeg\" \/>\n<meta name=\"twitter:card\" content=\"summary_large_image\" \/>\n<meta name=\"twitter:label1\" content=\"Estimeret l\u00e6setid\" \/>\n\t<meta name=\"twitter:data1\" content=\"1 minut\" \/>\n<script type=\"application\/ld+json\" class=\"yoast-schema-graph\">{\"@context\":\"https:\\\/\\\/schema.org\",\"@graph\":[{\"@type\":\"WebPage\",\"@id\":\"https:\\\/\\\/kinder-spielen-theater.de\\\/produkt\\\/wir-kommen-aus\\\/\",\"url\":\"https:\\\/\\\/kinder-spielen-theater.de\\\/produkt\\\/wir-kommen-aus\\\/\",\"name\":\"Wir kommen aus\u2026 - Kinder spielen Theater\",\"isPartOf\":{\"@id\":\"https:\\\/\\\/kinder-spielen-theater.de\\\/#website\"},\"primaryImageOfPage\":{\"@id\":\"https:\\\/\\\/kinder-spielen-theater.de\\\/produkt\\\/wir-kommen-aus\\\/#primaryimage\"},\"image\":{\"@id\":\"https:\\\/\\\/kinder-spielen-theater.de\\\/produkt\\\/wir-kommen-aus\\\/#primaryimage\"},\"thumbnailUrl\":\"https:\\\/\\\/kinder-spielen-theater.de\\\/wp-content\\\/uploads\\\/2021\\\/06\\\/45-Wir_kommen_aus.jpg\",\"datePublished\":\"2021-06-02T16:40:35+00:00\",\"dateModified\":\"2022-06-09T14:18:08+00:00\",\"description\":\"Dieses St\u00fcck kann z. B. in das Thema \\\"Europa\\\" eingebunden werden und er\u00f6ffnet den Kindern die M\u00f6glichkeit, ausgew\u00e4hlte L\u00e4nder Europas (aber auch L\u00e4nder au\u00dferhalb Europas) mit ihren wichtigsten Merkmalen, wie Sprache, Wahrzeichen, typische Nahrungsmittel, aber auch Lieder und T\u00e4nze vorzustellen, d.h., den Text dazu selbst zu entwickeln In den Rahmen, der durch eine Vor- und Nachrede gegeben wird, lassen sich beliebig viele L\u00e4nder mit kurzen Spielsequenzen einf\u00fcgen. Neben Beispiel-Rollentexten zu verschiedenen L\u00e4ndern (z.B. Frankreich, Gro\u00dfbritannien, Spanien...) werden auch Sachinformationen, T\u00e4nze und Lieder zu etwa 20 L\u00e4ndern angeboten.\",\"breadcrumb\":{\"@id\":\"https:\\\/\\\/kinder-spielen-theater.de\\\/produkt\\\/wir-kommen-aus\\\/#breadcrumb\"},\"inLanguage\":\"da-DK\",\"potentialAction\":[{\"@type\":\"ReadAction\",\"target\":[\"https:\\\/\\\/kinder-spielen-theater.de\\\/produkt\\\/wir-kommen-aus\\\/\"]}]},{\"@type\":\"ImageObject\",\"inLanguage\":\"da-DK\",\"@id\":\"https:\\\/\\\/kinder-spielen-theater.de\\\/produkt\\\/wir-kommen-aus\\\/#primaryimage\",\"url\":\"https:\\\/\\\/kinder-spielen-theater.de\\\/wp-content\\\/uploads\\\/2021\\\/06\\\/45-Wir_kommen_aus.jpg\",\"contentUrl\":\"https:\\\/\\\/kinder-spielen-theater.de\\\/wp-content\\\/uploads\\\/2021\\\/06\\\/45-Wir_kommen_aus.jpg\",\"width\":254,\"height\":359},{\"@type\":\"BreadcrumbList\",\"@id\":\"https:\\\/\\\/kinder-spielen-theater.de\\\/produkt\\\/wir-kommen-aus\\\/#breadcrumb\",\"itemListElement\":[{\"@type\":\"ListItem\",\"position\":1,\"name\":\"Startseite\",\"item\":\"https:\\\/\\\/kinder-spielen-theater.de\\\/\"},{\"@type\":\"ListItem\",\"position\":2,\"name\":\"Shop: Theaterst\u00fccke zum Download\",\"item\":\"https:\\\/\\\/kinder-spielen-theater.de\\\/shop\\\/\"},{\"@type\":\"ListItem\",\"position\":3,\"name\":\"Wir kommen aus\u2026\"}]},{\"@type\":\"WebSite\",\"@id\":\"https:\\\/\\\/kinder-spielen-theater.de\\\/#website\",\"url\":\"https:\\\/\\\/kinder-spielen-theater.de\\\/\",\"name\":\"Kinder spielen Theater\",\"description\":\"Theaterst\u00fccke f\u00fcr die Grundschule, Haupt- und Realschule, Gesamtschule und Gymnasium, Theaterst\u00fccke f\u00fcr Kinder\",\"potentialAction\":[{\"@type\":\"SearchAction\",\"target\":{\"@type\":\"EntryPoint\",\"urlTemplate\":\"https:\\\/\\\/kinder-spielen-theater.de\\\/?s={search_term_string}\"},\"query-input\":{\"@type\":\"PropertyValueSpecification\",\"valueRequired\":true,\"valueName\":\"search_term_string\"}}],\"inLanguage\":\"da-DK\"}]}<\/script>\n<!-- \/ Yoast SEO plugin. -->","yoast_head_json":{"title":"Wir kommen aus\u2026 - Kinder spielen Theater","description":"Dieses St\u00fcck kann z. B. in das Thema \"Europa\" eingebunden werden und er\u00f6ffnet den Kindern die M\u00f6glichkeit, ausgew\u00e4hlte L\u00e4nder Europas (aber auch L\u00e4nder au\u00dferhalb Europas) mit ihren wichtigsten Merkmalen, wie Sprache, Wahrzeichen, typische Nahrungsmittel, aber auch Lieder und T\u00e4nze vorzustellen, d.h., den Text dazu selbst zu entwickeln In den Rahmen, der durch eine Vor- und Nachrede gegeben wird, lassen sich beliebig viele L\u00e4nder mit kurzen Spielsequenzen einf\u00fcgen. Neben Beispiel-Rollentexten zu verschiedenen L\u00e4ndern (z.B. Frankreich, Gro\u00dfbritannien, Spanien...) werden auch Sachinformationen, T\u00e4nze und Lieder zu etwa 20 L\u00e4ndern angeboten.","robots":{"index":"index","follow":"follow","max-snippet":"max-snippet:-1","max-image-preview":"max-image-preview:large","max-video-preview":"max-video-preview:-1"},"canonical":"https:\/\/kinder-spielen-theater.de\/da\/vare\/wir-kommen-aus\/","og_locale":"da_DK","og_type":"article","og_title":"Wir kommen aus\u2026 - Kinder spielen Theater","og_description":"Dieses St\u00fcck kann z. B. in das Thema \"Europa\" eingebunden werden und er\u00f6ffnet den Kindern die M\u00f6glichkeit, ausgew\u00e4hlte L\u00e4nder Europas (aber auch L\u00e4nder au\u00dferhalb Europas) mit ihren wichtigsten Merkmalen, wie Sprache, Wahrzeichen, typische Nahrungsmittel, aber auch Lieder und T\u00e4nze vorzustellen, d.h., den Text dazu selbst zu entwickeln In den Rahmen, der durch eine Vor- und Nachrede gegeben wird, lassen sich beliebig viele L\u00e4nder mit kurzen Spielsequenzen einf\u00fcgen. Neben Beispiel-Rollentexten zu verschiedenen L\u00e4ndern (z.B. Frankreich, Gro\u00dfbritannien, Spanien...) werden auch Sachinformationen, T\u00e4nze und Lieder zu etwa 20 L\u00e4ndern angeboten.","og_url":"https:\/\/kinder-spielen-theater.de\/da\/vare\/wir-kommen-aus\/","og_site_name":"Kinder spielen Theater","article_modified_time":"2022-06-09T14:18:08+00:00","og_image":[{"width":254,"height":359,"url":"https:\/\/kinder-spielen-theater.de\/wp-content\/uploads\/2021\/06\/45-Wir_kommen_aus.jpg","type":"image\/jpeg"}],"twitter_card":"summary_large_image","twitter_misc":{"Estimeret l\u00e6setid":"1 minut"},"schema":{"@context":"https:\/\/schema.org","@graph":[{"@type":"WebPage","@id":"https:\/\/kinder-spielen-theater.de\/produkt\/wir-kommen-aus\/","url":"https:\/\/kinder-spielen-theater.de\/produkt\/wir-kommen-aus\/","name":"Wir kommen aus\u2026 - Kinder spielen Theater","isPartOf":{"@id":"https:\/\/kinder-spielen-theater.de\/#website"},"primaryImageOfPage":{"@id":"https:\/\/kinder-spielen-theater.de\/produkt\/wir-kommen-aus\/#primaryimage"},"image":{"@id":"https:\/\/kinder-spielen-theater.de\/produkt\/wir-kommen-aus\/#primaryimage"},"thumbnailUrl":"https:\/\/kinder-spielen-theater.de\/wp-content\/uploads\/2021\/06\/45-Wir_kommen_aus.jpg","datePublished":"2021-06-02T16:40:35+00:00","dateModified":"2022-06-09T14:18:08+00:00","description":"Dieses St\u00fcck kann z. B. in das Thema \"Europa\" eingebunden werden und er\u00f6ffnet den Kindern die M\u00f6glichkeit, ausgew\u00e4hlte L\u00e4nder Europas (aber auch L\u00e4nder au\u00dferhalb Europas) mit ihren wichtigsten Merkmalen, wie Sprache, Wahrzeichen, typische Nahrungsmittel, aber auch Lieder und T\u00e4nze vorzustellen, d.h., den Text dazu selbst zu entwickeln In den Rahmen, der durch eine Vor- und Nachrede gegeben wird, lassen sich beliebig viele L\u00e4nder mit kurzen Spielsequenzen einf\u00fcgen. Neben Beispiel-Rollentexten zu verschiedenen L\u00e4ndern (z.B. Frankreich, Gro\u00dfbritannien, Spanien...) werden auch Sachinformationen, T\u00e4nze und Lieder zu etwa 20 L\u00e4ndern angeboten.","breadcrumb":{"@id":"https:\/\/kinder-spielen-theater.de\/produkt\/wir-kommen-aus\/#breadcrumb"},"inLanguage":"da-DK","potentialAction":[{"@type":"ReadAction","target":["https:\/\/kinder-spielen-theater.de\/produkt\/wir-kommen-aus\/"]}]},{"@type":"ImageObject","inLanguage":"da-DK","@id":"https:\/\/kinder-spielen-theater.de\/produkt\/wir-kommen-aus\/#primaryimage","url":"https:\/\/kinder-spielen-theater.de\/wp-content\/uploads\/2021\/06\/45-Wir_kommen_aus.jpg","contentUrl":"https:\/\/kinder-spielen-theater.de\/wp-content\/uploads\/2021\/06\/45-Wir_kommen_aus.jpg","width":254,"height":359},{"@type":"BreadcrumbList","@id":"https:\/\/kinder-spielen-theater.de\/produkt\/wir-kommen-aus\/#breadcrumb","itemListElement":[{"@type":"ListItem","position":1,"name":"Startseite","item":"https:\/\/kinder-spielen-theater.de\/"},{"@type":"ListItem","position":2,"name":"Shop: Theaterst\u00fccke zum Download","item":"https:\/\/kinder-spielen-theater.de\/shop\/"},{"@type":"ListItem","position":3,"name":"Wir kommen aus\u2026"}]},{"@type":"WebSite","@id":"https:\/\/kinder-spielen-theater.de\/#website","url":"https:\/\/kinder-spielen-theater.de\/","name":"B\u00f8rn leger teater","description":"Skuespil til folkeskolen, Hauptschule og Realschule, Gesamtschule og Gymnasium, skuespil for b\u00f8rn","potentialAction":[{"@type":"SearchAction","target":{"@type":"EntryPoint","urlTemplate":"https:\/\/kinder-spielen-theater.de\/?s={search_term_string}"},"query-input":{"@type":"PropertyValueSpecification","valueRequired":true,"valueName":"search_term_string"}}],"inLanguage":"da-DK"}]}},"_links":{"self":[{"href":"https:\/\/kinder-spielen-theater.de\/da\/wp-json\/wp\/v2\/product\/413","targetHints":{"allow":["GET"]}}],"collection":[{"href":"https:\/\/kinder-spielen-theater.de\/da\/wp-json\/wp\/v2\/product"}],"about":[{"href":"https:\/\/kinder-spielen-theater.de\/da\/wp-json\/wp\/v2\/types\/product"}],"replies":[{"embeddable":true,"href":"https:\/\/kinder-spielen-theater.de\/da\/wp-json\/wp\/v2\/comments?post=413"}],"wp:featuredmedia":[{"embeddable":true,"href":"https:\/\/kinder-spielen-theater.de\/da\/wp-json\/wp\/v2\/media\/489"}],"wp:attachment":[{"href":"https:\/\/kinder-spielen-theater.de\/da\/wp-json\/wp\/v2\/media?parent=413"}],"wp:term":[{"taxonomy":"product_brand","embeddable":true,"href":"https:\/\/kinder-spielen-theater.de\/da\/wp-json\/wp\/v2\/product_brand?post=413"},{"taxonomy":"product_cat","embeddable":true,"href":"https:\/\/kinder-spielen-theater.de\/da\/wp-json\/wp\/v2\/product_cat?post=413"},{"taxonomy":"product_tag","embeddable":true,"href":"https:\/\/kinder-spielen-theater.de\/da\/wp-json\/wp\/v2\/product_tag?post=413"}],"curies":[{"name":"wp","href":"https:\/\/api.w.org\/{rel}","templated":true}]}}