{"id":407,"date":"2021-06-02T16:34:53","date_gmt":"2021-06-02T16:34:53","guid":{"rendered":"https:\/\/kinder-spielen-theater.de\/?post_type=product&#038;p=407"},"modified":"2022-06-09T07:25:49","modified_gmt":"2022-06-09T07:25:49","slug":"wie-gott-die-welt-geschaffen-hat-der-turm-zu-babel","status":"publish","type":"product","link":"https:\/\/kinder-spielen-theater.de\/da\/vare\/wie-gott-die-welt-geschaffen-hat-der-turm-zu-babel\/","title":{"rendered":"Wie Gott die Welt geschaffen hat, Der Turm zu Babel"},"content":{"rendered":"<p><span style=\"font-size: 18pt;\"><strong>Inhalt<\/strong><\/span><br \/>\nIm Theaterst\u00fcck \u201eWie Gott die Welt geschaffen hat\u201c spielen und tanzen die Kinder die biblische Sch\u00f6pfungsgeschichte bis zur Erschaffung des Menschen. Im Theaterst\u00fcck \u201eDer Turm zu Babel\u201c spielen die Kinder die biblische Geschichte vom Turmbau zu Babel.<\/p>\n<p><span style=\"font-size: 18pt;\"><strong>Rollenzahl und Spieldauer<\/strong><\/span><br \/>\nIn \u201eWie Gott die Welt \u2026\u201c k\u00f6nnen 15 bis 30 Rollen besetzt werden, je nachdem, wie viel Tiere, Sterne usw. auftreten sollen. Dabei (bei 30 Mitspielern) sind dann viele Besetzungen Rollen \u201eohne Text\u201c.<br \/>\nIn \u201eDer Turm zu Babel\u201c gilt das Gleiche. Hier kann die Zahl der Kinder, die \u201eBauarbeiter\u201c- Rollen spielen, variiert werden.<\/p>\n<p><span style=\"font-size: 18pt;\"><strong>Textumfang<\/strong><\/span><br \/>\nRollentext 3\/4 Seiten, insgesamt 54 Seiten<\/p>\n<p><span style=\"font-size: 18pt;\"><strong>Musik<\/strong><\/span><br \/>\nZus\u00e4tzlich zum Rollentext und den Lehrerhinweisen sind noch 9 Musik-Dateien im mp3-Format enthalten.<\/p>\n<p><span style=\"font-size: 18pt;\"><a href=\"https:\/\/kinder-spielen-theater.de\/wp-content\/uploads\/2021\/06\/61-Wie-Gott..Turm-zu-Babel-Leseprobe-Adobe.pdf\">Leseprobe<\/a><\/span><\/p>","protected":false},"excerpt":{"rendered":"<p>Inhalt Im Theaterst\u00fcck \u201eWie Gott die Welt geschaffen hat\u201c spielen und tanzen die Kinder die biblische Sch\u00f6pfungsgeschichte bis zur Erschaffung des Menschen. Im Theaterst\u00fcck \u201eDer Turm zu Babel\u201c spielen die Kinder die biblische Geschichte vom Turmbau zu Babel. Rollenzahl und Spieldauer In \u201eWie Gott die Welt \u2026\u201c k\u00f6nnen 15 bis 30 Rollen besetzt werden, je [&hellip;]<\/p>\n","protected":false},"featured_media":408,"comment_status":"open","ping_status":"closed","template":"","meta":[],"product_brand":[],"product_cat":[38,42,41,39],"product_tag":[],"class_list":{"0":"post-407","1":"product","2":"type-product","3":"status-publish","4":"has-post-thumbnail","6":"product_cat-anfaenge-der-kultur","7":"product_cat-kulturelles-erbe","8":"product_cat-naturwissenschaft-technik","9":"product_cat-religion","11":"first","12":"instock","13":"sale","14":"downloadable","15":"virtual","16":"purchasable","17":"product-type-simple"},"yoast_head":"<!-- This site is optimized with the Yoast SEO plugin v27.4 - https:\/\/yoast.com\/product\/yoast-seo-wordpress\/ -->\n<title>Wie Gott die Welt geschaffen hat, Der Turm zu Babel - Kinder spielen Theater<\/title>\n<meta name=\"description\" content=\"Theaterst\u00fccke f\u00fcr die Grundschule: Wie Gott die Welt geschaffen hat, Der Turm zu Babel: Im Theaterst\u00fcck \u201eWie Gott die Welt geschaffen hat\u201c spielen und tanzen die Kinder die biblische Sch\u00f6pfungsgeschichte bis zur Erschaffung des Menschen. Im Theaterst\u00fcck \u201eDer Turm zu Babel\u201c spielen die Kinder die biblische Geschichte vom Turmbau zu Babel.\" \/>\n<meta name=\"robots\" content=\"index, follow, max-snippet:-1, max-image-preview:large, max-video-preview:-1\" \/>\n<link rel=\"canonical\" href=\"https:\/\/kinder-spielen-theater.de\/da\/vare\/wie-gott-die-welt-geschaffen-hat-der-turm-zu-babel\/\" \/>\n<meta property=\"og:locale\" content=\"da_DK\" \/>\n<meta property=\"og:type\" content=\"article\" \/>\n<meta property=\"og:title\" content=\"Wie Gott die Welt geschaffen hat, Der Turm zu Babel - Kinder spielen Theater\" \/>\n<meta property=\"og:description\" content=\"Theaterst\u00fccke f\u00fcr die Grundschule: Wie Gott die Welt geschaffen hat, Der Turm zu Babel: Im Theaterst\u00fcck \u201eWie Gott die Welt geschaffen hat\u201c spielen und tanzen die Kinder die biblische Sch\u00f6pfungsgeschichte bis zur Erschaffung des Menschen. Im Theaterst\u00fcck \u201eDer Turm zu Babel\u201c spielen die Kinder die biblische Geschichte vom Turmbau zu Babel.\" \/>\n<meta property=\"og:url\" content=\"https:\/\/kinder-spielen-theater.de\/da\/vare\/wie-gott-die-welt-geschaffen-hat-der-turm-zu-babel\/\" \/>\n<meta property=\"og:site_name\" content=\"Kinder spielen Theater\" \/>\n<meta property=\"article:modified_time\" content=\"2022-06-09T07:25:49+00:00\" \/>\n<meta property=\"og:image\" content=\"https:\/\/kinder-spielen-theater.de\/wp-content\/uploads\/2021\/06\/61-CoverWieGott250.jpg\" \/>\n\t<meta property=\"og:image:width\" content=\"250\" \/>\n\t<meta property=\"og:image:height\" content=\"354\" \/>\n\t<meta property=\"og:image:type\" content=\"image\/jpeg\" \/>\n<meta name=\"twitter:card\" content=\"summary_large_image\" \/>\n<meta name=\"twitter:label1\" content=\"Estimeret l\u00e6setid\" \/>\n\t<meta name=\"twitter:data1\" content=\"1 minut\" \/>\n<script type=\"application\/ld+json\" class=\"yoast-schema-graph\">{\"@context\":\"https:\\\/\\\/schema.org\",\"@graph\":[{\"@type\":\"WebPage\",\"@id\":\"https:\\\/\\\/kinder-spielen-theater.de\\\/produkt\\\/wie-gott-die-welt-geschaffen-hat-der-turm-zu-babel\\\/\",\"url\":\"https:\\\/\\\/kinder-spielen-theater.de\\\/produkt\\\/wie-gott-die-welt-geschaffen-hat-der-turm-zu-babel\\\/\",\"name\":\"Wie Gott die Welt geschaffen hat, Der Turm zu Babel - Kinder spielen Theater\",\"isPartOf\":{\"@id\":\"https:\\\/\\\/kinder-spielen-theater.de\\\/#website\"},\"primaryImageOfPage\":{\"@id\":\"https:\\\/\\\/kinder-spielen-theater.de\\\/produkt\\\/wie-gott-die-welt-geschaffen-hat-der-turm-zu-babel\\\/#primaryimage\"},\"image\":{\"@id\":\"https:\\\/\\\/kinder-spielen-theater.de\\\/produkt\\\/wie-gott-die-welt-geschaffen-hat-der-turm-zu-babel\\\/#primaryimage\"},\"thumbnailUrl\":\"https:\\\/\\\/kinder-spielen-theater.de\\\/wp-content\\\/uploads\\\/2021\\\/06\\\/61-CoverWieGott250.jpg\",\"datePublished\":\"2021-06-02T16:34:53+00:00\",\"dateModified\":\"2022-06-09T07:25:49+00:00\",\"description\":\"Theaterst\u00fccke f\u00fcr die Grundschule: Wie Gott die Welt geschaffen hat, Der Turm zu Babel: Im Theaterst\u00fcck \u201eWie Gott die Welt geschaffen hat\u201c spielen und tanzen die Kinder die biblische Sch\u00f6pfungsgeschichte bis zur Erschaffung des Menschen. Im Theaterst\u00fcck \u201eDer Turm zu Babel\u201c spielen die Kinder die biblische Geschichte vom Turmbau zu Babel.\",\"breadcrumb\":{\"@id\":\"https:\\\/\\\/kinder-spielen-theater.de\\\/produkt\\\/wie-gott-die-welt-geschaffen-hat-der-turm-zu-babel\\\/#breadcrumb\"},\"inLanguage\":\"da-DK\",\"potentialAction\":[{\"@type\":\"ReadAction\",\"target\":[\"https:\\\/\\\/kinder-spielen-theater.de\\\/produkt\\\/wie-gott-die-welt-geschaffen-hat-der-turm-zu-babel\\\/\"]}]},{\"@type\":\"ImageObject\",\"inLanguage\":\"da-DK\",\"@id\":\"https:\\\/\\\/kinder-spielen-theater.de\\\/produkt\\\/wie-gott-die-welt-geschaffen-hat-der-turm-zu-babel\\\/#primaryimage\",\"url\":\"https:\\\/\\\/kinder-spielen-theater.de\\\/wp-content\\\/uploads\\\/2021\\\/06\\\/61-CoverWieGott250.jpg\",\"contentUrl\":\"https:\\\/\\\/kinder-spielen-theater.de\\\/wp-content\\\/uploads\\\/2021\\\/06\\\/61-CoverWieGott250.jpg\",\"width\":250,\"height\":354},{\"@type\":\"BreadcrumbList\",\"@id\":\"https:\\\/\\\/kinder-spielen-theater.de\\\/produkt\\\/wie-gott-die-welt-geschaffen-hat-der-turm-zu-babel\\\/#breadcrumb\",\"itemListElement\":[{\"@type\":\"ListItem\",\"position\":1,\"name\":\"Startseite\",\"item\":\"https:\\\/\\\/kinder-spielen-theater.de\\\/\"},{\"@type\":\"ListItem\",\"position\":2,\"name\":\"Shop: Theaterst\u00fccke zum Download\",\"item\":\"https:\\\/\\\/kinder-spielen-theater.de\\\/shop\\\/\"},{\"@type\":\"ListItem\",\"position\":3,\"name\":\"Wie Gott die Welt geschaffen hat, Der Turm zu Babel\"}]},{\"@type\":\"WebSite\",\"@id\":\"https:\\\/\\\/kinder-spielen-theater.de\\\/#website\",\"url\":\"https:\\\/\\\/kinder-spielen-theater.de\\\/\",\"name\":\"Kinder spielen Theater\",\"description\":\"Theaterst\u00fccke f\u00fcr die Grundschule, Haupt- und Realschule, Gesamtschule und Gymnasium, Theaterst\u00fccke f\u00fcr Kinder\",\"potentialAction\":[{\"@type\":\"SearchAction\",\"target\":{\"@type\":\"EntryPoint\",\"urlTemplate\":\"https:\\\/\\\/kinder-spielen-theater.de\\\/?s={search_term_string}\"},\"query-input\":{\"@type\":\"PropertyValueSpecification\",\"valueRequired\":true,\"valueName\":\"search_term_string\"}}],\"inLanguage\":\"da-DK\"}]}<\/script>\n<!-- \/ Yoast SEO plugin. -->","yoast_head_json":{"title":"Wie Gott die Welt geschaffen hat, Der Turm zu Babel - Kinder spielen Theater","description":"Theaterst\u00fccke f\u00fcr die Grundschule: Wie Gott die Welt geschaffen hat, Der Turm zu Babel: Im Theaterst\u00fcck \u201eWie Gott die Welt geschaffen hat\u201c spielen und tanzen die Kinder die biblische Sch\u00f6pfungsgeschichte bis zur Erschaffung des Menschen. Im Theaterst\u00fcck \u201eDer Turm zu Babel\u201c spielen die Kinder die biblische Geschichte vom Turmbau zu Babel.","robots":{"index":"index","follow":"follow","max-snippet":"max-snippet:-1","max-image-preview":"max-image-preview:large","max-video-preview":"max-video-preview:-1"},"canonical":"https:\/\/kinder-spielen-theater.de\/da\/vare\/wie-gott-die-welt-geschaffen-hat-der-turm-zu-babel\/","og_locale":"da_DK","og_type":"article","og_title":"Wie Gott die Welt geschaffen hat, Der Turm zu Babel - Kinder spielen Theater","og_description":"Theaterst\u00fccke f\u00fcr die Grundschule: Wie Gott die Welt geschaffen hat, Der Turm zu Babel: Im Theaterst\u00fcck \u201eWie Gott die Welt geschaffen hat\u201c spielen und tanzen die Kinder die biblische Sch\u00f6pfungsgeschichte bis zur Erschaffung des Menschen. Im Theaterst\u00fcck \u201eDer Turm zu Babel\u201c spielen die Kinder die biblische Geschichte vom Turmbau zu Babel.","og_url":"https:\/\/kinder-spielen-theater.de\/da\/vare\/wie-gott-die-welt-geschaffen-hat-der-turm-zu-babel\/","og_site_name":"Kinder spielen Theater","article_modified_time":"2022-06-09T07:25:49+00:00","og_image":[{"width":250,"height":354,"url":"https:\/\/kinder-spielen-theater.de\/wp-content\/uploads\/2021\/06\/61-CoverWieGott250.jpg","type":"image\/jpeg"}],"twitter_card":"summary_large_image","twitter_misc":{"Estimeret l\u00e6setid":"1 minut"},"schema":{"@context":"https:\/\/schema.org","@graph":[{"@type":"WebPage","@id":"https:\/\/kinder-spielen-theater.de\/produkt\/wie-gott-die-welt-geschaffen-hat-der-turm-zu-babel\/","url":"https:\/\/kinder-spielen-theater.de\/produkt\/wie-gott-die-welt-geschaffen-hat-der-turm-zu-babel\/","name":"Wie Gott die Welt geschaffen hat, Der Turm zu Babel - Kinder spielen Theater","isPartOf":{"@id":"https:\/\/kinder-spielen-theater.de\/#website"},"primaryImageOfPage":{"@id":"https:\/\/kinder-spielen-theater.de\/produkt\/wie-gott-die-welt-geschaffen-hat-der-turm-zu-babel\/#primaryimage"},"image":{"@id":"https:\/\/kinder-spielen-theater.de\/produkt\/wie-gott-die-welt-geschaffen-hat-der-turm-zu-babel\/#primaryimage"},"thumbnailUrl":"https:\/\/kinder-spielen-theater.de\/wp-content\/uploads\/2021\/06\/61-CoverWieGott250.jpg","datePublished":"2021-06-02T16:34:53+00:00","dateModified":"2022-06-09T07:25:49+00:00","description":"Theaterst\u00fccke f\u00fcr die Grundschule: Wie Gott die Welt geschaffen hat, Der Turm zu Babel: Im Theaterst\u00fcck \u201eWie Gott die Welt geschaffen hat\u201c spielen und tanzen die Kinder die biblische Sch\u00f6pfungsgeschichte bis zur Erschaffung des Menschen. Im Theaterst\u00fcck \u201eDer Turm zu Babel\u201c spielen die Kinder die biblische Geschichte vom Turmbau zu Babel.","breadcrumb":{"@id":"https:\/\/kinder-spielen-theater.de\/produkt\/wie-gott-die-welt-geschaffen-hat-der-turm-zu-babel\/#breadcrumb"},"inLanguage":"da-DK","potentialAction":[{"@type":"ReadAction","target":["https:\/\/kinder-spielen-theater.de\/produkt\/wie-gott-die-welt-geschaffen-hat-der-turm-zu-babel\/"]}]},{"@type":"ImageObject","inLanguage":"da-DK","@id":"https:\/\/kinder-spielen-theater.de\/produkt\/wie-gott-die-welt-geschaffen-hat-der-turm-zu-babel\/#primaryimage","url":"https:\/\/kinder-spielen-theater.de\/wp-content\/uploads\/2021\/06\/61-CoverWieGott250.jpg","contentUrl":"https:\/\/kinder-spielen-theater.de\/wp-content\/uploads\/2021\/06\/61-CoverWieGott250.jpg","width":250,"height":354},{"@type":"BreadcrumbList","@id":"https:\/\/kinder-spielen-theater.de\/produkt\/wie-gott-die-welt-geschaffen-hat-der-turm-zu-babel\/#breadcrumb","itemListElement":[{"@type":"ListItem","position":1,"name":"Startseite","item":"https:\/\/kinder-spielen-theater.de\/"},{"@type":"ListItem","position":2,"name":"Shop: Theaterst\u00fccke zum Download","item":"https:\/\/kinder-spielen-theater.de\/shop\/"},{"@type":"ListItem","position":3,"name":"Wie Gott die Welt geschaffen hat, Der Turm zu Babel"}]},{"@type":"WebSite","@id":"https:\/\/kinder-spielen-theater.de\/#website","url":"https:\/\/kinder-spielen-theater.de\/","name":"B\u00f8rn leger teater","description":"Skuespil til folkeskolen, Hauptschule og Realschule, Gesamtschule og Gymnasium, skuespil for b\u00f8rn","potentialAction":[{"@type":"SearchAction","target":{"@type":"EntryPoint","urlTemplate":"https:\/\/kinder-spielen-theater.de\/?s={search_term_string}"},"query-input":{"@type":"PropertyValueSpecification","valueRequired":true,"valueName":"search_term_string"}}],"inLanguage":"da-DK"}]}},"_links":{"self":[{"href":"https:\/\/kinder-spielen-theater.de\/da\/wp-json\/wp\/v2\/product\/407","targetHints":{"allow":["GET"]}}],"collection":[{"href":"https:\/\/kinder-spielen-theater.de\/da\/wp-json\/wp\/v2\/product"}],"about":[{"href":"https:\/\/kinder-spielen-theater.de\/da\/wp-json\/wp\/v2\/types\/product"}],"replies":[{"embeddable":true,"href":"https:\/\/kinder-spielen-theater.de\/da\/wp-json\/wp\/v2\/comments?post=407"}],"wp:featuredmedia":[{"embeddable":true,"href":"https:\/\/kinder-spielen-theater.de\/da\/wp-json\/wp\/v2\/media\/408"}],"wp:attachment":[{"href":"https:\/\/kinder-spielen-theater.de\/da\/wp-json\/wp\/v2\/media?parent=407"}],"wp:term":[{"taxonomy":"product_brand","embeddable":true,"href":"https:\/\/kinder-spielen-theater.de\/da\/wp-json\/wp\/v2\/product_brand?post=407"},{"taxonomy":"product_cat","embeddable":true,"href":"https:\/\/kinder-spielen-theater.de\/da\/wp-json\/wp\/v2\/product_cat?post=407"},{"taxonomy":"product_tag","embeddable":true,"href":"https:\/\/kinder-spielen-theater.de\/da\/wp-json\/wp\/v2\/product_tag?post=407"}],"curies":[{"name":"wp","href":"https:\/\/api.w.org\/{rel}","templated":true}]}}