{"id":396,"date":"2021-06-02T15:16:33","date_gmt":"2021-06-02T15:16:33","guid":{"rendered":"https:\/\/kinder-spielen-theater.de\/?post_type=product&#038;p=396"},"modified":"2022-09-27T06:31:58","modified_gmt":"2022-09-27T06:31:58","slug":"wie-die-milchstrasse-an-den-himmel-gekommen-ist","status":"publish","type":"product","link":"https:\/\/kinder-spielen-theater.de\/da\/vare\/wie-die-milchstrasse-an-den-himmel-gekommen-ist\/","title":{"rendered":"Wie die Milchstra\u00dfe an den Himmel gekommen ist"},"content":{"rendered":"<p><span style=\"font-size: 18pt;\"><strong>Inhalt<\/strong> <\/span><br \/>\nDas Theaterst\u00fcck \u201eWie die Milchstra\u00dfe an den Himmel gekommen ist\u201c ist eine kindgem\u00e4\u00dfe Version einer Ursprungsmythe nordamerikanischer Indianer, welche die Erschaffung eines bestimmten Teils der Welt darstellt.<br \/>\nIn ihr wird erz\u00e4hlt, wie die Milchstra\u00dfe entstanden ist. Danach besteht sie in Wirklichkeit aus Schneeflocken, die ein B\u00e4r aus seinem Pelz gesch\u00fcttelt hat, als er am Rand der Welt auf den Himmel gesprungen ist. Dieser B\u00e4r war, weil er versucht hatte, einem anderen B\u00e4ren mit Gewalt etwas wegzunehmen, nach dem Gesetz des Indianerlandes aus dem Indianerland verbannt worden. Auf der Suche nach einer neuen Heimat ger\u00e4t er an den Rand der Welt, wo er auf den Himmel springt, um dort weiter zu suchen. Der Anblick der Milchstra\u00dfe erinnert die Indianer also daran, dass Diebstahl, insbesondere mit Anwendung von Gewalt, gegen das Gesetz des Indianerlandes verst\u00f6\u00dft.<\/p>\n<p><span style=\"font-size: 18pt;\"><strong>Rollenzahl und Spieldauer<\/strong><\/span><br \/>\nIn \u201eWie die Milchstra\u00dfe an den Himmel gekommen ist\u201c sind 10 Rollen zu besetzen.<br \/>\nDiese Zahl kann durch zus\u00e4tzliche Indianerrollen (Rollen ohne Sprechtext) bis auf ca. 14 Rollen vergr\u00f6\u00dfert werden.<br \/>\nDie Auff\u00fchrungszeit betr\u00e4gt ca. 15 Minuten.<\/p>\n<p><span style=\"font-size: 18pt;\"><strong>Textumfang<\/strong><\/span><br \/>\nRollentext 3 Seiten, insgesamt 21 Seiten<\/p>\n<p><span style=\"font-size: 18pt;\"><a href=\"https:\/\/kinder-spielen-theater.de\/wp-content\/uploads\/2021\/06\/60b-Wie-die-Milchstr.-Leseprobe-Adobe-1.pdf\">Leseprobe<\/a><\/span><\/p>","protected":false},"excerpt":{"rendered":"<p>Inhalt Das Theaterst\u00fcck \u201eWie die Milchstra\u00dfe an den Himmel gekommen ist\u201c ist eine kindgem\u00e4\u00dfe Version einer Ursprungsmythe nordamerikanischer Indianer, welche die Erschaffung eines bestimmten Teils der Welt darstellt. In ihr wird erz\u00e4hlt, wie die Milchstra\u00dfe entstanden ist. Danach besteht sie in Wirklichkeit aus Schneeflocken, die ein B\u00e4r aus seinem Pelz gesch\u00fcttelt hat, als er am [&hellip;]<\/p>\n","protected":false},"featured_media":679,"comment_status":"open","ping_status":"closed","template":"","meta":[],"product_brand":[],"product_cat":[36],"product_tag":[],"class_list":{"0":"post-396","1":"product","2":"type-product","3":"status-publish","4":"has-post-thumbnail","6":"product_cat-maerchen","8":"first","9":"instock","10":"sale","11":"downloadable","12":"virtual","13":"purchasable","14":"product-type-simple"},"yoast_head":"<!-- This site is optimized with the Yoast SEO plugin v27.4 - https:\/\/yoast.com\/product\/yoast-seo-wordpress\/ -->\n<title>Wie die Milchstra\u00dfe an den Himmel gekommen ist - Kinder spielen Theater<\/title>\n<meta name=\"description\" content=\"Das Theaterst\u00fcck \u201eWie die Milchstra\u00dfe an den Himmel gekommen ist\u201c ist eine kindgem\u00e4\u00dfe Version einer Ursprungsmythe nordamerikanischer Indianer, welche die Erschaffung eines bestimmten Teils der Welt darstellt.In ihr wird erz\u00e4hlt, wie die Milchstra\u00dfe entstanden ist. Danach besteht sie in Wirklichkeit aus Schneeflocken, die ein B\u00e4r aus seinem Pelz gesch\u00fcttelt hat, als er am Rand der Welt auf den Himmel gesprungen ist. Dieser B\u00e4r war, weil er versucht hatte, einem anderen B\u00e4ren mit Gewalt etwas wegzunehmen, nach dem Gesetz des Indianerlandes aus dem Indianerland verbannt worden. Auf der Suche nach einer neuen Heimat ger\u00e4t er an den Rand der Welt, wo er auf den Himmel springt, um dort weiter zu suchen. Der Anblick der Milchstra\u00dfe erinnert die Indianer also daran, dass Diebstahl, insbesondere mit Anwendung von Gewalt, gegen das Gesetz des Indianerlandes verst\u00f6\u00dft.\" \/>\n<meta name=\"robots\" content=\"index, follow, max-snippet:-1, max-image-preview:large, max-video-preview:-1\" \/>\n<link rel=\"canonical\" href=\"https:\/\/kinder-spielen-theater.de\/da\/vare\/wie-die-milchstrasse-an-den-himmel-gekommen-ist\/\" \/>\n<meta property=\"og:locale\" content=\"da_DK\" \/>\n<meta property=\"og:type\" content=\"article\" \/>\n<meta property=\"og:title\" content=\"Wie die Milchstra\u00dfe an den Himmel gekommen ist - Kinder spielen Theater\" \/>\n<meta property=\"og:description\" content=\"Das Theaterst\u00fcck \u201eWie die Milchstra\u00dfe an den Himmel gekommen ist\u201c ist eine kindgem\u00e4\u00dfe Version einer Ursprungsmythe nordamerikanischer Indianer, welche die Erschaffung eines bestimmten Teils der Welt darstellt.In ihr wird erz\u00e4hlt, wie die Milchstra\u00dfe entstanden ist. Danach besteht sie in Wirklichkeit aus Schneeflocken, die ein B\u00e4r aus seinem Pelz gesch\u00fcttelt hat, als er am Rand der Welt auf den Himmel gesprungen ist. Dieser B\u00e4r war, weil er versucht hatte, einem anderen B\u00e4ren mit Gewalt etwas wegzunehmen, nach dem Gesetz des Indianerlandes aus dem Indianerland verbannt worden. Auf der Suche nach einer neuen Heimat ger\u00e4t er an den Rand der Welt, wo er auf den Himmel springt, um dort weiter zu suchen. Der Anblick der Milchstra\u00dfe erinnert die Indianer also daran, dass Diebstahl, insbesondere mit Anwendung von Gewalt, gegen das Gesetz des Indianerlandes verst\u00f6\u00dft.\" \/>\n<meta property=\"og:url\" content=\"https:\/\/kinder-spielen-theater.de\/da\/vare\/wie-die-milchstrasse-an-den-himmel-gekommen-ist\/\" \/>\n<meta property=\"og:site_name\" content=\"Kinder spielen Theater\" \/>\n<meta property=\"article:modified_time\" content=\"2022-09-27T06:31:58+00:00\" \/>\n<meta property=\"og:image\" content=\"https:\/\/kinder-spielen-theater.de\/wp-content\/uploads\/2021\/06\/60b-Wie-die-Milchstrasse..-o.k.-page-001.jpg\" \/>\n\t<meta property=\"og:image:width\" content=\"1240\" \/>\n\t<meta property=\"og:image:height\" content=\"1754\" \/>\n\t<meta property=\"og:image:type\" content=\"image\/jpeg\" \/>\n<meta name=\"twitter:card\" content=\"summary_large_image\" \/>\n<meta name=\"twitter:label1\" content=\"Estimeret l\u00e6setid\" \/>\n\t<meta name=\"twitter:data1\" content=\"2 minutter\" \/>\n<script type=\"application\/ld+json\" class=\"yoast-schema-graph\">{\"@context\":\"https:\\\/\\\/schema.org\",\"@graph\":[{\"@type\":\"WebPage\",\"@id\":\"https:\\\/\\\/kinder-spielen-theater.de\\\/produkt\\\/wie-die-milchstrasse-an-den-himmel-gekommen-ist\\\/\",\"url\":\"https:\\\/\\\/kinder-spielen-theater.de\\\/produkt\\\/wie-die-milchstrasse-an-den-himmel-gekommen-ist\\\/\",\"name\":\"Wie die Milchstra\u00dfe an den Himmel gekommen ist - Kinder spielen Theater\",\"isPartOf\":{\"@id\":\"https:\\\/\\\/kinder-spielen-theater.de\\\/#website\"},\"primaryImageOfPage\":{\"@id\":\"https:\\\/\\\/kinder-spielen-theater.de\\\/produkt\\\/wie-die-milchstrasse-an-den-himmel-gekommen-ist\\\/#primaryimage\"},\"image\":{\"@id\":\"https:\\\/\\\/kinder-spielen-theater.de\\\/produkt\\\/wie-die-milchstrasse-an-den-himmel-gekommen-ist\\\/#primaryimage\"},\"thumbnailUrl\":\"https:\\\/\\\/kinder-spielen-theater.de\\\/wp-content\\\/uploads\\\/2021\\\/06\\\/60b-Wie-die-Milchstrasse..-o.k.-page-001.jpg\",\"datePublished\":\"2021-06-02T15:16:33+00:00\",\"dateModified\":\"2022-09-27T06:31:58+00:00\",\"description\":\"Das Theaterst\u00fcck \u201eWie die Milchstra\u00dfe an den Himmel gekommen ist\u201c ist eine kindgem\u00e4\u00dfe Version einer Ursprungsmythe nordamerikanischer Indianer, welche die Erschaffung eines bestimmten Teils der Welt darstellt.In ihr wird erz\u00e4hlt, wie die Milchstra\u00dfe entstanden ist. Danach besteht sie in Wirklichkeit aus Schneeflocken, die ein B\u00e4r aus seinem Pelz gesch\u00fcttelt hat, als er am Rand der Welt auf den Himmel gesprungen ist. Dieser B\u00e4r war, weil er versucht hatte, einem anderen B\u00e4ren mit Gewalt etwas wegzunehmen, nach dem Gesetz des Indianerlandes aus dem Indianerland verbannt worden. Auf der Suche nach einer neuen Heimat ger\u00e4t er an den Rand der Welt, wo er auf den Himmel springt, um dort weiter zu suchen. Der Anblick der Milchstra\u00dfe erinnert die Indianer also daran, dass Diebstahl, insbesondere mit Anwendung von Gewalt, gegen das Gesetz des Indianerlandes verst\u00f6\u00dft.\",\"breadcrumb\":{\"@id\":\"https:\\\/\\\/kinder-spielen-theater.de\\\/produkt\\\/wie-die-milchstrasse-an-den-himmel-gekommen-ist\\\/#breadcrumb\"},\"inLanguage\":\"da-DK\",\"potentialAction\":[{\"@type\":\"ReadAction\",\"target\":[\"https:\\\/\\\/kinder-spielen-theater.de\\\/produkt\\\/wie-die-milchstrasse-an-den-himmel-gekommen-ist\\\/\"]}]},{\"@type\":\"ImageObject\",\"inLanguage\":\"da-DK\",\"@id\":\"https:\\\/\\\/kinder-spielen-theater.de\\\/produkt\\\/wie-die-milchstrasse-an-den-himmel-gekommen-ist\\\/#primaryimage\",\"url\":\"https:\\\/\\\/kinder-spielen-theater.de\\\/wp-content\\\/uploads\\\/2021\\\/06\\\/60b-Wie-die-Milchstrasse..-o.k.-page-001.jpg\",\"contentUrl\":\"https:\\\/\\\/kinder-spielen-theater.de\\\/wp-content\\\/uploads\\\/2021\\\/06\\\/60b-Wie-die-Milchstrasse..-o.k.-page-001.jpg\",\"width\":1240,\"height\":1754},{\"@type\":\"BreadcrumbList\",\"@id\":\"https:\\\/\\\/kinder-spielen-theater.de\\\/produkt\\\/wie-die-milchstrasse-an-den-himmel-gekommen-ist\\\/#breadcrumb\",\"itemListElement\":[{\"@type\":\"ListItem\",\"position\":1,\"name\":\"Startseite\",\"item\":\"https:\\\/\\\/kinder-spielen-theater.de\\\/\"},{\"@type\":\"ListItem\",\"position\":2,\"name\":\"Shop: Theaterst\u00fccke zum Download\",\"item\":\"https:\\\/\\\/kinder-spielen-theater.de\\\/shop\\\/\"},{\"@type\":\"ListItem\",\"position\":3,\"name\":\"Wie die Milchstra\u00dfe an den Himmel gekommen ist\"}]},{\"@type\":\"WebSite\",\"@id\":\"https:\\\/\\\/kinder-spielen-theater.de\\\/#website\",\"url\":\"https:\\\/\\\/kinder-spielen-theater.de\\\/\",\"name\":\"Kinder spielen Theater\",\"description\":\"Theaterst\u00fccke f\u00fcr die Grundschule, Haupt- und Realschule, Gesamtschule und Gymnasium, Theaterst\u00fccke f\u00fcr Kinder\",\"potentialAction\":[{\"@type\":\"SearchAction\",\"target\":{\"@type\":\"EntryPoint\",\"urlTemplate\":\"https:\\\/\\\/kinder-spielen-theater.de\\\/?s={search_term_string}\"},\"query-input\":{\"@type\":\"PropertyValueSpecification\",\"valueRequired\":true,\"valueName\":\"search_term_string\"}}],\"inLanguage\":\"da-DK\"}]}<\/script>\n<!-- \/ Yoast SEO plugin. -->","yoast_head_json":{"title":"Wie die Milchstra\u00dfe an den Himmel gekommen ist - Kinder spielen Theater","description":"Das Theaterst\u00fcck \u201eWie die Milchstra\u00dfe an den Himmel gekommen ist\u201c ist eine kindgem\u00e4\u00dfe Version einer Ursprungsmythe nordamerikanischer Indianer, welche die Erschaffung eines bestimmten Teils der Welt darstellt.In ihr wird erz\u00e4hlt, wie die Milchstra\u00dfe entstanden ist. Danach besteht sie in Wirklichkeit aus Schneeflocken, die ein B\u00e4r aus seinem Pelz gesch\u00fcttelt hat, als er am Rand der Welt auf den Himmel gesprungen ist. Dieser B\u00e4r war, weil er versucht hatte, einem anderen B\u00e4ren mit Gewalt etwas wegzunehmen, nach dem Gesetz des Indianerlandes aus dem Indianerland verbannt worden. Auf der Suche nach einer neuen Heimat ger\u00e4t er an den Rand der Welt, wo er auf den Himmel springt, um dort weiter zu suchen. Der Anblick der Milchstra\u00dfe erinnert die Indianer also daran, dass Diebstahl, insbesondere mit Anwendung von Gewalt, gegen das Gesetz des Indianerlandes verst\u00f6\u00dft.","robots":{"index":"index","follow":"follow","max-snippet":"max-snippet:-1","max-image-preview":"max-image-preview:large","max-video-preview":"max-video-preview:-1"},"canonical":"https:\/\/kinder-spielen-theater.de\/da\/vare\/wie-die-milchstrasse-an-den-himmel-gekommen-ist\/","og_locale":"da_DK","og_type":"article","og_title":"Wie die Milchstra\u00dfe an den Himmel gekommen ist - Kinder spielen Theater","og_description":"Das Theaterst\u00fcck \u201eWie die Milchstra\u00dfe an den Himmel gekommen ist\u201c ist eine kindgem\u00e4\u00dfe Version einer Ursprungsmythe nordamerikanischer Indianer, welche die Erschaffung eines bestimmten Teils der Welt darstellt.In ihr wird erz\u00e4hlt, wie die Milchstra\u00dfe entstanden ist. Danach besteht sie in Wirklichkeit aus Schneeflocken, die ein B\u00e4r aus seinem Pelz gesch\u00fcttelt hat, als er am Rand der Welt auf den Himmel gesprungen ist. Dieser B\u00e4r war, weil er versucht hatte, einem anderen B\u00e4ren mit Gewalt etwas wegzunehmen, nach dem Gesetz des Indianerlandes aus dem Indianerland verbannt worden. Auf der Suche nach einer neuen Heimat ger\u00e4t er an den Rand der Welt, wo er auf den Himmel springt, um dort weiter zu suchen. Der Anblick der Milchstra\u00dfe erinnert die Indianer also daran, dass Diebstahl, insbesondere mit Anwendung von Gewalt, gegen das Gesetz des Indianerlandes verst\u00f6\u00dft.","og_url":"https:\/\/kinder-spielen-theater.de\/da\/vare\/wie-die-milchstrasse-an-den-himmel-gekommen-ist\/","og_site_name":"Kinder spielen Theater","article_modified_time":"2022-09-27T06:31:58+00:00","og_image":[{"width":1240,"height":1754,"url":"https:\/\/kinder-spielen-theater.de\/wp-content\/uploads\/2021\/06\/60b-Wie-die-Milchstrasse..-o.k.-page-001.jpg","type":"image\/jpeg"}],"twitter_card":"summary_large_image","twitter_misc":{"Estimeret l\u00e6setid":"2 minutter"},"schema":{"@context":"https:\/\/schema.org","@graph":[{"@type":"WebPage","@id":"https:\/\/kinder-spielen-theater.de\/produkt\/wie-die-milchstrasse-an-den-himmel-gekommen-ist\/","url":"https:\/\/kinder-spielen-theater.de\/produkt\/wie-die-milchstrasse-an-den-himmel-gekommen-ist\/","name":"Wie die Milchstra\u00dfe an den Himmel gekommen ist - Kinder spielen Theater","isPartOf":{"@id":"https:\/\/kinder-spielen-theater.de\/#website"},"primaryImageOfPage":{"@id":"https:\/\/kinder-spielen-theater.de\/produkt\/wie-die-milchstrasse-an-den-himmel-gekommen-ist\/#primaryimage"},"image":{"@id":"https:\/\/kinder-spielen-theater.de\/produkt\/wie-die-milchstrasse-an-den-himmel-gekommen-ist\/#primaryimage"},"thumbnailUrl":"https:\/\/kinder-spielen-theater.de\/wp-content\/uploads\/2021\/06\/60b-Wie-die-Milchstrasse..-o.k.-page-001.jpg","datePublished":"2021-06-02T15:16:33+00:00","dateModified":"2022-09-27T06:31:58+00:00","description":"Das Theaterst\u00fcck \u201eWie die Milchstra\u00dfe an den Himmel gekommen ist\u201c ist eine kindgem\u00e4\u00dfe Version einer Ursprungsmythe nordamerikanischer Indianer, welche die Erschaffung eines bestimmten Teils der Welt darstellt.In ihr wird erz\u00e4hlt, wie die Milchstra\u00dfe entstanden ist. Danach besteht sie in Wirklichkeit aus Schneeflocken, die ein B\u00e4r aus seinem Pelz gesch\u00fcttelt hat, als er am Rand der Welt auf den Himmel gesprungen ist. Dieser B\u00e4r war, weil er versucht hatte, einem anderen B\u00e4ren mit Gewalt etwas wegzunehmen, nach dem Gesetz des Indianerlandes aus dem Indianerland verbannt worden. Auf der Suche nach einer neuen Heimat ger\u00e4t er an den Rand der Welt, wo er auf den Himmel springt, um dort weiter zu suchen. Der Anblick der Milchstra\u00dfe erinnert die Indianer also daran, dass Diebstahl, insbesondere mit Anwendung von Gewalt, gegen das Gesetz des Indianerlandes verst\u00f6\u00dft.","breadcrumb":{"@id":"https:\/\/kinder-spielen-theater.de\/produkt\/wie-die-milchstrasse-an-den-himmel-gekommen-ist\/#breadcrumb"},"inLanguage":"da-DK","potentialAction":[{"@type":"ReadAction","target":["https:\/\/kinder-spielen-theater.de\/produkt\/wie-die-milchstrasse-an-den-himmel-gekommen-ist\/"]}]},{"@type":"ImageObject","inLanguage":"da-DK","@id":"https:\/\/kinder-spielen-theater.de\/produkt\/wie-die-milchstrasse-an-den-himmel-gekommen-ist\/#primaryimage","url":"https:\/\/kinder-spielen-theater.de\/wp-content\/uploads\/2021\/06\/60b-Wie-die-Milchstrasse..-o.k.-page-001.jpg","contentUrl":"https:\/\/kinder-spielen-theater.de\/wp-content\/uploads\/2021\/06\/60b-Wie-die-Milchstrasse..-o.k.-page-001.jpg","width":1240,"height":1754},{"@type":"BreadcrumbList","@id":"https:\/\/kinder-spielen-theater.de\/produkt\/wie-die-milchstrasse-an-den-himmel-gekommen-ist\/#breadcrumb","itemListElement":[{"@type":"ListItem","position":1,"name":"Startseite","item":"https:\/\/kinder-spielen-theater.de\/"},{"@type":"ListItem","position":2,"name":"Shop: Theaterst\u00fccke zum Download","item":"https:\/\/kinder-spielen-theater.de\/shop\/"},{"@type":"ListItem","position":3,"name":"Wie die Milchstra\u00dfe an den Himmel gekommen ist"}]},{"@type":"WebSite","@id":"https:\/\/kinder-spielen-theater.de\/#website","url":"https:\/\/kinder-spielen-theater.de\/","name":"B\u00f8rn leger teater","description":"Skuespil til folkeskolen, Hauptschule og Realschule, Gesamtschule og Gymnasium, skuespil for b\u00f8rn","potentialAction":[{"@type":"SearchAction","target":{"@type":"EntryPoint","urlTemplate":"https:\/\/kinder-spielen-theater.de\/?s={search_term_string}"},"query-input":{"@type":"PropertyValueSpecification","valueRequired":true,"valueName":"search_term_string"}}],"inLanguage":"da-DK"}]}},"_links":{"self":[{"href":"https:\/\/kinder-spielen-theater.de\/da\/wp-json\/wp\/v2\/product\/396","targetHints":{"allow":["GET"]}}],"collection":[{"href":"https:\/\/kinder-spielen-theater.de\/da\/wp-json\/wp\/v2\/product"}],"about":[{"href":"https:\/\/kinder-spielen-theater.de\/da\/wp-json\/wp\/v2\/types\/product"}],"replies":[{"embeddable":true,"href":"https:\/\/kinder-spielen-theater.de\/da\/wp-json\/wp\/v2\/comments?post=396"}],"wp:featuredmedia":[{"embeddable":true,"href":"https:\/\/kinder-spielen-theater.de\/da\/wp-json\/wp\/v2\/media\/679"}],"wp:attachment":[{"href":"https:\/\/kinder-spielen-theater.de\/da\/wp-json\/wp\/v2\/media?parent=396"}],"wp:term":[{"taxonomy":"product_brand","embeddable":true,"href":"https:\/\/kinder-spielen-theater.de\/da\/wp-json\/wp\/v2\/product_brand?post=396"},{"taxonomy":"product_cat","embeddable":true,"href":"https:\/\/kinder-spielen-theater.de\/da\/wp-json\/wp\/v2\/product_cat?post=396"},{"taxonomy":"product_tag","embeddable":true,"href":"https:\/\/kinder-spielen-theater.de\/da\/wp-json\/wp\/v2\/product_tag?post=396"}],"curies":[{"name":"wp","href":"https:\/\/api.w.org\/{rel}","templated":true}]}}