{"id":385,"date":"2021-06-02T15:06:20","date_gmt":"2021-06-02T15:06:20","guid":{"rendered":"https:\/\/kinder-spielen-theater.de\/?post_type=product&#038;p=385"},"modified":"2022-09-27T06:33:13","modified_gmt":"2022-09-27T06:33:13","slug":"ulf-der-wikinger-auf-grosser-fahrt","status":"publish","type":"product","link":"https:\/\/kinder-spielen-theater.de\/da\/vare\/ulf-der-wikinger-auf-grosser-fahrt\/","title":{"rendered":"Ulf, der Wikinger, auf gro\u00dfer Fahrt"},"content":{"rendered":"<p><span style=\"font-size: 18pt;\"><strong>Inhalt<\/strong> <\/span><br \/>\nNachdem wir zun\u00e4chst Gast auf einer gro\u00dfen Tauffeier waren, begleiten wir Ulf, den jungen Wikinger, und seinen Vater Eric auf einer langen und gef\u00e4hrlichen Seereise. Von Haithabu &#8211; einer gro\u00dfen Siedlung der Wikinger im heutigen Schleswig-Holstein &#8211; f\u00fchrt die Reise ins Reich der Mauren, wobei nicht nur die Elemente, sondern auch feindliche Seer\u00e4uber unserer Mannschaft zusetzen. Die Verhandlungen mit dem Sultan verlaufen erfolgreich, und beladen mit pr\u00e4chtigen Stoffen, Duftw\u00e4ssern und Silber k\u00f6nnen Erik, Ulf und ihre M\u00e4nner die Heimreise antreten. In realistischen und trotzdem spannenden Szenen entsteht ein Wikinger-Bild, das nur wenig mit popul\u00e4ren Vorstellungen in B\u00fcchern, Comics und Filmen gemein hat.<\/p>\n<p><strong><span style=\"font-size: 18pt;\">Rollenzahl und Spieldauer<\/span><\/strong><br \/>\nIn diesem St\u00fcck sind 35 Rollen zu besetzen.<br \/>\nDiese Zahl kann vermindert werden, indem mehrere der vorkommenden ganz kleinen Rollen zu wenigen etwas gr\u00f6\u00dferen zusammengefasst werden.<br \/>\nDie Auff\u00fchrungszeit betr\u00e4gt ca. 30 Minuten.<\/p>\n<p><span style=\"font-size: 18pt;\"><strong>Textumfang<\/strong><\/span><br \/>\nRollentext 12 Seiten, insgesamt 39 Seiten<\/p>\n<p><a href=\"https:\/\/kinder-spielen-theater.de\/wp-content\/uploads\/2021\/06\/56-Ulf-der-Wikinger-Leseprobe-Adobe.pdf\"><span style=\"font-size: 18pt;\">Leseprobe<\/span><\/a><\/p>","protected":false},"excerpt":{"rendered":"<p>Inhalt Nachdem wir zun\u00e4chst Gast auf einer gro\u00dfen Tauffeier waren, begleiten wir Ulf, den jungen Wikinger, und seinen Vater Eric auf einer langen und gef\u00e4hrlichen Seereise. Von Haithabu &#8211; einer gro\u00dfen Siedlung der Wikinger im heutigen Schleswig-Holstein &#8211; f\u00fchrt die Reise ins Reich der Mauren, wobei nicht nur die Elemente, sondern auch feindliche Seer\u00e4uber unserer [&hellip;]<\/p>\n","protected":false},"featured_media":680,"comment_status":"open","ping_status":"closed","template":"","meta":[],"product_brand":[],"product_cat":[40,42],"product_tag":[],"class_list":{"0":"post-385","1":"product","2":"type-product","3":"status-publish","4":"has-post-thumbnail","6":"product_cat-deutsches-kulturelles-erbe","7":"product_cat-kulturelles-erbe","9":"first","10":"instock","11":"sale","12":"downloadable","13":"virtual","14":"purchasable","15":"product-type-simple"},"yoast_head":"<!-- This site is optimized with the Yoast SEO plugin v27.4 - https:\/\/yoast.com\/product\/yoast-seo-wordpress\/ -->\n<title>Ulf, der Wikinger, auf gro\u00dfer Fahrt - Kinder spielen Theater<\/title>\n<meta name=\"description\" content=\"Nachdem wir zun\u00e4chst Gast auf einer gro\u00dfen Tauffeier waren, begleiten wir Ulf, den jungen Wikinger, und seinen Vater Eric auf einer langen und gef\u00e4hrlichen Seereise. Von Haithabu - einer gro\u00dfen Siedlung der Wikinger im heutigen Schleswig-Holstein - f\u00fchrt die Reise ins Reich der Mauren, wobei nicht nur die Elemente, sondern auch feindliche Seer\u00e4uber unserer Mannschaft zusetzen. Die Verhandlungen mit dem Sultan verlaufen erfolgreich, und beladen mit pr\u00e4chtigen Stoffen, Duftw\u00e4ssern und Silber k\u00f6nnen Erik, Ulf und ihre M\u00e4nner die Heimreise antreten. In realistischen und trotzdem spannenden Szenen entsteht ein Wikinger-Bild, das nur wenig mit popul\u00e4ren Vorstellungen in B\u00fcchern, Comics und Filmen gemein hat.\" \/>\n<meta name=\"robots\" content=\"index, follow, max-snippet:-1, max-image-preview:large, max-video-preview:-1\" \/>\n<link rel=\"canonical\" href=\"https:\/\/kinder-spielen-theater.de\/da\/vare\/ulf-der-wikinger-auf-grosser-fahrt\/\" \/>\n<meta property=\"og:locale\" content=\"da_DK\" \/>\n<meta property=\"og:type\" content=\"article\" \/>\n<meta property=\"og:title\" content=\"Ulf, der Wikinger, auf gro\u00dfer Fahrt - Kinder spielen Theater\" \/>\n<meta property=\"og:description\" content=\"Nachdem wir zun\u00e4chst Gast auf einer gro\u00dfen Tauffeier waren, begleiten wir Ulf, den jungen Wikinger, und seinen Vater Eric auf einer langen und gef\u00e4hrlichen Seereise. Von Haithabu - einer gro\u00dfen Siedlung der Wikinger im heutigen Schleswig-Holstein - f\u00fchrt die Reise ins Reich der Mauren, wobei nicht nur die Elemente, sondern auch feindliche Seer\u00e4uber unserer Mannschaft zusetzen. Die Verhandlungen mit dem Sultan verlaufen erfolgreich, und beladen mit pr\u00e4chtigen Stoffen, Duftw\u00e4ssern und Silber k\u00f6nnen Erik, Ulf und ihre M\u00e4nner die Heimreise antreten. In realistischen und trotzdem spannenden Szenen entsteht ein Wikinger-Bild, das nur wenig mit popul\u00e4ren Vorstellungen in B\u00fcchern, Comics und Filmen gemein hat.\" \/>\n<meta property=\"og:url\" content=\"https:\/\/kinder-spielen-theater.de\/da\/vare\/ulf-der-wikinger-auf-grosser-fahrt\/\" \/>\n<meta property=\"og:site_name\" content=\"Kinder spielen Theater\" \/>\n<meta property=\"article:modified_time\" content=\"2022-09-27T06:33:13+00:00\" \/>\n<meta property=\"og:image\" content=\"https:\/\/kinder-spielen-theater.de\/wp-content\/uploads\/2021\/06\/56-Ulf-der-Wikinger...-o.k.-page-001.jpg\" \/>\n\t<meta property=\"og:image:width\" content=\"1240\" \/>\n\t<meta property=\"og:image:height\" content=\"1754\" \/>\n\t<meta property=\"og:image:type\" content=\"image\/jpeg\" \/>\n<meta name=\"twitter:card\" content=\"summary_large_image\" \/>\n<meta name=\"twitter:label1\" content=\"Estimeret l\u00e6setid\" \/>\n\t<meta name=\"twitter:data1\" content=\"1 minut\" \/>\n<script type=\"application\/ld+json\" class=\"yoast-schema-graph\">{\"@context\":\"https:\\\/\\\/schema.org\",\"@graph\":[{\"@type\":\"WebPage\",\"@id\":\"https:\\\/\\\/kinder-spielen-theater.de\\\/produkt\\\/ulf-der-wikinger-auf-grosser-fahrt\\\/\",\"url\":\"https:\\\/\\\/kinder-spielen-theater.de\\\/produkt\\\/ulf-der-wikinger-auf-grosser-fahrt\\\/\",\"name\":\"Ulf, der Wikinger, auf gro\u00dfer Fahrt - Kinder spielen Theater\",\"isPartOf\":{\"@id\":\"https:\\\/\\\/kinder-spielen-theater.de\\\/#website\"},\"primaryImageOfPage\":{\"@id\":\"https:\\\/\\\/kinder-spielen-theater.de\\\/produkt\\\/ulf-der-wikinger-auf-grosser-fahrt\\\/#primaryimage\"},\"image\":{\"@id\":\"https:\\\/\\\/kinder-spielen-theater.de\\\/produkt\\\/ulf-der-wikinger-auf-grosser-fahrt\\\/#primaryimage\"},\"thumbnailUrl\":\"https:\\\/\\\/kinder-spielen-theater.de\\\/wp-content\\\/uploads\\\/2021\\\/06\\\/56-Ulf-der-Wikinger...-o.k.-page-001.jpg\",\"datePublished\":\"2021-06-02T15:06:20+00:00\",\"dateModified\":\"2022-09-27T06:33:13+00:00\",\"description\":\"Nachdem wir zun\u00e4chst Gast auf einer gro\u00dfen Tauffeier waren, begleiten wir Ulf, den jungen Wikinger, und seinen Vater Eric auf einer langen und gef\u00e4hrlichen Seereise. Von Haithabu - einer gro\u00dfen Siedlung der Wikinger im heutigen Schleswig-Holstein - f\u00fchrt die Reise ins Reich der Mauren, wobei nicht nur die Elemente, sondern auch feindliche Seer\u00e4uber unserer Mannschaft zusetzen. Die Verhandlungen mit dem Sultan verlaufen erfolgreich, und beladen mit pr\u00e4chtigen Stoffen, Duftw\u00e4ssern und Silber k\u00f6nnen Erik, Ulf und ihre M\u00e4nner die Heimreise antreten. In realistischen und trotzdem spannenden Szenen entsteht ein Wikinger-Bild, das nur wenig mit popul\u00e4ren Vorstellungen in B\u00fcchern, Comics und Filmen gemein hat.\",\"breadcrumb\":{\"@id\":\"https:\\\/\\\/kinder-spielen-theater.de\\\/produkt\\\/ulf-der-wikinger-auf-grosser-fahrt\\\/#breadcrumb\"},\"inLanguage\":\"da-DK\",\"potentialAction\":[{\"@type\":\"ReadAction\",\"target\":[\"https:\\\/\\\/kinder-spielen-theater.de\\\/produkt\\\/ulf-der-wikinger-auf-grosser-fahrt\\\/\"]}]},{\"@type\":\"ImageObject\",\"inLanguage\":\"da-DK\",\"@id\":\"https:\\\/\\\/kinder-spielen-theater.de\\\/produkt\\\/ulf-der-wikinger-auf-grosser-fahrt\\\/#primaryimage\",\"url\":\"https:\\\/\\\/kinder-spielen-theater.de\\\/wp-content\\\/uploads\\\/2021\\\/06\\\/56-Ulf-der-Wikinger...-o.k.-page-001.jpg\",\"contentUrl\":\"https:\\\/\\\/kinder-spielen-theater.de\\\/wp-content\\\/uploads\\\/2021\\\/06\\\/56-Ulf-der-Wikinger...-o.k.-page-001.jpg\",\"width\":1240,\"height\":1754},{\"@type\":\"BreadcrumbList\",\"@id\":\"https:\\\/\\\/kinder-spielen-theater.de\\\/produkt\\\/ulf-der-wikinger-auf-grosser-fahrt\\\/#breadcrumb\",\"itemListElement\":[{\"@type\":\"ListItem\",\"position\":1,\"name\":\"Startseite\",\"item\":\"https:\\\/\\\/kinder-spielen-theater.de\\\/\"},{\"@type\":\"ListItem\",\"position\":2,\"name\":\"Shop: Theaterst\u00fccke zum Download\",\"item\":\"https:\\\/\\\/kinder-spielen-theater.de\\\/shop\\\/\"},{\"@type\":\"ListItem\",\"position\":3,\"name\":\"Ulf, der Wikinger, auf gro\u00dfer Fahrt\"}]},{\"@type\":\"WebSite\",\"@id\":\"https:\\\/\\\/kinder-spielen-theater.de\\\/#website\",\"url\":\"https:\\\/\\\/kinder-spielen-theater.de\\\/\",\"name\":\"Kinder spielen Theater\",\"description\":\"Theaterst\u00fccke f\u00fcr die Grundschule, Haupt- und Realschule, Gesamtschule und Gymnasium, Theaterst\u00fccke f\u00fcr Kinder\",\"potentialAction\":[{\"@type\":\"SearchAction\",\"target\":{\"@type\":\"EntryPoint\",\"urlTemplate\":\"https:\\\/\\\/kinder-spielen-theater.de\\\/?s={search_term_string}\"},\"query-input\":{\"@type\":\"PropertyValueSpecification\",\"valueRequired\":true,\"valueName\":\"search_term_string\"}}],\"inLanguage\":\"da-DK\"}]}<\/script>\n<!-- \/ Yoast SEO plugin. -->","yoast_head_json":{"title":"Ulf, der Wikinger, auf gro\u00dfer Fahrt - Kinder spielen Theater","description":"Nachdem wir zun\u00e4chst Gast auf einer gro\u00dfen Tauffeier waren, begleiten wir Ulf, den jungen Wikinger, und seinen Vater Eric auf einer langen und gef\u00e4hrlichen Seereise. Von Haithabu - einer gro\u00dfen Siedlung der Wikinger im heutigen Schleswig-Holstein - f\u00fchrt die Reise ins Reich der Mauren, wobei nicht nur die Elemente, sondern auch feindliche Seer\u00e4uber unserer Mannschaft zusetzen. Die Verhandlungen mit dem Sultan verlaufen erfolgreich, und beladen mit pr\u00e4chtigen Stoffen, Duftw\u00e4ssern und Silber k\u00f6nnen Erik, Ulf und ihre M\u00e4nner die Heimreise antreten. In realistischen und trotzdem spannenden Szenen entsteht ein Wikinger-Bild, das nur wenig mit popul\u00e4ren Vorstellungen in B\u00fcchern, Comics und Filmen gemein hat.","robots":{"index":"index","follow":"follow","max-snippet":"max-snippet:-1","max-image-preview":"max-image-preview:large","max-video-preview":"max-video-preview:-1"},"canonical":"https:\/\/kinder-spielen-theater.de\/da\/vare\/ulf-der-wikinger-auf-grosser-fahrt\/","og_locale":"da_DK","og_type":"article","og_title":"Ulf, der Wikinger, auf gro\u00dfer Fahrt - Kinder spielen Theater","og_description":"Nachdem wir zun\u00e4chst Gast auf einer gro\u00dfen Tauffeier waren, begleiten wir Ulf, den jungen Wikinger, und seinen Vater Eric auf einer langen und gef\u00e4hrlichen Seereise. Von Haithabu - einer gro\u00dfen Siedlung der Wikinger im heutigen Schleswig-Holstein - f\u00fchrt die Reise ins Reich der Mauren, wobei nicht nur die Elemente, sondern auch feindliche Seer\u00e4uber unserer Mannschaft zusetzen. Die Verhandlungen mit dem Sultan verlaufen erfolgreich, und beladen mit pr\u00e4chtigen Stoffen, Duftw\u00e4ssern und Silber k\u00f6nnen Erik, Ulf und ihre M\u00e4nner die Heimreise antreten. In realistischen und trotzdem spannenden Szenen entsteht ein Wikinger-Bild, das nur wenig mit popul\u00e4ren Vorstellungen in B\u00fcchern, Comics und Filmen gemein hat.","og_url":"https:\/\/kinder-spielen-theater.de\/da\/vare\/ulf-der-wikinger-auf-grosser-fahrt\/","og_site_name":"Kinder spielen Theater","article_modified_time":"2022-09-27T06:33:13+00:00","og_image":[{"width":1240,"height":1754,"url":"https:\/\/kinder-spielen-theater.de\/wp-content\/uploads\/2021\/06\/56-Ulf-der-Wikinger...-o.k.-page-001.jpg","type":"image\/jpeg"}],"twitter_card":"summary_large_image","twitter_misc":{"Estimeret l\u00e6setid":"1 minut"},"schema":{"@context":"https:\/\/schema.org","@graph":[{"@type":"WebPage","@id":"https:\/\/kinder-spielen-theater.de\/produkt\/ulf-der-wikinger-auf-grosser-fahrt\/","url":"https:\/\/kinder-spielen-theater.de\/produkt\/ulf-der-wikinger-auf-grosser-fahrt\/","name":"Ulf, der Wikinger, auf gro\u00dfer Fahrt - Kinder spielen Theater","isPartOf":{"@id":"https:\/\/kinder-spielen-theater.de\/#website"},"primaryImageOfPage":{"@id":"https:\/\/kinder-spielen-theater.de\/produkt\/ulf-der-wikinger-auf-grosser-fahrt\/#primaryimage"},"image":{"@id":"https:\/\/kinder-spielen-theater.de\/produkt\/ulf-der-wikinger-auf-grosser-fahrt\/#primaryimage"},"thumbnailUrl":"https:\/\/kinder-spielen-theater.de\/wp-content\/uploads\/2021\/06\/56-Ulf-der-Wikinger...-o.k.-page-001.jpg","datePublished":"2021-06-02T15:06:20+00:00","dateModified":"2022-09-27T06:33:13+00:00","description":"Nachdem wir zun\u00e4chst Gast auf einer gro\u00dfen Tauffeier waren, begleiten wir Ulf, den jungen Wikinger, und seinen Vater Eric auf einer langen und gef\u00e4hrlichen Seereise. Von Haithabu - einer gro\u00dfen Siedlung der Wikinger im heutigen Schleswig-Holstein - f\u00fchrt die Reise ins Reich der Mauren, wobei nicht nur die Elemente, sondern auch feindliche Seer\u00e4uber unserer Mannschaft zusetzen. Die Verhandlungen mit dem Sultan verlaufen erfolgreich, und beladen mit pr\u00e4chtigen Stoffen, Duftw\u00e4ssern und Silber k\u00f6nnen Erik, Ulf und ihre M\u00e4nner die Heimreise antreten. In realistischen und trotzdem spannenden Szenen entsteht ein Wikinger-Bild, das nur wenig mit popul\u00e4ren Vorstellungen in B\u00fcchern, Comics und Filmen gemein hat.","breadcrumb":{"@id":"https:\/\/kinder-spielen-theater.de\/produkt\/ulf-der-wikinger-auf-grosser-fahrt\/#breadcrumb"},"inLanguage":"da-DK","potentialAction":[{"@type":"ReadAction","target":["https:\/\/kinder-spielen-theater.de\/produkt\/ulf-der-wikinger-auf-grosser-fahrt\/"]}]},{"@type":"ImageObject","inLanguage":"da-DK","@id":"https:\/\/kinder-spielen-theater.de\/produkt\/ulf-der-wikinger-auf-grosser-fahrt\/#primaryimage","url":"https:\/\/kinder-spielen-theater.de\/wp-content\/uploads\/2021\/06\/56-Ulf-der-Wikinger...-o.k.-page-001.jpg","contentUrl":"https:\/\/kinder-spielen-theater.de\/wp-content\/uploads\/2021\/06\/56-Ulf-der-Wikinger...-o.k.-page-001.jpg","width":1240,"height":1754},{"@type":"BreadcrumbList","@id":"https:\/\/kinder-spielen-theater.de\/produkt\/ulf-der-wikinger-auf-grosser-fahrt\/#breadcrumb","itemListElement":[{"@type":"ListItem","position":1,"name":"Startseite","item":"https:\/\/kinder-spielen-theater.de\/"},{"@type":"ListItem","position":2,"name":"Shop: Theaterst\u00fccke zum Download","item":"https:\/\/kinder-spielen-theater.de\/shop\/"},{"@type":"ListItem","position":3,"name":"Ulf, der Wikinger, auf gro\u00dfer Fahrt"}]},{"@type":"WebSite","@id":"https:\/\/kinder-spielen-theater.de\/#website","url":"https:\/\/kinder-spielen-theater.de\/","name":"B\u00f8rn leger teater","description":"Skuespil til folkeskolen, Hauptschule og Realschule, Gesamtschule og Gymnasium, skuespil for b\u00f8rn","potentialAction":[{"@type":"SearchAction","target":{"@type":"EntryPoint","urlTemplate":"https:\/\/kinder-spielen-theater.de\/?s={search_term_string}"},"query-input":{"@type":"PropertyValueSpecification","valueRequired":true,"valueName":"search_term_string"}}],"inLanguage":"da-DK"}]}},"_links":{"self":[{"href":"https:\/\/kinder-spielen-theater.de\/da\/wp-json\/wp\/v2\/product\/385","targetHints":{"allow":["GET"]}}],"collection":[{"href":"https:\/\/kinder-spielen-theater.de\/da\/wp-json\/wp\/v2\/product"}],"about":[{"href":"https:\/\/kinder-spielen-theater.de\/da\/wp-json\/wp\/v2\/types\/product"}],"replies":[{"embeddable":true,"href":"https:\/\/kinder-spielen-theater.de\/da\/wp-json\/wp\/v2\/comments?post=385"}],"wp:featuredmedia":[{"embeddable":true,"href":"https:\/\/kinder-spielen-theater.de\/da\/wp-json\/wp\/v2\/media\/680"}],"wp:attachment":[{"href":"https:\/\/kinder-spielen-theater.de\/da\/wp-json\/wp\/v2\/media?parent=385"}],"wp:term":[{"taxonomy":"product_brand","embeddable":true,"href":"https:\/\/kinder-spielen-theater.de\/da\/wp-json\/wp\/v2\/product_brand?post=385"},{"taxonomy":"product_cat","embeddable":true,"href":"https:\/\/kinder-spielen-theater.de\/da\/wp-json\/wp\/v2\/product_cat?post=385"},{"taxonomy":"product_tag","embeddable":true,"href":"https:\/\/kinder-spielen-theater.de\/da\/wp-json\/wp\/v2\/product_tag?post=385"}],"curies":[{"name":"wp","href":"https:\/\/api.w.org\/{rel}","templated":true}]}}