{"id":370,"date":"2021-06-02T12:39:41","date_gmt":"2021-06-02T12:39:41","guid":{"rendered":"https:\/\/kinder-spielen-theater.de\/?post_type=product&#038;p=370"},"modified":"2022-09-27T06:34:16","modified_gmt":"2022-09-27T06:34:16","slug":"sindbad-der-seefahrer","status":"publish","type":"product","link":"https:\/\/kinder-spielen-theater.de\/da\/vare\/sindbad-der-seefahrer\/","title":{"rendered":"Sindbad der Seefahrer"},"content":{"rendered":"<p><span style=\"font-size: 18pt;\"><strong>Inhalt<\/strong> <\/span><br \/>\nDie Abenteuer des Sindbad geh\u00f6ren zu den Geschichten aus \u201eTausend und eine Nacht\u201c.<br \/>\nDieses Theaterst\u00fcck erz\u00e4hlt drei der phantastischen Abenteuer des ber\u00fchmten Seefahrers: Sindbad auf dem R\u00fccken des Riesenvogels Rock, als Sklave von Seer\u00e4ubern und auf einer gef\u00e4hrlichen Insel.<\/p>\n<p><span style=\"font-size: 18pt;\"><strong>Rollenzahl und Spieldauer<\/strong><\/span><br \/>\nWenn alle drei Abenteuer des Sindbad gespielt werden, sind 22 Rollen zu besetzen.<br \/>\nWenn nur ein oder zwei Abenteuer gespielt werden, verringert sich diese Zahl entsprechend.<br \/>\nDie Auff\u00fchrungszeit f\u00fcr ein Abenteuer betr\u00e4gt ca. 12 Minuten.<\/p>\n<p><span style=\"font-size: 18pt;\"><strong>Textumfang<\/strong><\/span><br \/>\nRollentext 15 Seiten, insgesamt 50 Seiten<\/p>\n<p><span style=\"font-size: 18pt;\"><a href=\"https:\/\/kinder-spielen-theater.de\/wp-content\/uploads\/2021\/06\/55-Sindbad-Lesepr.-Adobe.pdf\">Leseprobe<\/a><\/span><\/p>","protected":false},"excerpt":{"rendered":"<p>Inhalt Die Abenteuer des Sindbad geh\u00f6ren zu den Geschichten aus \u201eTausend und eine Nacht\u201c. Dieses Theaterst\u00fcck erz\u00e4hlt drei der phantastischen Abenteuer des ber\u00fchmten Seefahrers: Sindbad auf dem R\u00fccken des Riesenvogels Rock, als Sklave von Seer\u00e4ubern und auf einer gef\u00e4hrlichen Insel. Rollenzahl und Spieldauer Wenn alle drei Abenteuer des Sindbad gespielt werden, sind 22 Rollen zu [&hellip;]<\/p>\n","protected":false},"featured_media":681,"comment_status":"open","ping_status":"closed","template":"","meta":[],"product_brand":[],"product_cat":[46,42,36],"product_tag":[],"class_list":{"0":"post-370","1":"product","2":"type-product","3":"status-publish","4":"has-post-thumbnail","6":"product_cat-aussereuroaeisches-kulturelles-erbe","7":"product_cat-kulturelles-erbe","8":"product_cat-maerchen","10":"first","11":"instock","12":"sale","13":"downloadable","14":"virtual","15":"purchasable","16":"product-type-simple"},"yoast_head":"<!-- This site is optimized with the Yoast SEO plugin v27.4 - https:\/\/yoast.com\/product\/yoast-seo-wordpress\/ -->\n<title>Sindbad der Seefahrer - Kinder spielen Theater<\/title>\n<meta name=\"description\" content=\"Theaterst\u00fcck &quot;Sindbad der Seefahrer&quot;: Die Abenteuer des Sindbad geh\u00f6ren zu den Geschichten aus \u201eTausend und eine Nacht\u201c.Dieses Theaterst\u00fcck erz\u00e4hlt drei der phantastischen Abenteuer des ber\u00fchmten Seefahrers: Sindbad auf dem R\u00fccken des Riesenvogels Rock, als Sklave von Seer\u00e4ubern und auf einer gef\u00e4hrlichen Insel.\" \/>\n<meta name=\"robots\" content=\"index, follow, max-snippet:-1, max-image-preview:large, max-video-preview:-1\" \/>\n<link rel=\"canonical\" href=\"https:\/\/kinder-spielen-theater.de\/da\/vare\/sindbad-der-seefahrer\/\" \/>\n<meta property=\"og:locale\" content=\"da_DK\" \/>\n<meta property=\"og:type\" content=\"article\" \/>\n<meta property=\"og:title\" content=\"Sindbad der Seefahrer - Kinder spielen Theater\" \/>\n<meta property=\"og:description\" content=\"Theaterst\u00fcck &quot;Sindbad der Seefahrer&quot;: Die Abenteuer des Sindbad geh\u00f6ren zu den Geschichten aus \u201eTausend und eine Nacht\u201c.Dieses Theaterst\u00fcck erz\u00e4hlt drei der phantastischen Abenteuer des ber\u00fchmten Seefahrers: Sindbad auf dem R\u00fccken des Riesenvogels Rock, als Sklave von Seer\u00e4ubern und auf einer gef\u00e4hrlichen Insel.\" \/>\n<meta property=\"og:url\" content=\"https:\/\/kinder-spielen-theater.de\/da\/vare\/sindbad-der-seefahrer\/\" \/>\n<meta property=\"og:site_name\" content=\"Kinder spielen Theater\" \/>\n<meta property=\"article:modified_time\" content=\"2022-09-27T06:34:16+00:00\" \/>\n<meta property=\"og:image\" content=\"https:\/\/kinder-spielen-theater.de\/wp-content\/uploads\/2021\/06\/55-Sindbad-der-Seefahrer-o.k.-page-001.jpg\" \/>\n\t<meta property=\"og:image:width\" content=\"1240\" \/>\n\t<meta property=\"og:image:height\" content=\"1754\" \/>\n\t<meta property=\"og:image:type\" content=\"image\/jpeg\" \/>\n<meta name=\"twitter:card\" content=\"summary_large_image\" \/>\n<meta name=\"twitter:label1\" content=\"Estimeret l\u00e6setid\" \/>\n\t<meta name=\"twitter:data1\" content=\"1 minut\" \/>\n<script type=\"application\/ld+json\" class=\"yoast-schema-graph\">{\"@context\":\"https:\\\/\\\/schema.org\",\"@graph\":[{\"@type\":\"WebPage\",\"@id\":\"https:\\\/\\\/kinder-spielen-theater.de\\\/produkt\\\/sindbad-der-seefahrer\\\/\",\"url\":\"https:\\\/\\\/kinder-spielen-theater.de\\\/produkt\\\/sindbad-der-seefahrer\\\/\",\"name\":\"Sindbad der Seefahrer - Kinder spielen Theater\",\"isPartOf\":{\"@id\":\"https:\\\/\\\/kinder-spielen-theater.de\\\/#website\"},\"primaryImageOfPage\":{\"@id\":\"https:\\\/\\\/kinder-spielen-theater.de\\\/produkt\\\/sindbad-der-seefahrer\\\/#primaryimage\"},\"image\":{\"@id\":\"https:\\\/\\\/kinder-spielen-theater.de\\\/produkt\\\/sindbad-der-seefahrer\\\/#primaryimage\"},\"thumbnailUrl\":\"https:\\\/\\\/kinder-spielen-theater.de\\\/wp-content\\\/uploads\\\/2021\\\/06\\\/55-Sindbad-der-Seefahrer-o.k.-page-001.jpg\",\"datePublished\":\"2021-06-02T12:39:41+00:00\",\"dateModified\":\"2022-09-27T06:34:16+00:00\",\"description\":\"Theaterst\u00fcck \\\"Sindbad der Seefahrer\\\": Die Abenteuer des Sindbad geh\u00f6ren zu den Geschichten aus \u201eTausend und eine Nacht\u201c.Dieses Theaterst\u00fcck erz\u00e4hlt drei der phantastischen Abenteuer des ber\u00fchmten Seefahrers: Sindbad auf dem R\u00fccken des Riesenvogels Rock, als Sklave von Seer\u00e4ubern und auf einer gef\u00e4hrlichen Insel.\",\"breadcrumb\":{\"@id\":\"https:\\\/\\\/kinder-spielen-theater.de\\\/produkt\\\/sindbad-der-seefahrer\\\/#breadcrumb\"},\"inLanguage\":\"da-DK\",\"potentialAction\":[{\"@type\":\"ReadAction\",\"target\":[\"https:\\\/\\\/kinder-spielen-theater.de\\\/produkt\\\/sindbad-der-seefahrer\\\/\"]}]},{\"@type\":\"ImageObject\",\"inLanguage\":\"da-DK\",\"@id\":\"https:\\\/\\\/kinder-spielen-theater.de\\\/produkt\\\/sindbad-der-seefahrer\\\/#primaryimage\",\"url\":\"https:\\\/\\\/kinder-spielen-theater.de\\\/wp-content\\\/uploads\\\/2021\\\/06\\\/55-Sindbad-der-Seefahrer-o.k.-page-001.jpg\",\"contentUrl\":\"https:\\\/\\\/kinder-spielen-theater.de\\\/wp-content\\\/uploads\\\/2021\\\/06\\\/55-Sindbad-der-Seefahrer-o.k.-page-001.jpg\",\"width\":1240,\"height\":1754},{\"@type\":\"BreadcrumbList\",\"@id\":\"https:\\\/\\\/kinder-spielen-theater.de\\\/produkt\\\/sindbad-der-seefahrer\\\/#breadcrumb\",\"itemListElement\":[{\"@type\":\"ListItem\",\"position\":1,\"name\":\"Startseite\",\"item\":\"https:\\\/\\\/kinder-spielen-theater.de\\\/\"},{\"@type\":\"ListItem\",\"position\":2,\"name\":\"Shop: Theaterst\u00fccke zum Download\",\"item\":\"https:\\\/\\\/kinder-spielen-theater.de\\\/shop\\\/\"},{\"@type\":\"ListItem\",\"position\":3,\"name\":\"Sindbad der Seefahrer\"}]},{\"@type\":\"WebSite\",\"@id\":\"https:\\\/\\\/kinder-spielen-theater.de\\\/#website\",\"url\":\"https:\\\/\\\/kinder-spielen-theater.de\\\/\",\"name\":\"Kinder spielen Theater\",\"description\":\"Theaterst\u00fccke f\u00fcr die Grundschule, Haupt- und Realschule, Gesamtschule und Gymnasium, Theaterst\u00fccke f\u00fcr Kinder\",\"potentialAction\":[{\"@type\":\"SearchAction\",\"target\":{\"@type\":\"EntryPoint\",\"urlTemplate\":\"https:\\\/\\\/kinder-spielen-theater.de\\\/?s={search_term_string}\"},\"query-input\":{\"@type\":\"PropertyValueSpecification\",\"valueRequired\":true,\"valueName\":\"search_term_string\"}}],\"inLanguage\":\"da-DK\"}]}<\/script>\n<!-- \/ Yoast SEO plugin. -->","yoast_head_json":{"title":"Sindbad der Seefahrer - Kinder spielen Theater","description":"Theaterst\u00fcck \"Sindbad der Seefahrer\": Die Abenteuer des Sindbad geh\u00f6ren zu den Geschichten aus \u201eTausend und eine Nacht\u201c.Dieses Theaterst\u00fcck erz\u00e4hlt drei der phantastischen Abenteuer des ber\u00fchmten Seefahrers: Sindbad auf dem R\u00fccken des Riesenvogels Rock, als Sklave von Seer\u00e4ubern und auf einer gef\u00e4hrlichen Insel.","robots":{"index":"index","follow":"follow","max-snippet":"max-snippet:-1","max-image-preview":"max-image-preview:large","max-video-preview":"max-video-preview:-1"},"canonical":"https:\/\/kinder-spielen-theater.de\/da\/vare\/sindbad-der-seefahrer\/","og_locale":"da_DK","og_type":"article","og_title":"Sindbad der Seefahrer - Kinder spielen Theater","og_description":"Theaterst\u00fcck \"Sindbad der Seefahrer\": Die Abenteuer des Sindbad geh\u00f6ren zu den Geschichten aus \u201eTausend und eine Nacht\u201c.Dieses Theaterst\u00fcck erz\u00e4hlt drei der phantastischen Abenteuer des ber\u00fchmten Seefahrers: Sindbad auf dem R\u00fccken des Riesenvogels Rock, als Sklave von Seer\u00e4ubern und auf einer gef\u00e4hrlichen Insel.","og_url":"https:\/\/kinder-spielen-theater.de\/da\/vare\/sindbad-der-seefahrer\/","og_site_name":"Kinder spielen Theater","article_modified_time":"2022-09-27T06:34:16+00:00","og_image":[{"width":1240,"height":1754,"url":"https:\/\/kinder-spielen-theater.de\/wp-content\/uploads\/2021\/06\/55-Sindbad-der-Seefahrer-o.k.-page-001.jpg","type":"image\/jpeg"}],"twitter_card":"summary_large_image","twitter_misc":{"Estimeret l\u00e6setid":"1 minut"},"schema":{"@context":"https:\/\/schema.org","@graph":[{"@type":"WebPage","@id":"https:\/\/kinder-spielen-theater.de\/produkt\/sindbad-der-seefahrer\/","url":"https:\/\/kinder-spielen-theater.de\/produkt\/sindbad-der-seefahrer\/","name":"Sindbad der Seefahrer - Kinder spielen Theater","isPartOf":{"@id":"https:\/\/kinder-spielen-theater.de\/#website"},"primaryImageOfPage":{"@id":"https:\/\/kinder-spielen-theater.de\/produkt\/sindbad-der-seefahrer\/#primaryimage"},"image":{"@id":"https:\/\/kinder-spielen-theater.de\/produkt\/sindbad-der-seefahrer\/#primaryimage"},"thumbnailUrl":"https:\/\/kinder-spielen-theater.de\/wp-content\/uploads\/2021\/06\/55-Sindbad-der-Seefahrer-o.k.-page-001.jpg","datePublished":"2021-06-02T12:39:41+00:00","dateModified":"2022-09-27T06:34:16+00:00","description":"Theaterst\u00fcck \"Sindbad der Seefahrer\": Die Abenteuer des Sindbad geh\u00f6ren zu den Geschichten aus \u201eTausend und eine Nacht\u201c.Dieses Theaterst\u00fcck erz\u00e4hlt drei der phantastischen Abenteuer des ber\u00fchmten Seefahrers: Sindbad auf dem R\u00fccken des Riesenvogels Rock, als Sklave von Seer\u00e4ubern und auf einer gef\u00e4hrlichen Insel.","breadcrumb":{"@id":"https:\/\/kinder-spielen-theater.de\/produkt\/sindbad-der-seefahrer\/#breadcrumb"},"inLanguage":"da-DK","potentialAction":[{"@type":"ReadAction","target":["https:\/\/kinder-spielen-theater.de\/produkt\/sindbad-der-seefahrer\/"]}]},{"@type":"ImageObject","inLanguage":"da-DK","@id":"https:\/\/kinder-spielen-theater.de\/produkt\/sindbad-der-seefahrer\/#primaryimage","url":"https:\/\/kinder-spielen-theater.de\/wp-content\/uploads\/2021\/06\/55-Sindbad-der-Seefahrer-o.k.-page-001.jpg","contentUrl":"https:\/\/kinder-spielen-theater.de\/wp-content\/uploads\/2021\/06\/55-Sindbad-der-Seefahrer-o.k.-page-001.jpg","width":1240,"height":1754},{"@type":"BreadcrumbList","@id":"https:\/\/kinder-spielen-theater.de\/produkt\/sindbad-der-seefahrer\/#breadcrumb","itemListElement":[{"@type":"ListItem","position":1,"name":"Startseite","item":"https:\/\/kinder-spielen-theater.de\/"},{"@type":"ListItem","position":2,"name":"Shop: Theaterst\u00fccke zum Download","item":"https:\/\/kinder-spielen-theater.de\/shop\/"},{"@type":"ListItem","position":3,"name":"Sindbad der Seefahrer"}]},{"@type":"WebSite","@id":"https:\/\/kinder-spielen-theater.de\/#website","url":"https:\/\/kinder-spielen-theater.de\/","name":"B\u00f8rn leger teater","description":"Skuespil til folkeskolen, Hauptschule og Realschule, Gesamtschule og Gymnasium, skuespil for b\u00f8rn","potentialAction":[{"@type":"SearchAction","target":{"@type":"EntryPoint","urlTemplate":"https:\/\/kinder-spielen-theater.de\/?s={search_term_string}"},"query-input":{"@type":"PropertyValueSpecification","valueRequired":true,"valueName":"search_term_string"}}],"inLanguage":"da-DK"}]}},"_links":{"self":[{"href":"https:\/\/kinder-spielen-theater.de\/da\/wp-json\/wp\/v2\/product\/370","targetHints":{"allow":["GET"]}}],"collection":[{"href":"https:\/\/kinder-spielen-theater.de\/da\/wp-json\/wp\/v2\/product"}],"about":[{"href":"https:\/\/kinder-spielen-theater.de\/da\/wp-json\/wp\/v2\/types\/product"}],"replies":[{"embeddable":true,"href":"https:\/\/kinder-spielen-theater.de\/da\/wp-json\/wp\/v2\/comments?post=370"}],"wp:featuredmedia":[{"embeddable":true,"href":"https:\/\/kinder-spielen-theater.de\/da\/wp-json\/wp\/v2\/media\/681"}],"wp:attachment":[{"href":"https:\/\/kinder-spielen-theater.de\/da\/wp-json\/wp\/v2\/media?parent=370"}],"wp:term":[{"taxonomy":"product_brand","embeddable":true,"href":"https:\/\/kinder-spielen-theater.de\/da\/wp-json\/wp\/v2\/product_brand?post=370"},{"taxonomy":"product_cat","embeddable":true,"href":"https:\/\/kinder-spielen-theater.de\/da\/wp-json\/wp\/v2\/product_cat?post=370"},{"taxonomy":"product_tag","embeddable":true,"href":"https:\/\/kinder-spielen-theater.de\/da\/wp-json\/wp\/v2\/product_tag?post=370"}],"curies":[{"name":"wp","href":"https:\/\/api.w.org\/{rel}","templated":true}]}}