{"id":364,"date":"2021-06-02T12:33:36","date_gmt":"2021-06-02T12:33:36","guid":{"rendered":"https:\/\/kinder-spielen-theater.de\/?post_type=product&#038;p=364"},"modified":"2022-09-27T06:35:22","modified_gmt":"2022-09-27T06:35:22","slug":"schoepfungsgeschichten","status":"publish","type":"product","link":"https:\/\/kinder-spielen-theater.de\/da\/vare\/schoepfungsgeschichten\/","title":{"rendered":"Sch\u00f6pfungsgeschichten"},"content":{"rendered":"<p><span style=\"font-size: 18pt;\"><strong>Inhalt<\/strong><\/span><br \/>\nNeben der biblischen Sch\u00f6pfungsgeschichte werden auch die germanische (aus dem Edda-Epos) und die finnische Sch\u00f6pfungsgeschichte (aus dem Kalevala-Epos) erz\u00e4hlt.<br \/>\nNach der germanischen Sage beginnt die Sch\u00f6pfung mit der Entstehung des eiskalten Nebelreichs Nifelheim und des feurig hei\u00dfen Muspelheims. Sie vermischten sich und schufen den Riesen Ymir und die Kuh Audhumbla, aus denen dann alles andere hervorging. In der finnischen Sch\u00f6pfungsgeschichte entsteht die Welt durch Ilmatar, der Tochter der L\u00fcfte, die sich im Urmeer niederl\u00e4sst und einen Entenvogel auf ihrem Knie br\u00fcten l\u00e4sst. Als dessen Eier zerbrechen, lassen sie Erde, Himmel und die Gestirne entstehen. Ilmatars Sohn wird der erste Mensch, der Pflanzen und Tiere erschafft.<br \/>\nDie Kinder lesen jeweils einzelne Szenen aus diesen Geschichten vor und zeigen dabei auf die von ihnen selbst gemalten Bilder dieser Szenen. Danach tanzen sie nach zu diesen Geschichten passender Musik.<\/p>\n<p><span style=\"font-size: 18pt;\"><strong>Rollenzahl und Spieldauer<\/strong><\/span><br \/>\nIn der vorliegenden Fassung besteht das Theaterst\u00fcck aus drei Sch\u00f6pfungsgeschichten.<br \/>\nJede dieser Geschichten kann auch allein gespielt werden. Daf\u00fcr sind dann acht Rollen zu besetzen.<br \/>\nDurch Hinzunahme von zus\u00e4tzlichen Germanen usw. (jeweils Rollen ohne Sprechtext) kann die Rollenzahl erh\u00f6ht werden.<br \/>\nDie Auff\u00fchrungszeit f\u00fcr eine Geschichte betr\u00e4gt ca. 15 Minuten.<\/p>\n<p><span style=\"font-size: 18pt;\"><strong>Textumfang<\/strong><\/span><br \/>\nRollentext 14 Seiten, insgesamt 64 Seiten<\/p>\n<p><span style=\"font-size: 18pt;\"><strong>Musik<\/strong> <\/span><br \/>\nZus\u00e4tzlich zum Rollentext und den Lehrerhinweisen sind noch 3 Musik-Dateien im mp3-Format enthalten.<\/p>\n<p><span style=\"font-size: 18pt;\"><a href=\"https:\/\/kinder-spielen-theater.de\/wp-content\/uploads\/2021\/06\/54-Schoepfsgesch.-Leseprobe-Adobe.pdf\">Leseprobe<\/a><\/span><\/p>","protected":false},"excerpt":{"rendered":"<p>Inhalt Neben der biblischen Sch\u00f6pfungsgeschichte werden auch die germanische (aus dem Edda-Epos) und die finnische Sch\u00f6pfungsgeschichte (aus dem Kalevala-Epos) erz\u00e4hlt. Nach der germanischen Sage beginnt die Sch\u00f6pfung mit der Entstehung des eiskalten Nebelreichs Nifelheim und des feurig hei\u00dfen Muspelheims. Sie vermischten sich und schufen den Riesen Ymir und die Kuh Audhumbla, aus denen dann alles [&hellip;]<\/p>\n","protected":false},"featured_media":682,"comment_status":"open","ping_status":"closed","template":"","meta":[],"product_brand":[],"product_cat":[38,42,39],"product_tag":[],"class_list":{"0":"post-364","1":"product","2":"type-product","3":"status-publish","4":"has-post-thumbnail","6":"product_cat-anfaenge-der-kultur","7":"product_cat-kulturelles-erbe","8":"product_cat-religion","10":"first","11":"instock","12":"sale","13":"downloadable","14":"virtual","15":"purchasable","16":"product-type-simple"},"yoast_head":"<!-- This site is optimized with the Yoast SEO plugin v27.3 - https:\/\/yoast.com\/product\/yoast-seo-wordpress\/ -->\n<title>Sch\u00f6pfungsgeschichten - Kinder spielen Theater<\/title>\n<meta name=\"description\" content=\"Theaterst\u00fcck &quot;Sch\u00f6pfungsgeschichten&quot;: Neben der biblischen Sch\u00f6pfungsgeschichte werden auch die germanische (aus dem Edda-Epos) und die finnische Sch\u00f6pfungsgeschichte (aus dem Kalevala-Epos) erz\u00e4hlt.Nach der germanischen Sage beginnt die Sch\u00f6pfung mit der Entstehung des eiskalten Nebelreichs Nifelheim und des feurig hei\u00dfen Muspelheims. Sie vermischten sich und schufen den Riesen Ymir und die Kuh Audhumbla, aus denen dann alles andere hervorging. In der finnischen Sch\u00f6pfungsgeschichte entsteht die Welt durch Ilmatar, der Tochter der L\u00fcfte, die sich im Urmeer niederl\u00e4sst und einen Entenvogel auf ihrem Knie br\u00fcten l\u00e4sst. Als dessen Eier zerbrechen, lassen sie Erde, Himmel und die Gestirne entstehen. Ilmatars Sohn wird der erste Mensch, der Pflanzen und Tiere erschafft.Die Kinder lesen jeweils einzelne Szenen aus diesen Geschichten vor und zeigen dabei auf die von ihnen selbst gemalten Bilder dieser Szenen. Danach tanzen sie nach zu diesen Geschichten passender Musik.\" \/>\n<meta name=\"robots\" content=\"index, follow, max-snippet:-1, max-image-preview:large, max-video-preview:-1\" \/>\n<link rel=\"canonical\" href=\"https:\/\/kinder-spielen-theater.de\/da\/vare\/schoepfungsgeschichten\/\" \/>\n<meta property=\"og:locale\" content=\"da_DK\" \/>\n<meta property=\"og:type\" content=\"article\" \/>\n<meta property=\"og:title\" content=\"Sch\u00f6pfungsgeschichten - Kinder spielen Theater\" \/>\n<meta property=\"og:description\" content=\"Theaterst\u00fcck &quot;Sch\u00f6pfungsgeschichten&quot;: Neben der biblischen Sch\u00f6pfungsgeschichte werden auch die germanische (aus dem Edda-Epos) und die finnische Sch\u00f6pfungsgeschichte (aus dem Kalevala-Epos) erz\u00e4hlt.Nach der germanischen Sage beginnt die Sch\u00f6pfung mit der Entstehung des eiskalten Nebelreichs Nifelheim und des feurig hei\u00dfen Muspelheims. Sie vermischten sich und schufen den Riesen Ymir und die Kuh Audhumbla, aus denen dann alles andere hervorging. In der finnischen Sch\u00f6pfungsgeschichte entsteht die Welt durch Ilmatar, der Tochter der L\u00fcfte, die sich im Urmeer niederl\u00e4sst und einen Entenvogel auf ihrem Knie br\u00fcten l\u00e4sst. Als dessen Eier zerbrechen, lassen sie Erde, Himmel und die Gestirne entstehen. Ilmatars Sohn wird der erste Mensch, der Pflanzen und Tiere erschafft.Die Kinder lesen jeweils einzelne Szenen aus diesen Geschichten vor und zeigen dabei auf die von ihnen selbst gemalten Bilder dieser Szenen. Danach tanzen sie nach zu diesen Geschichten passender Musik.\" \/>\n<meta property=\"og:url\" content=\"https:\/\/kinder-spielen-theater.de\/da\/vare\/schoepfungsgeschichten\/\" \/>\n<meta property=\"og:site_name\" content=\"Kinder spielen Theater\" \/>\n<meta property=\"article:modified_time\" content=\"2022-09-27T06:35:22+00:00\" \/>\n<meta property=\"og:image\" content=\"https:\/\/kinder-spielen-theater.de\/wp-content\/uploads\/2021\/06\/54-Schoepfungsgeschichten-o.k.-page-001.jpg\" \/>\n\t<meta property=\"og:image:width\" content=\"1240\" \/>\n\t<meta property=\"og:image:height\" content=\"1754\" \/>\n\t<meta property=\"og:image:type\" content=\"image\/jpeg\" \/>\n<meta name=\"twitter:card\" content=\"summary_large_image\" \/>\n<meta name=\"twitter:label1\" content=\"Estimeret l\u00e6setid\" \/>\n\t<meta name=\"twitter:data1\" content=\"2 minutter\" \/>\n<script type=\"application\/ld+json\" class=\"yoast-schema-graph\">{\"@context\":\"https:\\\/\\\/schema.org\",\"@graph\":[{\"@type\":\"WebPage\",\"@id\":\"https:\\\/\\\/kinder-spielen-theater.de\\\/produkt\\\/schoepfungsgeschichten\\\/\",\"url\":\"https:\\\/\\\/kinder-spielen-theater.de\\\/produkt\\\/schoepfungsgeschichten\\\/\",\"name\":\"Sch\u00f6pfungsgeschichten - Kinder spielen Theater\",\"isPartOf\":{\"@id\":\"https:\\\/\\\/kinder-spielen-theater.de\\\/#website\"},\"primaryImageOfPage\":{\"@id\":\"https:\\\/\\\/kinder-spielen-theater.de\\\/produkt\\\/schoepfungsgeschichten\\\/#primaryimage\"},\"image\":{\"@id\":\"https:\\\/\\\/kinder-spielen-theater.de\\\/produkt\\\/schoepfungsgeschichten\\\/#primaryimage\"},\"thumbnailUrl\":\"https:\\\/\\\/kinder-spielen-theater.de\\\/wp-content\\\/uploads\\\/2021\\\/06\\\/54-Schoepfungsgeschichten-o.k.-page-001.jpg\",\"datePublished\":\"2021-06-02T12:33:36+00:00\",\"dateModified\":\"2022-09-27T06:35:22+00:00\",\"description\":\"Theaterst\u00fcck \\\"Sch\u00f6pfungsgeschichten\\\": Neben der biblischen Sch\u00f6pfungsgeschichte werden auch die germanische (aus dem Edda-Epos) und die finnische Sch\u00f6pfungsgeschichte (aus dem Kalevala-Epos) erz\u00e4hlt.Nach der germanischen Sage beginnt die Sch\u00f6pfung mit der Entstehung des eiskalten Nebelreichs Nifelheim und des feurig hei\u00dfen Muspelheims. Sie vermischten sich und schufen den Riesen Ymir und die Kuh Audhumbla, aus denen dann alles andere hervorging. In der finnischen Sch\u00f6pfungsgeschichte entsteht die Welt durch Ilmatar, der Tochter der L\u00fcfte, die sich im Urmeer niederl\u00e4sst und einen Entenvogel auf ihrem Knie br\u00fcten l\u00e4sst. Als dessen Eier zerbrechen, lassen sie Erde, Himmel und die Gestirne entstehen. Ilmatars Sohn wird der erste Mensch, der Pflanzen und Tiere erschafft.Die Kinder lesen jeweils einzelne Szenen aus diesen Geschichten vor und zeigen dabei auf die von ihnen selbst gemalten Bilder dieser Szenen. Danach tanzen sie nach zu diesen Geschichten passender Musik.\",\"breadcrumb\":{\"@id\":\"https:\\\/\\\/kinder-spielen-theater.de\\\/produkt\\\/schoepfungsgeschichten\\\/#breadcrumb\"},\"inLanguage\":\"da-DK\",\"potentialAction\":[{\"@type\":\"ReadAction\",\"target\":[\"https:\\\/\\\/kinder-spielen-theater.de\\\/produkt\\\/schoepfungsgeschichten\\\/\"]}]},{\"@type\":\"ImageObject\",\"inLanguage\":\"da-DK\",\"@id\":\"https:\\\/\\\/kinder-spielen-theater.de\\\/produkt\\\/schoepfungsgeschichten\\\/#primaryimage\",\"url\":\"https:\\\/\\\/kinder-spielen-theater.de\\\/wp-content\\\/uploads\\\/2021\\\/06\\\/54-Schoepfungsgeschichten-o.k.-page-001.jpg\",\"contentUrl\":\"https:\\\/\\\/kinder-spielen-theater.de\\\/wp-content\\\/uploads\\\/2021\\\/06\\\/54-Schoepfungsgeschichten-o.k.-page-001.jpg\",\"width\":1240,\"height\":1754},{\"@type\":\"BreadcrumbList\",\"@id\":\"https:\\\/\\\/kinder-spielen-theater.de\\\/produkt\\\/schoepfungsgeschichten\\\/#breadcrumb\",\"itemListElement\":[{\"@type\":\"ListItem\",\"position\":1,\"name\":\"Startseite\",\"item\":\"https:\\\/\\\/kinder-spielen-theater.de\\\/\"},{\"@type\":\"ListItem\",\"position\":2,\"name\":\"Shop: Theaterst\u00fccke zum Download\",\"item\":\"https:\\\/\\\/kinder-spielen-theater.de\\\/shop\\\/\"},{\"@type\":\"ListItem\",\"position\":3,\"name\":\"Sch\u00f6pfungsgeschichten\"}]},{\"@type\":\"WebSite\",\"@id\":\"https:\\\/\\\/kinder-spielen-theater.de\\\/#website\",\"url\":\"https:\\\/\\\/kinder-spielen-theater.de\\\/\",\"name\":\"Kinder spielen Theater\",\"description\":\"Theaterst\u00fccke f\u00fcr die Grundschule, Haupt- und Realschule, Gesamtschule und Gymnasium, Theaterst\u00fccke f\u00fcr Kinder\",\"potentialAction\":[{\"@type\":\"SearchAction\",\"target\":{\"@type\":\"EntryPoint\",\"urlTemplate\":\"https:\\\/\\\/kinder-spielen-theater.de\\\/?s={search_term_string}\"},\"query-input\":{\"@type\":\"PropertyValueSpecification\",\"valueRequired\":true,\"valueName\":\"search_term_string\"}}],\"inLanguage\":\"da-DK\"}]}<\/script>\n<!-- \/ Yoast SEO plugin. -->","yoast_head_json":{"title":"Sch\u00f6pfungsgeschichten - Kinder spielen Theater","description":"Theaterst\u00fcck \"Sch\u00f6pfungsgeschichten\": Neben der biblischen Sch\u00f6pfungsgeschichte werden auch die germanische (aus dem Edda-Epos) und die finnische Sch\u00f6pfungsgeschichte (aus dem Kalevala-Epos) erz\u00e4hlt.Nach der germanischen Sage beginnt die Sch\u00f6pfung mit der Entstehung des eiskalten Nebelreichs Nifelheim und des feurig hei\u00dfen Muspelheims. Sie vermischten sich und schufen den Riesen Ymir und die Kuh Audhumbla, aus denen dann alles andere hervorging. In der finnischen Sch\u00f6pfungsgeschichte entsteht die Welt durch Ilmatar, der Tochter der L\u00fcfte, die sich im Urmeer niederl\u00e4sst und einen Entenvogel auf ihrem Knie br\u00fcten l\u00e4sst. Als dessen Eier zerbrechen, lassen sie Erde, Himmel und die Gestirne entstehen. Ilmatars Sohn wird der erste Mensch, der Pflanzen und Tiere erschafft.Die Kinder lesen jeweils einzelne Szenen aus diesen Geschichten vor und zeigen dabei auf die von ihnen selbst gemalten Bilder dieser Szenen. Danach tanzen sie nach zu diesen Geschichten passender Musik.","robots":{"index":"index","follow":"follow","max-snippet":"max-snippet:-1","max-image-preview":"max-image-preview:large","max-video-preview":"max-video-preview:-1"},"canonical":"https:\/\/kinder-spielen-theater.de\/da\/vare\/schoepfungsgeschichten\/","og_locale":"da_DK","og_type":"article","og_title":"Sch\u00f6pfungsgeschichten - Kinder spielen Theater","og_description":"Theaterst\u00fcck \"Sch\u00f6pfungsgeschichten\": Neben der biblischen Sch\u00f6pfungsgeschichte werden auch die germanische (aus dem Edda-Epos) und die finnische Sch\u00f6pfungsgeschichte (aus dem Kalevala-Epos) erz\u00e4hlt.Nach der germanischen Sage beginnt die Sch\u00f6pfung mit der Entstehung des eiskalten Nebelreichs Nifelheim und des feurig hei\u00dfen Muspelheims. Sie vermischten sich und schufen den Riesen Ymir und die Kuh Audhumbla, aus denen dann alles andere hervorging. In der finnischen Sch\u00f6pfungsgeschichte entsteht die Welt durch Ilmatar, der Tochter der L\u00fcfte, die sich im Urmeer niederl\u00e4sst und einen Entenvogel auf ihrem Knie br\u00fcten l\u00e4sst. Als dessen Eier zerbrechen, lassen sie Erde, Himmel und die Gestirne entstehen. Ilmatars Sohn wird der erste Mensch, der Pflanzen und Tiere erschafft.Die Kinder lesen jeweils einzelne Szenen aus diesen Geschichten vor und zeigen dabei auf die von ihnen selbst gemalten Bilder dieser Szenen. Danach tanzen sie nach zu diesen Geschichten passender Musik.","og_url":"https:\/\/kinder-spielen-theater.de\/da\/vare\/schoepfungsgeschichten\/","og_site_name":"Kinder spielen Theater","article_modified_time":"2022-09-27T06:35:22+00:00","og_image":[{"width":1240,"height":1754,"url":"https:\/\/kinder-spielen-theater.de\/wp-content\/uploads\/2021\/06\/54-Schoepfungsgeschichten-o.k.-page-001.jpg","type":"image\/jpeg"}],"twitter_card":"summary_large_image","twitter_misc":{"Estimeret l\u00e6setid":"2 minutter"},"schema":{"@context":"https:\/\/schema.org","@graph":[{"@type":"WebPage","@id":"https:\/\/kinder-spielen-theater.de\/produkt\/schoepfungsgeschichten\/","url":"https:\/\/kinder-spielen-theater.de\/produkt\/schoepfungsgeschichten\/","name":"Sch\u00f6pfungsgeschichten - Kinder spielen Theater","isPartOf":{"@id":"https:\/\/kinder-spielen-theater.de\/#website"},"primaryImageOfPage":{"@id":"https:\/\/kinder-spielen-theater.de\/produkt\/schoepfungsgeschichten\/#primaryimage"},"image":{"@id":"https:\/\/kinder-spielen-theater.de\/produkt\/schoepfungsgeschichten\/#primaryimage"},"thumbnailUrl":"https:\/\/kinder-spielen-theater.de\/wp-content\/uploads\/2021\/06\/54-Schoepfungsgeschichten-o.k.-page-001.jpg","datePublished":"2021-06-02T12:33:36+00:00","dateModified":"2022-09-27T06:35:22+00:00","description":"Theaterst\u00fcck \"Sch\u00f6pfungsgeschichten\": Neben der biblischen Sch\u00f6pfungsgeschichte werden auch die germanische (aus dem Edda-Epos) und die finnische Sch\u00f6pfungsgeschichte (aus dem Kalevala-Epos) erz\u00e4hlt.Nach der germanischen Sage beginnt die Sch\u00f6pfung mit der Entstehung des eiskalten Nebelreichs Nifelheim und des feurig hei\u00dfen Muspelheims. Sie vermischten sich und schufen den Riesen Ymir und die Kuh Audhumbla, aus denen dann alles andere hervorging. In der finnischen Sch\u00f6pfungsgeschichte entsteht die Welt durch Ilmatar, der Tochter der L\u00fcfte, die sich im Urmeer niederl\u00e4sst und einen Entenvogel auf ihrem Knie br\u00fcten l\u00e4sst. Als dessen Eier zerbrechen, lassen sie Erde, Himmel und die Gestirne entstehen. Ilmatars Sohn wird der erste Mensch, der Pflanzen und Tiere erschafft.Die Kinder lesen jeweils einzelne Szenen aus diesen Geschichten vor und zeigen dabei auf die von ihnen selbst gemalten Bilder dieser Szenen. Danach tanzen sie nach zu diesen Geschichten passender Musik.","breadcrumb":{"@id":"https:\/\/kinder-spielen-theater.de\/produkt\/schoepfungsgeschichten\/#breadcrumb"},"inLanguage":"da-DK","potentialAction":[{"@type":"ReadAction","target":["https:\/\/kinder-spielen-theater.de\/produkt\/schoepfungsgeschichten\/"]}]},{"@type":"ImageObject","inLanguage":"da-DK","@id":"https:\/\/kinder-spielen-theater.de\/produkt\/schoepfungsgeschichten\/#primaryimage","url":"https:\/\/kinder-spielen-theater.de\/wp-content\/uploads\/2021\/06\/54-Schoepfungsgeschichten-o.k.-page-001.jpg","contentUrl":"https:\/\/kinder-spielen-theater.de\/wp-content\/uploads\/2021\/06\/54-Schoepfungsgeschichten-o.k.-page-001.jpg","width":1240,"height":1754},{"@type":"BreadcrumbList","@id":"https:\/\/kinder-spielen-theater.de\/produkt\/schoepfungsgeschichten\/#breadcrumb","itemListElement":[{"@type":"ListItem","position":1,"name":"Startseite","item":"https:\/\/kinder-spielen-theater.de\/"},{"@type":"ListItem","position":2,"name":"Shop: Theaterst\u00fccke zum Download","item":"https:\/\/kinder-spielen-theater.de\/shop\/"},{"@type":"ListItem","position":3,"name":"Sch\u00f6pfungsgeschichten"}]},{"@type":"WebSite","@id":"https:\/\/kinder-spielen-theater.de\/#website","url":"https:\/\/kinder-spielen-theater.de\/","name":"B\u00f8rn leger teater","description":"Skuespil til folkeskolen, Hauptschule og Realschule, Gesamtschule og Gymnasium, skuespil for b\u00f8rn","potentialAction":[{"@type":"SearchAction","target":{"@type":"EntryPoint","urlTemplate":"https:\/\/kinder-spielen-theater.de\/?s={search_term_string}"},"query-input":{"@type":"PropertyValueSpecification","valueRequired":true,"valueName":"search_term_string"}}],"inLanguage":"da-DK"}]}},"_links":{"self":[{"href":"https:\/\/kinder-spielen-theater.de\/da\/wp-json\/wp\/v2\/product\/364","targetHints":{"allow":["GET"]}}],"collection":[{"href":"https:\/\/kinder-spielen-theater.de\/da\/wp-json\/wp\/v2\/product"}],"about":[{"href":"https:\/\/kinder-spielen-theater.de\/da\/wp-json\/wp\/v2\/types\/product"}],"replies":[{"embeddable":true,"href":"https:\/\/kinder-spielen-theater.de\/da\/wp-json\/wp\/v2\/comments?post=364"}],"wp:featuredmedia":[{"embeddable":true,"href":"https:\/\/kinder-spielen-theater.de\/da\/wp-json\/wp\/v2\/media\/682"}],"wp:attachment":[{"href":"https:\/\/kinder-spielen-theater.de\/da\/wp-json\/wp\/v2\/media?parent=364"}],"wp:term":[{"taxonomy":"product_brand","embeddable":true,"href":"https:\/\/kinder-spielen-theater.de\/da\/wp-json\/wp\/v2\/product_brand?post=364"},{"taxonomy":"product_cat","embeddable":true,"href":"https:\/\/kinder-spielen-theater.de\/da\/wp-json\/wp\/v2\/product_cat?post=364"},{"taxonomy":"product_tag","embeddable":true,"href":"https:\/\/kinder-spielen-theater.de\/da\/wp-json\/wp\/v2\/product_tag?post=364"}],"curies":[{"name":"wp","href":"https:\/\/api.w.org\/{rel}","templated":true}]}}