{"id":345,"date":"2021-06-02T12:12:55","date_gmt":"2021-06-02T12:12:55","guid":{"rendered":"https:\/\/kinder-spielen-theater.de\/?post_type=product&#038;p=345"},"modified":"2022-09-27T07:03:25","modified_gmt":"2022-09-27T07:03:25","slug":"kolumbus-entdeckt-amerika","status":"publish","type":"product","link":"https:\/\/kinder-spielen-theater.de\/da\/vare\/kolumbus-entdeckt-amerika\/","title":{"rendered":"Kolumbus entdeckt Amerika"},"content":{"rendered":"<p><span style=\"font-size: 18pt;\"><strong>Inhalt<\/strong> <\/span><br \/>\nIn diesem Theaterst\u00fcck werden die spannenden Ereignisse um Kolumbus und seiner Suche nach dem Seeweg nach Indien erz\u00e4hlt.<br \/>\nIm Hafen von Lissabon erl\u00e4utert Kolumbus Seeleuten seinen Plan, Indien nach Westen segelnd zu erreichen. Vor dem spanischen K\u00f6nig und einer Gelehrtenkommission muss der Seefahrer dann seine Hypothese verteidigen. Aber nur der zuf\u00e4lligen Anwesenheit des Verwalters der k\u00f6niglichen Finanzen verdankt er die Finanzierung seines Planes. Im dritten Akt befindet sich Kolumbus auf See und \u00fcberlebt mit seiner Mannschaft \u00e4u\u00dferst gefahrvolle Situationen und findet schlie\u00dflich doch noch Land im Westen, heute \u201eWestindien\u201c genannt.<\/p>\n<p><span style=\"font-size: 18pt;\"><strong>Rollenzahl und Spieldauer<\/strong><\/span><br \/>\nIn diesem St\u00fcck sind 29 Rollen zu besetzen. Dazu kommen noch 20 Matrosenrollen im dritten Akt.<br \/>\nDieses sind sehr kleine Rollen (nur ein Sprecheinsatz mit wenigen Worten), die zu zwei oder drei Rollen zusammengefasst werden k\u00f6nnen.<br \/>\nDie Auff\u00fchrungszeit betr\u00e4gt ca. 30 Minuten.<\/p>\n<p><span style=\"font-size: 18pt;\"><strong>Textumfang<\/strong><\/span><br \/>\nRollentext 16 Seiten, insgesamt 51 Seiten<\/p>","protected":false},"excerpt":{"rendered":"<p>Inhalt In diesem Theaterst\u00fcck werden die spannenden Ereignisse um Kolumbus und seiner Suche nach dem Seeweg nach Indien erz\u00e4hlt. Im Hafen von Lissabon erl\u00e4utert Kolumbus Seeleuten seinen Plan, Indien nach Westen segelnd zu erreichen. Vor dem spanischen K\u00f6nig und einer Gelehrtenkommission muss der Seefahrer dann seine Hypothese verteidigen. Aber nur der zuf\u00e4lligen Anwesenheit des Verwalters [&hellip;]<\/p>\n","protected":false},"featured_media":699,"comment_status":"closed","ping_status":"closed","template":"","meta":[],"product_brand":[],"product_cat":[37,42,41],"product_tag":[],"class_list":{"0":"post-345","1":"product","2":"type-product","3":"status-publish","4":"has-post-thumbnail","6":"product_cat-europaeisches-kulturelles-erbe","7":"product_cat-kulturelles-erbe","8":"product_cat-naturwissenschaft-technik","10":"first","11":"instock","12":"downloadable","13":"virtual","14":"purchasable","15":"product-type-simple"},"yoast_head":"<!-- This site is optimized with the Yoast SEO plugin v27.4 - https:\/\/yoast.com\/product\/yoast-seo-wordpress\/ -->\n<title>Kolumbus entdeckt Amerika - Kinder spielen Theater<\/title>\n<meta name=\"robots\" content=\"index, follow, max-snippet:-1, max-image-preview:large, max-video-preview:-1\" \/>\n<link rel=\"canonical\" href=\"https:\/\/kinder-spielen-theater.de\/da\/vare\/kolumbus-entdeckt-amerika\/\" \/>\n<meta property=\"og:locale\" content=\"da_DK\" \/>\n<meta property=\"og:type\" content=\"article\" \/>\n<meta property=\"og:title\" content=\"Kolumbus entdeckt Amerika - Kinder spielen Theater\" \/>\n<meta property=\"og:description\" content=\"Inhalt In diesem Theaterst\u00fcck werden die spannenden Ereignisse um Kolumbus und seiner Suche nach dem Seeweg nach Indien erz\u00e4hlt. Im Hafen von Lissabon erl\u00e4utert Kolumbus Seeleuten seinen Plan, Indien nach Westen segelnd zu erreichen. Vor dem spanischen K\u00f6nig und einer Gelehrtenkommission muss der Seefahrer dann seine Hypothese verteidigen. Aber nur der zuf\u00e4lligen Anwesenheit des Verwalters [&hellip;]\" \/>\n<meta property=\"og:url\" content=\"https:\/\/kinder-spielen-theater.de\/da\/vare\/kolumbus-entdeckt-amerika\/\" \/>\n<meta property=\"og:site_name\" content=\"Kinder spielen Theater\" \/>\n<meta property=\"article:modified_time\" content=\"2022-09-27T07:03:25+00:00\" \/>\n<meta property=\"og:image\" content=\"https:\/\/kinder-spielen-theater.de\/wp-content\/uploads\/2021\/06\/48-Kolumbus-o.k.-page-001.jpg\" \/>\n\t<meta property=\"og:image:width\" content=\"1240\" \/>\n\t<meta property=\"og:image:height\" content=\"1754\" \/>\n\t<meta property=\"og:image:type\" content=\"image\/jpeg\" \/>\n<meta name=\"twitter:card\" content=\"summary_large_image\" \/>\n<meta name=\"twitter:label1\" content=\"Estimeret l\u00e6setid\" \/>\n\t<meta name=\"twitter:data1\" content=\"1 minut\" \/>\n<script type=\"application\/ld+json\" class=\"yoast-schema-graph\">{\"@context\":\"https:\\\/\\\/schema.org\",\"@graph\":[{\"@type\":\"WebPage\",\"@id\":\"https:\\\/\\\/kinder-spielen-theater.de\\\/produkt\\\/kolumbus-entdeckt-amerika\\\/\",\"url\":\"https:\\\/\\\/kinder-spielen-theater.de\\\/produkt\\\/kolumbus-entdeckt-amerika\\\/\",\"name\":\"Kolumbus entdeckt Amerika - Kinder spielen Theater\",\"isPartOf\":{\"@id\":\"https:\\\/\\\/kinder-spielen-theater.de\\\/#website\"},\"primaryImageOfPage\":{\"@id\":\"https:\\\/\\\/kinder-spielen-theater.de\\\/produkt\\\/kolumbus-entdeckt-amerika\\\/#primaryimage\"},\"image\":{\"@id\":\"https:\\\/\\\/kinder-spielen-theater.de\\\/produkt\\\/kolumbus-entdeckt-amerika\\\/#primaryimage\"},\"thumbnailUrl\":\"https:\\\/\\\/kinder-spielen-theater.de\\\/wp-content\\\/uploads\\\/2021\\\/06\\\/48-Kolumbus-o.k.-page-001.jpg\",\"datePublished\":\"2021-06-02T12:12:55+00:00\",\"dateModified\":\"2022-09-27T07:03:25+00:00\",\"breadcrumb\":{\"@id\":\"https:\\\/\\\/kinder-spielen-theater.de\\\/produkt\\\/kolumbus-entdeckt-amerika\\\/#breadcrumb\"},\"inLanguage\":\"da-DK\",\"potentialAction\":[{\"@type\":\"ReadAction\",\"target\":[\"https:\\\/\\\/kinder-spielen-theater.de\\\/produkt\\\/kolumbus-entdeckt-amerika\\\/\"]}]},{\"@type\":\"ImageObject\",\"inLanguage\":\"da-DK\",\"@id\":\"https:\\\/\\\/kinder-spielen-theater.de\\\/produkt\\\/kolumbus-entdeckt-amerika\\\/#primaryimage\",\"url\":\"https:\\\/\\\/kinder-spielen-theater.de\\\/wp-content\\\/uploads\\\/2021\\\/06\\\/48-Kolumbus-o.k.-page-001.jpg\",\"contentUrl\":\"https:\\\/\\\/kinder-spielen-theater.de\\\/wp-content\\\/uploads\\\/2021\\\/06\\\/48-Kolumbus-o.k.-page-001.jpg\",\"width\":1240,\"height\":1754},{\"@type\":\"BreadcrumbList\",\"@id\":\"https:\\\/\\\/kinder-spielen-theater.de\\\/produkt\\\/kolumbus-entdeckt-amerika\\\/#breadcrumb\",\"itemListElement\":[{\"@type\":\"ListItem\",\"position\":1,\"name\":\"Startseite\",\"item\":\"https:\\\/\\\/kinder-spielen-theater.de\\\/\"},{\"@type\":\"ListItem\",\"position\":2,\"name\":\"Shop: Theaterst\u00fccke zum Download\",\"item\":\"https:\\\/\\\/kinder-spielen-theater.de\\\/shop\\\/\"},{\"@type\":\"ListItem\",\"position\":3,\"name\":\"Kolumbus entdeckt Amerika\"}]},{\"@type\":\"WebSite\",\"@id\":\"https:\\\/\\\/kinder-spielen-theater.de\\\/#website\",\"url\":\"https:\\\/\\\/kinder-spielen-theater.de\\\/\",\"name\":\"Kinder spielen Theater\",\"description\":\"Theaterst\u00fccke f\u00fcr die Grundschule, Haupt- und Realschule, Gesamtschule und Gymnasium, Theaterst\u00fccke f\u00fcr Kinder\",\"potentialAction\":[{\"@type\":\"SearchAction\",\"target\":{\"@type\":\"EntryPoint\",\"urlTemplate\":\"https:\\\/\\\/kinder-spielen-theater.de\\\/?s={search_term_string}\"},\"query-input\":{\"@type\":\"PropertyValueSpecification\",\"valueRequired\":true,\"valueName\":\"search_term_string\"}}],\"inLanguage\":\"da-DK\"}]}<\/script>\n<!-- \/ Yoast SEO plugin. -->","yoast_head_json":{"title":"Kolumbus entdeckt Amerika - Kinder spielen Theater","robots":{"index":"index","follow":"follow","max-snippet":"max-snippet:-1","max-image-preview":"max-image-preview:large","max-video-preview":"max-video-preview:-1"},"canonical":"https:\/\/kinder-spielen-theater.de\/da\/vare\/kolumbus-entdeckt-amerika\/","og_locale":"da_DK","og_type":"article","og_title":"Kolumbus entdeckt Amerika - Kinder spielen Theater","og_description":"Inhalt In diesem Theaterst\u00fcck werden die spannenden Ereignisse um Kolumbus und seiner Suche nach dem Seeweg nach Indien erz\u00e4hlt. Im Hafen von Lissabon erl\u00e4utert Kolumbus Seeleuten seinen Plan, Indien nach Westen segelnd zu erreichen. Vor dem spanischen K\u00f6nig und einer Gelehrtenkommission muss der Seefahrer dann seine Hypothese verteidigen. Aber nur der zuf\u00e4lligen Anwesenheit des Verwalters [&hellip;]","og_url":"https:\/\/kinder-spielen-theater.de\/da\/vare\/kolumbus-entdeckt-amerika\/","og_site_name":"Kinder spielen Theater","article_modified_time":"2022-09-27T07:03:25+00:00","og_image":[{"width":1240,"height":1754,"url":"https:\/\/kinder-spielen-theater.de\/wp-content\/uploads\/2021\/06\/48-Kolumbus-o.k.-page-001.jpg","type":"image\/jpeg"}],"twitter_card":"summary_large_image","twitter_misc":{"Estimeret l\u00e6setid":"1 minut"},"schema":{"@context":"https:\/\/schema.org","@graph":[{"@type":"WebPage","@id":"https:\/\/kinder-spielen-theater.de\/produkt\/kolumbus-entdeckt-amerika\/","url":"https:\/\/kinder-spielen-theater.de\/produkt\/kolumbus-entdeckt-amerika\/","name":"Kolumbus entdeckt Amerika - Kinder spielen Theater","isPartOf":{"@id":"https:\/\/kinder-spielen-theater.de\/#website"},"primaryImageOfPage":{"@id":"https:\/\/kinder-spielen-theater.de\/produkt\/kolumbus-entdeckt-amerika\/#primaryimage"},"image":{"@id":"https:\/\/kinder-spielen-theater.de\/produkt\/kolumbus-entdeckt-amerika\/#primaryimage"},"thumbnailUrl":"https:\/\/kinder-spielen-theater.de\/wp-content\/uploads\/2021\/06\/48-Kolumbus-o.k.-page-001.jpg","datePublished":"2021-06-02T12:12:55+00:00","dateModified":"2022-09-27T07:03:25+00:00","breadcrumb":{"@id":"https:\/\/kinder-spielen-theater.de\/produkt\/kolumbus-entdeckt-amerika\/#breadcrumb"},"inLanguage":"da-DK","potentialAction":[{"@type":"ReadAction","target":["https:\/\/kinder-spielen-theater.de\/produkt\/kolumbus-entdeckt-amerika\/"]}]},{"@type":"ImageObject","inLanguage":"da-DK","@id":"https:\/\/kinder-spielen-theater.de\/produkt\/kolumbus-entdeckt-amerika\/#primaryimage","url":"https:\/\/kinder-spielen-theater.de\/wp-content\/uploads\/2021\/06\/48-Kolumbus-o.k.-page-001.jpg","contentUrl":"https:\/\/kinder-spielen-theater.de\/wp-content\/uploads\/2021\/06\/48-Kolumbus-o.k.-page-001.jpg","width":1240,"height":1754},{"@type":"BreadcrumbList","@id":"https:\/\/kinder-spielen-theater.de\/produkt\/kolumbus-entdeckt-amerika\/#breadcrumb","itemListElement":[{"@type":"ListItem","position":1,"name":"Startseite","item":"https:\/\/kinder-spielen-theater.de\/"},{"@type":"ListItem","position":2,"name":"Shop: Theaterst\u00fccke zum Download","item":"https:\/\/kinder-spielen-theater.de\/shop\/"},{"@type":"ListItem","position":3,"name":"Kolumbus entdeckt Amerika"}]},{"@type":"WebSite","@id":"https:\/\/kinder-spielen-theater.de\/#website","url":"https:\/\/kinder-spielen-theater.de\/","name":"B\u00f8rn leger teater","description":"Skuespil til folkeskolen, Hauptschule og Realschule, Gesamtschule og Gymnasium, skuespil for b\u00f8rn","potentialAction":[{"@type":"SearchAction","target":{"@type":"EntryPoint","urlTemplate":"https:\/\/kinder-spielen-theater.de\/?s={search_term_string}"},"query-input":{"@type":"PropertyValueSpecification","valueRequired":true,"valueName":"search_term_string"}}],"inLanguage":"da-DK"}]}},"_links":{"self":[{"href":"https:\/\/kinder-spielen-theater.de\/da\/wp-json\/wp\/v2\/product\/345","targetHints":{"allow":["GET"]}}],"collection":[{"href":"https:\/\/kinder-spielen-theater.de\/da\/wp-json\/wp\/v2\/product"}],"about":[{"href":"https:\/\/kinder-spielen-theater.de\/da\/wp-json\/wp\/v2\/types\/product"}],"replies":[{"embeddable":true,"href":"https:\/\/kinder-spielen-theater.de\/da\/wp-json\/wp\/v2\/comments?post=345"}],"wp:featuredmedia":[{"embeddable":true,"href":"https:\/\/kinder-spielen-theater.de\/da\/wp-json\/wp\/v2\/media\/699"}],"wp:attachment":[{"href":"https:\/\/kinder-spielen-theater.de\/da\/wp-json\/wp\/v2\/media?parent=345"}],"wp:term":[{"taxonomy":"product_brand","embeddable":true,"href":"https:\/\/kinder-spielen-theater.de\/da\/wp-json\/wp\/v2\/product_brand?post=345"},{"taxonomy":"product_cat","embeddable":true,"href":"https:\/\/kinder-spielen-theater.de\/da\/wp-json\/wp\/v2\/product_cat?post=345"},{"taxonomy":"product_tag","embeddable":true,"href":"https:\/\/kinder-spielen-theater.de\/da\/wp-json\/wp\/v2\/product_tag?post=345"}],"curies":[{"name":"wp","href":"https:\/\/api.w.org\/{rel}","templated":true}]}}