{"id":340,"date":"2021-06-02T12:08:39","date_gmt":"2021-06-02T12:08:39","guid":{"rendered":"https:\/\/kinder-spielen-theater.de\/?post_type=product&#038;p=340"},"modified":"2022-09-27T07:04:17","modified_gmt":"2022-09-27T07:04:17","slug":"ich-bin-ja-so-traurig","status":"publish","type":"product","link":"https:\/\/kinder-spielen-theater.de\/da\/vare\/ich-bin-ja-so-traurig\/","title":{"rendered":"Ich bin ja so traurig"},"content":{"rendered":"<p><span style=\"font-size: 18pt;\"><strong>Inhalt<\/strong> <\/span><br \/>\nDieses Theaterst\u00fcck erz\u00e4hlt eine \u201eGeschichte vom kleinen Igel und der kleinen Igelin\u201c(s.u.).<br \/>\nDer kleine Igel trifft seine Freundin, die kleine Igelin. Doch dieses Mal ist sie nicht froh gelaunt wie sonst, sondern sehr traurig. Sie wei\u00df selbst nicht warum. Der kleine Igel versucht sie aufzumuntern, doch es gelingt ihm nur kurz sie fr\u00f6hlich zu stimmen. Auch die Waldtiere wollen ihr die Traurigkeit nehmen. Doch auch ihr Tanzen und Singen will nicht so recht helfen. Als der kleine Igel deshalb auch ganz traurig wird, erf\u00e4hrt die kleine Igelin was echte Freundschaft ist, denn nur echte Freunde haben so viel Mitgef\u00fchl f\u00fcr einander. Diese Erkenntnis stimmt schlie\u00dflich beide wieder fr\u00f6hlich.<\/p>\n<p><span style=\"font-size: 18pt;\"><strong>Rollenzahl und Spieldauer<\/strong> <\/span><br \/>\nIn diesem St\u00fcck sind 14 Rollen zu besetzen.<br \/>\nDiese Zahl kann vergr\u00f6\u00dfert werden, indem von jeder auftretenden Tierart mehrere Tiere auf die B\u00fchne kommen. Das w\u00e4ren Rollen ohne Sprechtext, aber die Texte k\u00f6nnten auch gemeinsam gesprochen werden.<br \/>\nDie Auff\u00fchrungszeit betr\u00e4gt ca. 15 Minuten. Sie kann durch Tanzeinlagen verl\u00e4ngert werden.<\/p>\n<p><span style=\"font-size: 18pt;\"><strong>Textumfang Rollentext<\/strong><\/span><br \/>\n5 Seiten, insgesamt 23 Seiten<\/p>\n<p><span style=\"font-size: 18pt;\"><a href=\"https:\/\/kinder-spielen-theater.de\/wp-content\/uploads\/2021\/06\/44-Ich-bin-ja-so-traurig-Leseprobe-Adobe.pdf\">Leseprobe<\/a><\/span><\/p>","protected":false},"excerpt":{"rendered":"<p>Inhalt Dieses Theaterst\u00fcck erz\u00e4hlt eine \u201eGeschichte vom kleinen Igel und der kleinen Igelin\u201c(s.u.). Der kleine Igel trifft seine Freundin, die kleine Igelin. Doch dieses Mal ist sie nicht froh gelaunt wie sonst, sondern sehr traurig. Sie wei\u00df selbst nicht warum. Der kleine Igel versucht sie aufzumuntern, doch es gelingt ihm nur kurz sie fr\u00f6hlich zu [&hellip;]<\/p>\n","protected":false},"featured_media":700,"comment_status":"closed","ping_status":"closed","template":"","meta":[],"product_brand":[],"product_cat":[30],"product_tag":[],"class_list":{"0":"post-340","1":"product","2":"type-product","3":"status-publish","4":"has-post-thumbnail","6":"product_cat-igelgeschichten","8":"first","9":"instock","10":"downloadable","11":"virtual","12":"purchasable","13":"product-type-simple"},"yoast_head":"<!-- This site is optimized with the Yoast SEO plugin v27.3 - https:\/\/yoast.com\/product\/yoast-seo-wordpress\/ -->\n<title>Ich bin ja so traurig - Kinder spielen Theater<\/title>\n<meta name=\"robots\" content=\"index, follow, max-snippet:-1, max-image-preview:large, max-video-preview:-1\" \/>\n<link rel=\"canonical\" href=\"https:\/\/kinder-spielen-theater.de\/da\/vare\/ich-bin-ja-so-traurig\/\" \/>\n<meta property=\"og:locale\" content=\"da_DK\" \/>\n<meta property=\"og:type\" content=\"article\" \/>\n<meta property=\"og:title\" content=\"Ich bin ja so traurig - Kinder spielen Theater\" \/>\n<meta property=\"og:description\" content=\"Inhalt Dieses Theaterst\u00fcck erz\u00e4hlt eine \u201eGeschichte vom kleinen Igel und der kleinen Igelin\u201c(s.u.). Der kleine Igel trifft seine Freundin, die kleine Igelin. Doch dieses Mal ist sie nicht froh gelaunt wie sonst, sondern sehr traurig. Sie wei\u00df selbst nicht warum. Der kleine Igel versucht sie aufzumuntern, doch es gelingt ihm nur kurz sie fr\u00f6hlich zu [&hellip;]\" \/>\n<meta property=\"og:url\" content=\"https:\/\/kinder-spielen-theater.de\/da\/vare\/ich-bin-ja-so-traurig\/\" \/>\n<meta property=\"og:site_name\" content=\"Kinder spielen Theater\" \/>\n<meta property=\"article:modified_time\" content=\"2022-09-27T07:04:17+00:00\" \/>\n<meta property=\"og:image\" content=\"https:\/\/kinder-spielen-theater.de\/wp-content\/uploads\/2021\/06\/44-Ich-bin-ja-so-traurig-o.k.-page-001.jpg\" \/>\n\t<meta property=\"og:image:width\" content=\"1240\" \/>\n\t<meta property=\"og:image:height\" content=\"1754\" \/>\n\t<meta property=\"og:image:type\" content=\"image\/jpeg\" \/>\n<meta name=\"twitter:card\" content=\"summary_large_image\" \/>\n<meta name=\"twitter:label1\" content=\"Estimeret l\u00e6setid\" \/>\n\t<meta name=\"twitter:data1\" content=\"1 minut\" \/>\n<script type=\"application\/ld+json\" class=\"yoast-schema-graph\">{\"@context\":\"https:\\\/\\\/schema.org\",\"@graph\":[{\"@type\":\"WebPage\",\"@id\":\"https:\\\/\\\/kinder-spielen-theater.de\\\/produkt\\\/ich-bin-ja-so-traurig\\\/\",\"url\":\"https:\\\/\\\/kinder-spielen-theater.de\\\/produkt\\\/ich-bin-ja-so-traurig\\\/\",\"name\":\"Ich bin ja so traurig - Kinder spielen Theater\",\"isPartOf\":{\"@id\":\"https:\\\/\\\/kinder-spielen-theater.de\\\/#website\"},\"primaryImageOfPage\":{\"@id\":\"https:\\\/\\\/kinder-spielen-theater.de\\\/produkt\\\/ich-bin-ja-so-traurig\\\/#primaryimage\"},\"image\":{\"@id\":\"https:\\\/\\\/kinder-spielen-theater.de\\\/produkt\\\/ich-bin-ja-so-traurig\\\/#primaryimage\"},\"thumbnailUrl\":\"https:\\\/\\\/kinder-spielen-theater.de\\\/wp-content\\\/uploads\\\/2021\\\/06\\\/44-Ich-bin-ja-so-traurig-o.k.-page-001.jpg\",\"datePublished\":\"2021-06-02T12:08:39+00:00\",\"dateModified\":\"2022-09-27T07:04:17+00:00\",\"breadcrumb\":{\"@id\":\"https:\\\/\\\/kinder-spielen-theater.de\\\/produkt\\\/ich-bin-ja-so-traurig\\\/#breadcrumb\"},\"inLanguage\":\"da-DK\",\"potentialAction\":[{\"@type\":\"ReadAction\",\"target\":[\"https:\\\/\\\/kinder-spielen-theater.de\\\/produkt\\\/ich-bin-ja-so-traurig\\\/\"]}]},{\"@type\":\"ImageObject\",\"inLanguage\":\"da-DK\",\"@id\":\"https:\\\/\\\/kinder-spielen-theater.de\\\/produkt\\\/ich-bin-ja-so-traurig\\\/#primaryimage\",\"url\":\"https:\\\/\\\/kinder-spielen-theater.de\\\/wp-content\\\/uploads\\\/2021\\\/06\\\/44-Ich-bin-ja-so-traurig-o.k.-page-001.jpg\",\"contentUrl\":\"https:\\\/\\\/kinder-spielen-theater.de\\\/wp-content\\\/uploads\\\/2021\\\/06\\\/44-Ich-bin-ja-so-traurig-o.k.-page-001.jpg\",\"width\":1240,\"height\":1754},{\"@type\":\"BreadcrumbList\",\"@id\":\"https:\\\/\\\/kinder-spielen-theater.de\\\/produkt\\\/ich-bin-ja-so-traurig\\\/#breadcrumb\",\"itemListElement\":[{\"@type\":\"ListItem\",\"position\":1,\"name\":\"Startseite\",\"item\":\"https:\\\/\\\/kinder-spielen-theater.de\\\/\"},{\"@type\":\"ListItem\",\"position\":2,\"name\":\"Shop: Theaterst\u00fccke zum Download\",\"item\":\"https:\\\/\\\/kinder-spielen-theater.de\\\/shop\\\/\"},{\"@type\":\"ListItem\",\"position\":3,\"name\":\"Ich bin ja so traurig\"}]},{\"@type\":\"WebSite\",\"@id\":\"https:\\\/\\\/kinder-spielen-theater.de\\\/#website\",\"url\":\"https:\\\/\\\/kinder-spielen-theater.de\\\/\",\"name\":\"Kinder spielen Theater\",\"description\":\"Theaterst\u00fccke f\u00fcr die Grundschule, Haupt- und Realschule, Gesamtschule und Gymnasium, Theaterst\u00fccke f\u00fcr Kinder\",\"potentialAction\":[{\"@type\":\"SearchAction\",\"target\":{\"@type\":\"EntryPoint\",\"urlTemplate\":\"https:\\\/\\\/kinder-spielen-theater.de\\\/?s={search_term_string}\"},\"query-input\":{\"@type\":\"PropertyValueSpecification\",\"valueRequired\":true,\"valueName\":\"search_term_string\"}}],\"inLanguage\":\"da-DK\"}]}<\/script>\n<!-- \/ Yoast SEO plugin. -->","yoast_head_json":{"title":"Ich bin ja so traurig - Kinder spielen Theater","robots":{"index":"index","follow":"follow","max-snippet":"max-snippet:-1","max-image-preview":"max-image-preview:large","max-video-preview":"max-video-preview:-1"},"canonical":"https:\/\/kinder-spielen-theater.de\/da\/vare\/ich-bin-ja-so-traurig\/","og_locale":"da_DK","og_type":"article","og_title":"Ich bin ja so traurig - Kinder spielen Theater","og_description":"Inhalt Dieses Theaterst\u00fcck erz\u00e4hlt eine \u201eGeschichte vom kleinen Igel und der kleinen Igelin\u201c(s.u.). Der kleine Igel trifft seine Freundin, die kleine Igelin. Doch dieses Mal ist sie nicht froh gelaunt wie sonst, sondern sehr traurig. Sie wei\u00df selbst nicht warum. Der kleine Igel versucht sie aufzumuntern, doch es gelingt ihm nur kurz sie fr\u00f6hlich zu [&hellip;]","og_url":"https:\/\/kinder-spielen-theater.de\/da\/vare\/ich-bin-ja-so-traurig\/","og_site_name":"Kinder spielen Theater","article_modified_time":"2022-09-27T07:04:17+00:00","og_image":[{"width":1240,"height":1754,"url":"https:\/\/kinder-spielen-theater.de\/wp-content\/uploads\/2021\/06\/44-Ich-bin-ja-so-traurig-o.k.-page-001.jpg","type":"image\/jpeg"}],"twitter_card":"summary_large_image","twitter_misc":{"Estimeret l\u00e6setid":"1 minut"},"schema":{"@context":"https:\/\/schema.org","@graph":[{"@type":"WebPage","@id":"https:\/\/kinder-spielen-theater.de\/produkt\/ich-bin-ja-so-traurig\/","url":"https:\/\/kinder-spielen-theater.de\/produkt\/ich-bin-ja-so-traurig\/","name":"Ich bin ja so traurig - Kinder spielen Theater","isPartOf":{"@id":"https:\/\/kinder-spielen-theater.de\/#website"},"primaryImageOfPage":{"@id":"https:\/\/kinder-spielen-theater.de\/produkt\/ich-bin-ja-so-traurig\/#primaryimage"},"image":{"@id":"https:\/\/kinder-spielen-theater.de\/produkt\/ich-bin-ja-so-traurig\/#primaryimage"},"thumbnailUrl":"https:\/\/kinder-spielen-theater.de\/wp-content\/uploads\/2021\/06\/44-Ich-bin-ja-so-traurig-o.k.-page-001.jpg","datePublished":"2021-06-02T12:08:39+00:00","dateModified":"2022-09-27T07:04:17+00:00","breadcrumb":{"@id":"https:\/\/kinder-spielen-theater.de\/produkt\/ich-bin-ja-so-traurig\/#breadcrumb"},"inLanguage":"da-DK","potentialAction":[{"@type":"ReadAction","target":["https:\/\/kinder-spielen-theater.de\/produkt\/ich-bin-ja-so-traurig\/"]}]},{"@type":"ImageObject","inLanguage":"da-DK","@id":"https:\/\/kinder-spielen-theater.de\/produkt\/ich-bin-ja-so-traurig\/#primaryimage","url":"https:\/\/kinder-spielen-theater.de\/wp-content\/uploads\/2021\/06\/44-Ich-bin-ja-so-traurig-o.k.-page-001.jpg","contentUrl":"https:\/\/kinder-spielen-theater.de\/wp-content\/uploads\/2021\/06\/44-Ich-bin-ja-so-traurig-o.k.-page-001.jpg","width":1240,"height":1754},{"@type":"BreadcrumbList","@id":"https:\/\/kinder-spielen-theater.de\/produkt\/ich-bin-ja-so-traurig\/#breadcrumb","itemListElement":[{"@type":"ListItem","position":1,"name":"Startseite","item":"https:\/\/kinder-spielen-theater.de\/"},{"@type":"ListItem","position":2,"name":"Shop: Theaterst\u00fccke zum Download","item":"https:\/\/kinder-spielen-theater.de\/shop\/"},{"@type":"ListItem","position":3,"name":"Ich bin ja so traurig"}]},{"@type":"WebSite","@id":"https:\/\/kinder-spielen-theater.de\/#website","url":"https:\/\/kinder-spielen-theater.de\/","name":"B\u00f8rn leger teater","description":"Skuespil til folkeskolen, Hauptschule og Realschule, Gesamtschule og Gymnasium, skuespil for b\u00f8rn","potentialAction":[{"@type":"SearchAction","target":{"@type":"EntryPoint","urlTemplate":"https:\/\/kinder-spielen-theater.de\/?s={search_term_string}"},"query-input":{"@type":"PropertyValueSpecification","valueRequired":true,"valueName":"search_term_string"}}],"inLanguage":"da-DK"}]}},"_links":{"self":[{"href":"https:\/\/kinder-spielen-theater.de\/da\/wp-json\/wp\/v2\/product\/340","targetHints":{"allow":["GET"]}}],"collection":[{"href":"https:\/\/kinder-spielen-theater.de\/da\/wp-json\/wp\/v2\/product"}],"about":[{"href":"https:\/\/kinder-spielen-theater.de\/da\/wp-json\/wp\/v2\/types\/product"}],"replies":[{"embeddable":true,"href":"https:\/\/kinder-spielen-theater.de\/da\/wp-json\/wp\/v2\/comments?post=340"}],"wp:featuredmedia":[{"embeddable":true,"href":"https:\/\/kinder-spielen-theater.de\/da\/wp-json\/wp\/v2\/media\/700"}],"wp:attachment":[{"href":"https:\/\/kinder-spielen-theater.de\/da\/wp-json\/wp\/v2\/media?parent=340"}],"wp:term":[{"taxonomy":"product_brand","embeddable":true,"href":"https:\/\/kinder-spielen-theater.de\/da\/wp-json\/wp\/v2\/product_brand?post=340"},{"taxonomy":"product_cat","embeddable":true,"href":"https:\/\/kinder-spielen-theater.de\/da\/wp-json\/wp\/v2\/product_cat?post=340"},{"taxonomy":"product_tag","embeddable":true,"href":"https:\/\/kinder-spielen-theater.de\/da\/wp-json\/wp\/v2\/product_tag?post=340"}],"curies":[{"name":"wp","href":"https:\/\/api.w.org\/{rel}","templated":true}]}}