{"id":333,"date":"2021-06-02T10:51:26","date_gmt":"2021-06-02T10:51:26","guid":{"rendered":"https:\/\/kinder-spielen-theater.de\/?post_type=product&#038;p=333"},"modified":"2022-09-27T07:05:52","modified_gmt":"2022-09-27T07:05:52","slug":"wie-die-menschen-mit-den-verschiedenen-hautfarben-geschaffen-wurden-wie-der-mond-an-den-himmel-kam","status":"publish","type":"product","link":"https:\/\/kinder-spielen-theater.de\/da\/vare\/wie-die-menschen-mit-den-verschiedenen-hautfarben-geschaffen-wurden-wie-der-mond-an-den-himmel-kam\/","title":{"rendered":"Wie die Menschen mit den verschiedenen Hautfarben geschaffen wurden \/ Wie der Mond an den Himmel kam"},"content":{"rendered":"<p><span style=\"font-size: 18pt;\"><strong>Inhalt<\/strong><\/span><br \/>\nBeide Theaterst\u00fccke stellen Ursprungsmythen philippinischer Ureinwohner dar. Im ersten St\u00fcck wird beschrieben, wie die Menschen verschiedener Hautfarben durch unterschiedlich lange Brenndauern von Ton verschiedener Farbe erschaffen wurden und dass dabei alle Menschen gleich sch\u00f6n geraten sind. Im zweiten St\u00fcck wird gezeigt, wie sich die Sonne einmal am Himmel ganz einsam f\u00fchlte und deshalb auch nur ganz schwach scheinen konnte, sodass Ernten und Tiere nicht richtig gediehen. Erst seitdem sie durch menschliche Hilfe den Mond als Gef\u00e4hrten am Himmel erhielt, scheint sie endlich wieder stark genug.<\/p>\n<p><span style=\"font-size: 18pt;\"><strong>Rollenzahl und Spieldauer<\/strong><\/span><br \/>\nIm ersten St\u00fcck sind 13, im zweiten 14 Rollen zu besetzen. Die Auff\u00fchrungszeiten betragen ca.10 bzw. ca.15 Minuten.<\/p>\n<p><span style=\"font-size: 18pt;\"><strong>Textumfang<\/strong><\/span><br \/>\nRollentext 4\/3 Seiten, insgesamt 38 Seiten<\/p>\n<p><span style=\"font-size: 18pt;\"><a href=\"https:\/\/kinder-spielen-theater.de\/wp-content\/uploads\/2021\/06\/59-Hautfarben-Mond-Leseprobe-Adobe.pdf\">Leseprobe<\/a><\/span><\/p>","protected":false},"excerpt":{"rendered":"<p>Inhalt Beide Theaterst\u00fccke stellen Ursprungsmythen philippinischer Ureinwohner dar. Im ersten St\u00fcck wird beschrieben, wie die Menschen verschiedener Hautfarben durch unterschiedlich lange Brenndauern von Ton verschiedener Farbe erschaffen wurden und dass dabei alle Menschen gleich sch\u00f6n geraten sind. Im zweiten St\u00fcck wird gezeigt, wie sich die Sonne einmal am Himmel ganz einsam f\u00fchlte und deshalb auch [&hellip;]<\/p>\n","protected":false},"featured_media":701,"comment_status":"closed","ping_status":"closed","template":"","meta":[],"product_brand":[],"product_cat":[46,42,36,44],"product_tag":[],"class_list":{"0":"post-333","1":"product","2":"type-product","3":"status-publish","4":"has-post-thumbnail","6":"product_cat-aussereuroaeisches-kulturelles-erbe","7":"product_cat-kulturelles-erbe","8":"product_cat-maerchen","9":"product_cat-gewaltlosigkeit","11":"first","12":"instock","13":"downloadable","14":"virtual","15":"purchasable","16":"product-type-simple"},"yoast_head":"<!-- This site is optimized with the Yoast SEO plugin v27.3 - https:\/\/yoast.com\/product\/yoast-seo-wordpress\/ -->\n<title>Wie die Menschen mit den verschiedenen Hautfarben geschaffen wurden \/ Wie der Mond an den Himmel kam - Kinder spielen Theater<\/title>\n<meta name=\"robots\" content=\"index, follow, max-snippet:-1, max-image-preview:large, max-video-preview:-1\" \/>\n<link rel=\"canonical\" href=\"https:\/\/kinder-spielen-theater.de\/da\/vare\/wie-die-menschen-mit-den-verschiedenen-hautfarben-geschaffen-wurden-wie-der-mond-an-den-himmel-kam\/\" \/>\n<meta property=\"og:locale\" content=\"da_DK\" \/>\n<meta property=\"og:type\" content=\"article\" \/>\n<meta property=\"og:title\" content=\"Wie die Menschen mit den verschiedenen Hautfarben geschaffen wurden \/ Wie der Mond an den Himmel kam - Kinder spielen Theater\" \/>\n<meta property=\"og:description\" content=\"Inhalt Beide Theaterst\u00fccke stellen Ursprungsmythen philippinischer Ureinwohner dar. Im ersten St\u00fcck wird beschrieben, wie die Menschen verschiedener Hautfarben durch unterschiedlich lange Brenndauern von Ton verschiedener Farbe erschaffen wurden und dass dabei alle Menschen gleich sch\u00f6n geraten sind. Im zweiten St\u00fcck wird gezeigt, wie sich die Sonne einmal am Himmel ganz einsam f\u00fchlte und deshalb auch [&hellip;]\" \/>\n<meta property=\"og:url\" content=\"https:\/\/kinder-spielen-theater.de\/da\/vare\/wie-die-menschen-mit-den-verschiedenen-hautfarben-geschaffen-wurden-wie-der-mond-an-den-himmel-kam\/\" \/>\n<meta property=\"og:site_name\" content=\"Kinder spielen Theater\" \/>\n<meta property=\"article:modified_time\" content=\"2022-09-27T07:05:52+00:00\" \/>\n<meta property=\"og:image\" content=\"https:\/\/kinder-spielen-theater.de\/wp-content\/uploads\/2021\/06\/59-Wie-die-Menschen-...-o.k.-page-001.jpg\" \/>\n\t<meta property=\"og:image:width\" content=\"1240\" \/>\n\t<meta property=\"og:image:height\" content=\"1754\" \/>\n\t<meta property=\"og:image:type\" content=\"image\/jpeg\" \/>\n<meta name=\"twitter:card\" content=\"summary_large_image\" \/>\n<meta name=\"twitter:label1\" content=\"Estimeret l\u00e6setid\" \/>\n\t<meta name=\"twitter:data1\" content=\"1 minut\" \/>\n<script type=\"application\/ld+json\" class=\"yoast-schema-graph\">{\"@context\":\"https:\\\/\\\/schema.org\",\"@graph\":[{\"@type\":\"WebPage\",\"@id\":\"https:\\\/\\\/kinder-spielen-theater.de\\\/produkt\\\/wie-die-menschen-mit-den-verschiedenen-hautfarben-geschaffen-wurden-wie-der-mond-an-den-himmel-kam\\\/\",\"url\":\"https:\\\/\\\/kinder-spielen-theater.de\\\/produkt\\\/wie-die-menschen-mit-den-verschiedenen-hautfarben-geschaffen-wurden-wie-der-mond-an-den-himmel-kam\\\/\",\"name\":\"Wie die Menschen mit den verschiedenen Hautfarben geschaffen wurden \\\/ Wie der Mond an den Himmel kam - Kinder spielen Theater\",\"isPartOf\":{\"@id\":\"https:\\\/\\\/kinder-spielen-theater.de\\\/#website\"},\"primaryImageOfPage\":{\"@id\":\"https:\\\/\\\/kinder-spielen-theater.de\\\/produkt\\\/wie-die-menschen-mit-den-verschiedenen-hautfarben-geschaffen-wurden-wie-der-mond-an-den-himmel-kam\\\/#primaryimage\"},\"image\":{\"@id\":\"https:\\\/\\\/kinder-spielen-theater.de\\\/produkt\\\/wie-die-menschen-mit-den-verschiedenen-hautfarben-geschaffen-wurden-wie-der-mond-an-den-himmel-kam\\\/#primaryimage\"},\"thumbnailUrl\":\"https:\\\/\\\/kinder-spielen-theater.de\\\/wp-content\\\/uploads\\\/2021\\\/06\\\/59-Wie-die-Menschen-...-o.k.-page-001.jpg\",\"datePublished\":\"2021-06-02T10:51:26+00:00\",\"dateModified\":\"2022-09-27T07:05:52+00:00\",\"breadcrumb\":{\"@id\":\"https:\\\/\\\/kinder-spielen-theater.de\\\/produkt\\\/wie-die-menschen-mit-den-verschiedenen-hautfarben-geschaffen-wurden-wie-der-mond-an-den-himmel-kam\\\/#breadcrumb\"},\"inLanguage\":\"da-DK\",\"potentialAction\":[{\"@type\":\"ReadAction\",\"target\":[\"https:\\\/\\\/kinder-spielen-theater.de\\\/produkt\\\/wie-die-menschen-mit-den-verschiedenen-hautfarben-geschaffen-wurden-wie-der-mond-an-den-himmel-kam\\\/\"]}]},{\"@type\":\"ImageObject\",\"inLanguage\":\"da-DK\",\"@id\":\"https:\\\/\\\/kinder-spielen-theater.de\\\/produkt\\\/wie-die-menschen-mit-den-verschiedenen-hautfarben-geschaffen-wurden-wie-der-mond-an-den-himmel-kam\\\/#primaryimage\",\"url\":\"https:\\\/\\\/kinder-spielen-theater.de\\\/wp-content\\\/uploads\\\/2021\\\/06\\\/59-Wie-die-Menschen-...-o.k.-page-001.jpg\",\"contentUrl\":\"https:\\\/\\\/kinder-spielen-theater.de\\\/wp-content\\\/uploads\\\/2021\\\/06\\\/59-Wie-die-Menschen-...-o.k.-page-001.jpg\",\"width\":1240,\"height\":1754},{\"@type\":\"BreadcrumbList\",\"@id\":\"https:\\\/\\\/kinder-spielen-theater.de\\\/produkt\\\/wie-die-menschen-mit-den-verschiedenen-hautfarben-geschaffen-wurden-wie-der-mond-an-den-himmel-kam\\\/#breadcrumb\",\"itemListElement\":[{\"@type\":\"ListItem\",\"position\":1,\"name\":\"Startseite\",\"item\":\"https:\\\/\\\/kinder-spielen-theater.de\\\/\"},{\"@type\":\"ListItem\",\"position\":2,\"name\":\"Shop: Theaterst\u00fccke zum Download\",\"item\":\"https:\\\/\\\/kinder-spielen-theater.de\\\/shop\\\/\"},{\"@type\":\"ListItem\",\"position\":3,\"name\":\"Wie die Menschen mit den verschiedenen Hautfarben geschaffen wurden \\\/ Wie der Mond an den Himmel kam\"}]},{\"@type\":\"WebSite\",\"@id\":\"https:\\\/\\\/kinder-spielen-theater.de\\\/#website\",\"url\":\"https:\\\/\\\/kinder-spielen-theater.de\\\/\",\"name\":\"Kinder spielen Theater\",\"description\":\"Theaterst\u00fccke f\u00fcr die Grundschule, Haupt- und Realschule, Gesamtschule und Gymnasium, Theaterst\u00fccke f\u00fcr Kinder\",\"potentialAction\":[{\"@type\":\"SearchAction\",\"target\":{\"@type\":\"EntryPoint\",\"urlTemplate\":\"https:\\\/\\\/kinder-spielen-theater.de\\\/?s={search_term_string}\"},\"query-input\":{\"@type\":\"PropertyValueSpecification\",\"valueRequired\":true,\"valueName\":\"search_term_string\"}}],\"inLanguage\":\"da-DK\"}]}<\/script>\n<!-- \/ Yoast SEO plugin. -->","yoast_head_json":{"title":"Wie die Menschen mit den verschiedenen Hautfarben geschaffen wurden \/ Wie der Mond an den Himmel kam - Kinder spielen Theater","robots":{"index":"index","follow":"follow","max-snippet":"max-snippet:-1","max-image-preview":"max-image-preview:large","max-video-preview":"max-video-preview:-1"},"canonical":"https:\/\/kinder-spielen-theater.de\/da\/vare\/wie-die-menschen-mit-den-verschiedenen-hautfarben-geschaffen-wurden-wie-der-mond-an-den-himmel-kam\/","og_locale":"da_DK","og_type":"article","og_title":"Wie die Menschen mit den verschiedenen Hautfarben geschaffen wurden \/ Wie der Mond an den Himmel kam - Kinder spielen Theater","og_description":"Inhalt Beide Theaterst\u00fccke stellen Ursprungsmythen philippinischer Ureinwohner dar. Im ersten St\u00fcck wird beschrieben, wie die Menschen verschiedener Hautfarben durch unterschiedlich lange Brenndauern von Ton verschiedener Farbe erschaffen wurden und dass dabei alle Menschen gleich sch\u00f6n geraten sind. Im zweiten St\u00fcck wird gezeigt, wie sich die Sonne einmal am Himmel ganz einsam f\u00fchlte und deshalb auch [&hellip;]","og_url":"https:\/\/kinder-spielen-theater.de\/da\/vare\/wie-die-menschen-mit-den-verschiedenen-hautfarben-geschaffen-wurden-wie-der-mond-an-den-himmel-kam\/","og_site_name":"Kinder spielen Theater","article_modified_time":"2022-09-27T07:05:52+00:00","og_image":[{"width":1240,"height":1754,"url":"https:\/\/kinder-spielen-theater.de\/wp-content\/uploads\/2021\/06\/59-Wie-die-Menschen-...-o.k.-page-001.jpg","type":"image\/jpeg"}],"twitter_card":"summary_large_image","twitter_misc":{"Estimeret l\u00e6setid":"1 minut"},"schema":{"@context":"https:\/\/schema.org","@graph":[{"@type":"WebPage","@id":"https:\/\/kinder-spielen-theater.de\/produkt\/wie-die-menschen-mit-den-verschiedenen-hautfarben-geschaffen-wurden-wie-der-mond-an-den-himmel-kam\/","url":"https:\/\/kinder-spielen-theater.de\/produkt\/wie-die-menschen-mit-den-verschiedenen-hautfarben-geschaffen-wurden-wie-der-mond-an-den-himmel-kam\/","name":"Wie die Menschen mit den verschiedenen Hautfarben geschaffen wurden \/ Wie der Mond an den Himmel kam - Kinder spielen Theater","isPartOf":{"@id":"https:\/\/kinder-spielen-theater.de\/#website"},"primaryImageOfPage":{"@id":"https:\/\/kinder-spielen-theater.de\/produkt\/wie-die-menschen-mit-den-verschiedenen-hautfarben-geschaffen-wurden-wie-der-mond-an-den-himmel-kam\/#primaryimage"},"image":{"@id":"https:\/\/kinder-spielen-theater.de\/produkt\/wie-die-menschen-mit-den-verschiedenen-hautfarben-geschaffen-wurden-wie-der-mond-an-den-himmel-kam\/#primaryimage"},"thumbnailUrl":"https:\/\/kinder-spielen-theater.de\/wp-content\/uploads\/2021\/06\/59-Wie-die-Menschen-...-o.k.-page-001.jpg","datePublished":"2021-06-02T10:51:26+00:00","dateModified":"2022-09-27T07:05:52+00:00","breadcrumb":{"@id":"https:\/\/kinder-spielen-theater.de\/produkt\/wie-die-menschen-mit-den-verschiedenen-hautfarben-geschaffen-wurden-wie-der-mond-an-den-himmel-kam\/#breadcrumb"},"inLanguage":"da-DK","potentialAction":[{"@type":"ReadAction","target":["https:\/\/kinder-spielen-theater.de\/produkt\/wie-die-menschen-mit-den-verschiedenen-hautfarben-geschaffen-wurden-wie-der-mond-an-den-himmel-kam\/"]}]},{"@type":"ImageObject","inLanguage":"da-DK","@id":"https:\/\/kinder-spielen-theater.de\/produkt\/wie-die-menschen-mit-den-verschiedenen-hautfarben-geschaffen-wurden-wie-der-mond-an-den-himmel-kam\/#primaryimage","url":"https:\/\/kinder-spielen-theater.de\/wp-content\/uploads\/2021\/06\/59-Wie-die-Menschen-...-o.k.-page-001.jpg","contentUrl":"https:\/\/kinder-spielen-theater.de\/wp-content\/uploads\/2021\/06\/59-Wie-die-Menschen-...-o.k.-page-001.jpg","width":1240,"height":1754},{"@type":"BreadcrumbList","@id":"https:\/\/kinder-spielen-theater.de\/produkt\/wie-die-menschen-mit-den-verschiedenen-hautfarben-geschaffen-wurden-wie-der-mond-an-den-himmel-kam\/#breadcrumb","itemListElement":[{"@type":"ListItem","position":1,"name":"Startseite","item":"https:\/\/kinder-spielen-theater.de\/"},{"@type":"ListItem","position":2,"name":"Shop: Theaterst\u00fccke zum Download","item":"https:\/\/kinder-spielen-theater.de\/shop\/"},{"@type":"ListItem","position":3,"name":"Wie die Menschen mit den verschiedenen Hautfarben geschaffen wurden \/ Wie der Mond an den Himmel kam"}]},{"@type":"WebSite","@id":"https:\/\/kinder-spielen-theater.de\/#website","url":"https:\/\/kinder-spielen-theater.de\/","name":"B\u00f8rn leger teater","description":"Skuespil til folkeskolen, Hauptschule og Realschule, Gesamtschule og Gymnasium, skuespil for b\u00f8rn","potentialAction":[{"@type":"SearchAction","target":{"@type":"EntryPoint","urlTemplate":"https:\/\/kinder-spielen-theater.de\/?s={search_term_string}"},"query-input":{"@type":"PropertyValueSpecification","valueRequired":true,"valueName":"search_term_string"}}],"inLanguage":"da-DK"}]}},"_links":{"self":[{"href":"https:\/\/kinder-spielen-theater.de\/da\/wp-json\/wp\/v2\/product\/333","targetHints":{"allow":["GET"]}}],"collection":[{"href":"https:\/\/kinder-spielen-theater.de\/da\/wp-json\/wp\/v2\/product"}],"about":[{"href":"https:\/\/kinder-spielen-theater.de\/da\/wp-json\/wp\/v2\/types\/product"}],"replies":[{"embeddable":true,"href":"https:\/\/kinder-spielen-theater.de\/da\/wp-json\/wp\/v2\/comments?post=333"}],"wp:featuredmedia":[{"embeddable":true,"href":"https:\/\/kinder-spielen-theater.de\/da\/wp-json\/wp\/v2\/media\/701"}],"wp:attachment":[{"href":"https:\/\/kinder-spielen-theater.de\/da\/wp-json\/wp\/v2\/media?parent=333"}],"wp:term":[{"taxonomy":"product_brand","embeddable":true,"href":"https:\/\/kinder-spielen-theater.de\/da\/wp-json\/wp\/v2\/product_brand?post=333"},{"taxonomy":"product_cat","embeddable":true,"href":"https:\/\/kinder-spielen-theater.de\/da\/wp-json\/wp\/v2\/product_cat?post=333"},{"taxonomy":"product_tag","embeddable":true,"href":"https:\/\/kinder-spielen-theater.de\/da\/wp-json\/wp\/v2\/product_tag?post=333"}],"curies":[{"name":"wp","href":"https:\/\/api.w.org\/{rel}","templated":true}]}}