{"id":313,"date":"2021-06-02T09:15:08","date_gmt":"2021-06-02T09:15:08","guid":{"rendered":"https:\/\/kinder-spielen-theater.de\/?post_type=product&#038;p=313"},"modified":"2022-09-27T07:21:19","modified_gmt":"2022-09-27T07:21:19","slug":"erinnerung-und-hoffnung","status":"publish","type":"product","link":"https:\/\/kinder-spielen-theater.de\/da\/vare\/erinnerung-und-hoffnung\/","title":{"rendered":"Erinnerung und Hoffnung"},"content":{"rendered":"<p><span style=\"font-size: 18pt;\"><strong>Inhalt<\/strong> <\/span><br \/>\nDieses Theaterst\u00fcck kann zum Ende des 4. Schuljahres gespielt werden. Die Kinder stellen erlebte Szenen aus dem ersten, zweiten, dritten und vierten Schuljahr dar, und \u00e4u\u00dfern ihre Hoffnungen f\u00fcr ihre weitere Schulzeit.<\/p>\n<p>Rollenzahl und Spieldauer<br \/>\nDas St\u00fcck besteht aus vier Szenen, wobei in jeder Szene ca. 12 Kinder auftreten. Dazu kommen noch die Sprecherrollen aus der Vor-und Nachrede, sodass mindestens ca. 15 Rollen besetzt werden m\u00fcssen.<br \/>\nWenn in allen vier Szenen jeweils andere Kinder auftreten, k\u00f6nnen so insgesamt ca. 55 Rollen besetzt werden.<br \/>\nDie Auff\u00fchrungszeit betr\u00e4gt ca. 25 Minuten.<\/p>\n<p><span style=\"font-size: 18pt;\"><strong>Textumfang<\/strong><\/span><br \/>\nRollentext 8 Seiten, insgesamt 31 Seiten<\/p>\n<p><span style=\"font-size: 18pt;\"><strong>Musik<\/strong> <\/span><br \/>\nZus\u00e4tzlich zum Rollentext und den Lehrerhinweisen sind noch 4 Musik-Dateien im mp3-Format enthalten.<\/p>\n<p><span style=\"font-size: 18pt;\"><a href=\"https:\/\/kinder-spielen-theater.de\/wp-content\/uploads\/2021\/06\/41-LeseprobeErinnerungHoffnung.pdf\">Leseprobe<\/a><\/span><\/p>","protected":false},"excerpt":{"rendered":"<p>Inhalt Dieses Theaterst\u00fcck kann zum Ende des 4. Schuljahres gespielt werden. Die Kinder stellen erlebte Szenen aus dem ersten, zweiten, dritten und vierten Schuljahr dar, und \u00e4u\u00dfern ihre Hoffnungen f\u00fcr ihre weitere Schulzeit. Rollenzahl und Spieldauer Das St\u00fcck besteht aus vier Szenen, wobei in jeder Szene ca. 12 Kinder auftreten. Dazu kommen noch die Sprecherrollen [&hellip;]<\/p>\n","protected":false},"featured_media":712,"comment_status":"closed","ping_status":"closed","template":"","meta":[],"product_brand":[],"product_cat":[45],"product_tag":[],"class_list":{"0":"post-313","1":"product","2":"type-product","3":"status-publish","4":"has-post-thumbnail","6":"product_cat-besondere-anlaesse","8":"first","9":"instock","10":"sale","11":"downloadable","12":"virtual","13":"purchasable","14":"product-type-simple"},"yoast_head":"<!-- This site is optimized with the Yoast SEO plugin v27.3 - https:\/\/yoast.com\/product\/yoast-seo-wordpress\/ -->\n<title>Erinnerung und Hoffnung - Kinder spielen Theater<\/title>\n<meta name=\"robots\" content=\"index, follow, max-snippet:-1, max-image-preview:large, max-video-preview:-1\" \/>\n<link rel=\"canonical\" href=\"https:\/\/kinder-spielen-theater.de\/da\/vare\/erinnerung-und-hoffnung\/\" \/>\n<meta property=\"og:locale\" content=\"da_DK\" \/>\n<meta property=\"og:type\" content=\"article\" \/>\n<meta property=\"og:title\" content=\"Erinnerung und Hoffnung - Kinder spielen Theater\" \/>\n<meta property=\"og:description\" content=\"Inhalt Dieses Theaterst\u00fcck kann zum Ende des 4. Schuljahres gespielt werden. Die Kinder stellen erlebte Szenen aus dem ersten, zweiten, dritten und vierten Schuljahr dar, und \u00e4u\u00dfern ihre Hoffnungen f\u00fcr ihre weitere Schulzeit. Rollenzahl und Spieldauer Das St\u00fcck besteht aus vier Szenen, wobei in jeder Szene ca. 12 Kinder auftreten. Dazu kommen noch die Sprecherrollen [&hellip;]\" \/>\n<meta property=\"og:url\" content=\"https:\/\/kinder-spielen-theater.de\/da\/vare\/erinnerung-und-hoffnung\/\" \/>\n<meta property=\"og:site_name\" content=\"Kinder spielen Theater\" \/>\n<meta property=\"article:modified_time\" content=\"2022-09-27T07:21:19+00:00\" \/>\n<meta property=\"og:image\" content=\"https:\/\/kinder-spielen-theater.de\/wp-content\/uploads\/2021\/06\/41-Erinnerung-und..-o.k.-page-001.jpg\" \/>\n\t<meta property=\"og:image:width\" content=\"1240\" \/>\n\t<meta property=\"og:image:height\" content=\"1754\" \/>\n\t<meta property=\"og:image:type\" content=\"image\/jpeg\" \/>\n<meta name=\"twitter:card\" content=\"summary_large_image\" \/>\n<meta name=\"twitter:label1\" content=\"Estimeret l\u00e6setid\" \/>\n\t<meta name=\"twitter:data1\" content=\"1 minut\" \/>\n<script type=\"application\/ld+json\" class=\"yoast-schema-graph\">{\"@context\":\"https:\\\/\\\/schema.org\",\"@graph\":[{\"@type\":\"WebPage\",\"@id\":\"https:\\\/\\\/kinder-spielen-theater.de\\\/produkt\\\/erinnerung-und-hoffnung\\\/\",\"url\":\"https:\\\/\\\/kinder-spielen-theater.de\\\/produkt\\\/erinnerung-und-hoffnung\\\/\",\"name\":\"Erinnerung und Hoffnung - Kinder spielen Theater\",\"isPartOf\":{\"@id\":\"https:\\\/\\\/kinder-spielen-theater.de\\\/#website\"},\"primaryImageOfPage\":{\"@id\":\"https:\\\/\\\/kinder-spielen-theater.de\\\/produkt\\\/erinnerung-und-hoffnung\\\/#primaryimage\"},\"image\":{\"@id\":\"https:\\\/\\\/kinder-spielen-theater.de\\\/produkt\\\/erinnerung-und-hoffnung\\\/#primaryimage\"},\"thumbnailUrl\":\"https:\\\/\\\/kinder-spielen-theater.de\\\/wp-content\\\/uploads\\\/2021\\\/06\\\/41-Erinnerung-und..-o.k.-page-001.jpg\",\"datePublished\":\"2021-06-02T09:15:08+00:00\",\"dateModified\":\"2022-09-27T07:21:19+00:00\",\"breadcrumb\":{\"@id\":\"https:\\\/\\\/kinder-spielen-theater.de\\\/produkt\\\/erinnerung-und-hoffnung\\\/#breadcrumb\"},\"inLanguage\":\"da-DK\",\"potentialAction\":[{\"@type\":\"ReadAction\",\"target\":[\"https:\\\/\\\/kinder-spielen-theater.de\\\/produkt\\\/erinnerung-und-hoffnung\\\/\"]}]},{\"@type\":\"ImageObject\",\"inLanguage\":\"da-DK\",\"@id\":\"https:\\\/\\\/kinder-spielen-theater.de\\\/produkt\\\/erinnerung-und-hoffnung\\\/#primaryimage\",\"url\":\"https:\\\/\\\/kinder-spielen-theater.de\\\/wp-content\\\/uploads\\\/2021\\\/06\\\/41-Erinnerung-und..-o.k.-page-001.jpg\",\"contentUrl\":\"https:\\\/\\\/kinder-spielen-theater.de\\\/wp-content\\\/uploads\\\/2021\\\/06\\\/41-Erinnerung-und..-o.k.-page-001.jpg\",\"width\":1240,\"height\":1754},{\"@type\":\"BreadcrumbList\",\"@id\":\"https:\\\/\\\/kinder-spielen-theater.de\\\/produkt\\\/erinnerung-und-hoffnung\\\/#breadcrumb\",\"itemListElement\":[{\"@type\":\"ListItem\",\"position\":1,\"name\":\"Startseite\",\"item\":\"https:\\\/\\\/kinder-spielen-theater.de\\\/\"},{\"@type\":\"ListItem\",\"position\":2,\"name\":\"Shop: Theaterst\u00fccke zum Download\",\"item\":\"https:\\\/\\\/kinder-spielen-theater.de\\\/shop\\\/\"},{\"@type\":\"ListItem\",\"position\":3,\"name\":\"Erinnerung und Hoffnung\"}]},{\"@type\":\"WebSite\",\"@id\":\"https:\\\/\\\/kinder-spielen-theater.de\\\/#website\",\"url\":\"https:\\\/\\\/kinder-spielen-theater.de\\\/\",\"name\":\"Kinder spielen Theater\",\"description\":\"Theaterst\u00fccke f\u00fcr die Grundschule, Haupt- und Realschule, Gesamtschule und Gymnasium, Theaterst\u00fccke f\u00fcr Kinder\",\"potentialAction\":[{\"@type\":\"SearchAction\",\"target\":{\"@type\":\"EntryPoint\",\"urlTemplate\":\"https:\\\/\\\/kinder-spielen-theater.de\\\/?s={search_term_string}\"},\"query-input\":{\"@type\":\"PropertyValueSpecification\",\"valueRequired\":true,\"valueName\":\"search_term_string\"}}],\"inLanguage\":\"da-DK\"}]}<\/script>\n<!-- \/ Yoast SEO plugin. -->","yoast_head_json":{"title":"Erinnerung und Hoffnung - Kinder spielen Theater","robots":{"index":"index","follow":"follow","max-snippet":"max-snippet:-1","max-image-preview":"max-image-preview:large","max-video-preview":"max-video-preview:-1"},"canonical":"https:\/\/kinder-spielen-theater.de\/da\/vare\/erinnerung-und-hoffnung\/","og_locale":"da_DK","og_type":"article","og_title":"Erinnerung und Hoffnung - Kinder spielen Theater","og_description":"Inhalt Dieses Theaterst\u00fcck kann zum Ende des 4. Schuljahres gespielt werden. Die Kinder stellen erlebte Szenen aus dem ersten, zweiten, dritten und vierten Schuljahr dar, und \u00e4u\u00dfern ihre Hoffnungen f\u00fcr ihre weitere Schulzeit. Rollenzahl und Spieldauer Das St\u00fcck besteht aus vier Szenen, wobei in jeder Szene ca. 12 Kinder auftreten. Dazu kommen noch die Sprecherrollen [&hellip;]","og_url":"https:\/\/kinder-spielen-theater.de\/da\/vare\/erinnerung-und-hoffnung\/","og_site_name":"Kinder spielen Theater","article_modified_time":"2022-09-27T07:21:19+00:00","og_image":[{"width":1240,"height":1754,"url":"https:\/\/kinder-spielen-theater.de\/wp-content\/uploads\/2021\/06\/41-Erinnerung-und..-o.k.-page-001.jpg","type":"image\/jpeg"}],"twitter_card":"summary_large_image","twitter_misc":{"Estimeret l\u00e6setid":"1 minut"},"schema":{"@context":"https:\/\/schema.org","@graph":[{"@type":"WebPage","@id":"https:\/\/kinder-spielen-theater.de\/produkt\/erinnerung-und-hoffnung\/","url":"https:\/\/kinder-spielen-theater.de\/produkt\/erinnerung-und-hoffnung\/","name":"Erinnerung und Hoffnung - Kinder spielen Theater","isPartOf":{"@id":"https:\/\/kinder-spielen-theater.de\/#website"},"primaryImageOfPage":{"@id":"https:\/\/kinder-spielen-theater.de\/produkt\/erinnerung-und-hoffnung\/#primaryimage"},"image":{"@id":"https:\/\/kinder-spielen-theater.de\/produkt\/erinnerung-und-hoffnung\/#primaryimage"},"thumbnailUrl":"https:\/\/kinder-spielen-theater.de\/wp-content\/uploads\/2021\/06\/41-Erinnerung-und..-o.k.-page-001.jpg","datePublished":"2021-06-02T09:15:08+00:00","dateModified":"2022-09-27T07:21:19+00:00","breadcrumb":{"@id":"https:\/\/kinder-spielen-theater.de\/produkt\/erinnerung-und-hoffnung\/#breadcrumb"},"inLanguage":"da-DK","potentialAction":[{"@type":"ReadAction","target":["https:\/\/kinder-spielen-theater.de\/produkt\/erinnerung-und-hoffnung\/"]}]},{"@type":"ImageObject","inLanguage":"da-DK","@id":"https:\/\/kinder-spielen-theater.de\/produkt\/erinnerung-und-hoffnung\/#primaryimage","url":"https:\/\/kinder-spielen-theater.de\/wp-content\/uploads\/2021\/06\/41-Erinnerung-und..-o.k.-page-001.jpg","contentUrl":"https:\/\/kinder-spielen-theater.de\/wp-content\/uploads\/2021\/06\/41-Erinnerung-und..-o.k.-page-001.jpg","width":1240,"height":1754},{"@type":"BreadcrumbList","@id":"https:\/\/kinder-spielen-theater.de\/produkt\/erinnerung-und-hoffnung\/#breadcrumb","itemListElement":[{"@type":"ListItem","position":1,"name":"Startseite","item":"https:\/\/kinder-spielen-theater.de\/"},{"@type":"ListItem","position":2,"name":"Shop: Theaterst\u00fccke zum Download","item":"https:\/\/kinder-spielen-theater.de\/shop\/"},{"@type":"ListItem","position":3,"name":"Erinnerung und Hoffnung"}]},{"@type":"WebSite","@id":"https:\/\/kinder-spielen-theater.de\/#website","url":"https:\/\/kinder-spielen-theater.de\/","name":"B\u00f8rn leger teater","description":"Skuespil til folkeskolen, Hauptschule og Realschule, Gesamtschule og Gymnasium, skuespil for b\u00f8rn","potentialAction":[{"@type":"SearchAction","target":{"@type":"EntryPoint","urlTemplate":"https:\/\/kinder-spielen-theater.de\/?s={search_term_string}"},"query-input":{"@type":"PropertyValueSpecification","valueRequired":true,"valueName":"search_term_string"}}],"inLanguage":"da-DK"}]}},"_links":{"self":[{"href":"https:\/\/kinder-spielen-theater.de\/da\/wp-json\/wp\/v2\/product\/313","targetHints":{"allow":["GET"]}}],"collection":[{"href":"https:\/\/kinder-spielen-theater.de\/da\/wp-json\/wp\/v2\/product"}],"about":[{"href":"https:\/\/kinder-spielen-theater.de\/da\/wp-json\/wp\/v2\/types\/product"}],"replies":[{"embeddable":true,"href":"https:\/\/kinder-spielen-theater.de\/da\/wp-json\/wp\/v2\/comments?post=313"}],"wp:featuredmedia":[{"embeddable":true,"href":"https:\/\/kinder-spielen-theater.de\/da\/wp-json\/wp\/v2\/media\/712"}],"wp:attachment":[{"href":"https:\/\/kinder-spielen-theater.de\/da\/wp-json\/wp\/v2\/media?parent=313"}],"wp:term":[{"taxonomy":"product_brand","embeddable":true,"href":"https:\/\/kinder-spielen-theater.de\/da\/wp-json\/wp\/v2\/product_brand?post=313"},{"taxonomy":"product_cat","embeddable":true,"href":"https:\/\/kinder-spielen-theater.de\/da\/wp-json\/wp\/v2\/product_cat?post=313"},{"taxonomy":"product_tag","embeddable":true,"href":"https:\/\/kinder-spielen-theater.de\/da\/wp-json\/wp\/v2\/product_tag?post=313"}],"curies":[{"name":"wp","href":"https:\/\/api.w.org\/{rel}","templated":true}]}}