{"id":303,"date":"2021-06-02T09:01:50","date_gmt":"2021-06-02T09:01:50","guid":{"rendered":"https:\/\/kinder-spielen-theater.de\/?post_type=product&#038;p=303"},"modified":"2021-11-01T20:09:47","modified_gmt":"2021-11-01T20:09:47","slug":"ein-saal-voll-gold-als-loesegeld","status":"publish","type":"product","link":"https:\/\/kinder-spielen-theater.de\/da\/vare\/ein-saal-voll-gold-als-loesegeld\/","title":{"rendered":"Ein Saal voll Gold als L\u00f6segeld"},"content":{"rendered":"<p><span style=\"font-size: 18pt;\"><strong>Inhalt<\/strong> <\/span><br \/>\nDieses St\u00fcck f\u00fchrt die Kinder zur\u00fcck in das Reich der Inka und erz\u00e4hlt aus der Sicht der Indianer den Untergang ihrer Kultur nach der Entdeckung Amerikas durch Kolumbus vor f\u00fcnfhundert Jahren.<br \/>\nEin Gro\u00dfvater erz\u00e4hlt seinem Enkel, wie die fremden Eroberer auf ihrer Suche nach Gold in das Land eindringen, den Inka gefangen setzen und einen Saal voller Gold als L\u00f6segeld f\u00fcr ihn fordern. Nicht nur der Tod des Inka, sondern auch eingeschleppte Krankheiten zerst\u00f6ren schlie\u00dflich das Leben der Indianer. Zugleich gibt das St\u00fcck auch einen lebendigen Eindruck von der Lebenswelt der Indianer zur Zeit des Inkareiches und beschreibt ihre Lebensgewohnheiten, ihre T\u00e4nze und Feste und ihre soziale Ordnung.<\/p>\n<p><span style=\"font-size: 18pt;\"><strong>Rollenzahl und Spieldauer<\/strong><\/span><br \/>\nDas St\u00fcck besteht aus drei Akten. Wenn alle drei Akte gespielt werden, sind 26Rollen zu besetzen.<br \/>\nWenn ein Akt weggelassen wird (was m\u00f6glich ist), sind es nur ca. 20 Rollen.<br \/>\nDurch Hinzunahme von weiteren \u201eIndianern\u201c (Rollen ohne Sprechtext) kann die Zahl vergr\u00f6\u00dfert werden.<br \/>\nDie Auff\u00fchrungszeit des vollst\u00e4ndigen St\u00fcckes betr\u00e4gt ca. 40 Minuten.<\/p>\n<p><span style=\"font-size: 18pt;\"><strong>Textumfang<\/strong><\/span><br \/>\nRollentext 11 Seiten, insgesamt 43 Seiten<\/p>\n<p><span style=\"font-size: 18pt;\"><a href=\"https:\/\/kinder-spielen-theater.de\/wp-content\/uploads\/2021\/06\/39-Ein-Saal-voll-Gold...Lesepr.Adobe_.pdf\">Leseprobe<\/a><\/span><\/p>","protected":false},"excerpt":{"rendered":"<p>Inhalt Dieses St\u00fcck f\u00fchrt die Kinder zur\u00fcck in das Reich der Inka und erz\u00e4hlt aus der Sicht der Indianer den Untergang ihrer Kultur nach der Entdeckung Amerikas durch Kolumbus vor f\u00fcnfhundert Jahren. Ein Gro\u00dfvater erz\u00e4hlt seinem Enkel, wie die fremden Eroberer auf ihrer Suche nach Gold in das Land eindringen, den Inka gefangen setzen und [&hellip;]<\/p>\n","protected":false},"featured_media":488,"comment_status":"open","ping_status":"closed","template":"","meta":[],"product_brand":[],"product_cat":[46],"product_tag":[],"class_list":{"0":"post-303","1":"product","2":"type-product","3":"status-publish","4":"has-post-thumbnail","6":"product_cat-aussereuroaeisches-kulturelles-erbe","8":"first","9":"instock","10":"downloadable","11":"virtual","12":"purchasable","13":"product-type-simple"},"yoast_head":"<!-- This site is optimized with the Yoast SEO plugin v27.3 - https:\/\/yoast.com\/product\/yoast-seo-wordpress\/ -->\n<title>Ein Saal voll Gold als L\u00f6segeld - Kinder spielen Theater<\/title>\n<meta name=\"robots\" content=\"index, follow, max-snippet:-1, max-image-preview:large, max-video-preview:-1\" \/>\n<link rel=\"canonical\" href=\"https:\/\/kinder-spielen-theater.de\/da\/vare\/ein-saal-voll-gold-als-loesegeld\/\" \/>\n<meta property=\"og:locale\" content=\"da_DK\" \/>\n<meta property=\"og:type\" content=\"article\" \/>\n<meta property=\"og:title\" content=\"Ein Saal voll Gold als L\u00f6segeld - Kinder spielen Theater\" \/>\n<meta property=\"og:description\" content=\"Inhalt Dieses St\u00fcck f\u00fchrt die Kinder zur\u00fcck in das Reich der Inka und erz\u00e4hlt aus der Sicht der Indianer den Untergang ihrer Kultur nach der Entdeckung Amerikas durch Kolumbus vor f\u00fcnfhundert Jahren. Ein Gro\u00dfvater erz\u00e4hlt seinem Enkel, wie die fremden Eroberer auf ihrer Suche nach Gold in das Land eindringen, den Inka gefangen setzen und [&hellip;]\" \/>\n<meta property=\"og:url\" content=\"https:\/\/kinder-spielen-theater.de\/da\/vare\/ein-saal-voll-gold-als-loesegeld\/\" \/>\n<meta property=\"og:site_name\" content=\"Kinder spielen Theater\" \/>\n<meta property=\"article:modified_time\" content=\"2021-11-01T20:09:47+00:00\" \/>\n<meta property=\"og:image\" content=\"https:\/\/kinder-spielen-theater.de\/wp-content\/uploads\/2021\/06\/39-Cover-Ein-Saal-voll-Gold.jpg\" \/>\n\t<meta property=\"og:image:width\" content=\"250\" \/>\n\t<meta property=\"og:image:height\" content=\"354\" \/>\n\t<meta property=\"og:image:type\" content=\"image\/jpeg\" \/>\n<meta name=\"twitter:card\" content=\"summary_large_image\" \/>\n<meta name=\"twitter:label1\" content=\"Estimeret l\u00e6setid\" \/>\n\t<meta name=\"twitter:data1\" content=\"1 minut\" \/>\n<script type=\"application\/ld+json\" class=\"yoast-schema-graph\">{\"@context\":\"https:\\\/\\\/schema.org\",\"@graph\":[{\"@type\":\"WebPage\",\"@id\":\"https:\\\/\\\/kinder-spielen-theater.de\\\/produkt\\\/ein-saal-voll-gold-als-loesegeld\\\/\",\"url\":\"https:\\\/\\\/kinder-spielen-theater.de\\\/produkt\\\/ein-saal-voll-gold-als-loesegeld\\\/\",\"name\":\"Ein Saal voll Gold als L\u00f6segeld - Kinder spielen Theater\",\"isPartOf\":{\"@id\":\"https:\\\/\\\/kinder-spielen-theater.de\\\/#website\"},\"primaryImageOfPage\":{\"@id\":\"https:\\\/\\\/kinder-spielen-theater.de\\\/produkt\\\/ein-saal-voll-gold-als-loesegeld\\\/#primaryimage\"},\"image\":{\"@id\":\"https:\\\/\\\/kinder-spielen-theater.de\\\/produkt\\\/ein-saal-voll-gold-als-loesegeld\\\/#primaryimage\"},\"thumbnailUrl\":\"https:\\\/\\\/kinder-spielen-theater.de\\\/wp-content\\\/uploads\\\/2021\\\/06\\\/39-Cover-Ein-Saal-voll-Gold.jpg\",\"datePublished\":\"2021-06-02T09:01:50+00:00\",\"dateModified\":\"2021-11-01T20:09:47+00:00\",\"breadcrumb\":{\"@id\":\"https:\\\/\\\/kinder-spielen-theater.de\\\/produkt\\\/ein-saal-voll-gold-als-loesegeld\\\/#breadcrumb\"},\"inLanguage\":\"da-DK\",\"potentialAction\":[{\"@type\":\"ReadAction\",\"target\":[\"https:\\\/\\\/kinder-spielen-theater.de\\\/produkt\\\/ein-saal-voll-gold-als-loesegeld\\\/\"]}]},{\"@type\":\"ImageObject\",\"inLanguage\":\"da-DK\",\"@id\":\"https:\\\/\\\/kinder-spielen-theater.de\\\/produkt\\\/ein-saal-voll-gold-als-loesegeld\\\/#primaryimage\",\"url\":\"https:\\\/\\\/kinder-spielen-theater.de\\\/wp-content\\\/uploads\\\/2021\\\/06\\\/39-Cover-Ein-Saal-voll-Gold.jpg\",\"contentUrl\":\"https:\\\/\\\/kinder-spielen-theater.de\\\/wp-content\\\/uploads\\\/2021\\\/06\\\/39-Cover-Ein-Saal-voll-Gold.jpg\",\"width\":250,\"height\":354},{\"@type\":\"BreadcrumbList\",\"@id\":\"https:\\\/\\\/kinder-spielen-theater.de\\\/produkt\\\/ein-saal-voll-gold-als-loesegeld\\\/#breadcrumb\",\"itemListElement\":[{\"@type\":\"ListItem\",\"position\":1,\"name\":\"Startseite\",\"item\":\"https:\\\/\\\/kinder-spielen-theater.de\\\/\"},{\"@type\":\"ListItem\",\"position\":2,\"name\":\"Shop: Theaterst\u00fccke zum Download\",\"item\":\"https:\\\/\\\/kinder-spielen-theater.de\\\/shop\\\/\"},{\"@type\":\"ListItem\",\"position\":3,\"name\":\"Ein Saal voll Gold als L\u00f6segeld\"}]},{\"@type\":\"WebSite\",\"@id\":\"https:\\\/\\\/kinder-spielen-theater.de\\\/#website\",\"url\":\"https:\\\/\\\/kinder-spielen-theater.de\\\/\",\"name\":\"Kinder spielen Theater\",\"description\":\"Theaterst\u00fccke f\u00fcr die Grundschule, Haupt- und Realschule, Gesamtschule und Gymnasium, Theaterst\u00fccke f\u00fcr Kinder\",\"potentialAction\":[{\"@type\":\"SearchAction\",\"target\":{\"@type\":\"EntryPoint\",\"urlTemplate\":\"https:\\\/\\\/kinder-spielen-theater.de\\\/?s={search_term_string}\"},\"query-input\":{\"@type\":\"PropertyValueSpecification\",\"valueRequired\":true,\"valueName\":\"search_term_string\"}}],\"inLanguage\":\"da-DK\"}]}<\/script>\n<!-- \/ Yoast SEO plugin. -->","yoast_head_json":{"title":"Ein Saal voll Gold als L\u00f6segeld - Kinder spielen Theater","robots":{"index":"index","follow":"follow","max-snippet":"max-snippet:-1","max-image-preview":"max-image-preview:large","max-video-preview":"max-video-preview:-1"},"canonical":"https:\/\/kinder-spielen-theater.de\/da\/vare\/ein-saal-voll-gold-als-loesegeld\/","og_locale":"da_DK","og_type":"article","og_title":"Ein Saal voll Gold als L\u00f6segeld - Kinder spielen Theater","og_description":"Inhalt Dieses St\u00fcck f\u00fchrt die Kinder zur\u00fcck in das Reich der Inka und erz\u00e4hlt aus der Sicht der Indianer den Untergang ihrer Kultur nach der Entdeckung Amerikas durch Kolumbus vor f\u00fcnfhundert Jahren. Ein Gro\u00dfvater erz\u00e4hlt seinem Enkel, wie die fremden Eroberer auf ihrer Suche nach Gold in das Land eindringen, den Inka gefangen setzen und [&hellip;]","og_url":"https:\/\/kinder-spielen-theater.de\/da\/vare\/ein-saal-voll-gold-als-loesegeld\/","og_site_name":"Kinder spielen Theater","article_modified_time":"2021-11-01T20:09:47+00:00","og_image":[{"width":250,"height":354,"url":"https:\/\/kinder-spielen-theater.de\/wp-content\/uploads\/2021\/06\/39-Cover-Ein-Saal-voll-Gold.jpg","type":"image\/jpeg"}],"twitter_card":"summary_large_image","twitter_misc":{"Estimeret l\u00e6setid":"1 minut"},"schema":{"@context":"https:\/\/schema.org","@graph":[{"@type":"WebPage","@id":"https:\/\/kinder-spielen-theater.de\/produkt\/ein-saal-voll-gold-als-loesegeld\/","url":"https:\/\/kinder-spielen-theater.de\/produkt\/ein-saal-voll-gold-als-loesegeld\/","name":"Ein Saal voll Gold als L\u00f6segeld - Kinder spielen Theater","isPartOf":{"@id":"https:\/\/kinder-spielen-theater.de\/#website"},"primaryImageOfPage":{"@id":"https:\/\/kinder-spielen-theater.de\/produkt\/ein-saal-voll-gold-als-loesegeld\/#primaryimage"},"image":{"@id":"https:\/\/kinder-spielen-theater.de\/produkt\/ein-saal-voll-gold-als-loesegeld\/#primaryimage"},"thumbnailUrl":"https:\/\/kinder-spielen-theater.de\/wp-content\/uploads\/2021\/06\/39-Cover-Ein-Saal-voll-Gold.jpg","datePublished":"2021-06-02T09:01:50+00:00","dateModified":"2021-11-01T20:09:47+00:00","breadcrumb":{"@id":"https:\/\/kinder-spielen-theater.de\/produkt\/ein-saal-voll-gold-als-loesegeld\/#breadcrumb"},"inLanguage":"da-DK","potentialAction":[{"@type":"ReadAction","target":["https:\/\/kinder-spielen-theater.de\/produkt\/ein-saal-voll-gold-als-loesegeld\/"]}]},{"@type":"ImageObject","inLanguage":"da-DK","@id":"https:\/\/kinder-spielen-theater.de\/produkt\/ein-saal-voll-gold-als-loesegeld\/#primaryimage","url":"https:\/\/kinder-spielen-theater.de\/wp-content\/uploads\/2021\/06\/39-Cover-Ein-Saal-voll-Gold.jpg","contentUrl":"https:\/\/kinder-spielen-theater.de\/wp-content\/uploads\/2021\/06\/39-Cover-Ein-Saal-voll-Gold.jpg","width":250,"height":354},{"@type":"BreadcrumbList","@id":"https:\/\/kinder-spielen-theater.de\/produkt\/ein-saal-voll-gold-als-loesegeld\/#breadcrumb","itemListElement":[{"@type":"ListItem","position":1,"name":"Startseite","item":"https:\/\/kinder-spielen-theater.de\/"},{"@type":"ListItem","position":2,"name":"Shop: Theaterst\u00fccke zum Download","item":"https:\/\/kinder-spielen-theater.de\/shop\/"},{"@type":"ListItem","position":3,"name":"Ein Saal voll Gold als L\u00f6segeld"}]},{"@type":"WebSite","@id":"https:\/\/kinder-spielen-theater.de\/#website","url":"https:\/\/kinder-spielen-theater.de\/","name":"B\u00f8rn leger teater","description":"Skuespil til folkeskolen, Hauptschule og Realschule, Gesamtschule og Gymnasium, skuespil for b\u00f8rn","potentialAction":[{"@type":"SearchAction","target":{"@type":"EntryPoint","urlTemplate":"https:\/\/kinder-spielen-theater.de\/?s={search_term_string}"},"query-input":{"@type":"PropertyValueSpecification","valueRequired":true,"valueName":"search_term_string"}}],"inLanguage":"da-DK"}]}},"_links":{"self":[{"href":"https:\/\/kinder-spielen-theater.de\/da\/wp-json\/wp\/v2\/product\/303","targetHints":{"allow":["GET"]}}],"collection":[{"href":"https:\/\/kinder-spielen-theater.de\/da\/wp-json\/wp\/v2\/product"}],"about":[{"href":"https:\/\/kinder-spielen-theater.de\/da\/wp-json\/wp\/v2\/types\/product"}],"replies":[{"embeddable":true,"href":"https:\/\/kinder-spielen-theater.de\/da\/wp-json\/wp\/v2\/comments?post=303"}],"wp:featuredmedia":[{"embeddable":true,"href":"https:\/\/kinder-spielen-theater.de\/da\/wp-json\/wp\/v2\/media\/488"}],"wp:attachment":[{"href":"https:\/\/kinder-spielen-theater.de\/da\/wp-json\/wp\/v2\/media?parent=303"}],"wp:term":[{"taxonomy":"product_brand","embeddable":true,"href":"https:\/\/kinder-spielen-theater.de\/da\/wp-json\/wp\/v2\/product_brand?post=303"},{"taxonomy":"product_cat","embeddable":true,"href":"https:\/\/kinder-spielen-theater.de\/da\/wp-json\/wp\/v2\/product_cat?post=303"},{"taxonomy":"product_tag","embeddable":true,"href":"https:\/\/kinder-spielen-theater.de\/da\/wp-json\/wp\/v2\/product_tag?post=303"}],"curies":[{"name":"wp","href":"https:\/\/api.w.org\/{rel}","templated":true}]}}