{"id":293,"date":"2021-06-02T08:51:37","date_gmt":"2021-06-02T08:51:37","guid":{"rendered":"https:\/\/kinder-spielen-theater.de\/?post_type=product&#038;p=293"},"modified":"2022-09-27T07:24:03","modified_gmt":"2022-09-27T07:24:03","slug":"die-weihnachtsgeschichte","status":"publish","type":"product","link":"https:\/\/kinder-spielen-theater.de\/da\/vare\/die-weihnachtsgeschichte\/","title":{"rendered":"Die Weihnachtsgeschichte"},"content":{"rendered":"<p><span style=\"font-size: 18pt;\"><strong>Inhalt<\/strong><\/span><br \/>\nErz\u00e4hlt wird die Geschichte von der Ank\u00fcndigung der Geburt Jesus durch einen Engel bis zur Flucht Maria und Josefs nach \u00c4gypten. Maria, die bald die Geburt Jesus erwartet, muss mit Josef nach Bethlehem aufbrechen, um an der von Kaiser Augustus angeordneten Volksz\u00e4hlung teilzunehmen. In Persien entdecken die Sternbeobachter Kaspar, Melchior und Balthasar den Stern von Bethlehem und deuten ihn als das Zeichen f\u00fcr die Geburt eines gro\u00dfen K\u00f6nigs, der den Menschen Hoffnung und Frieden bringen soll. Diesen K\u00f6nig wollen sie anbeten und begeben sich deshalb auf die Reise um ihn zu suchen und finden ihn in einer Krippe in einem Stall in Bethlehem.<br \/>\nMaria und Josef m\u00fcssen allerdings kurz nach der Geburt ihres Kindes das Land verlassen, werden also zu Fl\u00fcchtlingen. Der Grund daf\u00fcr ist bekannt: die Anordnung zur Ermordung aller Neugeborenen.<\/p>\n<p><span style=\"font-size: 18pt;\"><strong>Rollenzahl und Spieldauer<\/strong><\/span><br \/>\n\u201eDie Weihnachtsgeschichte\u201c besteht aus drei Akten, wobei mit einem ersten Schuljahr z.B. nur der dritte Akt (10 Rollen, zu denen aber zus\u00e4tzliche Hirtenrollen ohne Sprechtext eingef\u00fchrt werden k\u00f6nnten) und ab dem dritten Schuljahr alle drei Akte (30 Rollen) gespielt werden k\u00f6nnten.<br \/>\nDie Auff\u00fchrungszeiten betragen ca. 10, bzw.ca. 30 Minuten.<\/p>\n<p><span style=\"font-size: 18pt;\"><strong>Textumfang<\/strong><\/span><br \/>\nRollentext 9 Seiten, insgesamt 44 Seiten<\/p>\n<p><span style=\"font-size: 18pt;\"><strong>Musik<\/strong><\/span><br \/>\nZus\u00e4tzlich zum Rollentext und den Lehrerhinweisen ist noch eine Musik-Datei im mp3-Format enthalten.<\/p>\n<p><span style=\"font-size: 18pt;\"><a href=\"https:\/\/kinder-spielen-theater.de\/wp-content\/uploads\/2021\/06\/36-Die-Weihnachtsgesch.-Leseprobe-Adobe.pdf\">Leseprobe<\/a><\/span><\/p>\n<p>&nbsp;<\/p>","protected":false},"excerpt":{"rendered":"<p>Inhalt Erz\u00e4hlt wird die Geschichte von der Ank\u00fcndigung der Geburt Jesus durch einen Engel bis zur Flucht Maria und Josefs nach \u00c4gypten. Maria, die bald die Geburt Jesus erwartet, muss mit Josef nach Bethlehem aufbrechen, um an der von Kaiser Augustus angeordneten Volksz\u00e4hlung teilzunehmen. In Persien entdecken die Sternbeobachter Kaspar, Melchior und Balthasar den Stern [&hellip;]<\/p>\n","protected":false},"featured_media":715,"comment_status":"open","ping_status":"closed","template":"","meta":[],"product_brand":[],"product_cat":[45],"product_tag":[],"class_list":{"0":"post-293","1":"product","2":"type-product","3":"status-publish","4":"has-post-thumbnail","6":"product_cat-besondere-anlaesse","8":"first","9":"instock","10":"downloadable","11":"virtual","12":"purchasable","13":"product-type-simple"},"yoast_head":"<!-- This site is optimized with the Yoast SEO plugin v27.3 - https:\/\/yoast.com\/product\/yoast-seo-wordpress\/ -->\n<title>Die Weihnachtsgeschichte - Kinder spielen Theater<\/title>\n<meta name=\"robots\" content=\"index, follow, max-snippet:-1, max-image-preview:large, max-video-preview:-1\" \/>\n<link rel=\"canonical\" href=\"https:\/\/kinder-spielen-theater.de\/da\/vare\/die-weihnachtsgeschichte\/\" \/>\n<meta property=\"og:locale\" content=\"da_DK\" \/>\n<meta property=\"og:type\" content=\"article\" \/>\n<meta property=\"og:title\" content=\"Die Weihnachtsgeschichte - Kinder spielen Theater\" \/>\n<meta property=\"og:description\" content=\"Inhalt Erz\u00e4hlt wird die Geschichte von der Ank\u00fcndigung der Geburt Jesus durch einen Engel bis zur Flucht Maria und Josefs nach \u00c4gypten. Maria, die bald die Geburt Jesus erwartet, muss mit Josef nach Bethlehem aufbrechen, um an der von Kaiser Augustus angeordneten Volksz\u00e4hlung teilzunehmen. In Persien entdecken die Sternbeobachter Kaspar, Melchior und Balthasar den Stern [&hellip;]\" \/>\n<meta property=\"og:url\" content=\"https:\/\/kinder-spielen-theater.de\/da\/vare\/die-weihnachtsgeschichte\/\" \/>\n<meta property=\"og:site_name\" content=\"Kinder spielen Theater\" \/>\n<meta property=\"article:modified_time\" content=\"2022-09-27T07:24:03+00:00\" \/>\n<meta property=\"og:image\" content=\"https:\/\/kinder-spielen-theater.de\/wp-content\/uploads\/2021\/06\/36-Die-Weihnachtsgeschichte-o.k.-page-001.jpg\" \/>\n\t<meta property=\"og:image:width\" content=\"1240\" \/>\n\t<meta property=\"og:image:height\" content=\"1754\" \/>\n\t<meta property=\"og:image:type\" content=\"image\/jpeg\" \/>\n<meta name=\"twitter:card\" content=\"summary_large_image\" \/>\n<meta name=\"twitter:label1\" content=\"Estimeret l\u00e6setid\" \/>\n\t<meta name=\"twitter:data1\" content=\"2 minutter\" \/>\n<script type=\"application\/ld+json\" class=\"yoast-schema-graph\">{\"@context\":\"https:\\\/\\\/schema.org\",\"@graph\":[{\"@type\":\"WebPage\",\"@id\":\"https:\\\/\\\/kinder-spielen-theater.de\\\/produkt\\\/die-weihnachtsgeschichte\\\/\",\"url\":\"https:\\\/\\\/kinder-spielen-theater.de\\\/produkt\\\/die-weihnachtsgeschichte\\\/\",\"name\":\"Die Weihnachtsgeschichte - Kinder spielen Theater\",\"isPartOf\":{\"@id\":\"https:\\\/\\\/kinder-spielen-theater.de\\\/#website\"},\"primaryImageOfPage\":{\"@id\":\"https:\\\/\\\/kinder-spielen-theater.de\\\/produkt\\\/die-weihnachtsgeschichte\\\/#primaryimage\"},\"image\":{\"@id\":\"https:\\\/\\\/kinder-spielen-theater.de\\\/produkt\\\/die-weihnachtsgeschichte\\\/#primaryimage\"},\"thumbnailUrl\":\"https:\\\/\\\/kinder-spielen-theater.de\\\/wp-content\\\/uploads\\\/2021\\\/06\\\/36-Die-Weihnachtsgeschichte-o.k.-page-001.jpg\",\"datePublished\":\"2021-06-02T08:51:37+00:00\",\"dateModified\":\"2022-09-27T07:24:03+00:00\",\"breadcrumb\":{\"@id\":\"https:\\\/\\\/kinder-spielen-theater.de\\\/produkt\\\/die-weihnachtsgeschichte\\\/#breadcrumb\"},\"inLanguage\":\"da-DK\",\"potentialAction\":[{\"@type\":\"ReadAction\",\"target\":[\"https:\\\/\\\/kinder-spielen-theater.de\\\/produkt\\\/die-weihnachtsgeschichte\\\/\"]}]},{\"@type\":\"ImageObject\",\"inLanguage\":\"da-DK\",\"@id\":\"https:\\\/\\\/kinder-spielen-theater.de\\\/produkt\\\/die-weihnachtsgeschichte\\\/#primaryimage\",\"url\":\"https:\\\/\\\/kinder-spielen-theater.de\\\/wp-content\\\/uploads\\\/2021\\\/06\\\/36-Die-Weihnachtsgeschichte-o.k.-page-001.jpg\",\"contentUrl\":\"https:\\\/\\\/kinder-spielen-theater.de\\\/wp-content\\\/uploads\\\/2021\\\/06\\\/36-Die-Weihnachtsgeschichte-o.k.-page-001.jpg\",\"width\":1240,\"height\":1754},{\"@type\":\"BreadcrumbList\",\"@id\":\"https:\\\/\\\/kinder-spielen-theater.de\\\/produkt\\\/die-weihnachtsgeschichte\\\/#breadcrumb\",\"itemListElement\":[{\"@type\":\"ListItem\",\"position\":1,\"name\":\"Startseite\",\"item\":\"https:\\\/\\\/kinder-spielen-theater.de\\\/\"},{\"@type\":\"ListItem\",\"position\":2,\"name\":\"Shop: Theaterst\u00fccke zum Download\",\"item\":\"https:\\\/\\\/kinder-spielen-theater.de\\\/shop\\\/\"},{\"@type\":\"ListItem\",\"position\":3,\"name\":\"Die Weihnachtsgeschichte\"}]},{\"@type\":\"WebSite\",\"@id\":\"https:\\\/\\\/kinder-spielen-theater.de\\\/#website\",\"url\":\"https:\\\/\\\/kinder-spielen-theater.de\\\/\",\"name\":\"Kinder spielen Theater\",\"description\":\"Theaterst\u00fccke f\u00fcr die Grundschule, Haupt- und Realschule, Gesamtschule und Gymnasium, Theaterst\u00fccke f\u00fcr Kinder\",\"potentialAction\":[{\"@type\":\"SearchAction\",\"target\":{\"@type\":\"EntryPoint\",\"urlTemplate\":\"https:\\\/\\\/kinder-spielen-theater.de\\\/?s={search_term_string}\"},\"query-input\":{\"@type\":\"PropertyValueSpecification\",\"valueRequired\":true,\"valueName\":\"search_term_string\"}}],\"inLanguage\":\"da-DK\"}]}<\/script>\n<!-- \/ Yoast SEO plugin. -->","yoast_head_json":{"title":"Die Weihnachtsgeschichte - Kinder spielen Theater","robots":{"index":"index","follow":"follow","max-snippet":"max-snippet:-1","max-image-preview":"max-image-preview:large","max-video-preview":"max-video-preview:-1"},"canonical":"https:\/\/kinder-spielen-theater.de\/da\/vare\/die-weihnachtsgeschichte\/","og_locale":"da_DK","og_type":"article","og_title":"Die Weihnachtsgeschichte - Kinder spielen Theater","og_description":"Inhalt Erz\u00e4hlt wird die Geschichte von der Ank\u00fcndigung der Geburt Jesus durch einen Engel bis zur Flucht Maria und Josefs nach \u00c4gypten. Maria, die bald die Geburt Jesus erwartet, muss mit Josef nach Bethlehem aufbrechen, um an der von Kaiser Augustus angeordneten Volksz\u00e4hlung teilzunehmen. In Persien entdecken die Sternbeobachter Kaspar, Melchior und Balthasar den Stern [&hellip;]","og_url":"https:\/\/kinder-spielen-theater.de\/da\/vare\/die-weihnachtsgeschichte\/","og_site_name":"Kinder spielen Theater","article_modified_time":"2022-09-27T07:24:03+00:00","og_image":[{"width":1240,"height":1754,"url":"https:\/\/kinder-spielen-theater.de\/wp-content\/uploads\/2021\/06\/36-Die-Weihnachtsgeschichte-o.k.-page-001.jpg","type":"image\/jpeg"}],"twitter_card":"summary_large_image","twitter_misc":{"Estimeret l\u00e6setid":"2 minutter"},"schema":{"@context":"https:\/\/schema.org","@graph":[{"@type":"WebPage","@id":"https:\/\/kinder-spielen-theater.de\/produkt\/die-weihnachtsgeschichte\/","url":"https:\/\/kinder-spielen-theater.de\/produkt\/die-weihnachtsgeschichte\/","name":"Die Weihnachtsgeschichte - Kinder spielen Theater","isPartOf":{"@id":"https:\/\/kinder-spielen-theater.de\/#website"},"primaryImageOfPage":{"@id":"https:\/\/kinder-spielen-theater.de\/produkt\/die-weihnachtsgeschichte\/#primaryimage"},"image":{"@id":"https:\/\/kinder-spielen-theater.de\/produkt\/die-weihnachtsgeschichte\/#primaryimage"},"thumbnailUrl":"https:\/\/kinder-spielen-theater.de\/wp-content\/uploads\/2021\/06\/36-Die-Weihnachtsgeschichte-o.k.-page-001.jpg","datePublished":"2021-06-02T08:51:37+00:00","dateModified":"2022-09-27T07:24:03+00:00","breadcrumb":{"@id":"https:\/\/kinder-spielen-theater.de\/produkt\/die-weihnachtsgeschichte\/#breadcrumb"},"inLanguage":"da-DK","potentialAction":[{"@type":"ReadAction","target":["https:\/\/kinder-spielen-theater.de\/produkt\/die-weihnachtsgeschichte\/"]}]},{"@type":"ImageObject","inLanguage":"da-DK","@id":"https:\/\/kinder-spielen-theater.de\/produkt\/die-weihnachtsgeschichte\/#primaryimage","url":"https:\/\/kinder-spielen-theater.de\/wp-content\/uploads\/2021\/06\/36-Die-Weihnachtsgeschichte-o.k.-page-001.jpg","contentUrl":"https:\/\/kinder-spielen-theater.de\/wp-content\/uploads\/2021\/06\/36-Die-Weihnachtsgeschichte-o.k.-page-001.jpg","width":1240,"height":1754},{"@type":"BreadcrumbList","@id":"https:\/\/kinder-spielen-theater.de\/produkt\/die-weihnachtsgeschichte\/#breadcrumb","itemListElement":[{"@type":"ListItem","position":1,"name":"Startseite","item":"https:\/\/kinder-spielen-theater.de\/"},{"@type":"ListItem","position":2,"name":"Shop: Theaterst\u00fccke zum Download","item":"https:\/\/kinder-spielen-theater.de\/shop\/"},{"@type":"ListItem","position":3,"name":"Die Weihnachtsgeschichte"}]},{"@type":"WebSite","@id":"https:\/\/kinder-spielen-theater.de\/#website","url":"https:\/\/kinder-spielen-theater.de\/","name":"B\u00f8rn leger teater","description":"Skuespil til folkeskolen, Hauptschule og Realschule, Gesamtschule og Gymnasium, skuespil for b\u00f8rn","potentialAction":[{"@type":"SearchAction","target":{"@type":"EntryPoint","urlTemplate":"https:\/\/kinder-spielen-theater.de\/?s={search_term_string}"},"query-input":{"@type":"PropertyValueSpecification","valueRequired":true,"valueName":"search_term_string"}}],"inLanguage":"da-DK"}]}},"_links":{"self":[{"href":"https:\/\/kinder-spielen-theater.de\/da\/wp-json\/wp\/v2\/product\/293","targetHints":{"allow":["GET"]}}],"collection":[{"href":"https:\/\/kinder-spielen-theater.de\/da\/wp-json\/wp\/v2\/product"}],"about":[{"href":"https:\/\/kinder-spielen-theater.de\/da\/wp-json\/wp\/v2\/types\/product"}],"replies":[{"embeddable":true,"href":"https:\/\/kinder-spielen-theater.de\/da\/wp-json\/wp\/v2\/comments?post=293"}],"wp:featuredmedia":[{"embeddable":true,"href":"https:\/\/kinder-spielen-theater.de\/da\/wp-json\/wp\/v2\/media\/715"}],"wp:attachment":[{"href":"https:\/\/kinder-spielen-theater.de\/da\/wp-json\/wp\/v2\/media?parent=293"}],"wp:term":[{"taxonomy":"product_brand","embeddable":true,"href":"https:\/\/kinder-spielen-theater.de\/da\/wp-json\/wp\/v2\/product_brand?post=293"},{"taxonomy":"product_cat","embeddable":true,"href":"https:\/\/kinder-spielen-theater.de\/da\/wp-json\/wp\/v2\/product_cat?post=293"},{"taxonomy":"product_tag","embeddable":true,"href":"https:\/\/kinder-spielen-theater.de\/da\/wp-json\/wp\/v2\/product_tag?post=293"}],"curies":[{"name":"wp","href":"https:\/\/api.w.org\/{rel}","templated":true}]}}