{"id":260,"date":"2021-06-02T06:41:26","date_gmt":"2021-06-02T06:41:26","guid":{"rendered":"https:\/\/kinder-spielen-theater.de\/?post_type=product&#038;p=260"},"modified":"2022-09-27T07:12:06","modified_gmt":"2022-09-27T07:12:06","slug":"die-blaue-blume","status":"publish","type":"product","link":"https:\/\/kinder-spielen-theater.de\/da\/vare\/die-blaue-blume\/","title":{"rendered":"Die blaue Blume"},"content":{"rendered":"<p><span style=\"font-size: 18pt;\"><strong>Inhalt<\/strong><\/span><br \/>\nIn \u201eDie blaue Blume\u201c macht sich der kleine Igel auf die Suche nach der \u201eBlauen Blume\u201c, der sch\u00f6nsten Blume der Welt. Zu Hause, auf seiner Wiese, auf der er oft spazieren geht, findet er sie aber nicht. Er macht sich deshalb auf eine lange Suche nach ihr, die ihn durch viele L\u00e4nder f\u00fchrt, wobei er viele verschiedene Tiere trifft und findet sie schlie\u00dflich \u00fcberraschend an einer Stelle, an der er sie nicht vermutet hatte, weil er dort schon, aber offenbar nicht gr\u00fcndlich genug, gesucht hatte.<\/p>\n<p><span style=\"font-size: 18pt;\"><strong>Rollenzahl und Spieldauer<\/strong><\/span><br \/>\nDie Zahl der zu besetzenden Rollen betr\u00e4gt 17. Diese Zahl kann z. B. durch Zusammenfassung mehrerer kurzer zu nur einer Rolle vermindert werden. So k\u00f6nnten z. B. die 4 Erz\u00e4hlerrollen von nur einem Kind \u00fcbernommen werden. Eine Verkleinerung der Gesamtzahl w\u00e4re z. B. auch problemlos m\u00f6glich, wenn in den entsprechenden Szenen jeweils weniger Elefanten, L\u00f6wen und Eisb\u00e4ren gleichzeitig auftreten w\u00fcrden.<br \/>\nEine Auff\u00fchrung von \u201eDie blaue Blume\u201c dauert etwa 20 Minuten, l\u00e4ngere oder k\u00fcrzere Tanz-Szenen w\u00fcrden die Auff\u00fchrung entsprechend verl\u00e4ngern bzw. verk\u00fcrzen.<\/p>\n<p><span style=\"font-size: 18pt;\"><strong>Textumfang<\/strong><\/span><br \/>\nRollentext 4 Seiten, insgesamt 16 Seiten<\/p>\n<p><span style=\"font-size: 18pt;\"><strong>Musik<\/strong> <\/span><br \/>\nZus\u00e4tzlich zum Rollentext und den Lehrerhinweisen sind noch 7 Musik-Dateien im mp3-Format enthalten.<\/p>\n<p><span style=\"font-size: 18pt;\"><a href=\"https:\/\/kinder-spielen-theater.de\/wp-content\/uploads\/2021\/06\/25-Die-Blaue-Blume-Leseprobe-Adobe.pdf\">Leseprobe<\/a><\/span><\/p>","protected":false},"excerpt":{"rendered":"<p>Inhalt In \u201eDie blaue Blume\u201c macht sich der kleine Igel auf die Suche nach der \u201eBlauen Blume\u201c, der sch\u00f6nsten Blume der Welt. Zu Hause, auf seiner Wiese, auf der er oft spazieren geht, findet er sie aber nicht. Er macht sich deshalb auf eine lange Suche nach ihr, die ihn durch viele L\u00e4nder f\u00fchrt, wobei [&hellip;]<\/p>\n","protected":false},"featured_media":703,"comment_status":"closed","ping_status":"closed","template":"","meta":[],"product_brand":[],"product_cat":[30],"product_tag":[],"class_list":{"0":"post-260","1":"product","2":"type-product","3":"status-publish","4":"has-post-thumbnail","6":"product_cat-igelgeschichten","8":"first","9":"instock","10":"downloadable","11":"virtual","12":"purchasable","13":"product-type-simple"},"yoast_head":"<!-- This site is optimized with the Yoast SEO plugin v27.3 - https:\/\/yoast.com\/product\/yoast-seo-wordpress\/ -->\n<title>Die blaue Blume - Kinder spielen Theater<\/title>\n<meta name=\"robots\" content=\"index, follow, max-snippet:-1, max-image-preview:large, max-video-preview:-1\" \/>\n<link rel=\"canonical\" href=\"https:\/\/kinder-spielen-theater.de\/da\/vare\/die-blaue-blume\/\" \/>\n<meta property=\"og:locale\" content=\"da_DK\" \/>\n<meta property=\"og:type\" content=\"article\" \/>\n<meta property=\"og:title\" content=\"Die blaue Blume - Kinder spielen Theater\" \/>\n<meta property=\"og:description\" content=\"Inhalt In \u201eDie blaue Blume\u201c macht sich der kleine Igel auf die Suche nach der \u201eBlauen Blume\u201c, der sch\u00f6nsten Blume der Welt. Zu Hause, auf seiner Wiese, auf der er oft spazieren geht, findet er sie aber nicht. Er macht sich deshalb auf eine lange Suche nach ihr, die ihn durch viele L\u00e4nder f\u00fchrt, wobei [&hellip;]\" \/>\n<meta property=\"og:url\" content=\"https:\/\/kinder-spielen-theater.de\/da\/vare\/die-blaue-blume\/\" \/>\n<meta property=\"og:site_name\" content=\"Kinder spielen Theater\" \/>\n<meta property=\"article:modified_time\" content=\"2022-09-27T07:12:06+00:00\" \/>\n<meta property=\"og:image\" content=\"https:\/\/kinder-spielen-theater.de\/wp-content\/uploads\/2021\/06\/25-Die-blaue-Blume-o.k.-page-001.jpg\" \/>\n\t<meta property=\"og:image:width\" content=\"1240\" \/>\n\t<meta property=\"og:image:height\" content=\"1754\" \/>\n\t<meta property=\"og:image:type\" content=\"image\/jpeg\" \/>\n<meta name=\"twitter:card\" content=\"summary_large_image\" \/>\n<meta name=\"twitter:label1\" content=\"Estimeret l\u00e6setid\" \/>\n\t<meta name=\"twitter:data1\" content=\"2 minutter\" \/>\n<script type=\"application\/ld+json\" class=\"yoast-schema-graph\">{\"@context\":\"https:\\\/\\\/schema.org\",\"@graph\":[{\"@type\":\"WebPage\",\"@id\":\"https:\\\/\\\/kinder-spielen-theater.de\\\/produkt\\\/die-blaue-blume\\\/\",\"url\":\"https:\\\/\\\/kinder-spielen-theater.de\\\/produkt\\\/die-blaue-blume\\\/\",\"name\":\"Die blaue Blume - Kinder spielen Theater\",\"isPartOf\":{\"@id\":\"https:\\\/\\\/kinder-spielen-theater.de\\\/#website\"},\"primaryImageOfPage\":{\"@id\":\"https:\\\/\\\/kinder-spielen-theater.de\\\/produkt\\\/die-blaue-blume\\\/#primaryimage\"},\"image\":{\"@id\":\"https:\\\/\\\/kinder-spielen-theater.de\\\/produkt\\\/die-blaue-blume\\\/#primaryimage\"},\"thumbnailUrl\":\"https:\\\/\\\/kinder-spielen-theater.de\\\/wp-content\\\/uploads\\\/2021\\\/06\\\/25-Die-blaue-Blume-o.k.-page-001.jpg\",\"datePublished\":\"2021-06-02T06:41:26+00:00\",\"dateModified\":\"2022-09-27T07:12:06+00:00\",\"breadcrumb\":{\"@id\":\"https:\\\/\\\/kinder-spielen-theater.de\\\/produkt\\\/die-blaue-blume\\\/#breadcrumb\"},\"inLanguage\":\"da-DK\",\"potentialAction\":[{\"@type\":\"ReadAction\",\"target\":[\"https:\\\/\\\/kinder-spielen-theater.de\\\/produkt\\\/die-blaue-blume\\\/\"]}]},{\"@type\":\"ImageObject\",\"inLanguage\":\"da-DK\",\"@id\":\"https:\\\/\\\/kinder-spielen-theater.de\\\/produkt\\\/die-blaue-blume\\\/#primaryimage\",\"url\":\"https:\\\/\\\/kinder-spielen-theater.de\\\/wp-content\\\/uploads\\\/2021\\\/06\\\/25-Die-blaue-Blume-o.k.-page-001.jpg\",\"contentUrl\":\"https:\\\/\\\/kinder-spielen-theater.de\\\/wp-content\\\/uploads\\\/2021\\\/06\\\/25-Die-blaue-Blume-o.k.-page-001.jpg\",\"width\":1240,\"height\":1754},{\"@type\":\"BreadcrumbList\",\"@id\":\"https:\\\/\\\/kinder-spielen-theater.de\\\/produkt\\\/die-blaue-blume\\\/#breadcrumb\",\"itemListElement\":[{\"@type\":\"ListItem\",\"position\":1,\"name\":\"Startseite\",\"item\":\"https:\\\/\\\/kinder-spielen-theater.de\\\/\"},{\"@type\":\"ListItem\",\"position\":2,\"name\":\"Shop: Theaterst\u00fccke zum Download\",\"item\":\"https:\\\/\\\/kinder-spielen-theater.de\\\/shop\\\/\"},{\"@type\":\"ListItem\",\"position\":3,\"name\":\"Die blaue Blume\"}]},{\"@type\":\"WebSite\",\"@id\":\"https:\\\/\\\/kinder-spielen-theater.de\\\/#website\",\"url\":\"https:\\\/\\\/kinder-spielen-theater.de\\\/\",\"name\":\"Kinder spielen Theater\",\"description\":\"Theaterst\u00fccke f\u00fcr die Grundschule, Haupt- und Realschule, Gesamtschule und Gymnasium, Theaterst\u00fccke f\u00fcr Kinder\",\"potentialAction\":[{\"@type\":\"SearchAction\",\"target\":{\"@type\":\"EntryPoint\",\"urlTemplate\":\"https:\\\/\\\/kinder-spielen-theater.de\\\/?s={search_term_string}\"},\"query-input\":{\"@type\":\"PropertyValueSpecification\",\"valueRequired\":true,\"valueName\":\"search_term_string\"}}],\"inLanguage\":\"da-DK\"}]}<\/script>\n<!-- \/ Yoast SEO plugin. -->","yoast_head_json":{"title":"Die blaue Blume - Kinder spielen Theater","robots":{"index":"index","follow":"follow","max-snippet":"max-snippet:-1","max-image-preview":"max-image-preview:large","max-video-preview":"max-video-preview:-1"},"canonical":"https:\/\/kinder-spielen-theater.de\/da\/vare\/die-blaue-blume\/","og_locale":"da_DK","og_type":"article","og_title":"Die blaue Blume - Kinder spielen Theater","og_description":"Inhalt In \u201eDie blaue Blume\u201c macht sich der kleine Igel auf die Suche nach der \u201eBlauen Blume\u201c, der sch\u00f6nsten Blume der Welt. Zu Hause, auf seiner Wiese, auf der er oft spazieren geht, findet er sie aber nicht. Er macht sich deshalb auf eine lange Suche nach ihr, die ihn durch viele L\u00e4nder f\u00fchrt, wobei [&hellip;]","og_url":"https:\/\/kinder-spielen-theater.de\/da\/vare\/die-blaue-blume\/","og_site_name":"Kinder spielen Theater","article_modified_time":"2022-09-27T07:12:06+00:00","og_image":[{"width":1240,"height":1754,"url":"https:\/\/kinder-spielen-theater.de\/wp-content\/uploads\/2021\/06\/25-Die-blaue-Blume-o.k.-page-001.jpg","type":"image\/jpeg"}],"twitter_card":"summary_large_image","twitter_misc":{"Estimeret l\u00e6setid":"2 minutter"},"schema":{"@context":"https:\/\/schema.org","@graph":[{"@type":"WebPage","@id":"https:\/\/kinder-spielen-theater.de\/produkt\/die-blaue-blume\/","url":"https:\/\/kinder-spielen-theater.de\/produkt\/die-blaue-blume\/","name":"Die blaue Blume - Kinder spielen Theater","isPartOf":{"@id":"https:\/\/kinder-spielen-theater.de\/#website"},"primaryImageOfPage":{"@id":"https:\/\/kinder-spielen-theater.de\/produkt\/die-blaue-blume\/#primaryimage"},"image":{"@id":"https:\/\/kinder-spielen-theater.de\/produkt\/die-blaue-blume\/#primaryimage"},"thumbnailUrl":"https:\/\/kinder-spielen-theater.de\/wp-content\/uploads\/2021\/06\/25-Die-blaue-Blume-o.k.-page-001.jpg","datePublished":"2021-06-02T06:41:26+00:00","dateModified":"2022-09-27T07:12:06+00:00","breadcrumb":{"@id":"https:\/\/kinder-spielen-theater.de\/produkt\/die-blaue-blume\/#breadcrumb"},"inLanguage":"da-DK","potentialAction":[{"@type":"ReadAction","target":["https:\/\/kinder-spielen-theater.de\/produkt\/die-blaue-blume\/"]}]},{"@type":"ImageObject","inLanguage":"da-DK","@id":"https:\/\/kinder-spielen-theater.de\/produkt\/die-blaue-blume\/#primaryimage","url":"https:\/\/kinder-spielen-theater.de\/wp-content\/uploads\/2021\/06\/25-Die-blaue-Blume-o.k.-page-001.jpg","contentUrl":"https:\/\/kinder-spielen-theater.de\/wp-content\/uploads\/2021\/06\/25-Die-blaue-Blume-o.k.-page-001.jpg","width":1240,"height":1754},{"@type":"BreadcrumbList","@id":"https:\/\/kinder-spielen-theater.de\/produkt\/die-blaue-blume\/#breadcrumb","itemListElement":[{"@type":"ListItem","position":1,"name":"Startseite","item":"https:\/\/kinder-spielen-theater.de\/"},{"@type":"ListItem","position":2,"name":"Shop: Theaterst\u00fccke zum Download","item":"https:\/\/kinder-spielen-theater.de\/shop\/"},{"@type":"ListItem","position":3,"name":"Die blaue Blume"}]},{"@type":"WebSite","@id":"https:\/\/kinder-spielen-theater.de\/#website","url":"https:\/\/kinder-spielen-theater.de\/","name":"B\u00f8rn leger teater","description":"Skuespil til folkeskolen, Hauptschule og Realschule, Gesamtschule og Gymnasium, skuespil for b\u00f8rn","potentialAction":[{"@type":"SearchAction","target":{"@type":"EntryPoint","urlTemplate":"https:\/\/kinder-spielen-theater.de\/?s={search_term_string}"},"query-input":{"@type":"PropertyValueSpecification","valueRequired":true,"valueName":"search_term_string"}}],"inLanguage":"da-DK"}]}},"_links":{"self":[{"href":"https:\/\/kinder-spielen-theater.de\/da\/wp-json\/wp\/v2\/product\/260","targetHints":{"allow":["GET"]}}],"collection":[{"href":"https:\/\/kinder-spielen-theater.de\/da\/wp-json\/wp\/v2\/product"}],"about":[{"href":"https:\/\/kinder-spielen-theater.de\/da\/wp-json\/wp\/v2\/types\/product"}],"replies":[{"embeddable":true,"href":"https:\/\/kinder-spielen-theater.de\/da\/wp-json\/wp\/v2\/comments?post=260"}],"wp:featuredmedia":[{"embeddable":true,"href":"https:\/\/kinder-spielen-theater.de\/da\/wp-json\/wp\/v2\/media\/703"}],"wp:attachment":[{"href":"https:\/\/kinder-spielen-theater.de\/da\/wp-json\/wp\/v2\/media?parent=260"}],"wp:term":[{"taxonomy":"product_brand","embeddable":true,"href":"https:\/\/kinder-spielen-theater.de\/da\/wp-json\/wp\/v2\/product_brand?post=260"},{"taxonomy":"product_cat","embeddable":true,"href":"https:\/\/kinder-spielen-theater.de\/da\/wp-json\/wp\/v2\/product_cat?post=260"},{"taxonomy":"product_tag","embeddable":true,"href":"https:\/\/kinder-spielen-theater.de\/da\/wp-json\/wp\/v2\/product_tag?post=260"}],"curies":[{"name":"wp","href":"https:\/\/api.w.org\/{rel}","templated":true}]}}