{"id":195,"date":"2021-06-01T19:30:21","date_gmt":"2021-06-01T19:30:21","guid":{"rendered":"https:\/\/kinder-spielen-theater.de\/?post_type=product&#038;p=195"},"modified":"2022-09-27T06:57:16","modified_gmt":"2022-09-27T06:57:16","slug":"der-erste-schultag","status":"publish","type":"product","link":"https:\/\/kinder-spielen-theater.de\/da\/vare\/der-erste-schultag\/","title":{"rendered":"Der erste Schultag"},"content":{"rendered":"<p><span style=\"font-size: 18pt;\"><strong>Inhalt<\/strong> <\/span><br \/>\nIn diesem St\u00fcck werden die Schulanf\u00e4nger Nina und Jens an ihrem ersten Schultag in der Schule begr\u00fc\u00dft. Nina bittet die \u00e4lteren Schulkinder, ihnen etwas vorzusingen und zu tanzen und kann Jens davon \u00fcberzeugen, dass er in der Schule sehr viel Neues und Interessantes lernen und erleben wird: Malen und Basteln, Tiere kennen lernen, Freunde finden und vieles mehr. Beide gehen nun mit viel Freude und gro\u00dfen Erwartungen in ihre Klasse, um ihre neue Lehrerin kennen zu lernen<\/p>\n<p><span style=\"font-size: 18pt;\"><strong>Rollenzahl und Spieldauer<\/strong><\/span><br \/>\nDen Rollentext des St\u00fcckes gibt es in einer \u201eLang\u201c- und einer \u201eKurzfassung\u201c.<br \/>\nDie vorliegende Langfassung enth\u00e4lt ca. 30 Rollen.<br \/>\nDiese Zahl kann durch eine Verminderung der in den einzelnen Szenen auftretenden Zahl der Tiere usw. verkleinert werden.<br \/>\nAuch die Anzahl der verschiedenen auftretenden Tierarten bzw. Sterne oder Indianer usw. kann reduziert werden.<br \/>\nDies ist z.B. in der Kurzfassung schon vorgenommen worden.<\/p>\n<p>Die Auff\u00fchrungszeit der Langfassung betr\u00e4gt ca. 25 Minuten.<\/p>\n<p><span style=\"font-size: 18pt;\"><strong>Textumfang Rollentext<\/strong><\/span><br \/>\n4 bzw. 3 Seiten, insgesamt 26 Seiten<\/p>\n<p><span style=\"font-size: 18pt;\"><strong>Musik<\/strong> <\/span><br \/>\nZus\u00e4tzlich zum Rollentext und den Lehrerhinweisen sind noch 6 Musik-Dateien im mp3-Format enthalten.<\/p>\n<p><span style=\"font-size: 18pt;\"><a href=\"https:\/\/kinder-spielen-theater.de\/wp-content\/uploads\/2021\/06\/13-Der-erste-Schultag-Leseprobe-Adobe.pdf\">Leseprobe<\/a><\/span><\/p>","protected":false},"excerpt":{"rendered":"<p>Inhalt In diesem St\u00fcck werden die Schulanf\u00e4nger Nina und Jens an ihrem ersten Schultag in der Schule begr\u00fc\u00dft. Nina bittet die \u00e4lteren Schulkinder, ihnen etwas vorzusingen und zu tanzen und kann Jens davon \u00fcberzeugen, dass er in der Schule sehr viel Neues und Interessantes lernen und erleben wird: Malen und Basteln, Tiere kennen lernen, Freunde [&hellip;]<\/p>\n","protected":false},"featured_media":694,"comment_status":"open","ping_status":"closed","template":"","meta":[],"product_brand":[],"product_cat":[45],"product_tag":[],"class_list":{"0":"post-195","1":"product","2":"type-product","3":"status-publish","4":"has-post-thumbnail","6":"product_cat-besondere-anlaesse","8":"first","9":"instock","10":"downloadable","11":"virtual","12":"purchasable","13":"product-type-simple"},"yoast_head":"<!-- This site is optimized with the Yoast SEO plugin v27.3 - https:\/\/yoast.com\/product\/yoast-seo-wordpress\/ -->\n<title>Der erste Schultag - Kinder spielen Theater<\/title>\n<meta name=\"robots\" content=\"index, follow, max-snippet:-1, max-image-preview:large, max-video-preview:-1\" \/>\n<link rel=\"canonical\" href=\"https:\/\/kinder-spielen-theater.de\/da\/vare\/der-erste-schultag\/\" \/>\n<meta property=\"og:locale\" content=\"da_DK\" \/>\n<meta property=\"og:type\" content=\"article\" \/>\n<meta property=\"og:title\" content=\"Der erste Schultag - Kinder spielen Theater\" \/>\n<meta property=\"og:description\" content=\"Inhalt In diesem St\u00fcck werden die Schulanf\u00e4nger Nina und Jens an ihrem ersten Schultag in der Schule begr\u00fc\u00dft. Nina bittet die \u00e4lteren Schulkinder, ihnen etwas vorzusingen und zu tanzen und kann Jens davon \u00fcberzeugen, dass er in der Schule sehr viel Neues und Interessantes lernen und erleben wird: Malen und Basteln, Tiere kennen lernen, Freunde [&hellip;]\" \/>\n<meta property=\"og:url\" content=\"https:\/\/kinder-spielen-theater.de\/da\/vare\/der-erste-schultag\/\" \/>\n<meta property=\"og:site_name\" content=\"Kinder spielen Theater\" \/>\n<meta property=\"article:modified_time\" content=\"2022-09-27T06:57:16+00:00\" \/>\n<meta property=\"og:image\" content=\"https:\/\/kinder-spielen-theater.de\/wp-content\/uploads\/2021\/06\/13-Der-erste-Schultag-o.k.-page-001.jpg\" \/>\n\t<meta property=\"og:image:width\" content=\"1240\" \/>\n\t<meta property=\"og:image:height\" content=\"1754\" \/>\n\t<meta property=\"og:image:type\" content=\"image\/jpeg\" \/>\n<meta name=\"twitter:card\" content=\"summary_large_image\" \/>\n<meta name=\"twitter:label1\" content=\"Estimeret l\u00e6setid\" \/>\n\t<meta name=\"twitter:data1\" content=\"1 minut\" \/>\n<script type=\"application\/ld+json\" class=\"yoast-schema-graph\">{\"@context\":\"https:\\\/\\\/schema.org\",\"@graph\":[{\"@type\":\"WebPage\",\"@id\":\"https:\\\/\\\/kinder-spielen-theater.de\\\/produkt\\\/der-erste-schultag\\\/\",\"url\":\"https:\\\/\\\/kinder-spielen-theater.de\\\/produkt\\\/der-erste-schultag\\\/\",\"name\":\"Der erste Schultag - Kinder spielen Theater\",\"isPartOf\":{\"@id\":\"https:\\\/\\\/kinder-spielen-theater.de\\\/#website\"},\"primaryImageOfPage\":{\"@id\":\"https:\\\/\\\/kinder-spielen-theater.de\\\/produkt\\\/der-erste-schultag\\\/#primaryimage\"},\"image\":{\"@id\":\"https:\\\/\\\/kinder-spielen-theater.de\\\/produkt\\\/der-erste-schultag\\\/#primaryimage\"},\"thumbnailUrl\":\"https:\\\/\\\/kinder-spielen-theater.de\\\/wp-content\\\/uploads\\\/2021\\\/06\\\/13-Der-erste-Schultag-o.k.-page-001.jpg\",\"datePublished\":\"2021-06-01T19:30:21+00:00\",\"dateModified\":\"2022-09-27T06:57:16+00:00\",\"breadcrumb\":{\"@id\":\"https:\\\/\\\/kinder-spielen-theater.de\\\/produkt\\\/der-erste-schultag\\\/#breadcrumb\"},\"inLanguage\":\"da-DK\",\"potentialAction\":[{\"@type\":\"ReadAction\",\"target\":[\"https:\\\/\\\/kinder-spielen-theater.de\\\/produkt\\\/der-erste-schultag\\\/\"]}]},{\"@type\":\"ImageObject\",\"inLanguage\":\"da-DK\",\"@id\":\"https:\\\/\\\/kinder-spielen-theater.de\\\/produkt\\\/der-erste-schultag\\\/#primaryimage\",\"url\":\"https:\\\/\\\/kinder-spielen-theater.de\\\/wp-content\\\/uploads\\\/2021\\\/06\\\/13-Der-erste-Schultag-o.k.-page-001.jpg\",\"contentUrl\":\"https:\\\/\\\/kinder-spielen-theater.de\\\/wp-content\\\/uploads\\\/2021\\\/06\\\/13-Der-erste-Schultag-o.k.-page-001.jpg\",\"width\":1240,\"height\":1754},{\"@type\":\"BreadcrumbList\",\"@id\":\"https:\\\/\\\/kinder-spielen-theater.de\\\/produkt\\\/der-erste-schultag\\\/#breadcrumb\",\"itemListElement\":[{\"@type\":\"ListItem\",\"position\":1,\"name\":\"Startseite\",\"item\":\"https:\\\/\\\/kinder-spielen-theater.de\\\/\"},{\"@type\":\"ListItem\",\"position\":2,\"name\":\"Shop: Theaterst\u00fccke zum Download\",\"item\":\"https:\\\/\\\/kinder-spielen-theater.de\\\/shop\\\/\"},{\"@type\":\"ListItem\",\"position\":3,\"name\":\"Der erste Schultag\"}]},{\"@type\":\"WebSite\",\"@id\":\"https:\\\/\\\/kinder-spielen-theater.de\\\/#website\",\"url\":\"https:\\\/\\\/kinder-spielen-theater.de\\\/\",\"name\":\"Kinder spielen Theater\",\"description\":\"Theaterst\u00fccke f\u00fcr die Grundschule, Haupt- und Realschule, Gesamtschule und Gymnasium, Theaterst\u00fccke f\u00fcr Kinder\",\"potentialAction\":[{\"@type\":\"SearchAction\",\"target\":{\"@type\":\"EntryPoint\",\"urlTemplate\":\"https:\\\/\\\/kinder-spielen-theater.de\\\/?s={search_term_string}\"},\"query-input\":{\"@type\":\"PropertyValueSpecification\",\"valueRequired\":true,\"valueName\":\"search_term_string\"}}],\"inLanguage\":\"da-DK\"}]}<\/script>\n<!-- \/ Yoast SEO plugin. -->","yoast_head_json":{"title":"Der erste Schultag - Kinder spielen Theater","robots":{"index":"index","follow":"follow","max-snippet":"max-snippet:-1","max-image-preview":"max-image-preview:large","max-video-preview":"max-video-preview:-1"},"canonical":"https:\/\/kinder-spielen-theater.de\/da\/vare\/der-erste-schultag\/","og_locale":"da_DK","og_type":"article","og_title":"Der erste Schultag - Kinder spielen Theater","og_description":"Inhalt In diesem St\u00fcck werden die Schulanf\u00e4nger Nina und Jens an ihrem ersten Schultag in der Schule begr\u00fc\u00dft. Nina bittet die \u00e4lteren Schulkinder, ihnen etwas vorzusingen und zu tanzen und kann Jens davon \u00fcberzeugen, dass er in der Schule sehr viel Neues und Interessantes lernen und erleben wird: Malen und Basteln, Tiere kennen lernen, Freunde [&hellip;]","og_url":"https:\/\/kinder-spielen-theater.de\/da\/vare\/der-erste-schultag\/","og_site_name":"Kinder spielen Theater","article_modified_time":"2022-09-27T06:57:16+00:00","og_image":[{"width":1240,"height":1754,"url":"https:\/\/kinder-spielen-theater.de\/wp-content\/uploads\/2021\/06\/13-Der-erste-Schultag-o.k.-page-001.jpg","type":"image\/jpeg"}],"twitter_card":"summary_large_image","twitter_misc":{"Estimeret l\u00e6setid":"1 minut"},"schema":{"@context":"https:\/\/schema.org","@graph":[{"@type":"WebPage","@id":"https:\/\/kinder-spielen-theater.de\/produkt\/der-erste-schultag\/","url":"https:\/\/kinder-spielen-theater.de\/produkt\/der-erste-schultag\/","name":"Der erste Schultag - Kinder spielen Theater","isPartOf":{"@id":"https:\/\/kinder-spielen-theater.de\/#website"},"primaryImageOfPage":{"@id":"https:\/\/kinder-spielen-theater.de\/produkt\/der-erste-schultag\/#primaryimage"},"image":{"@id":"https:\/\/kinder-spielen-theater.de\/produkt\/der-erste-schultag\/#primaryimage"},"thumbnailUrl":"https:\/\/kinder-spielen-theater.de\/wp-content\/uploads\/2021\/06\/13-Der-erste-Schultag-o.k.-page-001.jpg","datePublished":"2021-06-01T19:30:21+00:00","dateModified":"2022-09-27T06:57:16+00:00","breadcrumb":{"@id":"https:\/\/kinder-spielen-theater.de\/produkt\/der-erste-schultag\/#breadcrumb"},"inLanguage":"da-DK","potentialAction":[{"@type":"ReadAction","target":["https:\/\/kinder-spielen-theater.de\/produkt\/der-erste-schultag\/"]}]},{"@type":"ImageObject","inLanguage":"da-DK","@id":"https:\/\/kinder-spielen-theater.de\/produkt\/der-erste-schultag\/#primaryimage","url":"https:\/\/kinder-spielen-theater.de\/wp-content\/uploads\/2021\/06\/13-Der-erste-Schultag-o.k.-page-001.jpg","contentUrl":"https:\/\/kinder-spielen-theater.de\/wp-content\/uploads\/2021\/06\/13-Der-erste-Schultag-o.k.-page-001.jpg","width":1240,"height":1754},{"@type":"BreadcrumbList","@id":"https:\/\/kinder-spielen-theater.de\/produkt\/der-erste-schultag\/#breadcrumb","itemListElement":[{"@type":"ListItem","position":1,"name":"Startseite","item":"https:\/\/kinder-spielen-theater.de\/"},{"@type":"ListItem","position":2,"name":"Shop: Theaterst\u00fccke zum Download","item":"https:\/\/kinder-spielen-theater.de\/shop\/"},{"@type":"ListItem","position":3,"name":"Der erste Schultag"}]},{"@type":"WebSite","@id":"https:\/\/kinder-spielen-theater.de\/#website","url":"https:\/\/kinder-spielen-theater.de\/","name":"B\u00f8rn leger teater","description":"Skuespil til folkeskolen, Hauptschule og Realschule, Gesamtschule og Gymnasium, skuespil for b\u00f8rn","potentialAction":[{"@type":"SearchAction","target":{"@type":"EntryPoint","urlTemplate":"https:\/\/kinder-spielen-theater.de\/?s={search_term_string}"},"query-input":{"@type":"PropertyValueSpecification","valueRequired":true,"valueName":"search_term_string"}}],"inLanguage":"da-DK"}]}},"_links":{"self":[{"href":"https:\/\/kinder-spielen-theater.de\/da\/wp-json\/wp\/v2\/product\/195","targetHints":{"allow":["GET"]}}],"collection":[{"href":"https:\/\/kinder-spielen-theater.de\/da\/wp-json\/wp\/v2\/product"}],"about":[{"href":"https:\/\/kinder-spielen-theater.de\/da\/wp-json\/wp\/v2\/types\/product"}],"replies":[{"embeddable":true,"href":"https:\/\/kinder-spielen-theater.de\/da\/wp-json\/wp\/v2\/comments?post=195"}],"wp:featuredmedia":[{"embeddable":true,"href":"https:\/\/kinder-spielen-theater.de\/da\/wp-json\/wp\/v2\/media\/694"}],"wp:attachment":[{"href":"https:\/\/kinder-spielen-theater.de\/da\/wp-json\/wp\/v2\/media?parent=195"}],"wp:term":[{"taxonomy":"product_brand","embeddable":true,"href":"https:\/\/kinder-spielen-theater.de\/da\/wp-json\/wp\/v2\/product_brand?post=195"},{"taxonomy":"product_cat","embeddable":true,"href":"https:\/\/kinder-spielen-theater.de\/da\/wp-json\/wp\/v2\/product_cat?post=195"},{"taxonomy":"product_tag","embeddable":true,"href":"https:\/\/kinder-spielen-theater.de\/da\/wp-json\/wp\/v2\/product_tag?post=195"}],"curies":[{"name":"wp","href":"https:\/\/api.w.org\/{rel}","templated":true}]}}