{"id":175,"date":"2021-06-01T13:54:03","date_gmt":"2021-06-01T13:54:03","guid":{"rendered":"https:\/\/kinder-spielen-theater.de\/?post_type=product&#038;p=175"},"modified":"2022-09-26T18:41:14","modified_gmt":"2022-09-26T18:41:14","slug":"der-bunte-vogel","status":"publish","type":"product","link":"https:\/\/kinder-spielen-theater.de\/da\/vare\/der-bunte-vogel\/","title":{"rendered":"Der bunte Vogel"},"content":{"rendered":"<p><span style=\"font-size: 18pt;\"><strong>Inhalt<\/strong> <\/span><br \/>\n\u201eDer bunte Vogel\u201c ist eine \u201eGeschichte vom kleinen Igel\/der kleinen Igelin\u201c(s.u.).<br \/>\nIn dieser Geschichte macht sich der kleine Igel auf die Suche nach einem wundersch\u00f6nen bunten Vogel, den er einmal auf seiner Wiese erblickt hat. Seine Suche f\u00fchrt ihn durch viele L\u00e4nder, wobei er viele verschiedene Tiere trifft und erf\u00e4hrt schlie\u00dflich, dass der wundersch\u00f6ne<br \/>\nVogel in das Traumland, aus dem er gekommen war, zur\u00fcckgeflogen ist. Von der weisen Eule erf\u00e4hrt er, dass der sch\u00f6ne bunte Vogel manchmal, allerdings nur ganz selten, doch wieder in unsere reale Welt geflogen kommt. Er m\u00fcsse nur gut aufpassen.<\/p>\n<p><span style=\"font-size: 18pt;\"><strong>Rollenzahl und Spieldauer<\/strong><\/span><br \/>\n\u201eDer bunte Vogel\u201c enth\u00e4lt in der vorliegenden Fassung 28 Rollen. Diese Zahl kann durch Hinzuf\u00fcgen (Rollen ohne Sprechtext) bzw. Wegstreichen von in den einzelnen, fast identischen Szenen auftretenden Tierarten vergr\u00f6\u00dfert bzw. stark verkleinert werden. Auch die Zahl der auftretenden Tierarten kann vergr\u00f6\u00dfert oder verkleinert werden. Die Sprechtexte dazu k\u00f6nnen einfach entsprechend eingef\u00fcgt bzw. weggestrichen werden. Die Auff\u00fchrungszeit betr\u00e4gt ca. 20 Minuten. Bei \u00c4nderung der Zahl der auftretenden Tierarten w\u00fcrde sich diese Zeit nat\u00fcrlich \u00e4ndern.<\/p>\n<p><span style=\"font-size: 18pt;\"><strong>Textumfang<\/strong> <\/span><br \/>\nRollentext 4 Seiten, insgesamt 30 Seiten<\/p>\n<p><span style=\"font-size: 18pt;\"><strong>Musik<\/strong> <\/span><br \/>\nZus\u00e4tzlich zum Rollentext und den Lehrerhinweisen sind noch 8 Musik-Dateien im mp3-Format enthalten.<\/p>\n<p><span style=\"font-size: 18pt;\"><a href=\"https:\/\/kinder-spielen-theater.de\/wp-content\/uploads\/2021\/06\/10a-Der-bunte-Vogel-Leseprobe-Adobe.pdf\">Leseprobe<\/a><\/span><\/p>","protected":false},"excerpt":{"rendered":"<p>Inhalt \u201eDer bunte Vogel\u201c ist eine \u201eGeschichte vom kleinen Igel\/der kleinen Igelin\u201c(s.u.). In dieser Geschichte macht sich der kleine Igel auf die Suche nach einem wundersch\u00f6nen bunten Vogel, den er einmal auf seiner Wiese erblickt hat. Seine Suche f\u00fchrt ihn durch viele L\u00e4nder, wobei er viele verschiedene Tiere trifft und erf\u00e4hrt schlie\u00dflich, dass der wundersch\u00f6ne [&hellip;]<\/p>\n","protected":false},"featured_media":671,"comment_status":"closed","ping_status":"closed","template":"","meta":[],"product_brand":[],"product_cat":[30],"product_tag":[],"class_list":{"0":"post-175","1":"product","2":"type-product","3":"status-publish","4":"has-post-thumbnail","6":"product_cat-igelgeschichten","8":"first","9":"instock","10":"downloadable","11":"virtual","12":"purchasable","13":"product-type-simple"},"yoast_head":"<!-- This site is optimized with the Yoast SEO plugin v27.3 - https:\/\/yoast.com\/product\/yoast-seo-wordpress\/ -->\n<title>Der bunte Vogel - Kinder spielen Theater<\/title>\n<meta name=\"robots\" content=\"index, follow, max-snippet:-1, max-image-preview:large, max-video-preview:-1\" \/>\n<link rel=\"canonical\" href=\"https:\/\/kinder-spielen-theater.de\/da\/vare\/der-bunte-vogel\/\" \/>\n<meta property=\"og:locale\" content=\"da_DK\" \/>\n<meta property=\"og:type\" content=\"article\" \/>\n<meta property=\"og:title\" content=\"Der bunte Vogel - Kinder spielen Theater\" \/>\n<meta property=\"og:description\" content=\"Inhalt \u201eDer bunte Vogel\u201c ist eine \u201eGeschichte vom kleinen Igel\/der kleinen Igelin\u201c(s.u.). In dieser Geschichte macht sich der kleine Igel auf die Suche nach einem wundersch\u00f6nen bunten Vogel, den er einmal auf seiner Wiese erblickt hat. Seine Suche f\u00fchrt ihn durch viele L\u00e4nder, wobei er viele verschiedene Tiere trifft und erf\u00e4hrt schlie\u00dflich, dass der wundersch\u00f6ne [&hellip;]\" \/>\n<meta property=\"og:url\" content=\"https:\/\/kinder-spielen-theater.de\/da\/vare\/der-bunte-vogel\/\" \/>\n<meta property=\"og:site_name\" content=\"Kinder spielen Theater\" \/>\n<meta property=\"article:modified_time\" content=\"2022-09-26T18:41:14+00:00\" \/>\n<meta property=\"og:image\" content=\"https:\/\/kinder-spielen-theater.de\/wp-content\/uploads\/2021\/06\/10a-Der-bunte-Vogel-o.k.-page-001.jpg\" \/>\n\t<meta property=\"og:image:width\" content=\"1240\" \/>\n\t<meta property=\"og:image:height\" content=\"1754\" \/>\n\t<meta property=\"og:image:type\" content=\"image\/jpeg\" \/>\n<meta name=\"twitter:card\" content=\"summary_large_image\" \/>\n<meta name=\"twitter:label1\" content=\"Estimeret l\u00e6setid\" \/>\n\t<meta name=\"twitter:data1\" content=\"2 minutter\" \/>\n<script type=\"application\/ld+json\" class=\"yoast-schema-graph\">{\"@context\":\"https:\\\/\\\/schema.org\",\"@graph\":[{\"@type\":\"WebPage\",\"@id\":\"https:\\\/\\\/kinder-spielen-theater.de\\\/produkt\\\/der-bunte-vogel\\\/\",\"url\":\"https:\\\/\\\/kinder-spielen-theater.de\\\/produkt\\\/der-bunte-vogel\\\/\",\"name\":\"Der bunte Vogel - Kinder spielen Theater\",\"isPartOf\":{\"@id\":\"https:\\\/\\\/kinder-spielen-theater.de\\\/#website\"},\"primaryImageOfPage\":{\"@id\":\"https:\\\/\\\/kinder-spielen-theater.de\\\/produkt\\\/der-bunte-vogel\\\/#primaryimage\"},\"image\":{\"@id\":\"https:\\\/\\\/kinder-spielen-theater.de\\\/produkt\\\/der-bunte-vogel\\\/#primaryimage\"},\"thumbnailUrl\":\"https:\\\/\\\/kinder-spielen-theater.de\\\/wp-content\\\/uploads\\\/2021\\\/06\\\/10a-Der-bunte-Vogel-o.k.-page-001.jpg\",\"datePublished\":\"2021-06-01T13:54:03+00:00\",\"dateModified\":\"2022-09-26T18:41:14+00:00\",\"breadcrumb\":{\"@id\":\"https:\\\/\\\/kinder-spielen-theater.de\\\/produkt\\\/der-bunte-vogel\\\/#breadcrumb\"},\"inLanguage\":\"da-DK\",\"potentialAction\":[{\"@type\":\"ReadAction\",\"target\":[\"https:\\\/\\\/kinder-spielen-theater.de\\\/produkt\\\/der-bunte-vogel\\\/\"]}]},{\"@type\":\"ImageObject\",\"inLanguage\":\"da-DK\",\"@id\":\"https:\\\/\\\/kinder-spielen-theater.de\\\/produkt\\\/der-bunte-vogel\\\/#primaryimage\",\"url\":\"https:\\\/\\\/kinder-spielen-theater.de\\\/wp-content\\\/uploads\\\/2021\\\/06\\\/10a-Der-bunte-Vogel-o.k.-page-001.jpg\",\"contentUrl\":\"https:\\\/\\\/kinder-spielen-theater.de\\\/wp-content\\\/uploads\\\/2021\\\/06\\\/10a-Der-bunte-Vogel-o.k.-page-001.jpg\",\"width\":1240,\"height\":1754},{\"@type\":\"BreadcrumbList\",\"@id\":\"https:\\\/\\\/kinder-spielen-theater.de\\\/produkt\\\/der-bunte-vogel\\\/#breadcrumb\",\"itemListElement\":[{\"@type\":\"ListItem\",\"position\":1,\"name\":\"Startseite\",\"item\":\"https:\\\/\\\/kinder-spielen-theater.de\\\/\"},{\"@type\":\"ListItem\",\"position\":2,\"name\":\"Shop: Theaterst\u00fccke zum Download\",\"item\":\"https:\\\/\\\/kinder-spielen-theater.de\\\/shop\\\/\"},{\"@type\":\"ListItem\",\"position\":3,\"name\":\"Der bunte Vogel\"}]},{\"@type\":\"WebSite\",\"@id\":\"https:\\\/\\\/kinder-spielen-theater.de\\\/#website\",\"url\":\"https:\\\/\\\/kinder-spielen-theater.de\\\/\",\"name\":\"Kinder spielen Theater\",\"description\":\"Theaterst\u00fccke f\u00fcr die Grundschule, Haupt- und Realschule, Gesamtschule und Gymnasium, Theaterst\u00fccke f\u00fcr Kinder\",\"potentialAction\":[{\"@type\":\"SearchAction\",\"target\":{\"@type\":\"EntryPoint\",\"urlTemplate\":\"https:\\\/\\\/kinder-spielen-theater.de\\\/?s={search_term_string}\"},\"query-input\":{\"@type\":\"PropertyValueSpecification\",\"valueRequired\":true,\"valueName\":\"search_term_string\"}}],\"inLanguage\":\"da-DK\"}]}<\/script>\n<!-- \/ Yoast SEO plugin. -->","yoast_head_json":{"title":"Der bunte Vogel - Kinder spielen Theater","robots":{"index":"index","follow":"follow","max-snippet":"max-snippet:-1","max-image-preview":"max-image-preview:large","max-video-preview":"max-video-preview:-1"},"canonical":"https:\/\/kinder-spielen-theater.de\/da\/vare\/der-bunte-vogel\/","og_locale":"da_DK","og_type":"article","og_title":"Der bunte Vogel - Kinder spielen Theater","og_description":"Inhalt \u201eDer bunte Vogel\u201c ist eine \u201eGeschichte vom kleinen Igel\/der kleinen Igelin\u201c(s.u.). In dieser Geschichte macht sich der kleine Igel auf die Suche nach einem wundersch\u00f6nen bunten Vogel, den er einmal auf seiner Wiese erblickt hat. Seine Suche f\u00fchrt ihn durch viele L\u00e4nder, wobei er viele verschiedene Tiere trifft und erf\u00e4hrt schlie\u00dflich, dass der wundersch\u00f6ne [&hellip;]","og_url":"https:\/\/kinder-spielen-theater.de\/da\/vare\/der-bunte-vogel\/","og_site_name":"Kinder spielen Theater","article_modified_time":"2022-09-26T18:41:14+00:00","og_image":[{"width":1240,"height":1754,"url":"https:\/\/kinder-spielen-theater.de\/wp-content\/uploads\/2021\/06\/10a-Der-bunte-Vogel-o.k.-page-001.jpg","type":"image\/jpeg"}],"twitter_card":"summary_large_image","twitter_misc":{"Estimeret l\u00e6setid":"2 minutter"},"schema":{"@context":"https:\/\/schema.org","@graph":[{"@type":"WebPage","@id":"https:\/\/kinder-spielen-theater.de\/produkt\/der-bunte-vogel\/","url":"https:\/\/kinder-spielen-theater.de\/produkt\/der-bunte-vogel\/","name":"Der bunte Vogel - Kinder spielen Theater","isPartOf":{"@id":"https:\/\/kinder-spielen-theater.de\/#website"},"primaryImageOfPage":{"@id":"https:\/\/kinder-spielen-theater.de\/produkt\/der-bunte-vogel\/#primaryimage"},"image":{"@id":"https:\/\/kinder-spielen-theater.de\/produkt\/der-bunte-vogel\/#primaryimage"},"thumbnailUrl":"https:\/\/kinder-spielen-theater.de\/wp-content\/uploads\/2021\/06\/10a-Der-bunte-Vogel-o.k.-page-001.jpg","datePublished":"2021-06-01T13:54:03+00:00","dateModified":"2022-09-26T18:41:14+00:00","breadcrumb":{"@id":"https:\/\/kinder-spielen-theater.de\/produkt\/der-bunte-vogel\/#breadcrumb"},"inLanguage":"da-DK","potentialAction":[{"@type":"ReadAction","target":["https:\/\/kinder-spielen-theater.de\/produkt\/der-bunte-vogel\/"]}]},{"@type":"ImageObject","inLanguage":"da-DK","@id":"https:\/\/kinder-spielen-theater.de\/produkt\/der-bunte-vogel\/#primaryimage","url":"https:\/\/kinder-spielen-theater.de\/wp-content\/uploads\/2021\/06\/10a-Der-bunte-Vogel-o.k.-page-001.jpg","contentUrl":"https:\/\/kinder-spielen-theater.de\/wp-content\/uploads\/2021\/06\/10a-Der-bunte-Vogel-o.k.-page-001.jpg","width":1240,"height":1754},{"@type":"BreadcrumbList","@id":"https:\/\/kinder-spielen-theater.de\/produkt\/der-bunte-vogel\/#breadcrumb","itemListElement":[{"@type":"ListItem","position":1,"name":"Startseite","item":"https:\/\/kinder-spielen-theater.de\/"},{"@type":"ListItem","position":2,"name":"Shop: Theaterst\u00fccke zum Download","item":"https:\/\/kinder-spielen-theater.de\/shop\/"},{"@type":"ListItem","position":3,"name":"Der bunte Vogel"}]},{"@type":"WebSite","@id":"https:\/\/kinder-spielen-theater.de\/#website","url":"https:\/\/kinder-spielen-theater.de\/","name":"B\u00f8rn leger teater","description":"Skuespil til folkeskolen, Hauptschule og Realschule, Gesamtschule og Gymnasium, skuespil for b\u00f8rn","potentialAction":[{"@type":"SearchAction","target":{"@type":"EntryPoint","urlTemplate":"https:\/\/kinder-spielen-theater.de\/?s={search_term_string}"},"query-input":{"@type":"PropertyValueSpecification","valueRequired":true,"valueName":"search_term_string"}}],"inLanguage":"da-DK"}]}},"_links":{"self":[{"href":"https:\/\/kinder-spielen-theater.de\/da\/wp-json\/wp\/v2\/product\/175","targetHints":{"allow":["GET"]}}],"collection":[{"href":"https:\/\/kinder-spielen-theater.de\/da\/wp-json\/wp\/v2\/product"}],"about":[{"href":"https:\/\/kinder-spielen-theater.de\/da\/wp-json\/wp\/v2\/types\/product"}],"replies":[{"embeddable":true,"href":"https:\/\/kinder-spielen-theater.de\/da\/wp-json\/wp\/v2\/comments?post=175"}],"wp:featuredmedia":[{"embeddable":true,"href":"https:\/\/kinder-spielen-theater.de\/da\/wp-json\/wp\/v2\/media\/671"}],"wp:attachment":[{"href":"https:\/\/kinder-spielen-theater.de\/da\/wp-json\/wp\/v2\/media?parent=175"}],"wp:term":[{"taxonomy":"product_brand","embeddable":true,"href":"https:\/\/kinder-spielen-theater.de\/da\/wp-json\/wp\/v2\/product_brand?post=175"},{"taxonomy":"product_cat","embeddable":true,"href":"https:\/\/kinder-spielen-theater.de\/da\/wp-json\/wp\/v2\/product_cat?post=175"},{"taxonomy":"product_tag","embeddable":true,"href":"https:\/\/kinder-spielen-theater.de\/da\/wp-json\/wp\/v2\/product_tag?post=175"}],"curies":[{"name":"wp","href":"https:\/\/api.w.org\/{rel}","templated":true}]}}