{"id":17,"date":"2021-05-24T10:20:34","date_gmt":"2021-05-24T10:20:34","guid":{"rendered":"http:\/\/kinder-spielen-theater.de\/?post_type=product&#038;p=17"},"modified":"2022-09-27T06:41:46","modified_gmt":"2022-09-27T06:41:46","slug":"der-schoene-fisch","status":"publish","type":"product","link":"https:\/\/kinder-spielen-theater.de\/da\/vare\/der-schoene-fisch\/","title":{"rendered":"Der sch\u00f6ne Fisch"},"content":{"rendered":"<p><strong><span style=\"font-size: 18pt;\">Inhalt<\/span><br \/>\n<\/strong>Dieses Theaterst\u00fcck ist eine \u201eGeschichte vom kleinen Igel und der kleinen Igelin\u201c (s.u.).<\/p>\n<p>In dieser Geschichte l\u00e4sst sich der kleine Igel (die kleine Igelin) von einer Elfe in die M\u00e4rchenwelt entf\u00fchren. Auf dieser Reise durch die M\u00e4rchenwelt erkl\u00e4rt die Elfe dem kleinen Igel, dass die glitzernden Tautropfen auf der Wiese Sternentr\u00e4nen sind, warum die Fische bei Vollmond so lustig aus dem Wasser springen und warum die Nachtigall sch\u00f6ner singt als alle anderen V\u00f6gel. Diese m\u00e4rchenhaften Erkl\u00e4rungen sind nicht nur wundersch\u00f6n, sondern sie betreffen auch vergleichbare Situationen in der realen Welt.<\/p>\n<p><strong><span style=\"font-size: 18pt;\">Rollenzahl und Spieldauer<\/span><br \/>\n<\/strong>In diesem St\u00fcck sind 17 Rollen zu besetzen. Diese Zahl kann durch Hinzu- oder Wegnahme von Fischrollen vergr\u00f6\u00dfert (Rollen ohne Sprechtext) bzw. verringert werden.<br \/>\nDie Auff\u00fchrungszeit betr\u00e4gt ca. 20 Minuten.<\/p>\n<p><span style=\"font-size: 18pt;\"><strong>Textumfang<\/strong><\/span><br \/>\nRollentext 6 Seiten, insgesamt 28 Seiten<\/p>\n<p><span style=\"font-size: 18pt;\"><strong>Musik<\/strong><\/span><br \/>\nZus\u00e4tzlich zum Rollentext und den Lehrerhinweisen sind noch 12 Musik-Dateien im mp3-Format enthalten.<\/p>\n<p><a href=\"http:\/\/kinder-spielen-theater.de\/wp-content\/uploads\/2021\/05\/49-Der-schoene-Fisch-Leseprobe-Adobe.pdf\"><span style=\"font-size: 18pt;\">Leseprobe<\/span><\/a><\/p>","protected":false},"excerpt":{"rendered":"<p>Inhalt Dieses Theaterst\u00fcck ist eine \u201eGeschichte vom kleinen Igel und der kleinen Igelin\u201c (s.u.). In dieser Geschichte l\u00e4sst sich der kleine Igel (die kleine Igelin) von einer Elfe in die M\u00e4rchenwelt entf\u00fchren. Auf dieser Reise durch die M\u00e4rchenwelt erkl\u00e4rt die Elfe dem kleinen Igel, dass die glitzernden Tautropfen auf der Wiese Sternentr\u00e4nen sind, warum die [&hellip;]<\/p>\n","protected":false},"featured_media":687,"comment_status":"closed","ping_status":"closed","template":"","meta":[],"product_brand":[],"product_cat":[30],"product_tag":[],"class_list":{"0":"post-17","1":"product","2":"type-product","3":"status-publish","4":"has-post-thumbnail","6":"product_cat-igelgeschichten","8":"first","9":"instock","10":"downloadable","11":"virtual","12":"purchasable","13":"product-type-simple"},"yoast_head":"<!-- This site is optimized with the Yoast SEO plugin v27.3 - https:\/\/yoast.com\/product\/yoast-seo-wordpress\/ -->\n<title>Der sch\u00f6ne Fisch - Kinder spielen Theater<\/title>\n<meta name=\"robots\" content=\"index, follow, max-snippet:-1, max-image-preview:large, max-video-preview:-1\" \/>\n<link rel=\"canonical\" href=\"https:\/\/kinder-spielen-theater.de\/da\/vare\/der-schoene-fisch\/\" \/>\n<meta property=\"og:locale\" content=\"da_DK\" \/>\n<meta property=\"og:type\" content=\"article\" \/>\n<meta property=\"og:title\" content=\"Der sch\u00f6ne Fisch - Kinder spielen Theater\" \/>\n<meta property=\"og:description\" content=\"Inhalt Dieses Theaterst\u00fcck ist eine \u201eGeschichte vom kleinen Igel und der kleinen Igelin\u201c (s.u.). In dieser Geschichte l\u00e4sst sich der kleine Igel (die kleine Igelin) von einer Elfe in die M\u00e4rchenwelt entf\u00fchren. Auf dieser Reise durch die M\u00e4rchenwelt erkl\u00e4rt die Elfe dem kleinen Igel, dass die glitzernden Tautropfen auf der Wiese Sternentr\u00e4nen sind, warum die [&hellip;]\" \/>\n<meta property=\"og:url\" content=\"https:\/\/kinder-spielen-theater.de\/da\/vare\/der-schoene-fisch\/\" \/>\n<meta property=\"og:site_name\" content=\"Kinder spielen Theater\" \/>\n<meta property=\"article:modified_time\" content=\"2022-09-27T06:41:46+00:00\" \/>\n<meta property=\"og:image\" content=\"https:\/\/kinder-spielen-theater.de\/wp-content\/uploads\/2021\/05\/49-Der-schoene-Fisch-o.k.-page-001.jpg\" \/>\n\t<meta property=\"og:image:width\" content=\"1240\" \/>\n\t<meta property=\"og:image:height\" content=\"1754\" \/>\n\t<meta property=\"og:image:type\" content=\"image\/jpeg\" \/>\n<meta name=\"twitter:card\" content=\"summary_large_image\" \/>\n<meta name=\"twitter:label1\" content=\"Estimeret l\u00e6setid\" \/>\n\t<meta name=\"twitter:data1\" content=\"1 minut\" \/>\n<script type=\"application\/ld+json\" class=\"yoast-schema-graph\">{\"@context\":\"https:\\\/\\\/schema.org\",\"@graph\":[{\"@type\":\"WebPage\",\"@id\":\"https:\\\/\\\/kinder-spielen-theater.de\\\/produkt\\\/der-schoene-fisch\\\/\",\"url\":\"https:\\\/\\\/kinder-spielen-theater.de\\\/produkt\\\/der-schoene-fisch\\\/\",\"name\":\"Der sch\u00f6ne Fisch - Kinder spielen Theater\",\"isPartOf\":{\"@id\":\"https:\\\/\\\/kinder-spielen-theater.de\\\/#website\"},\"primaryImageOfPage\":{\"@id\":\"https:\\\/\\\/kinder-spielen-theater.de\\\/produkt\\\/der-schoene-fisch\\\/#primaryimage\"},\"image\":{\"@id\":\"https:\\\/\\\/kinder-spielen-theater.de\\\/produkt\\\/der-schoene-fisch\\\/#primaryimage\"},\"thumbnailUrl\":\"https:\\\/\\\/kinder-spielen-theater.de\\\/wp-content\\\/uploads\\\/2021\\\/05\\\/49-Der-schoene-Fisch-o.k.-page-001.jpg\",\"datePublished\":\"2021-05-24T10:20:34+00:00\",\"dateModified\":\"2022-09-27T06:41:46+00:00\",\"breadcrumb\":{\"@id\":\"https:\\\/\\\/kinder-spielen-theater.de\\\/produkt\\\/der-schoene-fisch\\\/#breadcrumb\"},\"inLanguage\":\"da-DK\",\"potentialAction\":[{\"@type\":\"ReadAction\",\"target\":[\"https:\\\/\\\/kinder-spielen-theater.de\\\/produkt\\\/der-schoene-fisch\\\/\"]}]},{\"@type\":\"ImageObject\",\"inLanguage\":\"da-DK\",\"@id\":\"https:\\\/\\\/kinder-spielen-theater.de\\\/produkt\\\/der-schoene-fisch\\\/#primaryimage\",\"url\":\"https:\\\/\\\/kinder-spielen-theater.de\\\/wp-content\\\/uploads\\\/2021\\\/05\\\/49-Der-schoene-Fisch-o.k.-page-001.jpg\",\"contentUrl\":\"https:\\\/\\\/kinder-spielen-theater.de\\\/wp-content\\\/uploads\\\/2021\\\/05\\\/49-Der-schoene-Fisch-o.k.-page-001.jpg\",\"width\":1240,\"height\":1754},{\"@type\":\"BreadcrumbList\",\"@id\":\"https:\\\/\\\/kinder-spielen-theater.de\\\/produkt\\\/der-schoene-fisch\\\/#breadcrumb\",\"itemListElement\":[{\"@type\":\"ListItem\",\"position\":1,\"name\":\"Startseite\",\"item\":\"https:\\\/\\\/kinder-spielen-theater.de\\\/\"},{\"@type\":\"ListItem\",\"position\":2,\"name\":\"Shop: Theaterst\u00fccke zum Download\",\"item\":\"https:\\\/\\\/kinder-spielen-theater.de\\\/shop\\\/\"},{\"@type\":\"ListItem\",\"position\":3,\"name\":\"Der sch\u00f6ne Fisch\"}]},{\"@type\":\"WebSite\",\"@id\":\"https:\\\/\\\/kinder-spielen-theater.de\\\/#website\",\"url\":\"https:\\\/\\\/kinder-spielen-theater.de\\\/\",\"name\":\"Kinder spielen Theater\",\"description\":\"Theaterst\u00fccke f\u00fcr die Grundschule, Haupt- und Realschule, Gesamtschule und Gymnasium, Theaterst\u00fccke f\u00fcr Kinder\",\"potentialAction\":[{\"@type\":\"SearchAction\",\"target\":{\"@type\":\"EntryPoint\",\"urlTemplate\":\"https:\\\/\\\/kinder-spielen-theater.de\\\/?s={search_term_string}\"},\"query-input\":{\"@type\":\"PropertyValueSpecification\",\"valueRequired\":true,\"valueName\":\"search_term_string\"}}],\"inLanguage\":\"da-DK\"}]}<\/script>\n<!-- \/ Yoast SEO plugin. -->","yoast_head_json":{"title":"Der sch\u00f6ne Fisch - Kinder spielen Theater","robots":{"index":"index","follow":"follow","max-snippet":"max-snippet:-1","max-image-preview":"max-image-preview:large","max-video-preview":"max-video-preview:-1"},"canonical":"https:\/\/kinder-spielen-theater.de\/da\/vare\/der-schoene-fisch\/","og_locale":"da_DK","og_type":"article","og_title":"Der sch\u00f6ne Fisch - Kinder spielen Theater","og_description":"Inhalt Dieses Theaterst\u00fcck ist eine \u201eGeschichte vom kleinen Igel und der kleinen Igelin\u201c (s.u.). In dieser Geschichte l\u00e4sst sich der kleine Igel (die kleine Igelin) von einer Elfe in die M\u00e4rchenwelt entf\u00fchren. Auf dieser Reise durch die M\u00e4rchenwelt erkl\u00e4rt die Elfe dem kleinen Igel, dass die glitzernden Tautropfen auf der Wiese Sternentr\u00e4nen sind, warum die [&hellip;]","og_url":"https:\/\/kinder-spielen-theater.de\/da\/vare\/der-schoene-fisch\/","og_site_name":"Kinder spielen Theater","article_modified_time":"2022-09-27T06:41:46+00:00","og_image":[{"width":1240,"height":1754,"url":"https:\/\/kinder-spielen-theater.de\/wp-content\/uploads\/2021\/05\/49-Der-schoene-Fisch-o.k.-page-001.jpg","type":"image\/jpeg"}],"twitter_card":"summary_large_image","twitter_misc":{"Estimeret l\u00e6setid":"1 minut"},"schema":{"@context":"https:\/\/schema.org","@graph":[{"@type":"WebPage","@id":"https:\/\/kinder-spielen-theater.de\/produkt\/der-schoene-fisch\/","url":"https:\/\/kinder-spielen-theater.de\/produkt\/der-schoene-fisch\/","name":"Der sch\u00f6ne Fisch - Kinder spielen Theater","isPartOf":{"@id":"https:\/\/kinder-spielen-theater.de\/#website"},"primaryImageOfPage":{"@id":"https:\/\/kinder-spielen-theater.de\/produkt\/der-schoene-fisch\/#primaryimage"},"image":{"@id":"https:\/\/kinder-spielen-theater.de\/produkt\/der-schoene-fisch\/#primaryimage"},"thumbnailUrl":"https:\/\/kinder-spielen-theater.de\/wp-content\/uploads\/2021\/05\/49-Der-schoene-Fisch-o.k.-page-001.jpg","datePublished":"2021-05-24T10:20:34+00:00","dateModified":"2022-09-27T06:41:46+00:00","breadcrumb":{"@id":"https:\/\/kinder-spielen-theater.de\/produkt\/der-schoene-fisch\/#breadcrumb"},"inLanguage":"da-DK","potentialAction":[{"@type":"ReadAction","target":["https:\/\/kinder-spielen-theater.de\/produkt\/der-schoene-fisch\/"]}]},{"@type":"ImageObject","inLanguage":"da-DK","@id":"https:\/\/kinder-spielen-theater.de\/produkt\/der-schoene-fisch\/#primaryimage","url":"https:\/\/kinder-spielen-theater.de\/wp-content\/uploads\/2021\/05\/49-Der-schoene-Fisch-o.k.-page-001.jpg","contentUrl":"https:\/\/kinder-spielen-theater.de\/wp-content\/uploads\/2021\/05\/49-Der-schoene-Fisch-o.k.-page-001.jpg","width":1240,"height":1754},{"@type":"BreadcrumbList","@id":"https:\/\/kinder-spielen-theater.de\/produkt\/der-schoene-fisch\/#breadcrumb","itemListElement":[{"@type":"ListItem","position":1,"name":"Startseite","item":"https:\/\/kinder-spielen-theater.de\/"},{"@type":"ListItem","position":2,"name":"Shop: Theaterst\u00fccke zum Download","item":"https:\/\/kinder-spielen-theater.de\/shop\/"},{"@type":"ListItem","position":3,"name":"Der sch\u00f6ne Fisch"}]},{"@type":"WebSite","@id":"https:\/\/kinder-spielen-theater.de\/#website","url":"https:\/\/kinder-spielen-theater.de\/","name":"B\u00f8rn leger teater","description":"Skuespil til folkeskolen, Hauptschule og Realschule, Gesamtschule og Gymnasium, skuespil for b\u00f8rn","potentialAction":[{"@type":"SearchAction","target":{"@type":"EntryPoint","urlTemplate":"https:\/\/kinder-spielen-theater.de\/?s={search_term_string}"},"query-input":{"@type":"PropertyValueSpecification","valueRequired":true,"valueName":"search_term_string"}}],"inLanguage":"da-DK"}]}},"_links":{"self":[{"href":"https:\/\/kinder-spielen-theater.de\/da\/wp-json\/wp\/v2\/product\/17","targetHints":{"allow":["GET"]}}],"collection":[{"href":"https:\/\/kinder-spielen-theater.de\/da\/wp-json\/wp\/v2\/product"}],"about":[{"href":"https:\/\/kinder-spielen-theater.de\/da\/wp-json\/wp\/v2\/types\/product"}],"replies":[{"embeddable":true,"href":"https:\/\/kinder-spielen-theater.de\/da\/wp-json\/wp\/v2\/comments?post=17"}],"wp:featuredmedia":[{"embeddable":true,"href":"https:\/\/kinder-spielen-theater.de\/da\/wp-json\/wp\/v2\/media\/687"}],"wp:attachment":[{"href":"https:\/\/kinder-spielen-theater.de\/da\/wp-json\/wp\/v2\/media?parent=17"}],"wp:term":[{"taxonomy":"product_brand","embeddable":true,"href":"https:\/\/kinder-spielen-theater.de\/da\/wp-json\/wp\/v2\/product_brand?post=17"},{"taxonomy":"product_cat","embeddable":true,"href":"https:\/\/kinder-spielen-theater.de\/da\/wp-json\/wp\/v2\/product_cat?post=17"},{"taxonomy":"product_tag","embeddable":true,"href":"https:\/\/kinder-spielen-theater.de\/da\/wp-json\/wp\/v2\/product_tag?post=17"}],"curies":[{"name":"wp","href":"https:\/\/api.w.org\/{rel}","templated":true}]}}