{"id":135,"date":"2021-05-31T19:35:36","date_gmt":"2021-05-31T19:35:36","guid":{"rendered":"http:\/\/kinder-spielen-theater.de\/?post_type=product&#038;p=135"},"modified":"2026-03-19T13:39:57","modified_gmt":"2026-03-19T13:39:57","slug":"das-nachtmaerchen","status":"publish","type":"product","link":"https:\/\/kinder-spielen-theater.de\/da\/vare\/das-nachtmaerchen\/","title":{"rendered":"Das Nachtm\u00e4rchen"},"content":{"rendered":"<p><span style=\"font-size: 18pt;\"><strong>Inhalt<\/strong> <\/span><br \/>\nDer junge Ritter Erik beschlie\u00dft, auf Abenteuer auszuziehen und gro\u00dfe Taten zu vollbringen. Deshalb segelt er zu den fernen Inseln Atlantis, Taprobane und Thule, wo er gegen Riesen, Drachen und Gnomen k\u00e4mpft und dabei u.a. f\u00fcr die Ordnung am Himmel und das Licht (gegen die Dunkelheit) Partei ergreift.<\/p>\n<p><span style=\"font-size: 18pt;\"><strong>Rollenzahl und Spieldauer<\/strong><\/span><br \/>\nIn der vorliegenden Fassung sind in \u201eDas Nachtm\u00e4rchen\u201c 30 Rollen zu besetzen. Darin sind allerdings in den drei Akten des St\u00fcckes jeweils sechs Riesen, Drachen und Gnomen Rollen enthalten, deren Zahl ohne weiteres bis auf jeweils zwei verringert werden kann, so dass die Rollenzahl dann auf 18 sinkt. Eine noch weitere Verringerung kann vorgenommen werden, indem die Riesen, Drachen und Gnomen jeweils von den gleichen Kindern gespielt werden. Das ist m\u00f6glich, weil die Riesen usw. jeweils nur in einem Akt (s.o.) auftreten. In diesem Fall verringert sich die Rollenzahl dann insgesamt auf nur noch 14 Rollen.<\/p>\n<p>Die Auff\u00fchrungszeit betr\u00e4gt ca. 35 Minuten.<\/p>\n<p><span style=\"font-size: 18pt;\"><strong>Textumfang<\/strong> <\/span><br \/>\nRollentext 9 Seiten, insgesamt 37 Seiten<\/p>\n<p><a href=\"http:\/\/kinder-spielen-theater.de\/wp-content\/uploads\/2021\/05\/4-Das-Nachtmaerchen-Leseprobe-Adobe.pdf\"><span style=\"font-size: 18pt;\">Leseprobe<\/span><\/a><\/p>","protected":false},"excerpt":{"rendered":"<p>Inhalt Der junge Ritter Erik beschlie\u00dft, auf Abenteuer auszuziehen und gro\u00dfe Taten zu vollbringen. Deshalb segelt er zu den fernen Inseln Atlantis, Taprobane und Thule, wo er gegen Riesen, Drachen und Gnomen k\u00e4mpft und dabei u.a. f\u00fcr die Ordnung am Himmel und das Licht (gegen die Dunkelheit) Partei ergreift. Rollenzahl und Spieldauer In der vorliegenden [&hellip;]<\/p>\n","protected":false},"featured_media":698,"comment_status":"open","ping_status":"closed","template":"","meta":[],"product_brand":[],"product_cat":[36],"product_tag":[],"class_list":{"0":"post-135","1":"product","2":"type-product","3":"status-publish","4":"has-post-thumbnail","6":"product_cat-maerchen","8":"first","9":"instock","10":"downloadable","11":"virtual","12":"purchasable","13":"product-type-simple"},"yoast_head":"<!-- This site is optimized with the Yoast SEO plugin v27.3 - https:\/\/yoast.com\/product\/yoast-seo-wordpress\/ -->\n<title>Das Nachtm\u00e4rchen - Kinder spielen Theater<\/title>\n<meta name=\"robots\" content=\"index, follow, max-snippet:-1, max-image-preview:large, max-video-preview:-1\" \/>\n<link rel=\"canonical\" href=\"https:\/\/kinder-spielen-theater.de\/da\/vare\/das-nachtmaerchen\/\" \/>\n<meta property=\"og:locale\" content=\"da_DK\" \/>\n<meta property=\"og:type\" content=\"article\" \/>\n<meta property=\"og:title\" content=\"Das Nachtm\u00e4rchen - Kinder spielen Theater\" \/>\n<meta property=\"og:description\" content=\"Inhalt Der junge Ritter Erik beschlie\u00dft, auf Abenteuer auszuziehen und gro\u00dfe Taten zu vollbringen. Deshalb segelt er zu den fernen Inseln Atlantis, Taprobane und Thule, wo er gegen Riesen, Drachen und Gnomen k\u00e4mpft und dabei u.a. f\u00fcr die Ordnung am Himmel und das Licht (gegen die Dunkelheit) Partei ergreift. Rollenzahl und Spieldauer In der vorliegenden [&hellip;]\" \/>\n<meta property=\"og:url\" content=\"https:\/\/kinder-spielen-theater.de\/da\/vare\/das-nachtmaerchen\/\" \/>\n<meta property=\"og:site_name\" content=\"Kinder spielen Theater\" \/>\n<meta property=\"article:modified_time\" content=\"2026-03-19T13:39:57+00:00\" \/>\n<meta property=\"og:image\" content=\"https:\/\/kinder-spielen-theater.de\/wp-content\/uploads\/2021\/05\/4-Das-Nachtmaerchen-o.k.-page-001.jpg\" \/>\n\t<meta property=\"og:image:width\" content=\"1240\" \/>\n\t<meta property=\"og:image:height\" content=\"1754\" \/>\n\t<meta property=\"og:image:type\" content=\"image\/jpeg\" \/>\n<meta name=\"twitter:card\" content=\"summary_large_image\" \/>\n<meta name=\"twitter:label1\" content=\"Estimeret l\u00e6setid\" \/>\n\t<meta name=\"twitter:data1\" content=\"1 minut\" \/>\n<script type=\"application\/ld+json\" class=\"yoast-schema-graph\">{\"@context\":\"https:\\\/\\\/schema.org\",\"@graph\":[{\"@type\":\"WebPage\",\"@id\":\"https:\\\/\\\/kinder-spielen-theater.de\\\/produkt\\\/das-nachtmaerchen\\\/\",\"url\":\"https:\\\/\\\/kinder-spielen-theater.de\\\/produkt\\\/das-nachtmaerchen\\\/\",\"name\":\"Das Nachtm\u00e4rchen - Kinder spielen Theater\",\"isPartOf\":{\"@id\":\"https:\\\/\\\/kinder-spielen-theater.de\\\/#website\"},\"primaryImageOfPage\":{\"@id\":\"https:\\\/\\\/kinder-spielen-theater.de\\\/produkt\\\/das-nachtmaerchen\\\/#primaryimage\"},\"image\":{\"@id\":\"https:\\\/\\\/kinder-spielen-theater.de\\\/produkt\\\/das-nachtmaerchen\\\/#primaryimage\"},\"thumbnailUrl\":\"https:\\\/\\\/kinder-spielen-theater.de\\\/wp-content\\\/uploads\\\/2021\\\/05\\\/4-Das-Nachtmaerchen-o.k.-page-001.jpg\",\"datePublished\":\"2021-05-31T19:35:36+00:00\",\"dateModified\":\"2026-03-19T13:39:57+00:00\",\"breadcrumb\":{\"@id\":\"https:\\\/\\\/kinder-spielen-theater.de\\\/produkt\\\/das-nachtmaerchen\\\/#breadcrumb\"},\"inLanguage\":\"da-DK\",\"potentialAction\":[{\"@type\":\"ReadAction\",\"target\":[\"https:\\\/\\\/kinder-spielen-theater.de\\\/produkt\\\/das-nachtmaerchen\\\/\"]}]},{\"@type\":\"ImageObject\",\"inLanguage\":\"da-DK\",\"@id\":\"https:\\\/\\\/kinder-spielen-theater.de\\\/produkt\\\/das-nachtmaerchen\\\/#primaryimage\",\"url\":\"https:\\\/\\\/kinder-spielen-theater.de\\\/wp-content\\\/uploads\\\/2021\\\/05\\\/4-Das-Nachtmaerchen-o.k.-page-001.jpg\",\"contentUrl\":\"https:\\\/\\\/kinder-spielen-theater.de\\\/wp-content\\\/uploads\\\/2021\\\/05\\\/4-Das-Nachtmaerchen-o.k.-page-001.jpg\",\"width\":1240,\"height\":1754},{\"@type\":\"BreadcrumbList\",\"@id\":\"https:\\\/\\\/kinder-spielen-theater.de\\\/produkt\\\/das-nachtmaerchen\\\/#breadcrumb\",\"itemListElement\":[{\"@type\":\"ListItem\",\"position\":1,\"name\":\"Startseite\",\"item\":\"https:\\\/\\\/kinder-spielen-theater.de\\\/\"},{\"@type\":\"ListItem\",\"position\":2,\"name\":\"Shop: Theaterst\u00fccke zum Download\",\"item\":\"https:\\\/\\\/kinder-spielen-theater.de\\\/shop\\\/\"},{\"@type\":\"ListItem\",\"position\":3,\"name\":\"Das Nachtm\u00e4rchen\"}]},{\"@type\":\"WebSite\",\"@id\":\"https:\\\/\\\/kinder-spielen-theater.de\\\/#website\",\"url\":\"https:\\\/\\\/kinder-spielen-theater.de\\\/\",\"name\":\"Kinder spielen Theater\",\"description\":\"Theaterst\u00fccke f\u00fcr die Grundschule, Haupt- und Realschule, Gesamtschule und Gymnasium, Theaterst\u00fccke f\u00fcr Kinder\",\"potentialAction\":[{\"@type\":\"SearchAction\",\"target\":{\"@type\":\"EntryPoint\",\"urlTemplate\":\"https:\\\/\\\/kinder-spielen-theater.de\\\/?s={search_term_string}\"},\"query-input\":{\"@type\":\"PropertyValueSpecification\",\"valueRequired\":true,\"valueName\":\"search_term_string\"}}],\"inLanguage\":\"da-DK\"}]}<\/script>\n<!-- \/ Yoast SEO plugin. -->","yoast_head_json":{"title":"Das Nachtm\u00e4rchen - Kinder spielen Theater","robots":{"index":"index","follow":"follow","max-snippet":"max-snippet:-1","max-image-preview":"max-image-preview:large","max-video-preview":"max-video-preview:-1"},"canonical":"https:\/\/kinder-spielen-theater.de\/da\/vare\/das-nachtmaerchen\/","og_locale":"da_DK","og_type":"article","og_title":"Das Nachtm\u00e4rchen - Kinder spielen Theater","og_description":"Inhalt Der junge Ritter Erik beschlie\u00dft, auf Abenteuer auszuziehen und gro\u00dfe Taten zu vollbringen. Deshalb segelt er zu den fernen Inseln Atlantis, Taprobane und Thule, wo er gegen Riesen, Drachen und Gnomen k\u00e4mpft und dabei u.a. f\u00fcr die Ordnung am Himmel und das Licht (gegen die Dunkelheit) Partei ergreift. Rollenzahl und Spieldauer In der vorliegenden [&hellip;]","og_url":"https:\/\/kinder-spielen-theater.de\/da\/vare\/das-nachtmaerchen\/","og_site_name":"Kinder spielen Theater","article_modified_time":"2026-03-19T13:39:57+00:00","og_image":[{"width":1240,"height":1754,"url":"https:\/\/kinder-spielen-theater.de\/wp-content\/uploads\/2021\/05\/4-Das-Nachtmaerchen-o.k.-page-001.jpg","type":"image\/jpeg"}],"twitter_card":"summary_large_image","twitter_misc":{"Estimeret l\u00e6setid":"1 minut"},"schema":{"@context":"https:\/\/schema.org","@graph":[{"@type":"WebPage","@id":"https:\/\/kinder-spielen-theater.de\/produkt\/das-nachtmaerchen\/","url":"https:\/\/kinder-spielen-theater.de\/produkt\/das-nachtmaerchen\/","name":"Das Nachtm\u00e4rchen - Kinder spielen Theater","isPartOf":{"@id":"https:\/\/kinder-spielen-theater.de\/#website"},"primaryImageOfPage":{"@id":"https:\/\/kinder-spielen-theater.de\/produkt\/das-nachtmaerchen\/#primaryimage"},"image":{"@id":"https:\/\/kinder-spielen-theater.de\/produkt\/das-nachtmaerchen\/#primaryimage"},"thumbnailUrl":"https:\/\/kinder-spielen-theater.de\/wp-content\/uploads\/2021\/05\/4-Das-Nachtmaerchen-o.k.-page-001.jpg","datePublished":"2021-05-31T19:35:36+00:00","dateModified":"2026-03-19T13:39:57+00:00","breadcrumb":{"@id":"https:\/\/kinder-spielen-theater.de\/produkt\/das-nachtmaerchen\/#breadcrumb"},"inLanguage":"da-DK","potentialAction":[{"@type":"ReadAction","target":["https:\/\/kinder-spielen-theater.de\/produkt\/das-nachtmaerchen\/"]}]},{"@type":"ImageObject","inLanguage":"da-DK","@id":"https:\/\/kinder-spielen-theater.de\/produkt\/das-nachtmaerchen\/#primaryimage","url":"https:\/\/kinder-spielen-theater.de\/wp-content\/uploads\/2021\/05\/4-Das-Nachtmaerchen-o.k.-page-001.jpg","contentUrl":"https:\/\/kinder-spielen-theater.de\/wp-content\/uploads\/2021\/05\/4-Das-Nachtmaerchen-o.k.-page-001.jpg","width":1240,"height":1754},{"@type":"BreadcrumbList","@id":"https:\/\/kinder-spielen-theater.de\/produkt\/das-nachtmaerchen\/#breadcrumb","itemListElement":[{"@type":"ListItem","position":1,"name":"Startseite","item":"https:\/\/kinder-spielen-theater.de\/"},{"@type":"ListItem","position":2,"name":"Shop: Theaterst\u00fccke zum Download","item":"https:\/\/kinder-spielen-theater.de\/shop\/"},{"@type":"ListItem","position":3,"name":"Das Nachtm\u00e4rchen"}]},{"@type":"WebSite","@id":"https:\/\/kinder-spielen-theater.de\/#website","url":"https:\/\/kinder-spielen-theater.de\/","name":"B\u00f8rn leger teater","description":"Skuespil til folkeskolen, Hauptschule og Realschule, Gesamtschule og Gymnasium, skuespil for b\u00f8rn","potentialAction":[{"@type":"SearchAction","target":{"@type":"EntryPoint","urlTemplate":"https:\/\/kinder-spielen-theater.de\/?s={search_term_string}"},"query-input":{"@type":"PropertyValueSpecification","valueRequired":true,"valueName":"search_term_string"}}],"inLanguage":"da-DK"}]}},"_links":{"self":[{"href":"https:\/\/kinder-spielen-theater.de\/da\/wp-json\/wp\/v2\/product\/135","targetHints":{"allow":["GET"]}}],"collection":[{"href":"https:\/\/kinder-spielen-theater.de\/da\/wp-json\/wp\/v2\/product"}],"about":[{"href":"https:\/\/kinder-spielen-theater.de\/da\/wp-json\/wp\/v2\/types\/product"}],"replies":[{"embeddable":true,"href":"https:\/\/kinder-spielen-theater.de\/da\/wp-json\/wp\/v2\/comments?post=135"}],"wp:featuredmedia":[{"embeddable":true,"href":"https:\/\/kinder-spielen-theater.de\/da\/wp-json\/wp\/v2\/media\/698"}],"wp:attachment":[{"href":"https:\/\/kinder-spielen-theater.de\/da\/wp-json\/wp\/v2\/media?parent=135"}],"wp:term":[{"taxonomy":"product_brand","embeddable":true,"href":"https:\/\/kinder-spielen-theater.de\/da\/wp-json\/wp\/v2\/product_brand?post=135"},{"taxonomy":"product_cat","embeddable":true,"href":"https:\/\/kinder-spielen-theater.de\/da\/wp-json\/wp\/v2\/product_cat?post=135"},{"taxonomy":"product_tag","embeddable":true,"href":"https:\/\/kinder-spielen-theater.de\/da\/wp-json\/wp\/v2\/product_tag?post=135"}],"curies":[{"name":"wp","href":"https:\/\/api.w.org\/{rel}","templated":true}]}}