{"id":91,"date":"2021-05-31T17:38:18","date_gmt":"2021-05-31T17:38:18","guid":{"rendered":"http:\/\/kinder-spielen-theater.de\/?page_id=91"},"modified":"2021-10-03T10:30:58","modified_gmt":"2021-10-03T10:30:58","slug":"richtlinien-fuer-die-grundschule-nrw","status":"publish","type":"page","link":"https:\/\/kinder-spielen-theater.de\/da\/kinder-spielen-theater\/richtlinien-fuer-die-grundschule-nrw\/","title":{"rendered":"Uddrag af retningslinjerne for grundskoler i NRW og UNESCO's forel\u00f8bige vedt\u00e6gter"},"content":{"rendered":"<p><\/p>\n\n\n\n<p><strong>Uddrag af retningslinjerne for grundskoler i NRW<br><\/strong>...uddannelse til milj\u00f8bevidst adf\u00e6rd, uddannelse til fred og ikke-vold, religi\u00f8s uddannelse, interkulturel uddannelse...<br>At udvikle tolerance over for andres beslutninger - At forst\u00e5 de grundl\u00e6ggende normer i grundloven og den nationale forfatning og at forsvare demokrati....&nbsp;<br><strong>Uddrag af de forel\u00f8bige vedt\u00e6gter for Unesco Paris 2004&nbsp;<br><\/strong>Bekr\u00e6ftelse af alle individers og samfunds grundl\u00e6ggende ret til at f\u00e5 del i fordelene ved mangfoldighed og dialog som prim\u00e6re tr\u00e6k ved kulturen som menneskehedens definerende kendetegn.<br>at v\u00e6re klar over, at kulturel mangfoldighed, som er menneskehedens f\u00e6lles arv, er en drivkraft for en b\u00e6redygtig udvikling, og at den s\u00e5ledes er lige s\u00e5 vigtig for menneskeheden som den biologiske mangfoldighed er for de levende organismer.<br>Vi er klar over, at kulturel mangfoldighed, der blomstrer inden for en ramme af demokrati, tolerance og social retf\u00e6rdighed, er uundv\u00e6rlig for fred og sikkerhed p\u00e5 nationalt og internationalt plan.<br><strong>Derfor skal deltagerstaterne:<br><\/strong>at tilskynde til og fremme forst\u00e5elsen af vigtigheden af at beskytte og fremme mangfoldigheden af kulturelle udtryksformer gennem offentlige forbindelser, medierne og uddannelsesprogrammer.<\/p>\n\n\n\n<p>&nbsp;___________<br>&nbsp;Den kulturelle mangfoldighed kommer til udtryk gennem de forskellige m\u00e5der, hvorp\u00e5 de<br>&nbsp;kulturarven beskyttes, udbygges og overf\u00f8res til fremtidige&nbsp;<br>&nbsp;generationer.<\/p>","protected":false},"excerpt":{"rendered":"<p>Auszug aus den Richtlinien f\u00fcr die Grundschule NRW\u2026die Erziehung zu umweltbewusstem Verhalten, die Erziehung zur Friedensf\u00e4higkeit und Gewaltfreiheit, die religi\u00f6se Erziehung, die interkulturelle Erziehung\u2026Toleranz gegen\u00fcber den Entscheidungen anderer zu entwickeln \u2022 die grundlegenden Normen des Grundgesetzes und der Landesverfassung zu verstehen und f\u00fcr die Demokratie einzutreten\u2026&nbsp;Auszug aus der vorl\u00e4ufigen Satzung der Unesco Paris 2004&nbsp;Affirming the [&hellip;]<\/p>\n","protected":false},"author":1,"featured_media":0,"parent":4,"menu_order":4,"comment_status":"closed","ping_status":"closed","template":"","meta":{"footnotes":""},"class_list":["post-91","page","type-page","status-publish","hentry"],"yoast_head":"<!-- This site is optimized with the Yoast SEO plugin v27.4 - https:\/\/yoast.com\/product\/yoast-seo-wordpress\/ -->\n<title>Ausz\u00fcge aus den Richtlinien f\u00fcr die Grundschule in NRW und der vorl\u00e4ufigen Satzung der UNESCO - Kinder spielen Theater<\/title>\n<meta name=\"robots\" content=\"index, follow, max-snippet:-1, max-image-preview:large, max-video-preview:-1\" \/>\n<link rel=\"canonical\" href=\"https:\/\/kinder-spielen-theater.de\/da\/kinder-spielen-theater\/richtlinien-fuer-die-grundschule-nrw\/\" \/>\n<meta property=\"og:locale\" content=\"da_DK\" \/>\n<meta property=\"og:type\" content=\"article\" \/>\n<meta property=\"og:title\" content=\"Ausz\u00fcge aus den Richtlinien f\u00fcr die Grundschule in NRW und der vorl\u00e4ufigen Satzung der UNESCO - Kinder spielen Theater\" \/>\n<meta property=\"og:description\" content=\"Auszug aus den Richtlinien f\u00fcr die Grundschule NRW\u2026die Erziehung zu umweltbewusstem Verhalten, die Erziehung zur Friedensf\u00e4higkeit und Gewaltfreiheit, die religi\u00f6se Erziehung, die interkulturelle Erziehung\u2026Toleranz gegen\u00fcber den Entscheidungen anderer zu entwickeln \u2022 die grundlegenden Normen des Grundgesetzes und der Landesverfassung zu verstehen und f\u00fcr die Demokratie einzutreten\u2026&nbsp;Auszug aus der vorl\u00e4ufigen Satzung der Unesco Paris 2004&nbsp;Affirming the [&hellip;]\" \/>\n<meta property=\"og:url\" content=\"https:\/\/kinder-spielen-theater.de\/da\/kinder-spielen-theater\/richtlinien-fuer-die-grundschule-nrw\/\" \/>\n<meta property=\"og:site_name\" content=\"Kinder spielen Theater\" \/>\n<meta property=\"article:modified_time\" content=\"2021-10-03T10:30:58+00:00\" \/>\n<meta name=\"twitter:card\" content=\"summary_large_image\" \/>\n<meta name=\"twitter:label1\" content=\"Estimeret l\u00e6setid\" \/>\n\t<meta name=\"twitter:data1\" content=\"1 minut\" \/>\n<script type=\"application\/ld+json\" class=\"yoast-schema-graph\">{\"@context\":\"https:\\\/\\\/schema.org\",\"@graph\":[{\"@type\":\"WebPage\",\"@id\":\"https:\\\/\\\/kinder-spielen-theater.de\\\/kinder-spielen-theater\\\/richtlinien-fuer-die-grundschule-nrw\\\/\",\"url\":\"https:\\\/\\\/kinder-spielen-theater.de\\\/kinder-spielen-theater\\\/richtlinien-fuer-die-grundschule-nrw\\\/\",\"name\":\"Ausz\u00fcge aus den Richtlinien f\u00fcr die Grundschule in NRW und der vorl\u00e4ufigen Satzung der UNESCO - Kinder spielen Theater\",\"isPartOf\":{\"@id\":\"https:\\\/\\\/kinder-spielen-theater.de\\\/#website\"},\"datePublished\":\"2021-05-31T17:38:18+00:00\",\"dateModified\":\"2021-10-03T10:30:58+00:00\",\"breadcrumb\":{\"@id\":\"https:\\\/\\\/kinder-spielen-theater.de\\\/kinder-spielen-theater\\\/richtlinien-fuer-die-grundschule-nrw\\\/#breadcrumb\"},\"inLanguage\":\"da-DK\",\"potentialAction\":[{\"@type\":\"ReadAction\",\"target\":[\"https:\\\/\\\/kinder-spielen-theater.de\\\/kinder-spielen-theater\\\/richtlinien-fuer-die-grundschule-nrw\\\/\"]}]},{\"@type\":\"BreadcrumbList\",\"@id\":\"https:\\\/\\\/kinder-spielen-theater.de\\\/kinder-spielen-theater\\\/richtlinien-fuer-die-grundschule-nrw\\\/#breadcrumb\",\"itemListElement\":[{\"@type\":\"ListItem\",\"position\":1,\"name\":\"Startseite\",\"item\":\"https:\\\/\\\/kinder-spielen-theater.de\\\/\"},{\"@type\":\"ListItem\",\"position\":2,\"name\":\"Kinder spielen Theater\",\"item\":\"https:\\\/\\\/kinder-spielen-theater.de\\\/\"},{\"@type\":\"ListItem\",\"position\":3,\"name\":\"Ausz\u00fcge aus den Richtlinien f\u00fcr die Grundschule in NRW und der vorl\u00e4ufigen Satzung der UNESCO\"}]},{\"@type\":\"WebSite\",\"@id\":\"https:\\\/\\\/kinder-spielen-theater.de\\\/#website\",\"url\":\"https:\\\/\\\/kinder-spielen-theater.de\\\/\",\"name\":\"Kinder spielen Theater\",\"description\":\"Theaterst\u00fccke f\u00fcr die Grundschule, Haupt- und Realschule, Gesamtschule und Gymnasium, Theaterst\u00fccke f\u00fcr Kinder\",\"potentialAction\":[{\"@type\":\"SearchAction\",\"target\":{\"@type\":\"EntryPoint\",\"urlTemplate\":\"https:\\\/\\\/kinder-spielen-theater.de\\\/?s={search_term_string}\"},\"query-input\":{\"@type\":\"PropertyValueSpecification\",\"valueRequired\":true,\"valueName\":\"search_term_string\"}}],\"inLanguage\":\"da-DK\"}]}<\/script>\n<!-- \/ Yoast SEO plugin. -->","yoast_head_json":{"title":"Ausz\u00fcge aus den Richtlinien f\u00fcr die Grundschule in NRW und der vorl\u00e4ufigen Satzung der UNESCO - Kinder spielen Theater","robots":{"index":"index","follow":"follow","max-snippet":"max-snippet:-1","max-image-preview":"max-image-preview:large","max-video-preview":"max-video-preview:-1"},"canonical":"https:\/\/kinder-spielen-theater.de\/da\/kinder-spielen-theater\/richtlinien-fuer-die-grundschule-nrw\/","og_locale":"da_DK","og_type":"article","og_title":"Ausz\u00fcge aus den Richtlinien f\u00fcr die Grundschule in NRW und der vorl\u00e4ufigen Satzung der UNESCO - Kinder spielen Theater","og_description":"Auszug aus den Richtlinien f\u00fcr die Grundschule NRW\u2026die Erziehung zu umweltbewusstem Verhalten, die Erziehung zur Friedensf\u00e4higkeit und Gewaltfreiheit, die religi\u00f6se Erziehung, die interkulturelle Erziehung\u2026Toleranz gegen\u00fcber den Entscheidungen anderer zu entwickeln \u2022 die grundlegenden Normen des Grundgesetzes und der Landesverfassung zu verstehen und f\u00fcr die Demokratie einzutreten\u2026&nbsp;Auszug aus der vorl\u00e4ufigen Satzung der Unesco Paris 2004&nbsp;Affirming the [&hellip;]","og_url":"https:\/\/kinder-spielen-theater.de\/da\/kinder-spielen-theater\/richtlinien-fuer-die-grundschule-nrw\/","og_site_name":"Kinder spielen Theater","article_modified_time":"2021-10-03T10:30:58+00:00","twitter_card":"summary_large_image","twitter_misc":{"Estimeret l\u00e6setid":"1 minut"},"schema":{"@context":"https:\/\/schema.org","@graph":[{"@type":"WebPage","@id":"https:\/\/kinder-spielen-theater.de\/kinder-spielen-theater\/richtlinien-fuer-die-grundschule-nrw\/","url":"https:\/\/kinder-spielen-theater.de\/kinder-spielen-theater\/richtlinien-fuer-die-grundschule-nrw\/","name":"Ausz\u00fcge aus den Richtlinien f\u00fcr die Grundschule in NRW und der vorl\u00e4ufigen Satzung der UNESCO - Kinder spielen Theater","isPartOf":{"@id":"https:\/\/kinder-spielen-theater.de\/#website"},"datePublished":"2021-05-31T17:38:18+00:00","dateModified":"2021-10-03T10:30:58+00:00","breadcrumb":{"@id":"https:\/\/kinder-spielen-theater.de\/kinder-spielen-theater\/richtlinien-fuer-die-grundschule-nrw\/#breadcrumb"},"inLanguage":"da-DK","potentialAction":[{"@type":"ReadAction","target":["https:\/\/kinder-spielen-theater.de\/kinder-spielen-theater\/richtlinien-fuer-die-grundschule-nrw\/"]}]},{"@type":"BreadcrumbList","@id":"https:\/\/kinder-spielen-theater.de\/kinder-spielen-theater\/richtlinien-fuer-die-grundschule-nrw\/#breadcrumb","itemListElement":[{"@type":"ListItem","position":1,"name":"Startseite","item":"https:\/\/kinder-spielen-theater.de\/"},{"@type":"ListItem","position":2,"name":"Kinder spielen Theater","item":"https:\/\/kinder-spielen-theater.de\/"},{"@type":"ListItem","position":3,"name":"Ausz\u00fcge aus den Richtlinien f\u00fcr die Grundschule in NRW und der vorl\u00e4ufigen Satzung der UNESCO"}]},{"@type":"WebSite","@id":"https:\/\/kinder-spielen-theater.de\/#website","url":"https:\/\/kinder-spielen-theater.de\/","name":"B\u00f8rn leger teater","description":"Skuespil til folkeskolen, Hauptschule og Realschule, Gesamtschule og Gymnasium, skuespil for b\u00f8rn","potentialAction":[{"@type":"SearchAction","target":{"@type":"EntryPoint","urlTemplate":"https:\/\/kinder-spielen-theater.de\/?s={search_term_string}"},"query-input":{"@type":"PropertyValueSpecification","valueRequired":true,"valueName":"search_term_string"}}],"inLanguage":"da-DK"}]}},"_links":{"self":[{"href":"https:\/\/kinder-spielen-theater.de\/da\/wp-json\/wp\/v2\/pages\/91","targetHints":{"allow":["GET"]}}],"collection":[{"href":"https:\/\/kinder-spielen-theater.de\/da\/wp-json\/wp\/v2\/pages"}],"about":[{"href":"https:\/\/kinder-spielen-theater.de\/da\/wp-json\/wp\/v2\/types\/page"}],"author":[{"embeddable":true,"href":"https:\/\/kinder-spielen-theater.de\/da\/wp-json\/wp\/v2\/users\/1"}],"replies":[{"embeddable":true,"href":"https:\/\/kinder-spielen-theater.de\/da\/wp-json\/wp\/v2\/comments?post=91"}],"version-history":[{"count":3,"href":"https:\/\/kinder-spielen-theater.de\/da\/wp-json\/wp\/v2\/pages\/91\/revisions"}],"predecessor-version":[{"id":477,"href":"https:\/\/kinder-spielen-theater.de\/da\/wp-json\/wp\/v2\/pages\/91\/revisions\/477"}],"up":[{"embeddable":true,"href":"https:\/\/kinder-spielen-theater.de\/da\/wp-json\/wp\/v2\/pages\/4"}],"wp:attachment":[{"href":"https:\/\/kinder-spielen-theater.de\/da\/wp-json\/wp\/v2\/media?parent=91"}],"curies":[{"name":"wp","href":"https:\/\/api.w.org\/{rel}","templated":true}]}}