{"id":528,"date":"2022-02-15T11:43:19","date_gmt":"2022-02-15T11:43:19","guid":{"rendered":"https:\/\/kinder-spielen-theater.de\/?page_id=528"},"modified":"2022-11-11T13:57:41","modified_gmt":"2022-11-11T13:57:41","slug":"1-deutsche-schulen-im-ausland","status":"publish","type":"page","link":"https:\/\/kinder-spielen-theater.de\/da\/kinder-spielen-theater\/beispiele-fuer-einsatzmoeglichkeiten-der-theaterstuecke-kinder-spielen-theater\/1-deutsche-schulen-im-ausland\/","title":{"rendered":"1. Deutsche Schulen im Ausland"},"content":{"rendered":"<p><strong>Internationale Deutsche Schule in Paris<\/strong><\/p>\n\n\n\n<p>Fotos einer Auff\u00fchrung des Theaterst\u00fcckes \u201cChristopher Columbus\u201d im April 2011<\/p>\n\n\n\n<figure class=\"wp-block-image size-full\"><img loading=\"lazy\" decoding=\"async\" width=\"636\" height=\"476\" src=\"https:\/\/kinder-spielen-theater.de\/wp-content\/uploads\/2022\/11\/ChristopherKolumbus01-1_defaced.jpg\" alt=\"\" class=\"wp-image-798\" srcset=\"https:\/\/kinder-spielen-theater.de\/wp-content\/uploads\/2022\/11\/ChristopherKolumbus01-1_defaced.jpg 636w, https:\/\/kinder-spielen-theater.de\/wp-content\/uploads\/2022\/11\/ChristopherKolumbus01-1_defaced-300x225.jpg 300w, https:\/\/kinder-spielen-theater.de\/wp-content\/uploads\/2022\/11\/ChristopherKolumbus01-1_defaced-16x12.jpg 16w, https:\/\/kinder-spielen-theater.de\/wp-content\/uploads\/2022\/11\/ChristopherKolumbus01-1_defaced-401x300.jpg 401w, https:\/\/kinder-spielen-theater.de\/wp-content\/uploads\/2022\/11\/ChristopherKolumbus01-1_defaced-600x449.jpg 600w\" sizes=\"auto, (max-width: 636px) 100vw, 636px\" \/><\/figure>\n\n\n\n<hr class=\"wp-block-separator has-text-color has-vivid-cyan-blue-color has-css-opacity has-vivid-cyan-blue-background-color has-background is-style-wide\"\/>\n\n\n\n<figure class=\"wp-block-image size-full\"><img loading=\"lazy\" decoding=\"async\" width=\"636\" height=\"473\" src=\"https:\/\/kinder-spielen-theater.de\/wp-content\/uploads\/2022\/11\/ChristopherKolumbus02-1_defaced.jpg\" alt=\"\" class=\"wp-image-799\" srcset=\"https:\/\/kinder-spielen-theater.de\/wp-content\/uploads\/2022\/11\/ChristopherKolumbus02-1_defaced.jpg 636w, https:\/\/kinder-spielen-theater.de\/wp-content\/uploads\/2022\/11\/ChristopherKolumbus02-1_defaced-300x223.jpg 300w, https:\/\/kinder-spielen-theater.de\/wp-content\/uploads\/2022\/11\/ChristopherKolumbus02-1_defaced-16x12.jpg 16w, https:\/\/kinder-spielen-theater.de\/wp-content\/uploads\/2022\/11\/ChristopherKolumbus02-1_defaced-403x300.jpg 403w, https:\/\/kinder-spielen-theater.de\/wp-content\/uploads\/2022\/11\/ChristopherKolumbus02-1_defaced-600x446.jpg 600w\" sizes=\"auto, (max-width: 636px) 100vw, 636px\" \/><\/figure>\n\n\n\n<hr class=\"wp-block-separator has-text-color has-vivid-cyan-blue-color has-css-opacity has-vivid-cyan-blue-background-color has-background is-style-wide\"\/>\n\n\n\n<figure class=\"wp-block-image size-full\"><img loading=\"lazy\" decoding=\"async\" width=\"628\" height=\"471\" src=\"https:\/\/kinder-spielen-theater.de\/wp-content\/uploads\/2022\/11\/ChristopherKolumbus03-1_defaced.jpg\" alt=\"\" class=\"wp-image-801\" srcset=\"https:\/\/kinder-spielen-theater.de\/wp-content\/uploads\/2022\/11\/ChristopherKolumbus03-1_defaced.jpg 628w, https:\/\/kinder-spielen-theater.de\/wp-content\/uploads\/2022\/11\/ChristopherKolumbus03-1_defaced-300x225.jpg 300w, https:\/\/kinder-spielen-theater.de\/wp-content\/uploads\/2022\/11\/ChristopherKolumbus03-1_defaced-16x12.jpg 16w, https:\/\/kinder-spielen-theater.de\/wp-content\/uploads\/2022\/11\/ChristopherKolumbus03-1_defaced-400x300.jpg 400w, https:\/\/kinder-spielen-theater.de\/wp-content\/uploads\/2022\/11\/ChristopherKolumbus03-1_defaced-600x450.jpg 600w\" sizes=\"auto, (max-width: 628px) 100vw, 628px\" \/><\/figure>\n\n\n\n<hr class=\"wp-block-separator has-text-color has-vivid-cyan-blue-color has-css-opacity has-vivid-cyan-blue-background-color has-background is-style-wide\"\/>\n\n\n\n<figure class=\"wp-block-image size-full\"><img loading=\"lazy\" decoding=\"async\" width=\"634\" height=\"476\" src=\"https:\/\/kinder-spielen-theater.de\/wp-content\/uploads\/2022\/11\/ChristopherKolumbus04-1_defaced.jpg\" alt=\"\" class=\"wp-image-802\" srcset=\"https:\/\/kinder-spielen-theater.de\/wp-content\/uploads\/2022\/11\/ChristopherKolumbus04-1_defaced.jpg 634w, https:\/\/kinder-spielen-theater.de\/wp-content\/uploads\/2022\/11\/ChristopherKolumbus04-1_defaced-300x225.jpg 300w, https:\/\/kinder-spielen-theater.de\/wp-content\/uploads\/2022\/11\/ChristopherKolumbus04-1_defaced-16x12.jpg 16w, https:\/\/kinder-spielen-theater.de\/wp-content\/uploads\/2022\/11\/ChristopherKolumbus04-1_defaced-400x300.jpg 400w, https:\/\/kinder-spielen-theater.de\/wp-content\/uploads\/2022\/11\/ChristopherKolumbus04-1_defaced-600x450.jpg 600w\" sizes=\"auto, (max-width: 634px) 100vw, 634px\" \/><figcaption>Die Auff\u00fchrung fand in der \u201cInternationalen deutschen Schule\u201d<br>in Paris statt. Die Spieler waren die Kinder einer vierten Klasse. Die Lehrerin war<br>Frau S. Herzberg. Die Sachinhalte zu dem St\u00fcck wurden zus\u00e4tzlich im Sach-,<br>Religions- und Musikunterricht thematisiert.<\/figcaption><\/figure>","protected":false},"excerpt":{"rendered":"<p>Internationale Deutsche Schule in Paris Fotos einer Auff\u00fchrung des Theaterst\u00fcckes \u201cChristopher Columbus\u201d im April 2011<\/p>","protected":false},"author":1,"featured_media":0,"parent":518,"menu_order":0,"comment_status":"closed","ping_status":"closed","template":"","meta":{"footnotes":""},"class_list":["post-528","page","type-page","status-publish","hentry"],"yoast_head":"<!-- This site is optimized with the Yoast SEO plugin v27.4 - https:\/\/yoast.com\/product\/yoast-seo-wordpress\/ -->\n<title>1. Deutsche Schulen im Ausland - Kinder spielen Theater<\/title>\n<meta name=\"robots\" content=\"index, follow, max-snippet:-1, max-image-preview:large, max-video-preview:-1\" \/>\n<link rel=\"canonical\" href=\"https:\/\/kinder-spielen-theater.de\/da\/kinder-spielen-theater\/beispiele-fuer-einsatzmoeglichkeiten-der-theaterstuecke-kinder-spielen-theater\/1-deutsche-schulen-im-ausland\/\" \/>\n<meta property=\"og:locale\" content=\"da_DK\" \/>\n<meta property=\"og:type\" content=\"article\" \/>\n<meta property=\"og:title\" content=\"1. Deutsche Schulen im Ausland - Kinder spielen Theater\" \/>\n<meta property=\"og:description\" content=\"Internationale Deutsche Schule in Paris Fotos einer Auff\u00fchrung des Theaterst\u00fcckes \u201cChristopher Columbus\u201d im April 2011\" \/>\n<meta property=\"og:url\" content=\"https:\/\/kinder-spielen-theater.de\/da\/kinder-spielen-theater\/beispiele-fuer-einsatzmoeglichkeiten-der-theaterstuecke-kinder-spielen-theater\/1-deutsche-schulen-im-ausland\/\" \/>\n<meta property=\"og:site_name\" content=\"Kinder spielen Theater\" \/>\n<meta property=\"article:modified_time\" content=\"2022-11-11T13:57:41+00:00\" \/>\n<meta property=\"og:image\" content=\"https:\/\/kinder-spielen-theater.de\/wp-content\/uploads\/2022\/11\/ChristopherKolumbus01-1_defaced.jpg\" \/>\n<meta name=\"twitter:card\" content=\"summary_large_image\" \/>\n<meta name=\"twitter:label1\" content=\"Estimeret l\u00e6setid\" \/>\n\t<meta name=\"twitter:data1\" content=\"2 minutter\" \/>\n<script type=\"application\/ld+json\" class=\"yoast-schema-graph\">{\"@context\":\"https:\\\/\\\/schema.org\",\"@graph\":[{\"@type\":\"WebPage\",\"@id\":\"https:\\\/\\\/kinder-spielen-theater.de\\\/kinder-spielen-theater\\\/beispiele-fuer-einsatzmoeglichkeiten-der-theaterstuecke-kinder-spielen-theater\\\/1-deutsche-schulen-im-ausland\\\/\",\"url\":\"https:\\\/\\\/kinder-spielen-theater.de\\\/kinder-spielen-theater\\\/beispiele-fuer-einsatzmoeglichkeiten-der-theaterstuecke-kinder-spielen-theater\\\/1-deutsche-schulen-im-ausland\\\/\",\"name\":\"1. Deutsche Schulen im Ausland - Kinder spielen Theater\",\"isPartOf\":{\"@id\":\"https:\\\/\\\/kinder-spielen-theater.de\\\/#website\"},\"primaryImageOfPage\":{\"@id\":\"https:\\\/\\\/kinder-spielen-theater.de\\\/kinder-spielen-theater\\\/beispiele-fuer-einsatzmoeglichkeiten-der-theaterstuecke-kinder-spielen-theater\\\/1-deutsche-schulen-im-ausland\\\/#primaryimage\"},\"image\":{\"@id\":\"https:\\\/\\\/kinder-spielen-theater.de\\\/kinder-spielen-theater\\\/beispiele-fuer-einsatzmoeglichkeiten-der-theaterstuecke-kinder-spielen-theater\\\/1-deutsche-schulen-im-ausland\\\/#primaryimage\"},\"thumbnailUrl\":\"https:\\\/\\\/kinder-spielen-theater.de\\\/wp-content\\\/uploads\\\/2022\\\/11\\\/ChristopherKolumbus01-1_defaced.jpg\",\"datePublished\":\"2022-02-15T11:43:19+00:00\",\"dateModified\":\"2022-11-11T13:57:41+00:00\",\"breadcrumb\":{\"@id\":\"https:\\\/\\\/kinder-spielen-theater.de\\\/kinder-spielen-theater\\\/beispiele-fuer-einsatzmoeglichkeiten-der-theaterstuecke-kinder-spielen-theater\\\/1-deutsche-schulen-im-ausland\\\/#breadcrumb\"},\"inLanguage\":\"da-DK\",\"potentialAction\":[{\"@type\":\"ReadAction\",\"target\":[\"https:\\\/\\\/kinder-spielen-theater.de\\\/kinder-spielen-theater\\\/beispiele-fuer-einsatzmoeglichkeiten-der-theaterstuecke-kinder-spielen-theater\\\/1-deutsche-schulen-im-ausland\\\/\"]}]},{\"@type\":\"ImageObject\",\"inLanguage\":\"da-DK\",\"@id\":\"https:\\\/\\\/kinder-spielen-theater.de\\\/kinder-spielen-theater\\\/beispiele-fuer-einsatzmoeglichkeiten-der-theaterstuecke-kinder-spielen-theater\\\/1-deutsche-schulen-im-ausland\\\/#primaryimage\",\"url\":\"https:\\\/\\\/kinder-spielen-theater.de\\\/wp-content\\\/uploads\\\/2022\\\/11\\\/ChristopherKolumbus01-1_defaced.jpg\",\"contentUrl\":\"https:\\\/\\\/kinder-spielen-theater.de\\\/wp-content\\\/uploads\\\/2022\\\/11\\\/ChristopherKolumbus01-1_defaced.jpg\"},{\"@type\":\"BreadcrumbList\",\"@id\":\"https:\\\/\\\/kinder-spielen-theater.de\\\/kinder-spielen-theater\\\/beispiele-fuer-einsatzmoeglichkeiten-der-theaterstuecke-kinder-spielen-theater\\\/1-deutsche-schulen-im-ausland\\\/#breadcrumb\",\"itemListElement\":[{\"@type\":\"ListItem\",\"position\":1,\"name\":\"Startseite\",\"item\":\"https:\\\/\\\/kinder-spielen-theater.de\\\/\"},{\"@type\":\"ListItem\",\"position\":2,\"name\":\"Kinder spielen Theater\",\"item\":\"https:\\\/\\\/kinder-spielen-theater.de\\\/\"},{\"@type\":\"ListItem\",\"position\":3,\"name\":\"Beispiele f\u00fcr Einsatzm\u00f6glichkeiten der Theaterst\u00fccke \u201eKinder spielen Theater\u201c\",\"item\":\"https:\\\/\\\/kinder-spielen-theater.de\\\/kinder-spielen-theater\\\/beispiele-fuer-einsatzmoeglichkeiten-der-theaterstuecke-kinder-spielen-theater\\\/\"},{\"@type\":\"ListItem\",\"position\":4,\"name\":\"1. Deutsche Schulen im Ausland\"}]},{\"@type\":\"WebSite\",\"@id\":\"https:\\\/\\\/kinder-spielen-theater.de\\\/#website\",\"url\":\"https:\\\/\\\/kinder-spielen-theater.de\\\/\",\"name\":\"Kinder spielen Theater\",\"description\":\"Theaterst\u00fccke f\u00fcr die Grundschule, Haupt- und Realschule, Gesamtschule und Gymnasium, Theaterst\u00fccke f\u00fcr Kinder\",\"potentialAction\":[{\"@type\":\"SearchAction\",\"target\":{\"@type\":\"EntryPoint\",\"urlTemplate\":\"https:\\\/\\\/kinder-spielen-theater.de\\\/?s={search_term_string}\"},\"query-input\":{\"@type\":\"PropertyValueSpecification\",\"valueRequired\":true,\"valueName\":\"search_term_string\"}}],\"inLanguage\":\"da-DK\"}]}<\/script>\n<!-- \/ Yoast SEO plugin. -->","yoast_head_json":{"title":"1. Deutsche Schulen im Ausland - Kinder spielen Theater","robots":{"index":"index","follow":"follow","max-snippet":"max-snippet:-1","max-image-preview":"max-image-preview:large","max-video-preview":"max-video-preview:-1"},"canonical":"https:\/\/kinder-spielen-theater.de\/da\/kinder-spielen-theater\/beispiele-fuer-einsatzmoeglichkeiten-der-theaterstuecke-kinder-spielen-theater\/1-deutsche-schulen-im-ausland\/","og_locale":"da_DK","og_type":"article","og_title":"1. Deutsche Schulen im Ausland - Kinder spielen Theater","og_description":"Internationale Deutsche Schule in Paris Fotos einer Auff\u00fchrung des Theaterst\u00fcckes \u201cChristopher Columbus\u201d im April 2011","og_url":"https:\/\/kinder-spielen-theater.de\/da\/kinder-spielen-theater\/beispiele-fuer-einsatzmoeglichkeiten-der-theaterstuecke-kinder-spielen-theater\/1-deutsche-schulen-im-ausland\/","og_site_name":"Kinder spielen Theater","article_modified_time":"2022-11-11T13:57:41+00:00","og_image":[{"url":"https:\/\/kinder-spielen-theater.de\/wp-content\/uploads\/2022\/11\/ChristopherKolumbus01-1_defaced.jpg","type":"","width":"","height":""}],"twitter_card":"summary_large_image","twitter_misc":{"Estimeret l\u00e6setid":"2 minutter"},"schema":{"@context":"https:\/\/schema.org","@graph":[{"@type":"WebPage","@id":"https:\/\/kinder-spielen-theater.de\/kinder-spielen-theater\/beispiele-fuer-einsatzmoeglichkeiten-der-theaterstuecke-kinder-spielen-theater\/1-deutsche-schulen-im-ausland\/","url":"https:\/\/kinder-spielen-theater.de\/kinder-spielen-theater\/beispiele-fuer-einsatzmoeglichkeiten-der-theaterstuecke-kinder-spielen-theater\/1-deutsche-schulen-im-ausland\/","name":"1. Deutsche Schulen im Ausland - Kinder spielen Theater","isPartOf":{"@id":"https:\/\/kinder-spielen-theater.de\/#website"},"primaryImageOfPage":{"@id":"https:\/\/kinder-spielen-theater.de\/kinder-spielen-theater\/beispiele-fuer-einsatzmoeglichkeiten-der-theaterstuecke-kinder-spielen-theater\/1-deutsche-schulen-im-ausland\/#primaryimage"},"image":{"@id":"https:\/\/kinder-spielen-theater.de\/kinder-spielen-theater\/beispiele-fuer-einsatzmoeglichkeiten-der-theaterstuecke-kinder-spielen-theater\/1-deutsche-schulen-im-ausland\/#primaryimage"},"thumbnailUrl":"https:\/\/kinder-spielen-theater.de\/wp-content\/uploads\/2022\/11\/ChristopherKolumbus01-1_defaced.jpg","datePublished":"2022-02-15T11:43:19+00:00","dateModified":"2022-11-11T13:57:41+00:00","breadcrumb":{"@id":"https:\/\/kinder-spielen-theater.de\/kinder-spielen-theater\/beispiele-fuer-einsatzmoeglichkeiten-der-theaterstuecke-kinder-spielen-theater\/1-deutsche-schulen-im-ausland\/#breadcrumb"},"inLanguage":"da-DK","potentialAction":[{"@type":"ReadAction","target":["https:\/\/kinder-spielen-theater.de\/kinder-spielen-theater\/beispiele-fuer-einsatzmoeglichkeiten-der-theaterstuecke-kinder-spielen-theater\/1-deutsche-schulen-im-ausland\/"]}]},{"@type":"ImageObject","inLanguage":"da-DK","@id":"https:\/\/kinder-spielen-theater.de\/kinder-spielen-theater\/beispiele-fuer-einsatzmoeglichkeiten-der-theaterstuecke-kinder-spielen-theater\/1-deutsche-schulen-im-ausland\/#primaryimage","url":"https:\/\/kinder-spielen-theater.de\/wp-content\/uploads\/2022\/11\/ChristopherKolumbus01-1_defaced.jpg","contentUrl":"https:\/\/kinder-spielen-theater.de\/wp-content\/uploads\/2022\/11\/ChristopherKolumbus01-1_defaced.jpg"},{"@type":"BreadcrumbList","@id":"https:\/\/kinder-spielen-theater.de\/kinder-spielen-theater\/beispiele-fuer-einsatzmoeglichkeiten-der-theaterstuecke-kinder-spielen-theater\/1-deutsche-schulen-im-ausland\/#breadcrumb","itemListElement":[{"@type":"ListItem","position":1,"name":"Startseite","item":"https:\/\/kinder-spielen-theater.de\/"},{"@type":"ListItem","position":2,"name":"Kinder spielen Theater","item":"https:\/\/kinder-spielen-theater.de\/"},{"@type":"ListItem","position":3,"name":"Beispiele f\u00fcr Einsatzm\u00f6glichkeiten der Theaterst\u00fccke \u201eKinder spielen Theater\u201c","item":"https:\/\/kinder-spielen-theater.de\/kinder-spielen-theater\/beispiele-fuer-einsatzmoeglichkeiten-der-theaterstuecke-kinder-spielen-theater\/"},{"@type":"ListItem","position":4,"name":"1. Deutsche Schulen im Ausland"}]},{"@type":"WebSite","@id":"https:\/\/kinder-spielen-theater.de\/#website","url":"https:\/\/kinder-spielen-theater.de\/","name":"B\u00f8rn leger teater","description":"Skuespil til folkeskolen, Hauptschule og Realschule, Gesamtschule og Gymnasium, skuespil for b\u00f8rn","potentialAction":[{"@type":"SearchAction","target":{"@type":"EntryPoint","urlTemplate":"https:\/\/kinder-spielen-theater.de\/?s={search_term_string}"},"query-input":{"@type":"PropertyValueSpecification","valueRequired":true,"valueName":"search_term_string"}}],"inLanguage":"da-DK"}]}},"_links":{"self":[{"href":"https:\/\/kinder-spielen-theater.de\/da\/wp-json\/wp\/v2\/pages\/528","targetHints":{"allow":["GET"]}}],"collection":[{"href":"https:\/\/kinder-spielen-theater.de\/da\/wp-json\/wp\/v2\/pages"}],"about":[{"href":"https:\/\/kinder-spielen-theater.de\/da\/wp-json\/wp\/v2\/types\/page"}],"author":[{"embeddable":true,"href":"https:\/\/kinder-spielen-theater.de\/da\/wp-json\/wp\/v2\/users\/1"}],"replies":[{"embeddable":true,"href":"https:\/\/kinder-spielen-theater.de\/da\/wp-json\/wp\/v2\/comments?post=528"}],"version-history":[{"count":6,"href":"https:\/\/kinder-spielen-theater.de\/da\/wp-json\/wp\/v2\/pages\/528\/revisions"}],"predecessor-version":[{"id":803,"href":"https:\/\/kinder-spielen-theater.de\/da\/wp-json\/wp\/v2\/pages\/528\/revisions\/803"}],"up":[{"embeddable":true,"href":"https:\/\/kinder-spielen-theater.de\/da\/wp-json\/wp\/v2\/pages\/518"}],"wp:attachment":[{"href":"https:\/\/kinder-spielen-theater.de\/da\/wp-json\/wp\/v2\/media?parent=528"}],"curies":[{"name":"wp","href":"https:\/\/api.w.org\/{rel}","templated":true}]}}