{"id":215,"date":"2021-06-01T20:08:41","date_gmt":"2021-06-01T20:08:41","guid":{"rendered":"https:\/\/kinder-spielen-theater.de\/?page_id=215"},"modified":"2022-11-11T13:49:17","modified_gmt":"2022-11-11T13:49:17","slug":"geschichten-vom-kleinen-igel-und-der-kleinen-igelin","status":"publish","type":"page","link":"https:\/\/kinder-spielen-theater.de\/da\/kinder-spielen-theater\/geschichten-vom-kleinen-igel-und-der-kleinen-igelin\/","title":{"rendered":"Noter til historierne om det lille pindsvin og det lille pindsvin"},"content":{"rendered":"<figure class=\"wp-block-image size-large\"><img loading=\"lazy\" decoding=\"async\" width=\"1024\" height=\"220\" src=\"https:\/\/kinder-spielen-theater.de\/wp-content\/uploads\/2022\/11\/igel_3Bilder_oben_defaced1-1024x220.jpg\" alt=\"\" class=\"wp-image-792\" srcset=\"https:\/\/kinder-spielen-theater.de\/wp-content\/uploads\/2022\/11\/igel_3Bilder_oben_defaced1-1024x220.jpg 1024w, https:\/\/kinder-spielen-theater.de\/wp-content\/uploads\/2022\/11\/igel_3Bilder_oben_defaced1-300x64.jpg 300w, https:\/\/kinder-spielen-theater.de\/wp-content\/uploads\/2022\/11\/igel_3Bilder_oben_defaced1-768x165.jpg 768w, https:\/\/kinder-spielen-theater.de\/wp-content\/uploads\/2022\/11\/igel_3Bilder_oben_defaced1-18x4.jpg 18w, https:\/\/kinder-spielen-theater.de\/wp-content\/uploads\/2022\/11\/igel_3Bilder_oben_defaced1-840x180.jpg 840w, https:\/\/kinder-spielen-theater.de\/wp-content\/uploads\/2022\/11\/igel_3Bilder_oben_defaced1-600x129.jpg 600w, https:\/\/kinder-spielen-theater.de\/wp-content\/uploads\/2022\/11\/igel_3Bilder_oben_defaced1.jpg 1508w\" sizes=\"auto, (max-width: 1024px) 100vw, 1024px\" \/><\/figure>\n\n\n\n<p>Skuespillene \"Tales of the Little Hedgehog and the Little Hedgehog\" er tilpasset med deres tema, form og sprog til b\u00f8rn i aldersgruppen fra 5 til 10 \u00e5r.<br>For.B eksempel behandler stykkerne temaerne \"venskab\", \"dr\u00f8mmenes virkelighed\", \"hj\u00e6lpsomhed\", som allerede er vigtige for b\u00f8rn i denne aldersgruppe, men ogs\u00e5 emnerne \"bevarelse af skabelsen\" og \"integration\".<br>Skuespillenes form og sprog passer ogs\u00e5 til b\u00f8rn i denne aldersgruppe: Stykkerne best\u00e5r af en r\u00e6kke mange individuelle korte scener, som altid f\u00f8lger det samme m\u00f8nster, herunder de samme dialoger.&nbsp;<br>Disse gentagelser g\u00f8r det lettere for b\u00f8rnene, is\u00e6r b\u00f8rnene med ringe kendskab til tysk, ikke kun at forst\u00e5, men ogs\u00e5 at \u00f8ve stykkerne.<br>Erfaringerne fra afpr\u00f8vningen af stykkerne har nu igen og igen vist, at disse stykker med succes kunne bruges til at forbedre deres sprogf\u00e6rdigheder, is\u00e6r for b\u00f8rn med meget lidt kendskab til tysk: deres samarbejde i \u00f8velsesfasen gav tydeligvis en st\u00e6rk motivation til tysktalende, men blev ogs\u00e5 tydeligt observeret bagefter i de \"normale lektioner\" i deres fortsatte store interesse for at udtrykke sig p\u00e5 tysk.<\/p>\n\n\n\n<p>&nbsp;<em>\"Jeg t\u00e6nker p\u00e5 et barn, der optr\u00e5dte p\u00e5 scenen i denne dv\u00e6rg og k\u00e6mpe gruppe. En elev, der kun kom til vores skole i l\u00f8bet af skole\u00e5ret. Det er sl\u00e5ende, hvordan hans artikulationsevne i det tyske sprog har udviklet sig i l\u00f8bet af projektet. Jeg ved, at han i de f\u00f8rste pr\u00f8ver n\u00e6sten ikke fik en s\u00e6tning eller to til at tale. P\u00e5 trods af nerv\u00f8siteten, med mikrofonen i h\u00e5nden og lyset, form\u00e5ede han bestemt at bringe det, han havde l\u00e6rt udenad, frem i generalpr\u00f8ven og i forestillingen p\u00e5 en rimelig velformuleret m\u00e5de.  Dette er ekstremt for disse b\u00f8rn med indvandrerbaggrund. Det er en stigning i f\u00e6rdighederne til at bruge det tyske sprog,<\/em> <em>ved at hente det, du har l\u00e6rt, med 100%.\"<\/em><br>(Uddrag fra den retningslinjebaserede unders\u00f8gelse af en l\u00e6rer i projektet:<br>Et projekt til fremme af sproglige kompetencer hos elever med prim\u00e6re og s\u00e6rlige behov, navnlig b\u00f8rn med indvandrerbaggrund (2006-2007, s. 18)<br>Et samarbejdsprojekt mellem byen Essen, Essen skoler og universitetet i Duisburg-Essen)\nSkuespil skrevet specielt til denne aldersgruppe kan derfor motivere b\u00f8rn uden kendskab til tysk i et f\u00f8rste skridt mod at l\u00e6re tysk til at recitere en kort tekst (en eller to s\u00e6tninger) p\u00e5 tysk foran et publikum p\u00e5 en forst\u00e5elig artikuleret m\u00e5de, for derefter at turde tage yderligere skridt p\u00e5 vejen til at \"udtrykke sig p\u00e5 tysk\" i klassen.<br>Dette potentiale kan ogs\u00e5 bruges i forestillinger af skuespil af b\u00f8rn med pindefigurer i fjernundervisning.<br><\/p>","protected":false},"excerpt":{"rendered":"<p>Die Theaterst\u00fccke \u201eGeschichten vom kleinen Igel und der kleinen Igelin\u201c sind mit ihrer Thematik, Form und Sprache an Kinder der Altersgruppe von 5 bis 10 Jahren angepasst.So werden z. B. in den St\u00fccken die schon f\u00fcr Kinder dieser Altersgruppe bedeutsamen Themen \u201eFreundschaft\u201c, \u201eDas Wahrwerden von Tr\u00e4umen\u201c, \u201eHilfsbereitschaft\u201c, aber auch schon die Themen \u201eBewahrung der Sch\u00f6pfung\u201c [&hellip;]<\/p>\n","protected":false},"author":1,"featured_media":0,"parent":4,"menu_order":2,"comment_status":"closed","ping_status":"closed","template":"","meta":{"footnotes":""},"class_list":["post-215","page","type-page","status-publish","hentry"],"yoast_head":"<!-- This site is optimized with the Yoast SEO plugin v27.4 - https:\/\/yoast.com\/product\/yoast-seo-wordpress\/ -->\n<title>Hinweise zu den Geschichten vom kleinen Igel und der kleinen Igelin - Kinder spielen Theater<\/title>\n<meta name=\"robots\" content=\"index, follow, max-snippet:-1, max-image-preview:large, max-video-preview:-1\" \/>\n<link rel=\"canonical\" href=\"https:\/\/kinder-spielen-theater.de\/da\/kinder-spielen-theater\/geschichten-vom-kleinen-igel-und-der-kleinen-igelin\/\" \/>\n<meta property=\"og:locale\" content=\"da_DK\" \/>\n<meta property=\"og:type\" content=\"article\" \/>\n<meta property=\"og:title\" content=\"Hinweise zu den Geschichten vom kleinen Igel und der kleinen Igelin - Kinder spielen Theater\" \/>\n<meta property=\"og:description\" content=\"Die Theaterst\u00fccke \u201eGeschichten vom kleinen Igel und der kleinen Igelin\u201c sind mit ihrer Thematik, Form und Sprache an Kinder der Altersgruppe von 5 bis 10 Jahren angepasst.So werden z. B. in den St\u00fccken die schon f\u00fcr Kinder dieser Altersgruppe bedeutsamen Themen \u201eFreundschaft\u201c, \u201eDas Wahrwerden von Tr\u00e4umen\u201c, \u201eHilfsbereitschaft\u201c, aber auch schon die Themen \u201eBewahrung der Sch\u00f6pfung\u201c [&hellip;]\" \/>\n<meta property=\"og:url\" content=\"https:\/\/kinder-spielen-theater.de\/da\/kinder-spielen-theater\/geschichten-vom-kleinen-igel-und-der-kleinen-igelin\/\" \/>\n<meta property=\"og:site_name\" content=\"Kinder spielen Theater\" \/>\n<meta property=\"article:modified_time\" content=\"2022-11-11T13:49:17+00:00\" \/>\n<meta property=\"og:image\" content=\"https:\/\/kinder-spielen-theater.de\/wp-content\/uploads\/2022\/11\/igel_3Bilder_oben_defaced1-1024x220.jpg\" \/>\n<meta name=\"twitter:card\" content=\"summary_large_image\" \/>\n<meta name=\"twitter:label1\" content=\"Estimeret l\u00e6setid\" \/>\n\t<meta name=\"twitter:data1\" content=\"3 minutter\" \/>\n<script type=\"application\/ld+json\" class=\"yoast-schema-graph\">{\"@context\":\"https:\\\/\\\/schema.org\",\"@graph\":[{\"@type\":\"WebPage\",\"@id\":\"https:\\\/\\\/kinder-spielen-theater.de\\\/kinder-spielen-theater\\\/geschichten-vom-kleinen-igel-und-der-kleinen-igelin\\\/\",\"url\":\"https:\\\/\\\/kinder-spielen-theater.de\\\/kinder-spielen-theater\\\/geschichten-vom-kleinen-igel-und-der-kleinen-igelin\\\/\",\"name\":\"Hinweise zu den Geschichten vom kleinen Igel und der kleinen Igelin - Kinder spielen Theater\",\"isPartOf\":{\"@id\":\"https:\\\/\\\/kinder-spielen-theater.de\\\/#website\"},\"primaryImageOfPage\":{\"@id\":\"https:\\\/\\\/kinder-spielen-theater.de\\\/kinder-spielen-theater\\\/geschichten-vom-kleinen-igel-und-der-kleinen-igelin\\\/#primaryimage\"},\"image\":{\"@id\":\"https:\\\/\\\/kinder-spielen-theater.de\\\/kinder-spielen-theater\\\/geschichten-vom-kleinen-igel-und-der-kleinen-igelin\\\/#primaryimage\"},\"thumbnailUrl\":\"https:\\\/\\\/kinder-spielen-theater.de\\\/wp-content\\\/uploads\\\/2022\\\/11\\\/igel_3Bilder_oben_defaced1-1024x220.jpg\",\"datePublished\":\"2021-06-01T20:08:41+00:00\",\"dateModified\":\"2022-11-11T13:49:17+00:00\",\"breadcrumb\":{\"@id\":\"https:\\\/\\\/kinder-spielen-theater.de\\\/kinder-spielen-theater\\\/geschichten-vom-kleinen-igel-und-der-kleinen-igelin\\\/#breadcrumb\"},\"inLanguage\":\"da-DK\",\"potentialAction\":[{\"@type\":\"ReadAction\",\"target\":[\"https:\\\/\\\/kinder-spielen-theater.de\\\/kinder-spielen-theater\\\/geschichten-vom-kleinen-igel-und-der-kleinen-igelin\\\/\"]}]},{\"@type\":\"ImageObject\",\"inLanguage\":\"da-DK\",\"@id\":\"https:\\\/\\\/kinder-spielen-theater.de\\\/kinder-spielen-theater\\\/geschichten-vom-kleinen-igel-und-der-kleinen-igelin\\\/#primaryimage\",\"url\":\"https:\\\/\\\/kinder-spielen-theater.de\\\/wp-content\\\/uploads\\\/2022\\\/11\\\/igel_3Bilder_oben_defaced1-1024x220.jpg\",\"contentUrl\":\"https:\\\/\\\/kinder-spielen-theater.de\\\/wp-content\\\/uploads\\\/2022\\\/11\\\/igel_3Bilder_oben_defaced1-1024x220.jpg\"},{\"@type\":\"BreadcrumbList\",\"@id\":\"https:\\\/\\\/kinder-spielen-theater.de\\\/kinder-spielen-theater\\\/geschichten-vom-kleinen-igel-und-der-kleinen-igelin\\\/#breadcrumb\",\"itemListElement\":[{\"@type\":\"ListItem\",\"position\":1,\"name\":\"Startseite\",\"item\":\"https:\\\/\\\/kinder-spielen-theater.de\\\/\"},{\"@type\":\"ListItem\",\"position\":2,\"name\":\"Kinder spielen Theater\",\"item\":\"https:\\\/\\\/kinder-spielen-theater.de\\\/\"},{\"@type\":\"ListItem\",\"position\":3,\"name\":\"Hinweise zu den Geschichten vom kleinen Igel und der kleinen Igelin\"}]},{\"@type\":\"WebSite\",\"@id\":\"https:\\\/\\\/kinder-spielen-theater.de\\\/#website\",\"url\":\"https:\\\/\\\/kinder-spielen-theater.de\\\/\",\"name\":\"Kinder spielen Theater\",\"description\":\"Theaterst\u00fccke f\u00fcr die Grundschule, Haupt- und Realschule, Gesamtschule und Gymnasium, Theaterst\u00fccke f\u00fcr Kinder\",\"potentialAction\":[{\"@type\":\"SearchAction\",\"target\":{\"@type\":\"EntryPoint\",\"urlTemplate\":\"https:\\\/\\\/kinder-spielen-theater.de\\\/?s={search_term_string}\"},\"query-input\":{\"@type\":\"PropertyValueSpecification\",\"valueRequired\":true,\"valueName\":\"search_term_string\"}}],\"inLanguage\":\"da-DK\"}]}<\/script>\n<!-- \/ Yoast SEO plugin. -->","yoast_head_json":{"title":"Hinweise zu den Geschichten vom kleinen Igel und der kleinen Igelin - Kinder spielen Theater","robots":{"index":"index","follow":"follow","max-snippet":"max-snippet:-1","max-image-preview":"max-image-preview:large","max-video-preview":"max-video-preview:-1"},"canonical":"https:\/\/kinder-spielen-theater.de\/da\/kinder-spielen-theater\/geschichten-vom-kleinen-igel-und-der-kleinen-igelin\/","og_locale":"da_DK","og_type":"article","og_title":"Hinweise zu den Geschichten vom kleinen Igel und der kleinen Igelin - Kinder spielen Theater","og_description":"Die Theaterst\u00fccke \u201eGeschichten vom kleinen Igel und der kleinen Igelin\u201c sind mit ihrer Thematik, Form und Sprache an Kinder der Altersgruppe von 5 bis 10 Jahren angepasst.So werden z. B. in den St\u00fccken die schon f\u00fcr Kinder dieser Altersgruppe bedeutsamen Themen \u201eFreundschaft\u201c, \u201eDas Wahrwerden von Tr\u00e4umen\u201c, \u201eHilfsbereitschaft\u201c, aber auch schon die Themen \u201eBewahrung der Sch\u00f6pfung\u201c [&hellip;]","og_url":"https:\/\/kinder-spielen-theater.de\/da\/kinder-spielen-theater\/geschichten-vom-kleinen-igel-und-der-kleinen-igelin\/","og_site_name":"Kinder spielen Theater","article_modified_time":"2022-11-11T13:49:17+00:00","og_image":[{"url":"https:\/\/kinder-spielen-theater.de\/wp-content\/uploads\/2022\/11\/igel_3Bilder_oben_defaced1-1024x220.jpg","type":"","width":"","height":""}],"twitter_card":"summary_large_image","twitter_misc":{"Estimeret l\u00e6setid":"3 minutter"},"schema":{"@context":"https:\/\/schema.org","@graph":[{"@type":"WebPage","@id":"https:\/\/kinder-spielen-theater.de\/kinder-spielen-theater\/geschichten-vom-kleinen-igel-und-der-kleinen-igelin\/","url":"https:\/\/kinder-spielen-theater.de\/kinder-spielen-theater\/geschichten-vom-kleinen-igel-und-der-kleinen-igelin\/","name":"Hinweise zu den Geschichten vom kleinen Igel und der kleinen Igelin - Kinder spielen Theater","isPartOf":{"@id":"https:\/\/kinder-spielen-theater.de\/#website"},"primaryImageOfPage":{"@id":"https:\/\/kinder-spielen-theater.de\/kinder-spielen-theater\/geschichten-vom-kleinen-igel-und-der-kleinen-igelin\/#primaryimage"},"image":{"@id":"https:\/\/kinder-spielen-theater.de\/kinder-spielen-theater\/geschichten-vom-kleinen-igel-und-der-kleinen-igelin\/#primaryimage"},"thumbnailUrl":"https:\/\/kinder-spielen-theater.de\/wp-content\/uploads\/2022\/11\/igel_3Bilder_oben_defaced1-1024x220.jpg","datePublished":"2021-06-01T20:08:41+00:00","dateModified":"2022-11-11T13:49:17+00:00","breadcrumb":{"@id":"https:\/\/kinder-spielen-theater.de\/kinder-spielen-theater\/geschichten-vom-kleinen-igel-und-der-kleinen-igelin\/#breadcrumb"},"inLanguage":"da-DK","potentialAction":[{"@type":"ReadAction","target":["https:\/\/kinder-spielen-theater.de\/kinder-spielen-theater\/geschichten-vom-kleinen-igel-und-der-kleinen-igelin\/"]}]},{"@type":"ImageObject","inLanguage":"da-DK","@id":"https:\/\/kinder-spielen-theater.de\/kinder-spielen-theater\/geschichten-vom-kleinen-igel-und-der-kleinen-igelin\/#primaryimage","url":"https:\/\/kinder-spielen-theater.de\/wp-content\/uploads\/2022\/11\/igel_3Bilder_oben_defaced1-1024x220.jpg","contentUrl":"https:\/\/kinder-spielen-theater.de\/wp-content\/uploads\/2022\/11\/igel_3Bilder_oben_defaced1-1024x220.jpg"},{"@type":"BreadcrumbList","@id":"https:\/\/kinder-spielen-theater.de\/kinder-spielen-theater\/geschichten-vom-kleinen-igel-und-der-kleinen-igelin\/#breadcrumb","itemListElement":[{"@type":"ListItem","position":1,"name":"Startseite","item":"https:\/\/kinder-spielen-theater.de\/"},{"@type":"ListItem","position":2,"name":"Kinder spielen Theater","item":"https:\/\/kinder-spielen-theater.de\/"},{"@type":"ListItem","position":3,"name":"Hinweise zu den Geschichten vom kleinen Igel und der kleinen Igelin"}]},{"@type":"WebSite","@id":"https:\/\/kinder-spielen-theater.de\/#website","url":"https:\/\/kinder-spielen-theater.de\/","name":"B\u00f8rn leger teater","description":"Skuespil til folkeskolen, Hauptschule og Realschule, Gesamtschule og Gymnasium, skuespil for b\u00f8rn","potentialAction":[{"@type":"SearchAction","target":{"@type":"EntryPoint","urlTemplate":"https:\/\/kinder-spielen-theater.de\/?s={search_term_string}"},"query-input":{"@type":"PropertyValueSpecification","valueRequired":true,"valueName":"search_term_string"}}],"inLanguage":"da-DK"}]}},"_links":{"self":[{"href":"https:\/\/kinder-spielen-theater.de\/da\/wp-json\/wp\/v2\/pages\/215","targetHints":{"allow":["GET"]}}],"collection":[{"href":"https:\/\/kinder-spielen-theater.de\/da\/wp-json\/wp\/v2\/pages"}],"about":[{"href":"https:\/\/kinder-spielen-theater.de\/da\/wp-json\/wp\/v2\/types\/page"}],"author":[{"embeddable":true,"href":"https:\/\/kinder-spielen-theater.de\/da\/wp-json\/wp\/v2\/users\/1"}],"replies":[{"embeddable":true,"href":"https:\/\/kinder-spielen-theater.de\/da\/wp-json\/wp\/v2\/comments?post=215"}],"version-history":[{"count":5,"href":"https:\/\/kinder-spielen-theater.de\/da\/wp-json\/wp\/v2\/pages\/215\/revisions"}],"predecessor-version":[{"id":793,"href":"https:\/\/kinder-spielen-theater.de\/da\/wp-json\/wp\/v2\/pages\/215\/revisions\/793"}],"up":[{"embeddable":true,"href":"https:\/\/kinder-spielen-theater.de\/da\/wp-json\/wp\/v2\/pages\/4"}],"wp:attachment":[{"href":"https:\/\/kinder-spielen-theater.de\/da\/wp-json\/wp\/v2\/media?parent=215"}],"curies":[{"name":"wp","href":"https:\/\/api.w.org\/{rel}","templated":true}]}}