{"id":172,"date":"2021-06-01T13:37:13","date_gmt":"2021-06-01T13:37:13","guid":{"rendered":"https:\/\/kinder-spielen-theater.de\/cookie-richtlinie-eu\/"},"modified":"2021-06-01T13:45:36","modified_gmt":"2021-06-01T13:45:36","slug":"cookie-richtlinie-eu","status":"publish","type":"page","link":"https:\/\/kinder-spielen-theater.de\/da\/impressum\/cookie-richtlinie-eu\/","title":{"rendered":"Cookie-Richtlinie (EU)"},"content":{"rendered":"<!-- Legal document generated by Complianz | GDPR\/CCPA Cookie Consent https:\/\/wordpress.org\/plugins\/complianz-gdpr -->\n<div id=\"cmplz-document\" class=\"cmplz-document cookie-statement cmplz-document-eu\"><p><i>Denne cookiepolitik blev sidst opdateret 17. november 2023 og g\u00e6lder borgere i Det Europ\u00e6iske \u00d8konomiske Samarbejdsomr\u00e5de.<\/i><br><\/p><h2>1. Introduktion<\/h2><p>Vores websted, <a href=\"https:\/\/kinder-spielen-theater.de\/da\">https:\/\/kinder-spielen-theater.de\/da<\/a> (i det f\u00f8lgende: &#8222;webstedet&#8220;) bruger cookies og andre relaterede teknologier (for nemheds skyld ben\u00e6vnes alle teknologier &#8222;cookies&#8220;). Cookies placeres ogs\u00e5 af tredjepart, vi har engageret. I dokumentet herunder informerer vi dig om brugen af \u200b\u200bcookies p\u00e5 vores websted.<\/p><h2>2. Hvad er cookies?<\/h2><p>En cookie er en lille tekst fil, der sendes sammen med sider p\u00e5 webstedet, og som er gemt i din browser p\u00e5 din computer eller enhed. Informationen i cookien kan blive sendt til vores eller relevante tredjeparts servere, n\u00e5r du bes\u00f8ger siden igen.<\/p><h2>3. Hvad er scripts?<\/h2><p>Et script er et stump kode, der g\u00f8r, at vores websted fungerer ordentligt og som forventet. Denne kode afvikles enten p\u00e5 vores server eller p\u00e5 din enhed.<\/p><h2>4. Hvad er en web beacon?<\/h2><p>Et web beacon (eller pixel tag) er en lille stump tekst eller billede p\u00e5 et websted, der bruges til at over\u00e5ge trafikken p\u00e5 webstedet. For at g\u00f8re det, bliver der gemt forskellige data om dig i web beacons.<\/p><h2>5. Cookies <\/h2><p class=\"cmplz-subtitle\">5.1 Tekniske eller funktionelle cookies<\/p><p>Nogle cookies sikrer, at visse dele af webstedet fungerer korrekt, og at dine brugerpr\u00e6ferencer forbliver kendte. Ved at placere funktionelle cookies g\u00f8r vi det lettere for dig at bes\u00f8ge vores websted. P\u00e5 denne m\u00e5de beh\u00f8ver du ikke gentagne gange at indtaste de samme oplysninger, n\u00e5r du bes\u00f8ger vores websted, og for eksempel forbliver varerne i din indk\u00f8bskurv, indtil du har betalt. Vi kan placere disse cookies uden dit samtykke.<\/p><p class=\"cmplz-subtitle\">5.2 Analysecookies<\/p><p>Vi bruger analytiske cookies til at optimere webstedsoplevelsen for vores brugere. Med disse analytiske cookies f\u00e5r vi indsigt i brugen af \u200b\u200bvores websted.&nbsp;Vi beder din tilladelse til at placere analytiske cookies.<\/p><h2>6. Placerede cookies<\/h2><div id=\"cmplz-cookies-overview\"><details class=\"cmplz-dropdown cmplz-service-desc cmplz-dropdown-cookiepolicy\">\n\t<summary class=\"cmplz-service-header\"><div>\n\t\t<h3>Diverse<\/h3>\n\t\t<p>Form\u00e5l, indtil unders\u00f8gelsen<\/p>\n\t\t<label for=\"cmplz_service_diverse\" class=\"cmplz_consent_per_service_label\"><span class=\"screen-reader-text\">Consent to service diverse<\/span><\/label>\n\t\t<input type=\"checkbox\" id=\"cmplz_service_diverse\" class=\"cmplz-accept-service cmplz-hidden\" data-service=\"diverse\" data-category=\"functional\"><\/div>\n\t<\/summary>\n\t<div class=\"cmplz-service-description\">\n\t\t<h4>Anvendelse<\/h4>\n\t\t<p><\/p>\n\t<\/div>\n\t<div class=\"cmplz-sharing-data\">\n\t\t<h4>Deling af data<\/h4>\n\t\t<p>Deling af data afventer unders\u00f8gelse<\/p>\n\t<\/div>\n\t<div class=\"cookies-per-purpose\">\n    <div class=\"purpose\"><h4>Form\u00e5l, indtil unders\u00f8gelsen<\/h4><\/div>\n    <div class=\"name-header\">\n\t<h5>Navn<\/h5>\n<\/div>\n<div class=\"name\">persist:hs-beacon-2496aba6-0292-489c-8f5d-1c0fba417c2f<\/div>\n<div class=\"retention-header\">\n\t<h5>Udl\u00f8b<\/h5>\n<\/div>\n<div class=\"retention\"><\/div>\n<div class=\"function-header\">\n\t<h5>Funktion<\/h5>\n<\/div>\n<div class=\"function\"><\/div>\n<div class=\"name-header\">\n\t<h5>Navn<\/h5>\n<\/div>\n<div class=\"name\">cmplz_consenttype<\/div>\n<div class=\"retention-header\">\n\t<h5>Udl\u00f8b<\/h5>\n<\/div>\n<div class=\"retention\">365 dage<\/div>\n<div class=\"function-header\">\n\t<h5>Funktion<\/h5>\n<\/div>\n<div class=\"function\"><\/div>\n<div class=\"name-header\">\n\t<h5>Navn<\/h5>\n<\/div>\n<div class=\"name\">wc_cart_hash_b1eb0c051f10b7196669388b4bf70f6a<\/div>\n<div class=\"retention-header\">\n\t<h5>Udl\u00f8b<\/h5>\n<\/div>\n<div class=\"retention\"><\/div>\n<div class=\"function-header\">\n\t<h5>Funktion<\/h5>\n<\/div>\n<div class=\"function\"><\/div>\n<div class=\"name-header\">\n\t<h5>Navn<\/h5>\n<\/div>\n<div class=\"name\">persist:hs-beacon-message-2496aba6-0292-489c-8f5d-1c0fba417c2f<\/div>\n<div class=\"retention-header\">\n\t<h5>Udl\u00f8b<\/h5>\n<\/div>\n<div class=\"retention\"><\/div>\n<div class=\"function-header\">\n\t<h5>Funktion<\/h5>\n<\/div>\n<div class=\"function\"><\/div>\n<div class=\"name-header\">\n\t<h5>Navn<\/h5>\n<\/div>\n<div class=\"name\">__paypal_storage__<\/div>\n<div class=\"retention-header\">\n\t<h5>Udl\u00f8b<\/h5>\n<\/div>\n<div class=\"retention\"><\/div>\n<div class=\"function-header\">\n\t<h5>Funktion<\/h5>\n<\/div>\n<div class=\"function\"><\/div>\n<div class=\"name-header\">\n\t<h5>Navn<\/h5>\n<\/div>\n<div class=\"name\">wpEmojiSettingsSupports<\/div>\n<div class=\"retention-header\">\n\t<h5>Udl\u00f8b<\/h5>\n<\/div>\n<div class=\"retention\"><\/div>\n<div class=\"function-header\">\n\t<h5>Funktion<\/h5>\n<\/div>\n<div class=\"function\"><\/div>\n<div class=\"name-header\">\n\t<h5>Navn<\/h5>\n<\/div>\n<div class=\"name\">wp-settings-1<\/div>\n<div class=\"retention-header\">\n\t<h5>Udl\u00f8b<\/h5>\n<\/div>\n<div class=\"retention\"><\/div>\n<div class=\"function-header\">\n\t<h5>Funktion<\/h5>\n<\/div>\n<div class=\"function\"><\/div>\n<div class=\"name-header\">\n\t<h5>Navn<\/h5>\n<\/div>\n<div class=\"name\">wp-settings-time-1<\/div>\n<div class=\"retention-header\">\n\t<h5>Udl\u00f8b<\/h5>\n<\/div>\n<div class=\"retention\"><\/div>\n<div class=\"function-header\">\n\t<h5>Funktion<\/h5>\n<\/div>\n<div class=\"function\"><\/div>\n<div class=\"name-header\">\n\t<h5>Navn<\/h5>\n<\/div>\n<div class=\"name\">cmplz_policy_id<\/div>\n<div class=\"retention-header\">\n\t<h5>Udl\u00f8b<\/h5>\n<\/div>\n<div class=\"retention\">365 dage<\/div>\n<div class=\"function-header\">\n\t<h5>Funktion<\/h5>\n<\/div>\n<div class=\"function\"><\/div>\n<div class=\"name-header\">\n\t<h5>Navn<\/h5>\n<\/div>\n<div class=\"name\">cmplz_consented_services<\/div>\n<div class=\"retention-header\">\n\t<h5>Udl\u00f8b<\/h5>\n<\/div>\n<div class=\"retention\">365 dage<\/div>\n<div class=\"function-header\">\n\t<h5>Funktion<\/h5>\n<\/div>\n<div class=\"function\"><\/div>\n<div class=\"name-header\">\n\t<h5>Navn<\/h5>\n<\/div>\n<div class=\"name\">cmplz_marketing<\/div>\n<div class=\"retention-header\">\n\t<h5>Udl\u00f8b<\/h5>\n<\/div>\n<div class=\"retention\">365 dage<\/div>\n<div class=\"function-header\">\n\t<h5>Funktion<\/h5>\n<\/div>\n<div class=\"function\"><\/div>\n<div class=\"name-header\">\n\t<h5>Navn<\/h5>\n<\/div>\n<div class=\"name\">cmplz_statistics<\/div>\n<div class=\"retention-header\">\n\t<h5>Udl\u00f8b<\/h5>\n<\/div>\n<div class=\"retention\">365 dage<\/div>\n<div class=\"function-header\">\n\t<h5>Funktion<\/h5>\n<\/div>\n<div class=\"function\"><\/div>\n<div class=\"name-header\">\n\t<h5>Navn<\/h5>\n<\/div>\n<div class=\"name\">cmplz_preferences<\/div>\n<div class=\"retention-header\">\n\t<h5>Udl\u00f8b<\/h5>\n<\/div>\n<div class=\"retention\">365 dage<\/div>\n<div class=\"function-header\">\n\t<h5>Funktion<\/h5>\n<\/div>\n<div class=\"function\"><\/div>\n<div class=\"name-header\">\n\t<h5>Navn<\/h5>\n<\/div>\n<div class=\"name\">cmplz_functional<\/div>\n<div class=\"retention-header\">\n\t<h5>Udl\u00f8b<\/h5>\n<\/div>\n<div class=\"retention\">365 dage<\/div>\n<div class=\"function-header\">\n\t<h5>Funktion<\/h5>\n<\/div>\n<div class=\"function\"><\/div>\n<div class=\"name-header\">\n\t<h5>Navn<\/h5>\n<\/div>\n<div class=\"name\">cmplz_banner-status<\/div>\n<div class=\"retention-header\">\n\t<h5>Udl\u00f8b<\/h5>\n<\/div>\n<div class=\"retention\">365 dage<\/div>\n<div class=\"function-header\">\n\t<h5>Funktion<\/h5>\n<\/div>\n<div class=\"function\"><\/div>\n<div class=\"name-header\">\n\t<h5>Navn<\/h5>\n<\/div>\n<div class=\"name\">wordpress_test_cookie<\/div>\n<div class=\"retention-header\">\n\t<h5>Udl\u00f8b<\/h5>\n<\/div>\n<div class=\"retention\"><\/div>\n<div class=\"function-header\">\n\t<h5>Funktion<\/h5>\n<\/div>\n<div class=\"function\"><\/div>\n<div class=\"name-header\">\n\t<h5>Navn<\/h5>\n<\/div>\n<div class=\"name\">PHPSESSID<\/div>\n<div class=\"retention-header\">\n\t<h5>Udl\u00f8b<\/h5>\n<\/div>\n<div class=\"retention\"><\/div>\n<div class=\"function-header\">\n\t<h5>Funktion<\/h5>\n<\/div>\n<div class=\"function\"><\/div>\n<div class=\"name-header\">\n\t<h5>Navn<\/h5>\n<\/div>\n<div class=\"name\">tk_ai<\/div>\n<div class=\"retention-header\">\n\t<h5>Udl\u00f8b<\/h5>\n<\/div>\n<div class=\"retention\"><\/div>\n<div class=\"function-header\">\n\t<h5>Funktion<\/h5>\n<\/div>\n<div class=\"function\"><\/div>\n<div class=\"name-header\">\n\t<h5>Navn<\/h5>\n<\/div>\n<div class=\"name\">__stripe_mid<\/div>\n<div class=\"retention-header\">\n\t<h5>Udl\u00f8b<\/h5>\n<\/div>\n<div class=\"retention\"><\/div>\n<div class=\"function-header\">\n\t<h5>Funktion<\/h5>\n<\/div>\n<div class=\"function\"><\/div>\n<div class=\"name-header\">\n\t<h5>Navn<\/h5>\n<\/div>\n<div class=\"name\">__stripe_sid<\/div>\n<div class=\"retention-header\">\n\t<h5>Udl\u00f8b<\/h5>\n<\/div>\n<div class=\"retention\"><\/div>\n<div class=\"function-header\">\n\t<h5>Funktion<\/h5>\n<\/div>\n<div class=\"function\"><\/div>\n<div class=\"name-header\">\n\t<h5>Navn<\/h5>\n<\/div>\n<div class=\"name\">tk_qs<\/div>\n<div class=\"retention-header\">\n\t<h5>Udl\u00f8b<\/h5>\n<\/div>\n<div class=\"retention\"><\/div>\n<div class=\"function-header\">\n\t<h5>Funktion<\/h5>\n<\/div>\n<div class=\"function\"><\/div>\n<div class=\"name-header\">\n\t<h5>Navn<\/h5>\n<\/div>\n<div class=\"name\">wordpress_logged_in_d6e6f7bd5dbb7c8ae00efb7411b0a660<\/div>\n<div class=\"retention-header\">\n\t<h5>Udl\u00f8b<\/h5>\n<\/div>\n<div class=\"retention\"><\/div>\n<div class=\"function-header\">\n\t<h5>Funktion<\/h5>\n<\/div>\n<div class=\"function\"><\/div>\n<div class=\"name-header\">\n\t<h5>Navn<\/h5>\n<\/div>\n<div class=\"name\">wc_fragments_b1eb0c051f10b7196669388b4bf70f6a<\/div>\n<div class=\"retention-header\">\n\t<h5>Udl\u00f8b<\/h5>\n<\/div>\n<div class=\"retention\"><\/div>\n<div class=\"function-header\">\n\t<h5>Funktion<\/h5>\n<\/div>\n<div class=\"function\"><\/div>\n<div class=\"name-header\">\n\t<h5>Navn<\/h5>\n<\/div>\n<div class=\"name\">WP_DATA_USER_1<\/div>\n<div class=\"retention-header\">\n\t<h5>Udl\u00f8b<\/h5>\n<\/div>\n<div class=\"retention\"><\/div>\n<div class=\"function-header\">\n\t<h5>Funktion<\/h5>\n<\/div>\n<div class=\"function\"><\/div>\n<div class=\"name-header\">\n\t<h5>Navn<\/h5>\n<\/div>\n<div class=\"name\">storeApiNonce<\/div>\n<div class=\"retention-header\">\n\t<h5>Udl\u00f8b<\/h5>\n<\/div>\n<div class=\"retention\"><\/div>\n<div class=\"function-header\">\n\t<h5>Funktion<\/h5>\n<\/div>\n<div class=\"function\"><\/div>\n<div class=\"name-header\">\n\t<h5>Navn<\/h5>\n<\/div>\n<div class=\"name\">WP_PREFERENCES_USER_1<\/div>\n<div class=\"retention-header\">\n\t<h5>Udl\u00f8b<\/h5>\n<\/div>\n<div class=\"retention\"><\/div>\n<div class=\"function-header\">\n\t<h5>Funktion<\/h5>\n<\/div>\n<div class=\"function\"><\/div>\n<div class=\"name-header\">\n\t<h5>Navn<\/h5>\n<\/div>\n<div class=\"name\">sbjs_migrations<\/div>\n<div class=\"retention-header\">\n\t<h5>Udl\u00f8b<\/h5>\n<\/div>\n<div class=\"retention\"><\/div>\n<div class=\"function-header\">\n\t<h5>Funktion<\/h5>\n<\/div>\n<div class=\"function\"><\/div>\n<div class=\"name-header\">\n\t<h5>Navn<\/h5>\n<\/div>\n<div class=\"name\">sbjs_current_add<\/div>\n<div class=\"retention-header\">\n\t<h5>Udl\u00f8b<\/h5>\n<\/div>\n<div class=\"retention\"><\/div>\n<div class=\"function-header\">\n\t<h5>Funktion<\/h5>\n<\/div>\n<div class=\"function\"><\/div>\n<div class=\"name-header\">\n\t<h5>Navn<\/h5>\n<\/div>\n<div class=\"name\">sbjs_first_add<\/div>\n<div class=\"retention-header\">\n\t<h5>Udl\u00f8b<\/h5>\n<\/div>\n<div class=\"retention\"><\/div>\n<div class=\"function-header\">\n\t<h5>Funktion<\/h5>\n<\/div>\n<div class=\"function\"><\/div>\n<div class=\"name-header\">\n\t<h5>Navn<\/h5>\n<\/div>\n<div class=\"name\">sbjs_current<\/div>\n<div class=\"retention-header\">\n\t<h5>Udl\u00f8b<\/h5>\n<\/div>\n<div class=\"retention\"><\/div>\n<div class=\"function-header\">\n\t<h5>Funktion<\/h5>\n<\/div>\n<div class=\"function\"><\/div>\n<div class=\"name-header\">\n\t<h5>Navn<\/h5>\n<\/div>\n<div class=\"name\">sbjs_first<\/div>\n<div class=\"retention-header\">\n\t<h5>Udl\u00f8b<\/h5>\n<\/div>\n<div class=\"retention\"><\/div>\n<div class=\"function-header\">\n\t<h5>Funktion<\/h5>\n<\/div>\n<div class=\"function\"><\/div>\n<div class=\"name-header\">\n\t<h5>Navn<\/h5>\n<\/div>\n<div class=\"name\">sbjs_udata<\/div>\n<div class=\"retention-header\">\n\t<h5>Udl\u00f8b<\/h5>\n<\/div>\n<div class=\"retention\"><\/div>\n<div class=\"function-header\">\n\t<h5>Funktion<\/h5>\n<\/div>\n<div class=\"function\"><\/div>\n<div class=\"name-header\">\n\t<h5>Navn<\/h5>\n<\/div>\n<div class=\"name\">wp_lang<\/div>\n<div class=\"retention-header\">\n\t<h5>Udl\u00f8b<\/h5>\n<\/div>\n<div class=\"retention\"><\/div>\n<div class=\"function-header\">\n\t<h5>Funktion<\/h5>\n<\/div>\n<div class=\"function\"><\/div>\n<div class=\"name-header\">\n\t<h5>Navn<\/h5>\n<\/div>\n<div class=\"name\">sbjs_session<\/div>\n<div class=\"retention-header\">\n\t<h5>Udl\u00f8b<\/h5>\n<\/div>\n<div class=\"retention\"><\/div>\n<div class=\"function-header\">\n\t<h5>Funktion<\/h5>\n<\/div>\n<div class=\"function\"><\/div>\n<div class=\"name-header\">\n\t<h5>Navn<\/h5>\n<\/div>\n<div class=\"name\">wordpress_rec_d6e6f7bd5dbb7c8ae00efb7411b0a660<\/div>\n<div class=\"retention-header\">\n\t<h5>Udl\u00f8b<\/h5>\n<\/div>\n<div class=\"retention\"><\/div>\n<div class=\"function-header\">\n\t<h5>Funktion<\/h5>\n<\/div>\n<div class=\"function\"><\/div>\n<div class=\"name-header\">\n\t<h5>Navn<\/h5>\n<\/div>\n<div class=\"name\">marketplace_redesign_2023_last_shown_date<\/div>\n<div class=\"retention-header\">\n\t<h5>Udl\u00f8b<\/h5>\n<\/div>\n<div class=\"retention\"><\/div>\n<div class=\"function-header\">\n\t<h5>Funktion<\/h5>\n<\/div>\n<div class=\"function\"><\/div>\n\n<\/div>\n<\/details>\n<\/div><h2>7. Samtykke<\/h2><p>N\u00e5r du bes\u00f8ger vores websted for f\u00f8rste gang, viser vi dig en pop-up med en forklaring om cookies. S\u00e5 snart du klikker p\u00e5 &#8222;Einstellungen speichern&#8220;, accepterer du os at bruge de kategorier af cookies og plug-ins du valgte i pop-up-funktionen, som beskrevet i denne cookiepolitik. Du kan deaktivere brugen af \u200b\u200bcookies via din browser, men bem\u00e6rk at vores websted muligvis ikke l\u00e6ngere fungerer korrekt.<\/p><p class=\"cmplz-subtitle\">7.1 Administrer dine samtykkeindstillinger<\/p><div id=\"cmplz-manage-consent-container-nojavascript\">Du har indl\u00e6st cookiepolitikken uden javascript-underst\u00f8ttelse.&nbsp;P\u00e5 AMP kan du bruge knappen Administrer samtykke nederst p\u00e5 siden.<\/div><div id=\"cmplz-manage-consent-container\" name=\"cmplz-manage-consent-container\" class=\"cmplz-manage-consent-container\"><\/div><h2>8. Aktivering\/deaktivering og sletning af cookies<\/h2><p>Du kan bruge din internetbrowser til automatisk eller manuelt at slette cookies. Du kan ogs\u00e5 specificere, at visse cookies muligvis ikke placeres. En anden mulighed er at \u00e6ndre indstillingerne for din internetbrowser, s\u00e5 du modtager en besked, hver gang en cookie placeres. For mere information om disse indstillinger, se instruktionerne i Hj\u00e6lp-afsnittet i din browser.<\/p><p>Bem\u00e6rk, at vores websted muligvis ikke fungerer korrekt, hvis alle cookies er deaktiverede. Hvis du sletter cookies i din browser, placeres de igen efter dit samtykke, n\u00e5r du atter bes\u00f8ger vores websteder.<\/p><h2>9. Dine rettigheder med hensyn til personlige data<\/h2><p>Du har f\u00f8lgende rettigheder med hensyn til dine personlige data:<\/p><ul>\n                    <li>Du har ret til at vide, hvorfor dine personlige data er n\u00f8dvendige, hvad der vil ske med dem, og hvor l\u00e6nge de bliver opbevaret.<\/li>\n                    <li>Ret til adgang: Du har ret til at f\u00e5 adgang til dine personlige data, der er kendt af os.<\/li>\n                    <li>Ret til rettelse: Du har ret til at supplere, rette, slette eller blokere dine personlige data, n\u00e5r du \u00f8nsker det.<\/li>\n                    <li>Hvis du giver os dit samtykke til at behandle dine data, har du ret til at tilbagekalde dette samtykke og til at slette dine personlige data.<\/li>\n                    <li>Ret til at overf\u00f8re dine data: Du har ret til at anmode om alle dine personlige data fra den Behandlingsansvarlige og overf\u00f8re dem i sin helhed til en anden Behandlingsansvarlig.<\/li>\n                    <li>Ret til indsigelse: du kan g\u00f8re indsigelse mod behandlingen af \u200b\u200bdine data. Vi efterkommer dette, medmindre der er berettigede grunde til behandling.<\/li>\n                <\/ul><p>Kontakt os for at ud\u00f8ve disse rettigheder. Se kontaktoplysningerne nederst i denne cookiepolitik. Hvis du har en klage over, hvordan vi h\u00e5ndterer dine data, vil vi gerne h\u00f8re fra dig, men du har ogs\u00e5 ret til at indsende en klage til tilsynsmyndigheden (Datatilsynet).<\/p><h2>10. Kontaktdetaljer<\/h2><p>Kontakt os venligst ved hj\u00e6lp af f\u00f8lgende kontaktoplysninger vedr\u00f8rende sp\u00f8rgsm\u00e5l og \/ eller kommentarer om vores cookiepolitik og denne erkl\u00e6ring:<\/p><p><span class=\"cmplz-contact-organisation\">Christoph Zaika<\/span><br>\n                      <span class=\"cmplz-contact-address\">Freiherrnweg 15<br \/>\r\n45355 Essen<\/span><br>\n                      <span class=\"cmplz-contact-country\">Tyskland<\/span><br>\n                      <span class=\"cmplz-contact-domain\">Internet side: <a href=\"https:\/\/kinder-spielen-theater.de\/da\">https:\/\/kinder-spielen-theater.de\/da<\/a><\/span><br>\n                      <span class=\"cmplz-contact-email\">Email: <span class=\"cmplz-obfuscate\">&#099;z@<span class=\"cmplz-fmail-domain\">&#101;&#120;&#046;&#099;om<\/span>&#107;i&#110;d&#101;r-&#115;&#112;ie&#108;&#101;&#110;-the&#097;ter.&#100;&#101;<\/span><\/span><br>\n                    <span class=\"cmplz-contact-telephone\">Telefonnummer 0201-689981<\/span><\/p><p>Denne cookiepolitik blev synkroniseret med <a href=\"https:\/\/cookiedatabase.org\/\" target=\"_blank\">cookiedatabase.org<\/a> p\u00e5 17. november 2023.<\/p><\/div>","protected":false},"excerpt":{"rendered":"","protected":false},"author":1,"featured_media":0,"parent":11,"menu_order":3,"comment_status":"closed","ping_status":"closed","template":"","meta":{"footnotes":""},"class_list":["post-172","page","type-page","status-publish","hentry"],"yoast_head":"<!-- This site is optimized with the Yoast SEO plugin v27.3 - https:\/\/yoast.com\/product\/yoast-seo-wordpress\/ -->\n<title>Cookie-Richtlinie (EU) - Kinder spielen Theater<\/title>\n<meta name=\"robots\" content=\"index, follow, max-snippet:-1, max-image-preview:large, max-video-preview:-1\" \/>\n<link rel=\"canonical\" href=\"https:\/\/kinder-spielen-theater.de\/da\/impressum\/cookie-richtlinie-eu\/\" \/>\n<meta property=\"og:locale\" content=\"da_DK\" \/>\n<meta property=\"og:type\" content=\"article\" \/>\n<meta property=\"og:title\" content=\"Cookie-Richtlinie (EU) - Kinder spielen Theater\" \/>\n<meta property=\"og:url\" content=\"https:\/\/kinder-spielen-theater.de\/da\/impressum\/cookie-richtlinie-eu\/\" \/>\n<meta property=\"og:site_name\" content=\"Kinder spielen Theater\" \/>\n<meta property=\"article:modified_time\" content=\"2021-06-01T13:45:36+00:00\" \/>\n<meta name=\"twitter:card\" content=\"summary_large_image\" \/>\n<script type=\"application\/ld+json\" class=\"yoast-schema-graph\">{\"@context\":\"https:\\\/\\\/schema.org\",\"@graph\":[{\"@type\":\"WebPage\",\"@id\":\"https:\\\/\\\/kinder-spielen-theater.de\\\/impressum\\\/cookie-richtlinie-eu\\\/\",\"url\":\"https:\\\/\\\/kinder-spielen-theater.de\\\/impressum\\\/cookie-richtlinie-eu\\\/\",\"name\":\"Cookie-Richtlinie (EU) - Kinder spielen Theater\",\"isPartOf\":{\"@id\":\"https:\\\/\\\/kinder-spielen-theater.de\\\/#website\"},\"datePublished\":\"2021-06-01T13:37:13+00:00\",\"dateModified\":\"2021-06-01T13:45:36+00:00\",\"breadcrumb\":{\"@id\":\"https:\\\/\\\/kinder-spielen-theater.de\\\/impressum\\\/cookie-richtlinie-eu\\\/#breadcrumb\"},\"inLanguage\":\"da-DK\",\"potentialAction\":[{\"@type\":\"ReadAction\",\"target\":[\"https:\\\/\\\/kinder-spielen-theater.de\\\/impressum\\\/cookie-richtlinie-eu\\\/\"]}]},{\"@type\":\"BreadcrumbList\",\"@id\":\"https:\\\/\\\/kinder-spielen-theater.de\\\/impressum\\\/cookie-richtlinie-eu\\\/#breadcrumb\",\"itemListElement\":[{\"@type\":\"ListItem\",\"position\":1,\"name\":\"Startseite\",\"item\":\"https:\\\/\\\/kinder-spielen-theater.de\\\/\"},{\"@type\":\"ListItem\",\"position\":2,\"name\":\"Impressum\",\"item\":\"https:\\\/\\\/kinder-spielen-theater.de\\\/impressum\\\/\"},{\"@type\":\"ListItem\",\"position\":3,\"name\":\"Cookie-Richtlinie (EU)\"}]},{\"@type\":\"WebSite\",\"@id\":\"https:\\\/\\\/kinder-spielen-theater.de\\\/#website\",\"url\":\"https:\\\/\\\/kinder-spielen-theater.de\\\/\",\"name\":\"Kinder spielen Theater\",\"description\":\"Theaterst\u00fccke f\u00fcr die Grundschule, Haupt- und Realschule, Gesamtschule und Gymnasium, Theaterst\u00fccke f\u00fcr Kinder\",\"potentialAction\":[{\"@type\":\"SearchAction\",\"target\":{\"@type\":\"EntryPoint\",\"urlTemplate\":\"https:\\\/\\\/kinder-spielen-theater.de\\\/?s={search_term_string}\"},\"query-input\":{\"@type\":\"PropertyValueSpecification\",\"valueRequired\":true,\"valueName\":\"search_term_string\"}}],\"inLanguage\":\"da-DK\"}]}<\/script>\n<!-- \/ Yoast SEO plugin. -->","yoast_head_json":{"title":"Cookie-Richtlinie (EU) - Kinder spielen Theater","robots":{"index":"index","follow":"follow","max-snippet":"max-snippet:-1","max-image-preview":"max-image-preview:large","max-video-preview":"max-video-preview:-1"},"canonical":"https:\/\/kinder-spielen-theater.de\/da\/impressum\/cookie-richtlinie-eu\/","og_locale":"da_DK","og_type":"article","og_title":"Cookie-Richtlinie (EU) - Kinder spielen Theater","og_url":"https:\/\/kinder-spielen-theater.de\/da\/impressum\/cookie-richtlinie-eu\/","og_site_name":"Kinder spielen Theater","article_modified_time":"2021-06-01T13:45:36+00:00","twitter_card":"summary_large_image","schema":{"@context":"https:\/\/schema.org","@graph":[{"@type":"WebPage","@id":"https:\/\/kinder-spielen-theater.de\/impressum\/cookie-richtlinie-eu\/","url":"https:\/\/kinder-spielen-theater.de\/impressum\/cookie-richtlinie-eu\/","name":"Cookie-Richtlinie (EU) - Kinder spielen Theater","isPartOf":{"@id":"https:\/\/kinder-spielen-theater.de\/#website"},"datePublished":"2021-06-01T13:37:13+00:00","dateModified":"2021-06-01T13:45:36+00:00","breadcrumb":{"@id":"https:\/\/kinder-spielen-theater.de\/impressum\/cookie-richtlinie-eu\/#breadcrumb"},"inLanguage":"da-DK","potentialAction":[{"@type":"ReadAction","target":["https:\/\/kinder-spielen-theater.de\/impressum\/cookie-richtlinie-eu\/"]}]},{"@type":"BreadcrumbList","@id":"https:\/\/kinder-spielen-theater.de\/impressum\/cookie-richtlinie-eu\/#breadcrumb","itemListElement":[{"@type":"ListItem","position":1,"name":"Startseite","item":"https:\/\/kinder-spielen-theater.de\/"},{"@type":"ListItem","position":2,"name":"Impressum","item":"https:\/\/kinder-spielen-theater.de\/impressum\/"},{"@type":"ListItem","position":3,"name":"Cookie-Richtlinie (EU)"}]},{"@type":"WebSite","@id":"https:\/\/kinder-spielen-theater.de\/#website","url":"https:\/\/kinder-spielen-theater.de\/","name":"B\u00f8rn leger teater","description":"Skuespil til folkeskolen, Hauptschule og Realschule, Gesamtschule og Gymnasium, skuespil for b\u00f8rn","potentialAction":[{"@type":"SearchAction","target":{"@type":"EntryPoint","urlTemplate":"https:\/\/kinder-spielen-theater.de\/?s={search_term_string}"},"query-input":{"@type":"PropertyValueSpecification","valueRequired":true,"valueName":"search_term_string"}}],"inLanguage":"da-DK"}]}},"_links":{"self":[{"href":"https:\/\/kinder-spielen-theater.de\/da\/wp-json\/wp\/v2\/pages\/172","targetHints":{"allow":["GET"]}}],"collection":[{"href":"https:\/\/kinder-spielen-theater.de\/da\/wp-json\/wp\/v2\/pages"}],"about":[{"href":"https:\/\/kinder-spielen-theater.de\/da\/wp-json\/wp\/v2\/types\/page"}],"author":[{"embeddable":true,"href":"https:\/\/kinder-spielen-theater.de\/da\/wp-json\/wp\/v2\/users\/1"}],"replies":[{"embeddable":true,"href":"https:\/\/kinder-spielen-theater.de\/da\/wp-json\/wp\/v2\/comments?post=172"}],"version-history":[{"count":1,"href":"https:\/\/kinder-spielen-theater.de\/da\/wp-json\/wp\/v2\/pages\/172\/revisions"}],"predecessor-version":[{"id":174,"href":"https:\/\/kinder-spielen-theater.de\/da\/wp-json\/wp\/v2\/pages\/172\/revisions\/174"}],"up":[{"embeddable":true,"href":"https:\/\/kinder-spielen-theater.de\/da\/wp-json\/wp\/v2\/pages\/11"}],"wp:attachment":[{"href":"https:\/\/kinder-spielen-theater.de\/da\/wp-json\/wp\/v2\/media?parent=172"}],"curies":[{"name":"wp","href":"https:\/\/api.w.org\/{rel}","templated":true}]}}